{"id":17922,"date":"2019-02-06T12:11:19","date_gmt":"2019-02-06T10:11:19","guid":{"rendered":"https:\/\/vspa.ee\/treatments\/terviklik-pinguldav-naohoolitsus-lift-summum\/"},"modified":"2024-01-08T08:53:20","modified_gmt":"2024-01-08T06:53:20","slug":"terviklik-pinguldav-naohoolitsus-lift-summum","status":"publish","type":"page","link":"https:\/\/vana.vspa.ee\/en\/treatments\/terviklik-pinguldav-naohoolitsus-lift-summum\/","title":{"rendered":"Holistic smoothing facial treatment Lift Summum"},"content":{"rendered":"<p>Lift Summum is an innovative and lifting treatment suited for firming and smoothing the skin of face, neck and d\u00e9collet\u00e9. The unique combination of lifting massage movements smooths the skin, reshapes facial contours and firms the d\u00e9collet\u00e9. Thanks to a \u201cwrinkle eraser\u201d serum with pure vitamine \u2013 C and Face &amp; D\u00e9collet\u00e9 mask with hyaluronic acid, this treatment helps to rejuvenate and restructure dull and tired skin. After the first treatment more lifted skin will regain its freshness, radiancy and smoothness!<\/p>\n<p>The treatment is performed with products from the <strong>GUINOT<\/strong> series.<\/p>\n","protected":false},"excerpt":{"rendered":"<p>Lift Summum is an innovative and lifting treatment suited for firming and smoothing the skin of face, neck and d\u00e9collet\u00e9&#8230;.<\/p>\n","protected":false},"author":1,"featured_media":0,"parent":1646,"menu_order":0,"comment_status":"closed","ping_status":"closed","template":"page-templates\/tpl-offer1.php","meta":{"_acf_changed":false,"_monsterinsights_skip_tracking":false,"_monsterinsights_sitenote_active":false,"_monsterinsights_sitenote_note":"","_monsterinsights_sitenote_category":0,"footnotes":"","_links_to":"","_links_to_target":""},"class_list":["post-17922","page","type-page","status-publish","hentry"],"acf":[],"yoast_head":"<!-- This site is optimized with the Yoast SEO plugin v24.7 - https:\/\/yoast.com\/wordpress\/plugins\/seo\/ -->\n<title>Holistic smoothing facial treatment Lift Summum - V Spa<\/title>\n<meta name=\"robots\" content=\"noindex, follow, max-snippet:-1, max-image-preview:large, max-video-preview:-1\" \/>\n<meta property=\"og:locale\" content=\"en_US\" \/>\n<meta property=\"og:type\" content=\"article\" \/>\n<meta property=\"og:title\" content=\"Holistic smoothing facial treatment Lift Summum - V Spa\" \/>\n<meta property=\"og:description\" content=\"Lift Summum is an innovative and lifting treatment suited for firming and smoothing the skin of face, neck and d\u00e9collet\u00e9....\" \/>\n<meta property=\"og:url\" content=\"https:\/\/vana.vspa.ee\/hoolitsused\/terviklik-pinguldav-naohoolitsus-lift-summum\/\" \/>\n<meta property=\"og:site_name\" content=\"V Spa\" \/>\n<meta property=\"article:modified_time\" content=\"2024-01-08T06:53:20+00:00\" \/>\n<meta name=\"twitter:card\" content=\"summary_large_image\" \/>\n<meta name=\"twitter:label1\" content=\"Est. reading time\" \/>\n\t<meta name=\"twitter:data1\" content=\"1 minute\" \/>\n<script type=\"application\/ld+json\" class=\"yoast-schema-graph\">{\"@context\":\"https:\/\/schema.org\",\"@graph\":[{\"@type\":\"WebPage\",\"@id\":\"https:\/\/vana.vspa.ee\/hoolitsused\/terviklik-pinguldav-naohoolitsus-lift-summum\/\",\"url\":\"https:\/\/vana.vspa.ee\/hoolitsused\/terviklik-pinguldav-naohoolitsus-lift-summum\/\",\"name\":\"Holistic smoothing facial treatment Lift Summum - V Spa\",\"isPartOf\":{\"@id\":\"https:\/\/vana.vspa.ee\/#website\"},\"datePublished\":\"2019-02-06T10:11:19+00:00\",\"dateModified\":\"2024-01-08T06:53:20+00:00\",\"breadcrumb\":{\"@id\":\"https:\/\/vana.vspa.ee\/hoolitsused\/terviklik-pinguldav-naohoolitsus-lift-summum\/#breadcrumb\"},\"inLanguage\":\"en-US\",\"potentialAction\":[{\"@type\":\"ReadAction\",\"target\":[\"https:\/\/vana.vspa.ee\/hoolitsused\/terviklik-pinguldav-naohoolitsus-lift-summum\/\"]}]},{\"@type\":\"BreadcrumbList\",\"@id\":\"https:\/\/vana.vspa.ee\/hoolitsused\/terviklik-pinguldav-naohoolitsus-lift-summum\/#breadcrumb\",\"itemListElement\":[{\"@type\":\"ListItem\",\"position\":1,\"name\":\"Home\",\"item\":\"https:\/\/vana.vspa.ee\/en\/\"},{\"@type\":\"ListItem\",\"position\":2,\"name\":\"Treatments\",\"item\":\"https:\/\/vana.vspa.ee\/en\/treatments\/\"},{\"@type\":\"ListItem\",\"position\":3,\"name\":\"Holistic smoothing facial treatment Lift Summum\"}]},{\"@type\":\"WebSite\",\"@id\":\"https:\/\/vana.vspa.ee\/#website\",\"url\":\"https:\/\/vana.vspa.ee\/\",\"name\":\"V Spa\",\"description\":\"V\u00f5ta veest viimast!\",\"potentialAction\":[{\"@type\":\"SearchAction\",\"target\":{\"@type\":\"EntryPoint\",\"urlTemplate\":\"https:\/\/vana.vspa.ee\/?s={search_term_string}\"},\"query-input\":{\"@type\":\"PropertyValueSpecification\",\"valueRequired\":true,\"valueName\":\"search_term_string\"}}],\"inLanguage\":\"en-US\"}]}<\/script>\n<!-- \/ Yoast SEO plugin. -->","yoast_head_json":{"title":"Holistic smoothing facial treatment Lift Summum - V Spa","robots":{"index":"noindex","follow":"follow","max-snippet":"max-snippet:-1","max-image-preview":"max-image-preview:large","max-video-preview":"max-video-preview:-1"},"og_locale":"en_US","og_type":"article","og_title":"Holistic smoothing facial treatment Lift Summum - V Spa","og_description":"Lift Summum is an innovative and lifting treatment suited for firming and smoothing the skin of face, neck and d\u00e9collet\u00e9....","og_url":"https:\/\/vana.vspa.ee\/hoolitsused\/terviklik-pinguldav-naohoolitsus-lift-summum\/","og_site_name":"V Spa","article_modified_time":"2024-01-08T06:53:20+00:00","twitter_card":"summary_large_image","twitter_misc":{"Est. reading time":"1 minute"},"schema":{"@context":"https:\/\/schema.org","@graph":[{"@type":"WebPage","@id":"https:\/\/vana.vspa.ee\/hoolitsused\/terviklik-pinguldav-naohoolitsus-lift-summum\/","url":"https:\/\/vana.vspa.ee\/hoolitsused\/terviklik-pinguldav-naohoolitsus-lift-summum\/","name":"Holistic smoothing facial treatment Lift Summum - V Spa","isPartOf":{"@id":"https:\/\/vana.vspa.ee\/#website"},"datePublished":"2019-02-06T10:11:19+00:00","dateModified":"2024-01-08T06:53:20+00:00","breadcrumb":{"@id":"https:\/\/vana.vspa.ee\/hoolitsused\/terviklik-pinguldav-naohoolitsus-lift-summum\/#breadcrumb"},"inLanguage":"en-US","potentialAction":[{"@type":"ReadAction","target":["https:\/\/vana.vspa.ee\/hoolitsused\/terviklik-pinguldav-naohoolitsus-lift-summum\/"]}]},{"@type":"BreadcrumbList","@id":"https:\/\/vana.vspa.ee\/hoolitsused\/terviklik-pinguldav-naohoolitsus-lift-summum\/#breadcrumb","itemListElement":[{"@type":"ListItem","position":1,"name":"Home","item":"https:\/\/vana.vspa.ee\/en\/"},{"@type":"ListItem","position":2,"name":"Treatments","item":"https:\/\/vana.vspa.ee\/en\/treatments\/"},{"@type":"ListItem","position":3,"name":"Holistic smoothing facial treatment Lift Summum"}]},{"@type":"WebSite","@id":"https:\/\/vana.vspa.ee\/#website","url":"https:\/\/vana.vspa.ee\/","name":"V Spa","description":"V\u00f5ta veest viimast!","potentialAction":[{"@type":"SearchAction","target":{"@type":"EntryPoint","urlTemplate":"https:\/\/vana.vspa.ee\/?s={search_term_string}"},"query-input":{"@type":"PropertyValueSpecification","valueRequired":true,"valueName":"search_term_string"}}],"inLanguage":"en-US"}]}},"_links":{"self":[{"href":"https:\/\/vana.vspa.ee\/en\/wp-json\/wp\/v2\/pages\/17922","targetHints":{"allow":["GET"]}}],"collection":[{"href":"https:\/\/vana.vspa.ee\/en\/wp-json\/wp\/v2\/pages"}],"about":[{"href":"https:\/\/vana.vspa.ee\/en\/wp-json\/wp\/v2\/types\/page"}],"author":[{"embeddable":true,"href":"https:\/\/vana.vspa.ee\/en\/wp-json\/wp\/v2\/users\/1"}],"replies":[{"embeddable":true,"href":"https:\/\/vana.vspa.ee\/en\/wp-json\/wp\/v2\/comments?post=17922"}],"version-history":[{"count":5,"href":"https:\/\/vana.vspa.ee\/en\/wp-json\/wp\/v2\/pages\/17922\/revisions"}],"predecessor-version":[{"id":42283,"href":"https:\/\/vana.vspa.ee\/en\/wp-json\/wp\/v2\/pages\/17922\/revisions\/42283"}],"up":[{"embeddable":true,"href":"https:\/\/vana.vspa.ee\/en\/wp-json\/wp\/v2\/pages\/1646"}],"wp:attachment":[{"href":"https:\/\/vana.vspa.ee\/en\/wp-json\/wp\/v2\/media?parent=17922"}],"curies":[{"name":"wp","href":"https:\/\/api.w.org\/{rel}","templated":true}]}}