{"id":44320,"date":"2021-05-17T11:52:23","date_gmt":"2021-05-17T08:52:23","guid":{"rendered":"https:\/\/vspa.ee\/treatments\/saraandev-happehoolitsus-biolight\/"},"modified":"2024-03-01T15:30:34","modified_gmt":"2024-03-01T13:30:34","slug":"saraandev-happehoolitsus-biolight","status":"publish","type":"page","link":"https:\/\/vana.vspa.ee\/en\/treatments\/saraandev-happehoolitsus-biolight\/","title":{"rendered":"Soothing acid treatment (biolight)"},"content":{"rendered":"<p>Soothing acid treatment (biolight) + LED light therapy<\/p>\n<p>A treatment that brightens and evens the skin tone, stimulates collagen production, firms and deeply hydrates.<\/p>\n<p>The treatment includes cleansing, a gentle but effective acid peel (PH 3,5), a facial massage with a brightening serum, and a skin tone smoothing fabric mask with LED light therapy. Additionally, you will receive a neck and cleavage massage with radiance-boosting protective lotion applied. The treatment can be done all year round. In summer, use Repechage Face Shield for the face and cleavage or a lotion with SPF 30\/50 of your choice.<\/p>\n<p>Repechage brand products are used in the treatment.<\/p>\n<p><img decoding=\"async\" src=\"https:\/\/www.eugesta.ee\/assets\/Uploads\/News\/606\/_resampled\/SetRatioSize350240-AS-ilulemmik.pdf.png\" alt=\"Uudised \u00bb Eugesta Eesti O\u00dc: edasim\u00fc\u00fck, distributsioon, tootepaigutus, turundus\" \/><\/p>\n","protected":false},"excerpt":{"rendered":"<p>Soothing acid treatment (biolight) + LED light therapy A treatment that brightens and evens the skin tone, stimulates collagen production,&#8230;<\/p>\n","protected":false},"author":1,"featured_media":0,"parent":1646,"menu_order":0,"comment_status":"closed","ping_status":"closed","template":"page-templates\/tpl-offer1.php","meta":{"_acf_changed":false,"_monsterinsights_skip_tracking":false,"_monsterinsights_sitenote_active":false,"_monsterinsights_sitenote_note":"","_monsterinsights_sitenote_category":0,"footnotes":"","_links_to":"","_links_to_target":""},"class_list":["post-44320","page","type-page","status-publish","hentry"],"acf":[],"yoast_head":"<!-- This site is optimized with the Yoast SEO plugin v24.7 - https:\/\/yoast.com\/wordpress\/plugins\/seo\/ -->\n<title>Soothing acid treatment (biolight) - V Spa<\/title>\n<meta name=\"robots\" content=\"noindex, follow, max-snippet:-1, max-image-preview:large, max-video-preview:-1\" \/>\n<meta property=\"og:locale\" content=\"en_US\" \/>\n<meta property=\"og:type\" content=\"article\" \/>\n<meta property=\"og:title\" content=\"Soothing acid treatment (biolight) - V Spa\" \/>\n<meta property=\"og:description\" content=\"Soothing acid treatment (biolight) + LED light therapy A treatment that brightens and evens the skin tone, stimulates collagen production,...\" \/>\n<meta property=\"og:url\" content=\"https:\/\/vana.vspa.ee\/en\/treatments\/saraandev-happehoolitsus-biolight\/\" \/>\n<meta property=\"og:site_name\" content=\"V Spa\" \/>\n<meta property=\"article:modified_time\" content=\"2024-03-01T13:30:34+00:00\" \/>\n<meta property=\"og:image\" content=\"https:\/\/www.eugesta.ee\/assets\/Uploads\/News\/606\/_resampled\/SetRatioSize350240-AS-ilulemmik.pdf.png\" \/>\n<meta name=\"twitter:card\" content=\"summary_large_image\" \/>\n<meta name=\"twitter:label1\" content=\"Est. reading time\" \/>\n\t<meta name=\"twitter:data1\" content=\"1 minute\" \/>\n<script type=\"application\/ld+json\" class=\"yoast-schema-graph\">{\"@context\":\"https:\/\/schema.org\",\"@graph\":[{\"@type\":\"WebPage\",\"@id\":\"https:\/\/vana.vspa.ee\/en\/treatments\/saraandev-happehoolitsus-biolight\/\",\"url\":\"https:\/\/vana.vspa.ee\/en\/treatments\/saraandev-happehoolitsus-biolight\/\",\"name\":\"Soothing acid treatment (biolight) - V Spa\",\"isPartOf\":{\"@id\":\"https:\/\/vana.vspa.ee\/#website\"},\"primaryImageOfPage\":{\"@id\":\"https:\/\/vana.vspa.ee\/en\/treatments\/saraandev-happehoolitsus-biolight\/#primaryimage\"},\"image\":{\"@id\":\"https:\/\/vana.vspa.ee\/en\/treatments\/saraandev-happehoolitsus-biolight\/#primaryimage\"},\"thumbnailUrl\":\"https:\/\/www.eugesta.ee\/assets\/Uploads\/News\/606\/_resampled\/SetRatioSize350240-AS-ilulemmik.pdf.png\",\"datePublished\":\"2021-05-17T08:52:23+00:00\",\"dateModified\":\"2024-03-01T13:30:34+00:00\",\"breadcrumb\":{\"@id\":\"https:\/\/vana.vspa.ee\/en\/treatments\/saraandev-happehoolitsus-biolight\/#breadcrumb\"},\"inLanguage\":\"en-US\",\"potentialAction\":[{\"@type\":\"ReadAction\",\"target\":[\"https:\/\/vana.vspa.ee\/en\/treatments\/saraandev-happehoolitsus-biolight\/\"]}]},{\"@type\":\"ImageObject\",\"inLanguage\":\"en-US\",\"@id\":\"https:\/\/vana.vspa.ee\/en\/treatments\/saraandev-happehoolitsus-biolight\/#primaryimage\",\"url\":\"https:\/\/www.eugesta.ee\/assets\/Uploads\/News\/606\/_resampled\/SetRatioSize350240-AS-ilulemmik.pdf.png\",\"contentUrl\":\"https:\/\/www.eugesta.ee\/assets\/Uploads\/News\/606\/_resampled\/SetRatioSize350240-AS-ilulemmik.pdf.png\"},{\"@type\":\"BreadcrumbList\",\"@id\":\"https:\/\/vana.vspa.ee\/en\/treatments\/saraandev-happehoolitsus-biolight\/#breadcrumb\",\"itemListElement\":[{\"@type\":\"ListItem\",\"position\":1,\"name\":\"Home\",\"item\":\"https:\/\/vana.vspa.ee\/en\/\"},{\"@type\":\"ListItem\",\"position\":2,\"name\":\"Treatments\",\"item\":\"https:\/\/vana.vspa.ee\/en\/treatments\/\"},{\"@type\":\"ListItem\",\"position\":3,\"name\":\"Soothing acid treatment (biolight)\"}]},{\"@type\":\"WebSite\",\"@id\":\"https:\/\/vana.vspa.ee\/#website\",\"url\":\"https:\/\/vana.vspa.ee\/\",\"name\":\"V Spa\",\"description\":\"V\u00f5ta veest viimast!\",\"potentialAction\":[{\"@type\":\"SearchAction\",\"target\":{\"@type\":\"EntryPoint\",\"urlTemplate\":\"https:\/\/vana.vspa.ee\/?s={search_term_string}\"},\"query-input\":{\"@type\":\"PropertyValueSpecification\",\"valueRequired\":true,\"valueName\":\"search_term_string\"}}],\"inLanguage\":\"en-US\"}]}<\/script>\n<!-- \/ Yoast SEO plugin. -->","yoast_head_json":{"title":"Soothing acid treatment (biolight) - V Spa","robots":{"index":"noindex","follow":"follow","max-snippet":"max-snippet:-1","max-image-preview":"max-image-preview:large","max-video-preview":"max-video-preview:-1"},"og_locale":"en_US","og_type":"article","og_title":"Soothing acid treatment (biolight) - V Spa","og_description":"Soothing acid treatment (biolight) + LED light therapy A treatment that brightens and evens the skin tone, stimulates collagen production,...","og_url":"https:\/\/vana.vspa.ee\/en\/treatments\/saraandev-happehoolitsus-biolight\/","og_site_name":"V Spa","article_modified_time":"2024-03-01T13:30:34+00:00","og_image":[{"url":"https:\/\/www.eugesta.ee\/assets\/Uploads\/News\/606\/_resampled\/SetRatioSize350240-AS-ilulemmik.pdf.png","type":"","width":"","height":""}],"twitter_card":"summary_large_image","twitter_misc":{"Est. reading time":"1 minute"},"schema":{"@context":"https:\/\/schema.org","@graph":[{"@type":"WebPage","@id":"https:\/\/vana.vspa.ee\/en\/treatments\/saraandev-happehoolitsus-biolight\/","url":"https:\/\/vana.vspa.ee\/en\/treatments\/saraandev-happehoolitsus-biolight\/","name":"Soothing acid treatment (biolight) - V Spa","isPartOf":{"@id":"https:\/\/vana.vspa.ee\/#website"},"primaryImageOfPage":{"@id":"https:\/\/vana.vspa.ee\/en\/treatments\/saraandev-happehoolitsus-biolight\/#primaryimage"},"image":{"@id":"https:\/\/vana.vspa.ee\/en\/treatments\/saraandev-happehoolitsus-biolight\/#primaryimage"},"thumbnailUrl":"https:\/\/www.eugesta.ee\/assets\/Uploads\/News\/606\/_resampled\/SetRatioSize350240-AS-ilulemmik.pdf.png","datePublished":"2021-05-17T08:52:23+00:00","dateModified":"2024-03-01T13:30:34+00:00","breadcrumb":{"@id":"https:\/\/vana.vspa.ee\/en\/treatments\/saraandev-happehoolitsus-biolight\/#breadcrumb"},"inLanguage":"en-US","potentialAction":[{"@type":"ReadAction","target":["https:\/\/vana.vspa.ee\/en\/treatments\/saraandev-happehoolitsus-biolight\/"]}]},{"@type":"ImageObject","inLanguage":"en-US","@id":"https:\/\/vana.vspa.ee\/en\/treatments\/saraandev-happehoolitsus-biolight\/#primaryimage","url":"https:\/\/www.eugesta.ee\/assets\/Uploads\/News\/606\/_resampled\/SetRatioSize350240-AS-ilulemmik.pdf.png","contentUrl":"https:\/\/www.eugesta.ee\/assets\/Uploads\/News\/606\/_resampled\/SetRatioSize350240-AS-ilulemmik.pdf.png"},{"@type":"BreadcrumbList","@id":"https:\/\/vana.vspa.ee\/en\/treatments\/saraandev-happehoolitsus-biolight\/#breadcrumb","itemListElement":[{"@type":"ListItem","position":1,"name":"Home","item":"https:\/\/vana.vspa.ee\/en\/"},{"@type":"ListItem","position":2,"name":"Treatments","item":"https:\/\/vana.vspa.ee\/en\/treatments\/"},{"@type":"ListItem","position":3,"name":"Soothing acid treatment (biolight)"}]},{"@type":"WebSite","@id":"https:\/\/vana.vspa.ee\/#website","url":"https:\/\/vana.vspa.ee\/","name":"V Spa","description":"V\u00f5ta veest viimast!","potentialAction":[{"@type":"SearchAction","target":{"@type":"EntryPoint","urlTemplate":"https:\/\/vana.vspa.ee\/?s={search_term_string}"},"query-input":{"@type":"PropertyValueSpecification","valueRequired":true,"valueName":"search_term_string"}}],"inLanguage":"en-US"}]}},"_links":{"self":[{"href":"https:\/\/vana.vspa.ee\/en\/wp-json\/wp\/v2\/pages\/44320","targetHints":{"allow":["GET"]}}],"collection":[{"href":"https:\/\/vana.vspa.ee\/en\/wp-json\/wp\/v2\/pages"}],"about":[{"href":"https:\/\/vana.vspa.ee\/en\/wp-json\/wp\/v2\/types\/page"}],"author":[{"embeddable":true,"href":"https:\/\/vana.vspa.ee\/en\/wp-json\/wp\/v2\/users\/1"}],"replies":[{"embeddable":true,"href":"https:\/\/vana.vspa.ee\/en\/wp-json\/wp\/v2\/comments?post=44320"}],"version-history":[{"count":1,"href":"https:\/\/vana.vspa.ee\/en\/wp-json\/wp\/v2\/pages\/44320\/revisions"}],"predecessor-version":[{"id":44321,"href":"https:\/\/vana.vspa.ee\/en\/wp-json\/wp\/v2\/pages\/44320\/revisions\/44321"}],"up":[{"embeddable":true,"href":"https:\/\/vana.vspa.ee\/en\/wp-json\/wp\/v2\/pages\/1646"}],"wp:attachment":[{"href":"https:\/\/vana.vspa.ee\/en\/wp-json\/wp\/v2\/media?parent=44320"}],"curies":[{"name":"wp","href":"https:\/\/api.w.org\/{rel}","templated":true}]}}