{"id":11586,"date":"2017-12-20T11:12:01","date_gmt":"2017-12-20T09:12:01","guid":{"rendered":"https:\/\/vspa.ee\/hoidot\/kate-ja-kuuntehoolitsus-kuuma-oliga\/"},"modified":"2023-12-04T14:55:05","modified_gmt":"2023-12-04T12:55:05","slug":"kate-ja-kuuntehoolitsus-kuuma-oliga","status":"publish","type":"page","link":"https:\/\/vana.vspa.ee\/fi\/hoidot\/kate-ja-kuuntehoolitsus-kuuma-oliga\/","title":{"rendered":"K\u00e4si- ja kynsihoito kuumalla \u00f6ljyll\u00e4"},"content":{"rendered":"<p>Hoidon aikana huolletaan kynnet, kynsinauhat ja kynsien iho, mutta p\u00e4\u00e4paino on l\u00e4mpim\u00e4ll\u00e4 \u00f6ljykylvyll\u00e4 sormille sek\u00e4 kuuma\u00f6ljyhieronnalla k\u00e4sille kyyn\u00e4rp\u00e4ihin asti. Hoidon lopussa k\u00e4sille ja k\u00e4sivarsille levitet\u00e4\u00e4n kosteuttavaa k\u00e4sivoidetta. Hoito sopii hyvin vuodenaikojen vaihtumiseen sek\u00e4 erityisesti kylm\u00e4\u00e4n aikaan, se kosteuttaa my\u00f6s ihanasti kuivia k\u00e4si\u00e4. T\u00e4m\u00e4 hoito kosteuttaa ja ravitsee my\u00f6s kynsilevyt ja -nauhat erityisen huolellisesti, mink\u00e4 vuoksi suosittelemme, ettei samana p\u00e4iv\u00e4n\u00e4 k\u00e4ytet\u00e4 kynsilakkaa.<\/p>\n","protected":false},"excerpt":{"rendered":"<p>Hoidon aikana huolletaan kynnet, kynsinauhat ja kynsien iho, mutta p\u00e4\u00e4paino on l\u00e4mpim\u00e4ll\u00e4 \u00f6ljykylvyll\u00e4 sormille sek\u00e4 kuuma\u00f6ljyhieronnalla k\u00e4sille kyyn\u00e4rp\u00e4ihin asti. Hoidon&#8230;<\/p>\n","protected":false},"author":1,"featured_media":0,"parent":1969,"menu_order":10,"comment_status":"closed","ping_status":"closed","template":"page-templates\/tpl-offer1.php","meta":{"_acf_changed":false,"_monsterinsights_skip_tracking":false,"_monsterinsights_sitenote_active":false,"_monsterinsights_sitenote_note":"","_monsterinsights_sitenote_category":0,"footnotes":"","_links_to":"","_links_to_target":""},"class_list":["post-11586","page","type-page","status-publish","hentry"],"acf":[],"yoast_head":"<!-- This site is optimized with the Yoast SEO plugin v24.7 - https:\/\/yoast.com\/wordpress\/plugins\/seo\/ -->\n<title>K\u00e4si- ja kynsihoito kuumalla \u00f6ljyll\u00e4 - V Spa<\/title>\n<meta name=\"robots\" content=\"noindex, follow, max-snippet:-1, max-image-preview:large, max-video-preview:-1\" \/>\n<meta property=\"og:locale\" content=\"fi_FI\" \/>\n<meta property=\"og:type\" content=\"article\" \/>\n<meta property=\"og:title\" content=\"K\u00e4si- ja kynsihoito kuumalla \u00f6ljyll\u00e4 - V Spa\" \/>\n<meta property=\"og:description\" content=\"Hoidon aikana huolletaan kynnet, kynsinauhat ja kynsien iho, mutta p\u00e4\u00e4paino on l\u00e4mpim\u00e4ll\u00e4 \u00f6ljykylvyll\u00e4 sormille sek\u00e4 kuuma\u00f6ljyhieronnalla k\u00e4sille kyyn\u00e4rp\u00e4ihin asti. Hoidon...\" \/>\n<meta property=\"og:url\" content=\"https:\/\/vana.vspa.ee\/hoolitsused\/kate-ja-kuuntehoolitsus-kuuma-oliga\/\" \/>\n<meta property=\"og:site_name\" content=\"V Spa\" \/>\n<meta property=\"article:modified_time\" content=\"2023-12-04T12:55:05+00:00\" \/>\n<meta name=\"twitter:card\" content=\"summary_large_image\" \/>\n<meta name=\"twitter:label1\" content=\"Arvioitu lukuaika\" \/>\n\t<meta name=\"twitter:data1\" content=\"1 minuutti\" \/>\n<script type=\"application\/ld+json\" class=\"yoast-schema-graph\">{\"@context\":\"https:\/\/schema.org\",\"@graph\":[{\"@type\":\"WebPage\",\"@id\":\"https:\/\/vana.vspa.ee\/hoolitsused\/kate-ja-kuuntehoolitsus-kuuma-oliga\/\",\"url\":\"https:\/\/vana.vspa.ee\/hoolitsused\/kate-ja-kuuntehoolitsus-kuuma-oliga\/\",\"name\":\"K\u00e4si- ja kynsihoito kuumalla \u00f6ljyll\u00e4 - V Spa\",\"isPartOf\":{\"@id\":\"https:\/\/vana.vspa.ee\/#website\"},\"datePublished\":\"2017-12-20T09:12:01+00:00\",\"dateModified\":\"2023-12-04T12:55:05+00:00\",\"breadcrumb\":{\"@id\":\"https:\/\/vana.vspa.ee\/hoolitsused\/kate-ja-kuuntehoolitsus-kuuma-oliga\/#breadcrumb\"},\"inLanguage\":\"fi\",\"potentialAction\":[{\"@type\":\"ReadAction\",\"target\":[\"https:\/\/vana.vspa.ee\/hoolitsused\/kate-ja-kuuntehoolitsus-kuuma-oliga\/\"]}]},{\"@type\":\"BreadcrumbList\",\"@id\":\"https:\/\/vana.vspa.ee\/hoolitsused\/kate-ja-kuuntehoolitsus-kuuma-oliga\/#breadcrumb\",\"itemListElement\":[{\"@type\":\"ListItem\",\"position\":1,\"name\":\"Home\",\"item\":\"https:\/\/vana.vspa.ee\/fi\/\"},{\"@type\":\"ListItem\",\"position\":2,\"name\":\"Hoidot\",\"item\":\"https:\/\/vana.vspa.ee\/hoolitsused\/\"},{\"@type\":\"ListItem\",\"position\":3,\"name\":\"K\u00e4si- ja kynsihoito kuumalla \u00f6ljyll\u00e4\"}]},{\"@type\":\"WebSite\",\"@id\":\"https:\/\/vana.vspa.ee\/#website\",\"url\":\"https:\/\/vana.vspa.ee\/\",\"name\":\"V Spa\",\"description\":\"V\u00f5ta veest viimast!\",\"potentialAction\":[{\"@type\":\"SearchAction\",\"target\":{\"@type\":\"EntryPoint\",\"urlTemplate\":\"https:\/\/vana.vspa.ee\/?s={search_term_string}\"},\"query-input\":{\"@type\":\"PropertyValueSpecification\",\"valueRequired\":true,\"valueName\":\"search_term_string\"}}],\"inLanguage\":\"fi\"}]}<\/script>\n<!-- \/ Yoast SEO plugin. -->","yoast_head_json":{"title":"K\u00e4si- ja kynsihoito kuumalla \u00f6ljyll\u00e4 - V Spa","robots":{"index":"noindex","follow":"follow","max-snippet":"max-snippet:-1","max-image-preview":"max-image-preview:large","max-video-preview":"max-video-preview:-1"},"og_locale":"fi_FI","og_type":"article","og_title":"K\u00e4si- ja kynsihoito kuumalla \u00f6ljyll\u00e4 - V Spa","og_description":"Hoidon aikana huolletaan kynnet, kynsinauhat ja kynsien iho, mutta p\u00e4\u00e4paino on l\u00e4mpim\u00e4ll\u00e4 \u00f6ljykylvyll\u00e4 sormille sek\u00e4 kuuma\u00f6ljyhieronnalla k\u00e4sille kyyn\u00e4rp\u00e4ihin asti. Hoidon...","og_url":"https:\/\/vana.vspa.ee\/hoolitsused\/kate-ja-kuuntehoolitsus-kuuma-oliga\/","og_site_name":"V Spa","article_modified_time":"2023-12-04T12:55:05+00:00","twitter_card":"summary_large_image","twitter_misc":{"Arvioitu lukuaika":"1 minuutti"},"schema":{"@context":"https:\/\/schema.org","@graph":[{"@type":"WebPage","@id":"https:\/\/vana.vspa.ee\/hoolitsused\/kate-ja-kuuntehoolitsus-kuuma-oliga\/","url":"https:\/\/vana.vspa.ee\/hoolitsused\/kate-ja-kuuntehoolitsus-kuuma-oliga\/","name":"K\u00e4si- ja kynsihoito kuumalla \u00f6ljyll\u00e4 - V Spa","isPartOf":{"@id":"https:\/\/vana.vspa.ee\/#website"},"datePublished":"2017-12-20T09:12:01+00:00","dateModified":"2023-12-04T12:55:05+00:00","breadcrumb":{"@id":"https:\/\/vana.vspa.ee\/hoolitsused\/kate-ja-kuuntehoolitsus-kuuma-oliga\/#breadcrumb"},"inLanguage":"fi","potentialAction":[{"@type":"ReadAction","target":["https:\/\/vana.vspa.ee\/hoolitsused\/kate-ja-kuuntehoolitsus-kuuma-oliga\/"]}]},{"@type":"BreadcrumbList","@id":"https:\/\/vana.vspa.ee\/hoolitsused\/kate-ja-kuuntehoolitsus-kuuma-oliga\/#breadcrumb","itemListElement":[{"@type":"ListItem","position":1,"name":"Home","item":"https:\/\/vana.vspa.ee\/fi\/"},{"@type":"ListItem","position":2,"name":"Hoidot","item":"https:\/\/vana.vspa.ee\/hoolitsused\/"},{"@type":"ListItem","position":3,"name":"K\u00e4si- ja kynsihoito kuumalla \u00f6ljyll\u00e4"}]},{"@type":"WebSite","@id":"https:\/\/vana.vspa.ee\/#website","url":"https:\/\/vana.vspa.ee\/","name":"V Spa","description":"V\u00f5ta veest viimast!","potentialAction":[{"@type":"SearchAction","target":{"@type":"EntryPoint","urlTemplate":"https:\/\/vana.vspa.ee\/?s={search_term_string}"},"query-input":{"@type":"PropertyValueSpecification","valueRequired":true,"valueName":"search_term_string"}}],"inLanguage":"fi"}]}},"_links":{"self":[{"href":"https:\/\/vana.vspa.ee\/fi\/wp-json\/wp\/v2\/pages\/11586","targetHints":{"allow":["GET"]}}],"collection":[{"href":"https:\/\/vana.vspa.ee\/fi\/wp-json\/wp\/v2\/pages"}],"about":[{"href":"https:\/\/vana.vspa.ee\/fi\/wp-json\/wp\/v2\/types\/page"}],"author":[{"embeddable":true,"href":"https:\/\/vana.vspa.ee\/fi\/wp-json\/wp\/v2\/users\/1"}],"replies":[{"embeddable":true,"href":"https:\/\/vana.vspa.ee\/fi\/wp-json\/wp\/v2\/comments?post=11586"}],"version-history":[{"count":5,"href":"https:\/\/vana.vspa.ee\/fi\/wp-json\/wp\/v2\/pages\/11586\/revisions"}],"predecessor-version":[{"id":41999,"href":"https:\/\/vana.vspa.ee\/fi\/wp-json\/wp\/v2\/pages\/11586\/revisions\/41999"}],"up":[{"embeddable":true,"href":"https:\/\/vana.vspa.ee\/fi\/wp-json\/wp\/v2\/pages\/1969"}],"wp:attachment":[{"href":"https:\/\/vana.vspa.ee\/fi\/wp-json\/wp\/v2\/media?parent=11586"}],"curies":[{"name":"wp","href":"https:\/\/api.w.org\/{rel}","templated":true}]}}