{"id":11594,"date":"2017-11-03T12:20:18","date_gmt":"2017-11-03T10:20:18","guid":{"rendered":"https:\/\/vspa.ee\/hoidot\/toksiine-valjutav-ja-loogastav-jalahoolitsus-maskiga\/"},"modified":"2023-12-04T10:58:16","modified_gmt":"2023-12-04T08:58:16","slug":"toksiine-valjutav-ja-loogastav-jalahoolitsus-maskiga","status":"publish","type":"page","link":"https:\/\/vana.vspa.ee\/fi\/hoidot\/toksiine-valjutav-ja-loogastav-jalahoolitsus-maskiga\/","title":{"rendered":"Rentouttava ja kosteuttava jalkahoito"},"content":{"rendered":"<p>Hoito alkaa kamomilla-suolakylvyll\u00e4, sen j\u00e4lkeen jalat kuoritaan kuolleenmerensuolalla, johon on lis\u00e4tty eri kasviuutteita ja -\u00f6ljyj\u00e4. Kuona-aineita poistava jalkanamio viilent\u00e4\u00e4 ja puhdistaa samaan aikaan. Hoito loppuu hieronnalla, jossa polviin asti levitet\u00e4\u00e4n jalkahoitovoidetta. Hoito sopii hyvin ihmisille joilla on istumaty\u00f6, samoin kaikille, jotka haluavat puhdistaa kehoa myrkyist\u00e4 ja v\u00e4hent\u00e4\u00e4 jalkojen turvotusta.<\/p>\n<p>T\u00e4st\u00e4 hoidosta voit nauttia my\u00f6s seuraavan p\u00e4iv\u00e4spa-paketin osana: <a href=\"https:\/\/vspa.ee\/fi\/paketit\/virgutav-puhastus\/\" class=\"broken_link\">Virkist\u00e4v\u00e4 puhdistus<\/a><\/p>\n","protected":false},"excerpt":{"rendered":"<p>Hoito alkaa kamomilla-suolakylvyll\u00e4, sen j\u00e4lkeen jalat kuoritaan kuolleenmerensuolalla, johon on lis\u00e4tty eri kasviuutteita ja -\u00f6ljyj\u00e4. Kuona-aineita poistava jalkanamio viilent\u00e4\u00e4 ja&#8230;<\/p>\n","protected":false},"author":1,"featured_media":0,"parent":1969,"menu_order":20,"comment_status":"closed","ping_status":"closed","template":"page-templates\/tpl-offer1.php","meta":{"_acf_changed":false,"_monsterinsights_skip_tracking":false,"_monsterinsights_sitenote_active":false,"_monsterinsights_sitenote_note":"","_monsterinsights_sitenote_category":0,"footnotes":"","_links_to":"","_links_to_target":""},"class_list":["post-11594","page","type-page","status-publish","hentry"],"acf":[],"yoast_head":"<!-- This site is optimized with the Yoast SEO plugin v24.7 - https:\/\/yoast.com\/wordpress\/plugins\/seo\/ -->\n<title>Rentouttava ja kosteuttava jalkahoito - V Spa<\/title>\n<meta name=\"robots\" content=\"noindex, follow, max-snippet:-1, max-image-preview:large, max-video-preview:-1\" \/>\n<meta property=\"og:locale\" content=\"fi_FI\" \/>\n<meta property=\"og:type\" content=\"article\" \/>\n<meta property=\"og:title\" content=\"Rentouttava ja kosteuttava jalkahoito - V Spa\" \/>\n<meta property=\"og:description\" content=\"Hoito alkaa kamomilla-suolakylvyll\u00e4, sen j\u00e4lkeen jalat kuoritaan kuolleenmerensuolalla, johon on lis\u00e4tty eri kasviuutteita ja -\u00f6ljyj\u00e4. Kuona-aineita poistava jalkanamio viilent\u00e4\u00e4 ja...\" \/>\n<meta property=\"og:url\" content=\"https:\/\/vana.vspa.ee\/hoolitsused\/toksiine-valjutav-ja-loogastav-jalahoolitsus-maskiga\/\" \/>\n<meta property=\"og:site_name\" content=\"V Spa\" \/>\n<meta property=\"article:modified_time\" content=\"2023-12-04T08:58:16+00:00\" \/>\n<meta name=\"twitter:card\" content=\"summary_large_image\" \/>\n<meta name=\"twitter:label1\" content=\"Arvioitu lukuaika\" \/>\n\t<meta name=\"twitter:data1\" content=\"1 minuutti\" \/>\n<script type=\"application\/ld+json\" class=\"yoast-schema-graph\">{\"@context\":\"https:\/\/schema.org\",\"@graph\":[{\"@type\":\"WebPage\",\"@id\":\"https:\/\/vana.vspa.ee\/hoolitsused\/toksiine-valjutav-ja-loogastav-jalahoolitsus-maskiga\/\",\"url\":\"https:\/\/vana.vspa.ee\/hoolitsused\/toksiine-valjutav-ja-loogastav-jalahoolitsus-maskiga\/\",\"name\":\"Rentouttava ja kosteuttava jalkahoito - V Spa\",\"isPartOf\":{\"@id\":\"https:\/\/vana.vspa.ee\/#website\"},\"datePublished\":\"2017-11-03T10:20:18+00:00\",\"dateModified\":\"2023-12-04T08:58:16+00:00\",\"breadcrumb\":{\"@id\":\"https:\/\/vana.vspa.ee\/hoolitsused\/toksiine-valjutav-ja-loogastav-jalahoolitsus-maskiga\/#breadcrumb\"},\"inLanguage\":\"fi\",\"potentialAction\":[{\"@type\":\"ReadAction\",\"target\":[\"https:\/\/vana.vspa.ee\/hoolitsused\/toksiine-valjutav-ja-loogastav-jalahoolitsus-maskiga\/\"]}]},{\"@type\":\"BreadcrumbList\",\"@id\":\"https:\/\/vana.vspa.ee\/hoolitsused\/toksiine-valjutav-ja-loogastav-jalahoolitsus-maskiga\/#breadcrumb\",\"itemListElement\":[{\"@type\":\"ListItem\",\"position\":1,\"name\":\"Home\",\"item\":\"https:\/\/vana.vspa.ee\/fi\/\"},{\"@type\":\"ListItem\",\"position\":2,\"name\":\"Hoidot\",\"item\":\"https:\/\/vana.vspa.ee\/hoolitsused\/\"},{\"@type\":\"ListItem\",\"position\":3,\"name\":\"Rentouttava ja kosteuttava jalkahoito\"}]},{\"@type\":\"WebSite\",\"@id\":\"https:\/\/vana.vspa.ee\/#website\",\"url\":\"https:\/\/vana.vspa.ee\/\",\"name\":\"V Spa\",\"description\":\"V\u00f5ta veest viimast!\",\"potentialAction\":[{\"@type\":\"SearchAction\",\"target\":{\"@type\":\"EntryPoint\",\"urlTemplate\":\"https:\/\/vana.vspa.ee\/?s={search_term_string}\"},\"query-input\":{\"@type\":\"PropertyValueSpecification\",\"valueRequired\":true,\"valueName\":\"search_term_string\"}}],\"inLanguage\":\"fi\"}]}<\/script>\n<!-- \/ Yoast SEO plugin. -->","yoast_head_json":{"title":"Rentouttava ja kosteuttava jalkahoito - V Spa","robots":{"index":"noindex","follow":"follow","max-snippet":"max-snippet:-1","max-image-preview":"max-image-preview:large","max-video-preview":"max-video-preview:-1"},"og_locale":"fi_FI","og_type":"article","og_title":"Rentouttava ja kosteuttava jalkahoito - V Spa","og_description":"Hoito alkaa kamomilla-suolakylvyll\u00e4, sen j\u00e4lkeen jalat kuoritaan kuolleenmerensuolalla, johon on lis\u00e4tty eri kasviuutteita ja -\u00f6ljyj\u00e4. Kuona-aineita poistava jalkanamio viilent\u00e4\u00e4 ja...","og_url":"https:\/\/vana.vspa.ee\/hoolitsused\/toksiine-valjutav-ja-loogastav-jalahoolitsus-maskiga\/","og_site_name":"V Spa","article_modified_time":"2023-12-04T08:58:16+00:00","twitter_card":"summary_large_image","twitter_misc":{"Arvioitu lukuaika":"1 minuutti"},"schema":{"@context":"https:\/\/schema.org","@graph":[{"@type":"WebPage","@id":"https:\/\/vana.vspa.ee\/hoolitsused\/toksiine-valjutav-ja-loogastav-jalahoolitsus-maskiga\/","url":"https:\/\/vana.vspa.ee\/hoolitsused\/toksiine-valjutav-ja-loogastav-jalahoolitsus-maskiga\/","name":"Rentouttava ja kosteuttava jalkahoito - V Spa","isPartOf":{"@id":"https:\/\/vana.vspa.ee\/#website"},"datePublished":"2017-11-03T10:20:18+00:00","dateModified":"2023-12-04T08:58:16+00:00","breadcrumb":{"@id":"https:\/\/vana.vspa.ee\/hoolitsused\/toksiine-valjutav-ja-loogastav-jalahoolitsus-maskiga\/#breadcrumb"},"inLanguage":"fi","potentialAction":[{"@type":"ReadAction","target":["https:\/\/vana.vspa.ee\/hoolitsused\/toksiine-valjutav-ja-loogastav-jalahoolitsus-maskiga\/"]}]},{"@type":"BreadcrumbList","@id":"https:\/\/vana.vspa.ee\/hoolitsused\/toksiine-valjutav-ja-loogastav-jalahoolitsus-maskiga\/#breadcrumb","itemListElement":[{"@type":"ListItem","position":1,"name":"Home","item":"https:\/\/vana.vspa.ee\/fi\/"},{"@type":"ListItem","position":2,"name":"Hoidot","item":"https:\/\/vana.vspa.ee\/hoolitsused\/"},{"@type":"ListItem","position":3,"name":"Rentouttava ja kosteuttava jalkahoito"}]},{"@type":"WebSite","@id":"https:\/\/vana.vspa.ee\/#website","url":"https:\/\/vana.vspa.ee\/","name":"V Spa","description":"V\u00f5ta veest viimast!","potentialAction":[{"@type":"SearchAction","target":{"@type":"EntryPoint","urlTemplate":"https:\/\/vana.vspa.ee\/?s={search_term_string}"},"query-input":{"@type":"PropertyValueSpecification","valueRequired":true,"valueName":"search_term_string"}}],"inLanguage":"fi"}]}},"_links":{"self":[{"href":"https:\/\/vana.vspa.ee\/fi\/wp-json\/wp\/v2\/pages\/11594","targetHints":{"allow":["GET"]}}],"collection":[{"href":"https:\/\/vana.vspa.ee\/fi\/wp-json\/wp\/v2\/pages"}],"about":[{"href":"https:\/\/vana.vspa.ee\/fi\/wp-json\/wp\/v2\/types\/page"}],"author":[{"embeddable":true,"href":"https:\/\/vana.vspa.ee\/fi\/wp-json\/wp\/v2\/users\/1"}],"replies":[{"embeddable":true,"href":"https:\/\/vana.vspa.ee\/fi\/wp-json\/wp\/v2\/comments?post=11594"}],"version-history":[{"count":6,"href":"https:\/\/vana.vspa.ee\/fi\/wp-json\/wp\/v2\/pages\/11594\/revisions"}],"predecessor-version":[{"id":41935,"href":"https:\/\/vana.vspa.ee\/fi\/wp-json\/wp\/v2\/pages\/11594\/revisions\/41935"}],"up":[{"embeddable":true,"href":"https:\/\/vana.vspa.ee\/fi\/wp-json\/wp\/v2\/pages\/1969"}],"wp:attachment":[{"href":"https:\/\/vana.vspa.ee\/fi\/wp-json\/wp\/v2\/media?parent=11594"}],"curies":[{"name":"wp","href":"https:\/\/api.w.org\/{rel}","templated":true}]}}