{"id":11596,"date":"2017-12-20T11:30:36","date_gmt":"2017-12-20T09:30:36","guid":{"rendered":"https:\/\/vspa.ee\/hoidot\/gel-fx-katehoolitsus-geellakiga\/"},"modified":"2023-12-04T14:35:27","modified_gmt":"2023-12-04T12:35:27","slug":"gel-fx-katehoolitsus-geellakiga","status":"publish","type":"page","link":"https:\/\/vana.vspa.ee\/fi\/hoidot\/gel-fx-katehoolitsus-geellakiga\/","title":{"rendered":"Gel FX kynsihoito geelilakkauksella."},"content":{"rendered":"<p>Hoito alkaa kevyell\u00e4 kuivamanikyyrill\u00e4, jota seuraa geelilakan levitt\u00e4minen. Hoidossa k\u00e4ytet\u00e4\u00e4n vitamiinein rikastettu aluslakkaa, joka antaa kynsille v\u00e4rilt\u00e4 suojaavan kerroksen ja helpottaa lakan poistamista my\u00f6hemmin. Saatte valita eri s\u00e4vyjen v\u00e4lill\u00e4 sek\u00e4 lopuksi kynnet lakataan pintalakalla, joka antaa kynsille kauniin kiillon. Viimeistelyksi kynsinauhoille levitet\u00e4\u00e4n erityinen Gel FX kynsi\u00f6ljy, jolla viimeistell\u00e4\u00e4n manikyyri sokaisevalla hohteella ja kiillolla. Gel FX on terveellist\u00e4 kynsillesi ja pysyy kauniina jopa 3 viikkoa!<\/p>\n","protected":false},"excerpt":{"rendered":"<p>Hoito alkaa kevyell\u00e4 kuivamanikyyrill\u00e4, jota seuraa geelilakan levitt\u00e4minen. Hoidossa k\u00e4ytet\u00e4\u00e4n vitamiinein rikastettu aluslakkaa, joka antaa kynsille v\u00e4rilt\u00e4 suojaavan kerroksen ja&#8230;<\/p>\n","protected":false},"author":1,"featured_media":0,"parent":1969,"menu_order":9,"comment_status":"closed","ping_status":"closed","template":"page-templates\/tpl-offer1.php","meta":{"_acf_changed":false,"_monsterinsights_skip_tracking":false,"_monsterinsights_sitenote_active":false,"_monsterinsights_sitenote_note":"","_monsterinsights_sitenote_category":0,"footnotes":"","_links_to":"","_links_to_target":""},"class_list":["post-11596","page","type-page","status-publish","hentry"],"acf":[],"yoast_head":"<!-- This site is optimized with the Yoast SEO plugin v24.7 - https:\/\/yoast.com\/wordpress\/plugins\/seo\/ -->\n<title>Gel FX kynsihoito geelilakkauksella. - V Spa<\/title>\n<meta name=\"robots\" content=\"noindex, follow, max-snippet:-1, max-image-preview:large, max-video-preview:-1\" \/>\n<meta property=\"og:locale\" content=\"fi_FI\" \/>\n<meta property=\"og:type\" content=\"article\" \/>\n<meta property=\"og:title\" content=\"Gel FX kynsihoito geelilakkauksella. - V Spa\" \/>\n<meta property=\"og:description\" content=\"Hoito alkaa kevyell\u00e4 kuivamanikyyrill\u00e4, jota seuraa geelilakan levitt\u00e4minen. Hoidossa k\u00e4ytet\u00e4\u00e4n vitamiinein rikastettu aluslakkaa, joka antaa kynsille v\u00e4rilt\u00e4 suojaavan kerroksen ja...\" \/>\n<meta property=\"og:url\" content=\"https:\/\/vana.vspa.ee\/hoolitsused\/gel-fx-katehoolitsus-geellakiga\/\" \/>\n<meta property=\"og:site_name\" content=\"V Spa\" \/>\n<meta property=\"article:modified_time\" content=\"2023-12-04T12:35:27+00:00\" \/>\n<meta name=\"twitter:card\" content=\"summary_large_image\" \/>\n<meta name=\"twitter:label1\" content=\"Arvioitu lukuaika\" \/>\n\t<meta name=\"twitter:data1\" content=\"1 minuutti\" \/>\n<script type=\"application\/ld+json\" class=\"yoast-schema-graph\">{\"@context\":\"https:\/\/schema.org\",\"@graph\":[{\"@type\":\"WebPage\",\"@id\":\"https:\/\/vana.vspa.ee\/hoolitsused\/gel-fx-katehoolitsus-geellakiga\/\",\"url\":\"https:\/\/vana.vspa.ee\/hoolitsused\/gel-fx-katehoolitsus-geellakiga\/\",\"name\":\"Gel FX kynsihoito geelilakkauksella. - V Spa\",\"isPartOf\":{\"@id\":\"https:\/\/vana.vspa.ee\/#website\"},\"datePublished\":\"2017-12-20T09:30:36+00:00\",\"dateModified\":\"2023-12-04T12:35:27+00:00\",\"breadcrumb\":{\"@id\":\"https:\/\/vana.vspa.ee\/hoolitsused\/gel-fx-katehoolitsus-geellakiga\/#breadcrumb\"},\"inLanguage\":\"fi\",\"potentialAction\":[{\"@type\":\"ReadAction\",\"target\":[\"https:\/\/vana.vspa.ee\/hoolitsused\/gel-fx-katehoolitsus-geellakiga\/\"]}]},{\"@type\":\"BreadcrumbList\",\"@id\":\"https:\/\/vana.vspa.ee\/hoolitsused\/gel-fx-katehoolitsus-geellakiga\/#breadcrumb\",\"itemListElement\":[{\"@type\":\"ListItem\",\"position\":1,\"name\":\"Home\",\"item\":\"https:\/\/vana.vspa.ee\/fi\/\"},{\"@type\":\"ListItem\",\"position\":2,\"name\":\"Hoidot\",\"item\":\"https:\/\/vana.vspa.ee\/hoolitsused\/\"},{\"@type\":\"ListItem\",\"position\":3,\"name\":\"Gel FX kynsihoito geelilakkauksella.\"}]},{\"@type\":\"WebSite\",\"@id\":\"https:\/\/vana.vspa.ee\/#website\",\"url\":\"https:\/\/vana.vspa.ee\/\",\"name\":\"V Spa\",\"description\":\"V\u00f5ta veest viimast!\",\"potentialAction\":[{\"@type\":\"SearchAction\",\"target\":{\"@type\":\"EntryPoint\",\"urlTemplate\":\"https:\/\/vana.vspa.ee\/?s={search_term_string}\"},\"query-input\":{\"@type\":\"PropertyValueSpecification\",\"valueRequired\":true,\"valueName\":\"search_term_string\"}}],\"inLanguage\":\"fi\"}]}<\/script>\n<!-- \/ Yoast SEO plugin. -->","yoast_head_json":{"title":"Gel FX kynsihoito geelilakkauksella. - V Spa","robots":{"index":"noindex","follow":"follow","max-snippet":"max-snippet:-1","max-image-preview":"max-image-preview:large","max-video-preview":"max-video-preview:-1"},"og_locale":"fi_FI","og_type":"article","og_title":"Gel FX kynsihoito geelilakkauksella. - V Spa","og_description":"Hoito alkaa kevyell\u00e4 kuivamanikyyrill\u00e4, jota seuraa geelilakan levitt\u00e4minen. Hoidossa k\u00e4ytet\u00e4\u00e4n vitamiinein rikastettu aluslakkaa, joka antaa kynsille v\u00e4rilt\u00e4 suojaavan kerroksen ja...","og_url":"https:\/\/vana.vspa.ee\/hoolitsused\/gel-fx-katehoolitsus-geellakiga\/","og_site_name":"V Spa","article_modified_time":"2023-12-04T12:35:27+00:00","twitter_card":"summary_large_image","twitter_misc":{"Arvioitu lukuaika":"1 minuutti"},"schema":{"@context":"https:\/\/schema.org","@graph":[{"@type":"WebPage","@id":"https:\/\/vana.vspa.ee\/hoolitsused\/gel-fx-katehoolitsus-geellakiga\/","url":"https:\/\/vana.vspa.ee\/hoolitsused\/gel-fx-katehoolitsus-geellakiga\/","name":"Gel FX kynsihoito geelilakkauksella. - V Spa","isPartOf":{"@id":"https:\/\/vana.vspa.ee\/#website"},"datePublished":"2017-12-20T09:30:36+00:00","dateModified":"2023-12-04T12:35:27+00:00","breadcrumb":{"@id":"https:\/\/vana.vspa.ee\/hoolitsused\/gel-fx-katehoolitsus-geellakiga\/#breadcrumb"},"inLanguage":"fi","potentialAction":[{"@type":"ReadAction","target":["https:\/\/vana.vspa.ee\/hoolitsused\/gel-fx-katehoolitsus-geellakiga\/"]}]},{"@type":"BreadcrumbList","@id":"https:\/\/vana.vspa.ee\/hoolitsused\/gel-fx-katehoolitsus-geellakiga\/#breadcrumb","itemListElement":[{"@type":"ListItem","position":1,"name":"Home","item":"https:\/\/vana.vspa.ee\/fi\/"},{"@type":"ListItem","position":2,"name":"Hoidot","item":"https:\/\/vana.vspa.ee\/hoolitsused\/"},{"@type":"ListItem","position":3,"name":"Gel FX kynsihoito geelilakkauksella."}]},{"@type":"WebSite","@id":"https:\/\/vana.vspa.ee\/#website","url":"https:\/\/vana.vspa.ee\/","name":"V Spa","description":"V\u00f5ta veest viimast!","potentialAction":[{"@type":"SearchAction","target":{"@type":"EntryPoint","urlTemplate":"https:\/\/vana.vspa.ee\/?s={search_term_string}"},"query-input":{"@type":"PropertyValueSpecification","valueRequired":true,"valueName":"search_term_string"}}],"inLanguage":"fi"}]}},"_links":{"self":[{"href":"https:\/\/vana.vspa.ee\/fi\/wp-json\/wp\/v2\/pages\/11596","targetHints":{"allow":["GET"]}}],"collection":[{"href":"https:\/\/vana.vspa.ee\/fi\/wp-json\/wp\/v2\/pages"}],"about":[{"href":"https:\/\/vana.vspa.ee\/fi\/wp-json\/wp\/v2\/types\/page"}],"author":[{"embeddable":true,"href":"https:\/\/vana.vspa.ee\/fi\/wp-json\/wp\/v2\/users\/1"}],"replies":[{"embeddable":true,"href":"https:\/\/vana.vspa.ee\/fi\/wp-json\/wp\/v2\/comments?post=11596"}],"version-history":[{"count":3,"href":"https:\/\/vana.vspa.ee\/fi\/wp-json\/wp\/v2\/pages\/11596\/revisions"}],"predecessor-version":[{"id":41989,"href":"https:\/\/vana.vspa.ee\/fi\/wp-json\/wp\/v2\/pages\/11596\/revisions\/41989"}],"up":[{"embeddable":true,"href":"https:\/\/vana.vspa.ee\/fi\/wp-json\/wp\/v2\/pages\/1969"}],"wp:attachment":[{"href":"https:\/\/vana.vspa.ee\/fi\/wp-json\/wp\/v2\/media?parent=11596"}],"curies":[{"name":"wp","href":"https:\/\/api.w.org\/{rel}","templated":true}]}}