{"id":12379,"date":"2018-06-13T19:05:43","date_gmt":"2018-06-13T16:05:43","guid":{"rendered":"https:\/\/vspa.ee\/?page_id=12379"},"modified":"2024-11-12T12:00:50","modified_gmt":"2024-11-12T10:00:50","slug":"saunarituaalit","status":"publish","type":"page","link":"https:\/\/vana.vspa.ee\/fi\/vesi-ja-saunamaailma\/saunarituaalit\/","title":{"rendered":"Saunarituaalit"},"content":{"rendered":"<div id=\"pl-12379\"  class=\"panel-layout\" ><div id=\"pg-12379-0\"  class=\"panel-grid panel-no-style\" ><div id=\"pgc-12379-0-0\"  class=\"panel-grid-cell\" ><div id=\"panel-12379-0-0-0\" class=\"so-panel widget widget_sow-editor panel-first-child panel-last-child\" data-index=\"0\" ><div\n\t\t\t\n\t\t\tclass=\"so-widget-sow-editor so-widget-sow-editor-base\"\n\t\t\t\n\t\t><h3 class=\"widget-title\">Saunarituaalit<\/h3>\n<div class=\"siteorigin-widget-tinymce textwidget\">\n\t<div id=\"pgc-1676-3-0\" class=\"panel-grid-cell\">\n<div id=\"panel-1676-3-0-0\" class=\"so-panel widget widget_sow-editor panel-first-child panel-last-child\" data-index=\"6\">\n<div class=\"so-widget-sow-editor so-widget-sow-editor-base\">\n<div class=\"siteorigin-widget-tinymce textwidget\">\n<div id=\"pgc-1676-3-0\" class=\"panel-grid-cell\">\n<div id=\"panel-1676-3-0-0\" class=\"so-panel widget widget_sow-editor panel-first-child panel-last-child\" data-index=\"6\">\n<div class=\"so-widget-sow-editor so-widget-sow-editor-base\">\n<div class=\"siteorigin-widget-tinymce textwidget\">\n<h4>Saunarituaalit l\u00f6ylysaunassa, suola-h\u00f6yrysaunassa\u00a0ja ven\u00e4l\u00e4isess\u00e4 banja-saunassa<\/h4>\n<p><strong>V Span saunarituaalit tarjoavat mahdollisuuden rentoutua ja kokea saunakulttuuria ennen\u00e4kem\u00e4tt\u00f6m\u00e4ll\u00e4 tavalla.<\/strong><\/p>\n<p><strong>L\u00f6ylysaunarituaali:<\/strong><br \/>\n10-minuuttisen saunarituaalin aikana vieraiden teht\u00e4v\u00e4n\u00e4 on ainoastaan rentoutua, juhlistaa l\u00f6yly\u00e4 saunamestarin kanssa ja vihtoa itse\u00e4\u00e4n niin kuin kuuluu. Rituaalissa ei j\u00e4\u00e4d\u00e4 paitsi my\u00f6sk\u00e4\u00e4n j\u00e4\u00e4kylm\u00e4st\u00e4 vedest\u00e4, jolla V Span vieraat saavat karaista itse\u00e4\u00e4n, kun rituaali k\u00e4y kuumemmaksi. Rituaaliin ovat tervetulleita osallistumaan kaiken ik\u00e4iset henkil\u00f6t, jotka tuntevat, ett\u00e4 terveys kest\u00e4\u00e4 sen. Jos rituaali muotoutuu kuumemmaksi kuin osasit odottaa, on aina mahdollista istua alemmas ja poistua aiemmin saunasta.<strong><br \/>\n<\/strong><\/p>\n<p><strong>Tuoksurituaalii:<\/strong><br \/>\nV Span tuoksurituaaliin kuuluvat tuoksut ja \u00e4\u00e4net auttavat sinua irtautumaan arjen huolista. Kymmenen minuuttia kest\u00e4v\u00e4n rituaalin aikana saat rentoutua, antaa ajatusten juosta ja nauttia havupuiden, sitrushedelmien erilaisten kukkien tuoksuista. Sinun teht\u00e4v\u00e4ksi j\u00e4\u00e4 vain sulkea silm\u00e4t, rentoutua ja nauttia V Span tarjoamasta kokemuksesta. Se on erinomainen el\u00e4mys riippumatta siit\u00e4 oletko vasta aloittamassa tai p\u00e4\u00e4tt\u00e4m\u00e4ss\u00e4 kylpyl\u00e4k\u00e4ynti\u00e4si.<\/p>\n<p><strong>Sheavoirituaali:<\/strong><br \/>\nTarton syd\u00e4mest\u00e4, V Spasta l\u00f6yt\u00e4\u00e4 nyt my\u00f6s afrikkalaisten naisten kullaksi sanotun sheavoin, jossa on t\u00e4rke\u00e4 paikka meid\u00e4n saunarituaaleissa. Ven\u00e4l\u00e4isess\u00e4 banja-saunassa toteutettavan kaksivaiheisen rituaalin aikana voivat kaikki vieraat helli\u00e4 ihoaan j\u00e4isen viile\u00e4ll\u00e4 ja aromaattisella sheavoilla, joka ravitsee ja suojaa ihoa, j\u00e4tt\u00e4\u00e4 siihen makeiden vadelmien tai suussa sulavan suklaan tuoksun.<br \/>\nRituaalin toisessa osassa voivat saunojat helli\u00e4 itse\u00e4\u00e4n marma-pistehieronnalla, jolla on koko vartaloa tasapainottava harmonisoiva vaikutus.<br \/>\nIhoon j\u00e4\u00e4 10 minuutin rituaalin j\u00e4lkeen suojaava sheavoin kerros, joten t\u00e4m\u00e4 rituaali on parasta j\u00e4tt\u00e4\u00e4 spavierailun loppuun.<\/p>\n<p><strong>Marokkolainen rituaali:<\/strong><br \/>\nSuola-h\u00f6yrysaunassa pidett\u00e4v\u00e4 rituaali sopii ihanteellisesti heti kylpyl\u00e4k\u00e4ynnin alkuun tai my\u00f6s keskelle. Rituaalin puhdistava vaikutus valmistelee kehon saunomiseen ja veden virkist\u00e4v\u00e4st\u00e4 vaikutuksesta nauttimiseen. Rituaalin alussa vieraat saavat levitt\u00e4\u00e4 iholleen marokkolaista mustaa saippuaa (savon beldi), jonka rakenne ja tuoksu on tuttu jokaiselle marokkolaisessa tai turkkilaisessa hamamissa k\u00e4yneelle matkailijalle. Rituaaliin kuuluu puhdistavan saippuan lis\u00e4ksi ruskeaa sokeria ja virolaista hunajaa sis\u00e4lt\u00e4v\u00e4 vartalonkuorinta-aine, joka poistaa iholta kuolleet ihosolut. Iho tulee narskuvan puhtaaksi ja hunajan ravitseva vaikutus kest\u00e4\u00e4 viel\u00e4 pitk\u00e4\u00e4n rituaalin j\u00e4lkeen.<\/p>\n<p><strong>Vihtomisrituaali<\/strong><br \/>\nVihtomisrituaali tarjoaa rauhallisen ja meditatiivisen saunael\u00e4myksen, jossa osallistujat voivat tutustua erilaisiin vihtoihin ja niiden ominaisuuksiin. Rituaali alkaa rauhallisesti ja vihtoja esitell\u00e4\u00e4n yksitellen \u2013 jokainen puu antaa tilaan oman ainutlaatuisen arominsa ja ominaisuutensa, luoden samalla erityisen yhteyden luontoon. Jokaisen uuden l\u00f6ylyn my\u00f6t\u00e4 sauna t\u00e4yttyy erilaisilla tuoksuilla ja l\u00e4mp\u00f6tila kasvaa v\u00e4hitellen. Rituaali huipentuu vihtomiseen, joka tuo esiin vihtojen voiman sek\u00e4 virkist\u00e4\u00e4 ja puhdistaa kehoa ja mielt\u00e4.<\/p>\n<p><strong>Kuuma ja kylm\u00e4 rituaali<\/strong><br \/>\nKuuma ja kylm\u00e4 rituaali tarjoaa virkist\u00e4v\u00e4n ja aisteja hivelev\u00e4n saunael\u00e4myksen, jossa kaksi saunamestaria luovat ainutlaatuisen kokemuksen l\u00e4mp\u00f6tilaa vaihtelemalla. Rituaali alkaa rauhallisesti. Saunamestarit esittelev\u00e4t kuuman ja kylm\u00e4n vuorottelun hy\u00f6tyj\u00e4 sek\u00e4 Kneippin teoriaa. Rituaali muuttuu sen j\u00e4lkeen intensiivisemm\u00e4ksi ja saunamestarit leikittelev\u00e4t taitavasti kuumalla ja kylm\u00e4ll\u00e4. Tila t\u00e4yttyy vaihtuvilla tuntemuksilla ja el\u00e4v\u00e4ll\u00e4 energialla. Rituaali huipentuu kovaan l\u00f6ylyyn, joka virkist\u00e4\u00e4 ja tasapainottaa kehoa ja j\u00e4tt\u00e4\u00e4 saunan ilmaan miellytt\u00e4v\u00e4n energialatauksen<\/p>\n<\/div>\n<div id=\"pgc-12305-0-0\" class=\"panel-grid-cell\">\n<div id=\"panel-12305-0-0-0\" class=\"so-panel widget widget_sow-editor panel-first-child panel-last-child\" data-index=\"0\">\n<div class=\"so-widget-sow-editor so-widget-sow-editor-base\">\n<p><strong>Maanantaista torstaihin:<br \/>\n<\/strong><strong>17:15 \u2013 <\/strong>Marokkolainen rituaali<strong><br \/>\n<\/strong><strong>18:00<\/strong>\u00a0<strong>\u2013<\/strong> L\u00f6ylysauna rituaali<br \/>\n<strong>19:00 \u2013<\/strong>Tuoksurituaali<br \/>\n<strong>20:00 \u2013<\/strong> Vihtomisrituaali<br \/>\n<strong>21:00 \u2013 <\/strong><em>Shea voita rituaali*<\/em><\/p>\n<p><strong>Perjantai ja lauantai:<br \/>\n<\/strong><strong>17:00 \u2013 <\/strong>Marokkolainen rituaali<strong><br \/>\n18:00\u2013<\/strong>L\u00f6ylysauna rituaali &amp; Tuoksurituaali<strong><br \/>\n19:00 \u2013<\/strong>Kuuma ja kylm\u00e4 rituaali<strong><br \/>\n20:00 \u2013<\/strong>Tuoksurituaali &amp; Vihtomisrituaali<strong><br \/>\n21:00 \u2013 <\/strong><em>Shea voita rituaali*<\/em><\/p>\n<p><strong>Sunnuntaina:<br \/>\n15:00 \u2013 <\/strong>Marokkolainen rituaali<strong><br \/>\n16:00 \u2013 <\/strong>L\u00f6ylysauna rituaali &amp; Tuoksurituaali<strong><br \/>\n17:00 \u2013 <\/strong>Kuuma ja kylm\u00e4 rituaali<strong><br \/>\n18:00 \u2013 <\/strong>Tuoksurituaali &amp; Vihtomisrituaali<strong><br \/>\n19:00 \u2013 <\/strong><em>Shea voita rituaali*<\/em><strong><br \/>\n<\/strong><\/p>\n<\/div>\n<p>*Shea-voirituaalit sopivat ihanteellisesti kylpyl\u00e4k\u00e4ynnin lopetukseksi<\/p>\n<\/div>\n<\/div>\n<\/div>\n<\/div>\n<\/div>\n<\/div>\n<\/div>\n<\/div>\n<\/div>\n<\/div>\n<\/div><\/div><\/div><div id=\"pgc-12379-0-1\"  class=\"panel-grid-cell\" ><div id=\"panel-12379-0-1-0\" class=\"so-panel widget widget_sow-image panel-first-child\" data-index=\"1\" ><div\n\t\t\t\n\t\t\tclass=\"so-widget-sow-image so-widget-sow-image-default-8b5b6f678277-12379\"\n\t\t\t\n\t\t>\n<div class=\"sow-image-container\">\n\t\t<img decoding=\"async\" src=\"https:\/\/vana.vspa.ee\/wp-content\/uploads\/2017\/05\/Spa-saunarituaalid_Web-_T_07719-Edit-2.jpg\" width=\"2048\" height=\"1365\" srcset=\"https:\/\/vana.vspa.ee\/wp-content\/uploads\/2017\/05\/Spa-saunarituaalid_Web-_T_07719-Edit-2.jpg 2048w, https:\/\/vana.vspa.ee\/wp-content\/uploads\/2017\/05\/Spa-saunarituaalid_Web-_T_07719-Edit-2-800x533.jpg 800w, https:\/\/vana.vspa.ee\/wp-content\/uploads\/2017\/05\/Spa-saunarituaalid_Web-_T_07719-Edit-2-300x200.jpg 300w, https:\/\/vana.vspa.ee\/wp-content\/uploads\/2017\/05\/Spa-saunarituaalid_Web-_T_07719-Edit-2-768x512.jpg 768w, https:\/\/vana.vspa.ee\/wp-content\/uploads\/2017\/05\/Spa-saunarituaalid_Web-_T_07719-Edit-2-1024x683.jpg 1024w, https:\/\/vana.vspa.ee\/wp-content\/uploads\/2017\/05\/Spa-saunarituaalid_Web-_T_07719-Edit-2-176x117.jpg 176w, https:\/\/vana.vspa.ee\/wp-content\/uploads\/2017\/05\/Spa-saunarituaalid_Web-_T_07719-Edit-2-272x182.jpg 272w\" sizes=\"(max-width: 2048px) 100vw, 2048px\" title=\"Spa saunarituaalid_Web-_T_07719-Edit-2\" alt=\"\" \t\tclass=\"so-widget-image\"\/>\n\t<\/div>\n\n<\/div><\/div><div id=\"panel-12379-0-1-1\" class=\"so-panel widget widget_sow-image\" data-index=\"2\" ><div\n\t\t\t\n\t\t\tclass=\"so-widget-sow-image so-widget-sow-image-default-8b5b6f678277-12379\"\n\t\t\t\n\t\t>\n<div class=\"sow-image-container\">\n\t\t<img decoding=\"async\" src=\"https:\/\/vana.vspa.ee\/wp-content\/uploads\/2016\/11\/Spa-keskus-modellidega_Web-_T_00622-Edit-2.jpg\" width=\"2048\" height=\"1365\" srcset=\"https:\/\/vana.vspa.ee\/wp-content\/uploads\/2016\/11\/Spa-keskus-modellidega_Web-_T_00622-Edit-2.jpg 2048w, https:\/\/vana.vspa.ee\/wp-content\/uploads\/2016\/11\/Spa-keskus-modellidega_Web-_T_00622-Edit-2-800x533.jpg 800w, https:\/\/vana.vspa.ee\/wp-content\/uploads\/2016\/11\/Spa-keskus-modellidega_Web-_T_00622-Edit-2-300x200.jpg 300w, https:\/\/vana.vspa.ee\/wp-content\/uploads\/2016\/11\/Spa-keskus-modellidega_Web-_T_00622-Edit-2-768x512.jpg 768w, https:\/\/vana.vspa.ee\/wp-content\/uploads\/2016\/11\/Spa-keskus-modellidega_Web-_T_00622-Edit-2-1024x683.jpg 1024w, https:\/\/vana.vspa.ee\/wp-content\/uploads\/2016\/11\/Spa-keskus-modellidega_Web-_T_00622-Edit-2-176x117.jpg 176w, https:\/\/vana.vspa.ee\/wp-content\/uploads\/2016\/11\/Spa-keskus-modellidega_Web-_T_00622-Edit-2-180x120.jpg 180w, https:\/\/vana.vspa.ee\/wp-content\/uploads\/2016\/11\/Spa-keskus-modellidega_Web-_T_00622-Edit-2-272x182.jpg 272w\" sizes=\"(max-width: 2048px) 100vw, 2048px\" title=\"Spa keskus modellidega_Web-_T_00622-Edit-2\" alt=\"\" \t\tclass=\"so-widget-image\"\/>\n\t<\/div>\n\n<\/div><\/div><div id=\"panel-12379-0-1-2\" class=\"so-panel widget widget_sow-image panel-last-child\" data-index=\"3\" ><div\n\t\t\t\n\t\t\tclass=\"so-widget-sow-image so-widget-sow-image-default-8b5b6f678277-12379\"\n\t\t\t\n\t\t>\n<div class=\"sow-image-container\">\n\t\t<img decoding=\"async\" src=\"https:\/\/vana.vspa.ee\/wp-content\/uploads\/2018\/06\/Vene-banja-rituaal_Web-_T_03696-Edit.jpg\" width=\"2048\" height=\"1365\" srcset=\"https:\/\/vana.vspa.ee\/wp-content\/uploads\/2018\/06\/Vene-banja-rituaal_Web-_T_03696-Edit.jpg 2048w, https:\/\/vana.vspa.ee\/wp-content\/uploads\/2018\/06\/Vene-banja-rituaal_Web-_T_03696-Edit-800x533.jpg 800w, https:\/\/vana.vspa.ee\/wp-content\/uploads\/2018\/06\/Vene-banja-rituaal_Web-_T_03696-Edit-300x200.jpg 300w, https:\/\/vana.vspa.ee\/wp-content\/uploads\/2018\/06\/Vene-banja-rituaal_Web-_T_03696-Edit-768x512.jpg 768w, https:\/\/vana.vspa.ee\/wp-content\/uploads\/2018\/06\/Vene-banja-rituaal_Web-_T_03696-Edit-1024x683.jpg 1024w, https:\/\/vana.vspa.ee\/wp-content\/uploads\/2018\/06\/Vene-banja-rituaal_Web-_T_03696-Edit-176x117.jpg 176w, https:\/\/vana.vspa.ee\/wp-content\/uploads\/2018\/06\/Vene-banja-rituaal_Web-_T_03696-Edit-180x120.jpg 180w, https:\/\/vana.vspa.ee\/wp-content\/uploads\/2018\/06\/Vene-banja-rituaal_Web-_T_03696-Edit-272x182.jpg 272w\" sizes=\"(max-width: 2048px) 100vw, 2048px\" title=\"Vene banja rituaal_Web-_T_03696-Edit\" alt=\"\" \t\tclass=\"so-widget-image\"\/>\n\t<\/div>\n\n<\/div><\/div><\/div><\/div><\/div>","protected":false},"excerpt":{"rendered":"<p>Saunarituaalit l\u00f6ylysaunassa, suola-h\u00f6yrysaunassa\u00a0ja ven\u00e4l\u00e4isess\u00e4 banja-saunassa V Span saunarituaalit tarjoavat mahdollisuuden rentoutua ja kokea saunakulttuuria ennen\u00e4kem\u00e4tt\u00f6m\u00e4ll\u00e4 tavalla. L\u00f6ylysaunarituaali: 10-minuuttisen saunarituaalin aikana&#8230;<\/p>\n","protected":false},"author":1,"featured_media":0,"parent":1947,"menu_order":0,"comment_status":"closed","ping_status":"closed","template":"","meta":{"_acf_changed":false,"_monsterinsights_skip_tracking":false,"_monsterinsights_sitenote_active":false,"_monsterinsights_sitenote_note":"","_monsterinsights_sitenote_category":0,"footnotes":"","_links_to":"","_links_to_target":""},"class_list":["post-12379","page","type-page","status-publish","hentry"],"acf":[],"yoast_head":"<!-- This site is optimized with the Yoast SEO plugin v24.7 - https:\/\/yoast.com\/wordpress\/plugins\/seo\/ -->\n<title>Saunarituaalit - V Spa<\/title>\n<meta name=\"robots\" content=\"noindex, follow, max-snippet:-1, max-image-preview:large, max-video-preview:-1\" \/>\n<meta property=\"og:locale\" content=\"fi_FI\" \/>\n<meta property=\"og:type\" content=\"article\" \/>\n<meta property=\"og:title\" content=\"Saunarituaalit - V Spa\" \/>\n<meta property=\"og:description\" content=\"Saunarituaalit l\u00f6ylysaunassa, suola-h\u00f6yrysaunassa\u00a0ja ven\u00e4l\u00e4isess\u00e4 banja-saunassa V Span saunarituaalit tarjoavat mahdollisuuden rentoutua ja kokea saunakulttuuria ennen\u00e4kem\u00e4tt\u00f6m\u00e4ll\u00e4 tavalla. L\u00f6ylysaunarituaali: 10-minuuttisen saunarituaalin aikana...\" \/>\n<meta property=\"og:url\" content=\"https:\/\/vana.vspa.ee\/vee-ja-saunamaailm\/saunarituaalid\/\" \/>\n<meta property=\"og:site_name\" content=\"V Spa\" \/>\n<meta property=\"article:modified_time\" content=\"2024-11-12T10:00:50+00:00\" \/>\n<meta name=\"twitter:card\" content=\"summary_large_image\" \/>\n<meta name=\"twitter:label1\" content=\"Arvioitu lukuaika\" \/>\n\t<meta name=\"twitter:data1\" content=\"3 minuuttia\" \/>\n<script type=\"application\/ld+json\" class=\"yoast-schema-graph\">{\"@context\":\"https:\/\/schema.org\",\"@graph\":[{\"@type\":\"WebPage\",\"@id\":\"https:\/\/vana.vspa.ee\/vee-ja-saunamaailm\/saunarituaalid\/\",\"url\":\"https:\/\/vana.vspa.ee\/vee-ja-saunamaailm\/saunarituaalid\/\",\"name\":\"Saunarituaalit - V Spa\",\"isPartOf\":{\"@id\":\"https:\/\/vana.vspa.ee\/#website\"},\"datePublished\":\"2018-06-13T16:05:43+00:00\",\"dateModified\":\"2024-11-12T10:00:50+00:00\",\"breadcrumb\":{\"@id\":\"https:\/\/vana.vspa.ee\/vee-ja-saunamaailm\/saunarituaalid\/#breadcrumb\"},\"inLanguage\":\"fi\",\"potentialAction\":[{\"@type\":\"ReadAction\",\"target\":[\"https:\/\/vana.vspa.ee\/vee-ja-saunamaailm\/saunarituaalid\/\"]}]},{\"@type\":\"BreadcrumbList\",\"@id\":\"https:\/\/vana.vspa.ee\/vee-ja-saunamaailm\/saunarituaalid\/#breadcrumb\",\"itemListElement\":[{\"@type\":\"ListItem\",\"position\":1,\"name\":\"Home\",\"item\":\"https:\/\/vana.vspa.ee\/fi\/\"},{\"@type\":\"ListItem\",\"position\":2,\"name\":\"Vesi- ja saunamaailma\",\"item\":\"https:\/\/vana.vspa.ee\/vee-ja-saunamaailm\/\"},{\"@type\":\"ListItem\",\"position\":3,\"name\":\"Saunarituaalit\"}]},{\"@type\":\"WebSite\",\"@id\":\"https:\/\/vana.vspa.ee\/#website\",\"url\":\"https:\/\/vana.vspa.ee\/\",\"name\":\"V Spa\",\"description\":\"V\u00f5ta veest viimast!\",\"potentialAction\":[{\"@type\":\"SearchAction\",\"target\":{\"@type\":\"EntryPoint\",\"urlTemplate\":\"https:\/\/vana.vspa.ee\/?s={search_term_string}\"},\"query-input\":{\"@type\":\"PropertyValueSpecification\",\"valueRequired\":true,\"valueName\":\"search_term_string\"}}],\"inLanguage\":\"fi\"}]}<\/script>\n<!-- \/ Yoast SEO plugin. -->","yoast_head_json":{"title":"Saunarituaalit - V Spa","robots":{"index":"noindex","follow":"follow","max-snippet":"max-snippet:-1","max-image-preview":"max-image-preview:large","max-video-preview":"max-video-preview:-1"},"og_locale":"fi_FI","og_type":"article","og_title":"Saunarituaalit - V Spa","og_description":"Saunarituaalit l\u00f6ylysaunassa, suola-h\u00f6yrysaunassa\u00a0ja ven\u00e4l\u00e4isess\u00e4 banja-saunassa V Span saunarituaalit tarjoavat mahdollisuuden rentoutua ja kokea saunakulttuuria ennen\u00e4kem\u00e4tt\u00f6m\u00e4ll\u00e4 tavalla. L\u00f6ylysaunarituaali: 10-minuuttisen saunarituaalin aikana...","og_url":"https:\/\/vana.vspa.ee\/vee-ja-saunamaailm\/saunarituaalid\/","og_site_name":"V Spa","article_modified_time":"2024-11-12T10:00:50+00:00","twitter_card":"summary_large_image","twitter_misc":{"Arvioitu lukuaika":"3 minuuttia"},"schema":{"@context":"https:\/\/schema.org","@graph":[{"@type":"WebPage","@id":"https:\/\/vana.vspa.ee\/vee-ja-saunamaailm\/saunarituaalid\/","url":"https:\/\/vana.vspa.ee\/vee-ja-saunamaailm\/saunarituaalid\/","name":"Saunarituaalit - V Spa","isPartOf":{"@id":"https:\/\/vana.vspa.ee\/#website"},"datePublished":"2018-06-13T16:05:43+00:00","dateModified":"2024-11-12T10:00:50+00:00","breadcrumb":{"@id":"https:\/\/vana.vspa.ee\/vee-ja-saunamaailm\/saunarituaalid\/#breadcrumb"},"inLanguage":"fi","potentialAction":[{"@type":"ReadAction","target":["https:\/\/vana.vspa.ee\/vee-ja-saunamaailm\/saunarituaalid\/"]}]},{"@type":"BreadcrumbList","@id":"https:\/\/vana.vspa.ee\/vee-ja-saunamaailm\/saunarituaalid\/#breadcrumb","itemListElement":[{"@type":"ListItem","position":1,"name":"Home","item":"https:\/\/vana.vspa.ee\/fi\/"},{"@type":"ListItem","position":2,"name":"Vesi- ja saunamaailma","item":"https:\/\/vana.vspa.ee\/vee-ja-saunamaailm\/"},{"@type":"ListItem","position":3,"name":"Saunarituaalit"}]},{"@type":"WebSite","@id":"https:\/\/vana.vspa.ee\/#website","url":"https:\/\/vana.vspa.ee\/","name":"V Spa","description":"V\u00f5ta veest viimast!","potentialAction":[{"@type":"SearchAction","target":{"@type":"EntryPoint","urlTemplate":"https:\/\/vana.vspa.ee\/?s={search_term_string}"},"query-input":{"@type":"PropertyValueSpecification","valueRequired":true,"valueName":"search_term_string"}}],"inLanguage":"fi"}]}},"_links":{"self":[{"href":"https:\/\/vana.vspa.ee\/fi\/wp-json\/wp\/v2\/pages\/12379","targetHints":{"allow":["GET"]}}],"collection":[{"href":"https:\/\/vana.vspa.ee\/fi\/wp-json\/wp\/v2\/pages"}],"about":[{"href":"https:\/\/vana.vspa.ee\/fi\/wp-json\/wp\/v2\/types\/page"}],"author":[{"embeddable":true,"href":"https:\/\/vana.vspa.ee\/fi\/wp-json\/wp\/v2\/users\/1"}],"replies":[{"embeddable":true,"href":"https:\/\/vana.vspa.ee\/fi\/wp-json\/wp\/v2\/comments?post=12379"}],"version-history":[{"count":38,"href":"https:\/\/vana.vspa.ee\/fi\/wp-json\/wp\/v2\/pages\/12379\/revisions"}],"predecessor-version":[{"id":46915,"href":"https:\/\/vana.vspa.ee\/fi\/wp-json\/wp\/v2\/pages\/12379\/revisions\/46915"}],"up":[{"embeddable":true,"href":"https:\/\/vana.vspa.ee\/fi\/wp-json\/wp\/v2\/pages\/1947"}],"wp:attachment":[{"href":"https:\/\/vana.vspa.ee\/fi\/wp-json\/wp\/v2\/media?parent=12379"}],"curies":[{"name":"wp","href":"https:\/\/api.w.org\/{rel}","templated":true}]}}