{"id":13116,"date":"2018-06-19T16:12:52","date_gmt":"2018-06-19T13:12:52","guid":{"rendered":"https:\/\/vspa.ee\/hoidot\/gel-fx-geellakiga-jalahoolitsus\/"},"modified":"2023-12-04T10:31:57","modified_gmt":"2023-12-04T08:31:57","slug":"gel-fx-geellakiga-jalahoolitsus","status":"publish","type":"page","link":"https:\/\/vana.vspa.ee\/fi\/hoidot\/gel-fx-geellakiga-jalahoolitsus\/","title":{"rendered":"Gel FX -jalkahoito Gel FX geelilakkauksella"},"content":{"rendered":"<p>Hoitava, kauniin ja kest\u00e4v\u00e4n lopputuloksen antava kynsihoito. Hoito alkaa kevyell\u00e4 pedikyyrill\u00e4, jonka j\u00e4lkeen kynsiin levitet\u00e4\u00e4n geelilakka. Hoidossa k\u00e4ytet\u00e4\u00e4n vitamiineilla rikastettua aluslakkaa, joka luo kynsiin suojaavan kerroksen varsinaisen lakkakerroksen alle ja helpottaa my\u00f6hemmin lakkakerroksen poistamista. Asiakas valitsee mieluisan v\u00e4ris\u00e4vyn ja maalatut kynnet suojataan lopulta p\u00e4\u00e4llyslakalla, joka luo kauniin kiilt\u00e4v\u00e4n lopputuloksen. Kynsivalleille levitet\u00e4\u00e4n hoidon loppuvaiheessa erityist\u00e4 Gel FX kynsi\u00f6ljy\u00e4, joka antaa kauniin kiillon. GEL FX on terveellinen kynsille ja pysyy kauniina jopa kolme viikkoa!<\/p>\n","protected":false},"excerpt":{"rendered":"<p>Hoitava, kauniin ja kest\u00e4v\u00e4n lopputuloksen antava kynsihoito. Hoito alkaa kevyell\u00e4 pedikyyrill\u00e4, jonka j\u00e4lkeen kynsiin levitet\u00e4\u00e4n geelilakka. Hoidossa k\u00e4ytet\u00e4\u00e4n vitamiineilla rikastettua&#8230;<\/p>\n","protected":false},"author":1,"featured_media":0,"parent":1969,"menu_order":2,"comment_status":"closed","ping_status":"closed","template":"page-templates\/tpl-offer1.php","meta":{"_acf_changed":false,"_monsterinsights_skip_tracking":false,"_monsterinsights_sitenote_active":false,"_monsterinsights_sitenote_note":"","_monsterinsights_sitenote_category":0,"footnotes":"","_links_to":"","_links_to_target":""},"class_list":["post-13116","page","type-page","status-publish","hentry"],"acf":[],"yoast_head":"<!-- This site is optimized with the Yoast SEO plugin v24.7 - https:\/\/yoast.com\/wordpress\/plugins\/seo\/ -->\n<title>Gel FX -jalkahoito Gel FX geelilakkauksella - V Spa<\/title>\n<meta name=\"robots\" content=\"noindex, follow, max-snippet:-1, max-image-preview:large, max-video-preview:-1\" \/>\n<meta property=\"og:locale\" content=\"fi_FI\" \/>\n<meta property=\"og:type\" content=\"article\" \/>\n<meta property=\"og:title\" content=\"Gel FX -jalkahoito Gel FX geelilakkauksella - V Spa\" \/>\n<meta property=\"og:description\" content=\"Hoitava, kauniin ja kest\u00e4v\u00e4n lopputuloksen antava kynsihoito. Hoito alkaa kevyell\u00e4 pedikyyrill\u00e4, jonka j\u00e4lkeen kynsiin levitet\u00e4\u00e4n geelilakka. Hoidossa k\u00e4ytet\u00e4\u00e4n vitamiineilla rikastettua...\" \/>\n<meta property=\"og:url\" content=\"https:\/\/vana.vspa.ee\/hoolitsused\/gel-fx-geellakiga-jalahoolitsus\/\" \/>\n<meta property=\"og:site_name\" content=\"V Spa\" \/>\n<meta property=\"article:modified_time\" content=\"2023-12-04T08:31:57+00:00\" \/>\n<meta name=\"twitter:card\" content=\"summary_large_image\" \/>\n<meta name=\"twitter:label1\" content=\"Arvioitu lukuaika\" \/>\n\t<meta name=\"twitter:data1\" content=\"1 minuutti\" \/>\n<script type=\"application\/ld+json\" class=\"yoast-schema-graph\">{\"@context\":\"https:\/\/schema.org\",\"@graph\":[{\"@type\":\"WebPage\",\"@id\":\"https:\/\/vana.vspa.ee\/hoolitsused\/gel-fx-geellakiga-jalahoolitsus\/\",\"url\":\"https:\/\/vana.vspa.ee\/hoolitsused\/gel-fx-geellakiga-jalahoolitsus\/\",\"name\":\"Gel FX -jalkahoito Gel FX geelilakkauksella - V Spa\",\"isPartOf\":{\"@id\":\"https:\/\/vana.vspa.ee\/#website\"},\"datePublished\":\"2018-06-19T13:12:52+00:00\",\"dateModified\":\"2023-12-04T08:31:57+00:00\",\"breadcrumb\":{\"@id\":\"https:\/\/vana.vspa.ee\/hoolitsused\/gel-fx-geellakiga-jalahoolitsus\/#breadcrumb\"},\"inLanguage\":\"fi\",\"potentialAction\":[{\"@type\":\"ReadAction\",\"target\":[\"https:\/\/vana.vspa.ee\/hoolitsused\/gel-fx-geellakiga-jalahoolitsus\/\"]}]},{\"@type\":\"BreadcrumbList\",\"@id\":\"https:\/\/vana.vspa.ee\/hoolitsused\/gel-fx-geellakiga-jalahoolitsus\/#breadcrumb\",\"itemListElement\":[{\"@type\":\"ListItem\",\"position\":1,\"name\":\"Home\",\"item\":\"https:\/\/vana.vspa.ee\/fi\/\"},{\"@type\":\"ListItem\",\"position\":2,\"name\":\"Hoidot\",\"item\":\"https:\/\/vana.vspa.ee\/hoolitsused\/\"},{\"@type\":\"ListItem\",\"position\":3,\"name\":\"Gel FX -jalkahoito Gel FX geelilakkauksella\"}]},{\"@type\":\"WebSite\",\"@id\":\"https:\/\/vana.vspa.ee\/#website\",\"url\":\"https:\/\/vana.vspa.ee\/\",\"name\":\"V Spa\",\"description\":\"V\u00f5ta veest viimast!\",\"potentialAction\":[{\"@type\":\"SearchAction\",\"target\":{\"@type\":\"EntryPoint\",\"urlTemplate\":\"https:\/\/vana.vspa.ee\/?s={search_term_string}\"},\"query-input\":{\"@type\":\"PropertyValueSpecification\",\"valueRequired\":true,\"valueName\":\"search_term_string\"}}],\"inLanguage\":\"fi\"}]}<\/script>\n<!-- \/ Yoast SEO plugin. -->","yoast_head_json":{"title":"Gel FX -jalkahoito Gel FX geelilakkauksella - V Spa","robots":{"index":"noindex","follow":"follow","max-snippet":"max-snippet:-1","max-image-preview":"max-image-preview:large","max-video-preview":"max-video-preview:-1"},"og_locale":"fi_FI","og_type":"article","og_title":"Gel FX -jalkahoito Gel FX geelilakkauksella - V Spa","og_description":"Hoitava, kauniin ja kest\u00e4v\u00e4n lopputuloksen antava kynsihoito. Hoito alkaa kevyell\u00e4 pedikyyrill\u00e4, jonka j\u00e4lkeen kynsiin levitet\u00e4\u00e4n geelilakka. Hoidossa k\u00e4ytet\u00e4\u00e4n vitamiineilla rikastettua...","og_url":"https:\/\/vana.vspa.ee\/hoolitsused\/gel-fx-geellakiga-jalahoolitsus\/","og_site_name":"V Spa","article_modified_time":"2023-12-04T08:31:57+00:00","twitter_card":"summary_large_image","twitter_misc":{"Arvioitu lukuaika":"1 minuutti"},"schema":{"@context":"https:\/\/schema.org","@graph":[{"@type":"WebPage","@id":"https:\/\/vana.vspa.ee\/hoolitsused\/gel-fx-geellakiga-jalahoolitsus\/","url":"https:\/\/vana.vspa.ee\/hoolitsused\/gel-fx-geellakiga-jalahoolitsus\/","name":"Gel FX -jalkahoito Gel FX geelilakkauksella - V Spa","isPartOf":{"@id":"https:\/\/vana.vspa.ee\/#website"},"datePublished":"2018-06-19T13:12:52+00:00","dateModified":"2023-12-04T08:31:57+00:00","breadcrumb":{"@id":"https:\/\/vana.vspa.ee\/hoolitsused\/gel-fx-geellakiga-jalahoolitsus\/#breadcrumb"},"inLanguage":"fi","potentialAction":[{"@type":"ReadAction","target":["https:\/\/vana.vspa.ee\/hoolitsused\/gel-fx-geellakiga-jalahoolitsus\/"]}]},{"@type":"BreadcrumbList","@id":"https:\/\/vana.vspa.ee\/hoolitsused\/gel-fx-geellakiga-jalahoolitsus\/#breadcrumb","itemListElement":[{"@type":"ListItem","position":1,"name":"Home","item":"https:\/\/vana.vspa.ee\/fi\/"},{"@type":"ListItem","position":2,"name":"Hoidot","item":"https:\/\/vana.vspa.ee\/hoolitsused\/"},{"@type":"ListItem","position":3,"name":"Gel FX -jalkahoito Gel FX geelilakkauksella"}]},{"@type":"WebSite","@id":"https:\/\/vana.vspa.ee\/#website","url":"https:\/\/vana.vspa.ee\/","name":"V Spa","description":"V\u00f5ta veest viimast!","potentialAction":[{"@type":"SearchAction","target":{"@type":"EntryPoint","urlTemplate":"https:\/\/vana.vspa.ee\/?s={search_term_string}"},"query-input":{"@type":"PropertyValueSpecification","valueRequired":true,"valueName":"search_term_string"}}],"inLanguage":"fi"}]}},"_links":{"self":[{"href":"https:\/\/vana.vspa.ee\/fi\/wp-json\/wp\/v2\/pages\/13116","targetHints":{"allow":["GET"]}}],"collection":[{"href":"https:\/\/vana.vspa.ee\/fi\/wp-json\/wp\/v2\/pages"}],"about":[{"href":"https:\/\/vana.vspa.ee\/fi\/wp-json\/wp\/v2\/types\/page"}],"author":[{"embeddable":true,"href":"https:\/\/vana.vspa.ee\/fi\/wp-json\/wp\/v2\/users\/1"}],"replies":[{"embeddable":true,"href":"https:\/\/vana.vspa.ee\/fi\/wp-json\/wp\/v2\/comments?post=13116"}],"version-history":[{"count":4,"href":"https:\/\/vana.vspa.ee\/fi\/wp-json\/wp\/v2\/pages\/13116\/revisions"}],"predecessor-version":[{"id":41908,"href":"https:\/\/vana.vspa.ee\/fi\/wp-json\/wp\/v2\/pages\/13116\/revisions\/41908"}],"up":[{"embeddable":true,"href":"https:\/\/vana.vspa.ee\/fi\/wp-json\/wp\/v2\/pages\/1969"}],"wp:attachment":[{"href":"https:\/\/vana.vspa.ee\/fi\/wp-json\/wp\/v2\/media?parent=13116"}],"curies":[{"name":"wp","href":"https:\/\/api.w.org\/{rel}","templated":true}]}}