{"id":1680,"date":"2016-11-09T10:04:15","date_gmt":"2016-11-09T08:04:15","guid":{"rendered":"http:\/\/vspa.ee\/soolamaailm\/"},"modified":"2020-04-23T10:46:49","modified_gmt":"2020-04-23T07:46:49","slug":"suolamaailma","status":"publish","type":"page","link":"https:\/\/vana.vspa.ee\/fi\/vesi-ja-saunamaailma\/suolamaailma\/","title":{"rendered":"Suolamaailma"},"content":{"rendered":"<div id=\"pl-1680\"  class=\"panel-layout\" ><div id=\"pg-1680-0\"  class=\"panel-grid panel-no-style\" ><div id=\"pgc-1680-0-0\"  class=\"panel-grid-cell\" ><div id=\"panel-1680-0-0-0\" class=\"so-panel widget widget_sow-editor panel-first-child panel-last-child\" data-index=\"0\" ><div\n\t\t\t\n\t\t\tclass=\"so-widget-sow-editor so-widget-sow-editor-base\"\n\t\t\t\n\t\t>\n<div class=\"siteorigin-widget-tinymce textwidget\">\n\t<h4><span style=\"color: #000000;\">Suola voi tehd\u00e4 ihmeit\u00e4! Parantaa maustamattomaan ruuan, kehon ja sielun. V Span suolamaailmassa saa rentouttaa ja virkist\u00e4\u00e4 terveyst\u00e4 kahellaisella saunalla. <\/span><\/h4>\n<\/div>\n<\/div><\/div><\/div><div id=\"pgc-1680-0-1\"  class=\"panel-grid-cell\" ><\/div><\/div><div id=\"pg-1680-1\"  class=\"panel-grid panel-has-style\" ><div class=\"panel-row-style panel-row-style-for-1680-1\" ><div id=\"pgc-1680-1-0\"  class=\"panel-grid-cell\" ><div id=\"panel-1680-1-0-0\" class=\"so-panel widget widget_sow-editor panel-first-child panel-last-child\" data-index=\"2\" ><div\n\t\t\t\n\t\t\tclass=\"so-widget-sow-editor so-widget-sow-editor-base\"\n\t\t\t\n\t\t>\n<div class=\"siteorigin-widget-tinymce textwidget\">\n\t<h5>Suolakivi-sauna (l\u00e4mp\u00f6tila 60 astetta)<\/h5>\n<p>T\u00e4m\u00e4 sauna on erityisen hy\u00f6dyllinen niille, joilla on ongelmia hengitysteiden, allergioiden tai astman kanssa. Saunassa on matala l\u00e4mp\u00f6tila ja ilmankosteus ja seinill\u00e4 on luonnollista suolakive\u00e4. Kehosi puhdistuu ja iho saa hengitt\u00e4\u00e4 paremmin. Rentoutuminen ja kireyden lievitt\u00e4minen ei voisi olla ihanampaa.<\/p>\n<\/div>\n<\/div><\/div><\/div><div id=\"pgc-1680-1-1\"  class=\"panel-grid-cell\" ><div id=\"panel-1680-1-1-0\" class=\"so-panel widget widget_sow-editor panel-first-child panel-last-child\" data-index=\"3\" ><div\n\t\t\t\n\t\t\tclass=\"so-widget-sow-editor so-widget-sow-editor-base\"\n\t\t\t\n\t\t>\n<div class=\"siteorigin-widget-tinymce textwidget\">\n\t<h5>Suola-h\u00f6yrysauna (l\u00e4mp\u00f6tila 40-44 astetta)<\/h5>\n<p>Tied\u00e4mme, ett\u00e4 alhaisempi l\u00e4mp\u00f6tila, suola ja h\u00f6yry on ihanteellinen kolminaisuus. Sen vuoksi sauna, jossa on 100% ilmankosteus on jaoksesi juuri se oikea. \u00a0Hiero kehoosi hierovilla liikutuksilla merisuolaa ja j\u00e4t\u00e4 iholle 5-10 minuutiksi. Suihkun j\u00e4lkeen tunnet, kuinka iho on pehme\u00e4mpi, sile\u00e4mpi, elinvoimaisempi ja hohtavampi. Suolainen ilma vaikuttaa my\u00f6s hengitysteihin parantavasti.<\/p>\n<\/div>\n<\/div><\/div><\/div><\/div><\/div><div id=\"pg-1680-2\"  class=\"panel-grid panel-has-style\" ><div class=\"panel-row-style panel-row-style-for-1680-2\" ><div id=\"pgc-1680-2-0\"  class=\"panel-grid-cell\" ><div id=\"panel-1680-2-0-0\" class=\"so-panel widget widget_sow-editor panel-first-child panel-last-child\" data-index=\"4\" ><div\n\t\t\t\n\t\t\tclass=\"so-widget-sow-editor so-widget-sow-editor-base\"\n\t\t\t\n\t\t>\n<div class=\"siteorigin-widget-tinymce textwidget\">\n\t<h5>Jalkakylpy Kuolleenmeren suolalla<\/h5>\n<p>Ennen saunaan menoa on hyv\u00e4 pit\u00e4\u00e4 jalkoja l\u00e4mpim\u00e4ss\u00e4 vedess\u00e4, jotta keho valmistuisi seuraavaan saunassa k\u00e4yntiin. V Span suolamaailmassa voit rentoutua l\u00e4mpimill\u00e4 penkeill\u00e4, kuunnella meren kohinaa ja virkist\u00e4\u00e4 jalkoja Kuolleenmeren suolaa sis\u00e4lt\u00e4v\u00e4ss\u00e4 jalkakylvyss\u00e4.<\/p>\n<\/div>\n<\/div><\/div><\/div><div id=\"pgc-1680-2-1\"  class=\"panel-grid-cell\" ><div id=\"panel-1680-2-1-0\" class=\"so-panel widget widget_sow-editor panel-first-child panel-last-child\" data-index=\"5\" ><div\n\t\t\t\n\t\t\tclass=\"so-widget-sow-editor so-widget-sow-editor-base\"\n\t\t\t\n\t\t>\n<div class=\"siteorigin-widget-tinymce textwidget\">\n\t<h5>Kuolleenmeren allas<\/h5>\n<p>Kyll\u00e4, voit siirt\u00e4\u00e4 unelman Kuolleen meren rannalla lomailemista kauas tulevaisuuteen. Nauti l\u00f6ylyjen v\u00e4liss\u00e4 saunamaailman <strong>suolavesialtaassa<\/strong> ainutlaatuista mahdollisuutta veden pinnalla kellumiseen ja t\u00e4ydelliseen rentoutumiseen. Suolavesiallas on hyv\u00e4 aineenvaihdunnalle nuorentaa ihoa, lievitt\u00e4\u00e4 nivel- ja lihastulehduksia, kiihdytt\u00e4\u00e4 verenkiertoa ja auttaa poistamaan stressi\u00e4, univaikeuksia ja ahdistusta.<\/p>\n<\/div>\n<\/div><\/div><\/div><\/div><\/div><\/div>","protected":false},"excerpt":{"rendered":"<p>Suola voi tehd\u00e4 ihmeit\u00e4! Parantaa maustamattomaan ruuan, kehon ja sielun. V Span suolamaailmassa saa rentouttaa ja virkist\u00e4\u00e4 terveyst\u00e4 kahellaisella saunalla.<\/p>\n","protected":false},"author":1,"featured_media":0,"parent":1947,"menu_order":20,"comment_status":"closed","ping_status":"closed","template":"","meta":{"_acf_changed":false,"_monsterinsights_skip_tracking":false,"_monsterinsights_sitenote_active":false,"_monsterinsights_sitenote_note":"","_monsterinsights_sitenote_category":0,"footnotes":"","_links_to":"","_links_to_target":""},"class_list":["post-1680","page","type-page","status-publish","hentry"],"acf":[],"yoast_head":"<!-- This site is optimized with the Yoast SEO plugin v24.7 - https:\/\/yoast.com\/wordpress\/plugins\/seo\/ -->\n<title>Suolamaailma - V Spa<\/title>\n<meta name=\"robots\" content=\"noindex, follow, max-snippet:-1, max-image-preview:large, max-video-preview:-1\" \/>\n<meta property=\"og:locale\" content=\"fi_FI\" \/>\n<meta property=\"og:type\" content=\"article\" \/>\n<meta property=\"og:title\" content=\"Suolamaailma - V Spa\" \/>\n<meta property=\"og:description\" content=\"Suola voi tehd\u00e4 ihmeit\u00e4! Parantaa maustamattomaan ruuan, kehon ja sielun. V Span suolamaailmassa saa rentouttaa ja virkist\u00e4\u00e4 terveyst\u00e4 kahellaisella saunalla.\" \/>\n<meta property=\"og:url\" content=\"https:\/\/vana.vspa.ee\/vee-ja-saunamaailm\/soolamaailm\/\" \/>\n<meta property=\"og:site_name\" content=\"V Spa\" \/>\n<meta property=\"article:modified_time\" content=\"2020-04-23T07:46:49+00:00\" \/>\n<meta name=\"twitter:card\" content=\"summary_large_image\" \/>\n<meta name=\"twitter:label1\" content=\"Arvioitu lukuaika\" \/>\n\t<meta name=\"twitter:data1\" content=\"1 minuutti\" \/>\n<script type=\"application\/ld+json\" class=\"yoast-schema-graph\">{\"@context\":\"https:\/\/schema.org\",\"@graph\":[{\"@type\":\"WebPage\",\"@id\":\"https:\/\/vana.vspa.ee\/vee-ja-saunamaailm\/soolamaailm\/\",\"url\":\"https:\/\/vana.vspa.ee\/vee-ja-saunamaailm\/soolamaailm\/\",\"name\":\"Suolamaailma - V Spa\",\"isPartOf\":{\"@id\":\"https:\/\/vana.vspa.ee\/#website\"},\"datePublished\":\"2016-11-09T08:04:15+00:00\",\"dateModified\":\"2020-04-23T07:46:49+00:00\",\"breadcrumb\":{\"@id\":\"https:\/\/vana.vspa.ee\/vee-ja-saunamaailm\/soolamaailm\/#breadcrumb\"},\"inLanguage\":\"fi\",\"potentialAction\":[{\"@type\":\"ReadAction\",\"target\":[\"https:\/\/vana.vspa.ee\/vee-ja-saunamaailm\/soolamaailm\/\"]}]},{\"@type\":\"BreadcrumbList\",\"@id\":\"https:\/\/vana.vspa.ee\/vee-ja-saunamaailm\/soolamaailm\/#breadcrumb\",\"itemListElement\":[{\"@type\":\"ListItem\",\"position\":1,\"name\":\"Home\",\"item\":\"https:\/\/vana.vspa.ee\/fi\/\"},{\"@type\":\"ListItem\",\"position\":2,\"name\":\"Vesi- ja saunamaailma\",\"item\":\"https:\/\/vana.vspa.ee\/vee-ja-saunamaailm\/\"},{\"@type\":\"ListItem\",\"position\":3,\"name\":\"Suolamaailma\"}]},{\"@type\":\"WebSite\",\"@id\":\"https:\/\/vana.vspa.ee\/#website\",\"url\":\"https:\/\/vana.vspa.ee\/\",\"name\":\"V Spa\",\"description\":\"V\u00f5ta veest viimast!\",\"potentialAction\":[{\"@type\":\"SearchAction\",\"target\":{\"@type\":\"EntryPoint\",\"urlTemplate\":\"https:\/\/vana.vspa.ee\/?s={search_term_string}\"},\"query-input\":{\"@type\":\"PropertyValueSpecification\",\"valueRequired\":true,\"valueName\":\"search_term_string\"}}],\"inLanguage\":\"fi\"}]}<\/script>\n<!-- \/ Yoast SEO plugin. -->","yoast_head_json":{"title":"Suolamaailma - V Spa","robots":{"index":"noindex","follow":"follow","max-snippet":"max-snippet:-1","max-image-preview":"max-image-preview:large","max-video-preview":"max-video-preview:-1"},"og_locale":"fi_FI","og_type":"article","og_title":"Suolamaailma - V Spa","og_description":"Suola voi tehd\u00e4 ihmeit\u00e4! Parantaa maustamattomaan ruuan, kehon ja sielun. V Span suolamaailmassa saa rentouttaa ja virkist\u00e4\u00e4 terveyst\u00e4 kahellaisella saunalla.","og_url":"https:\/\/vana.vspa.ee\/vee-ja-saunamaailm\/soolamaailm\/","og_site_name":"V Spa","article_modified_time":"2020-04-23T07:46:49+00:00","twitter_card":"summary_large_image","twitter_misc":{"Arvioitu lukuaika":"1 minuutti"},"schema":{"@context":"https:\/\/schema.org","@graph":[{"@type":"WebPage","@id":"https:\/\/vana.vspa.ee\/vee-ja-saunamaailm\/soolamaailm\/","url":"https:\/\/vana.vspa.ee\/vee-ja-saunamaailm\/soolamaailm\/","name":"Suolamaailma - V Spa","isPartOf":{"@id":"https:\/\/vana.vspa.ee\/#website"},"datePublished":"2016-11-09T08:04:15+00:00","dateModified":"2020-04-23T07:46:49+00:00","breadcrumb":{"@id":"https:\/\/vana.vspa.ee\/vee-ja-saunamaailm\/soolamaailm\/#breadcrumb"},"inLanguage":"fi","potentialAction":[{"@type":"ReadAction","target":["https:\/\/vana.vspa.ee\/vee-ja-saunamaailm\/soolamaailm\/"]}]},{"@type":"BreadcrumbList","@id":"https:\/\/vana.vspa.ee\/vee-ja-saunamaailm\/soolamaailm\/#breadcrumb","itemListElement":[{"@type":"ListItem","position":1,"name":"Home","item":"https:\/\/vana.vspa.ee\/fi\/"},{"@type":"ListItem","position":2,"name":"Vesi- ja saunamaailma","item":"https:\/\/vana.vspa.ee\/vee-ja-saunamaailm\/"},{"@type":"ListItem","position":3,"name":"Suolamaailma"}]},{"@type":"WebSite","@id":"https:\/\/vana.vspa.ee\/#website","url":"https:\/\/vana.vspa.ee\/","name":"V Spa","description":"V\u00f5ta veest viimast!","potentialAction":[{"@type":"SearchAction","target":{"@type":"EntryPoint","urlTemplate":"https:\/\/vana.vspa.ee\/?s={search_term_string}"},"query-input":{"@type":"PropertyValueSpecification","valueRequired":true,"valueName":"search_term_string"}}],"inLanguage":"fi"}]}},"_links":{"self":[{"href":"https:\/\/vana.vspa.ee\/fi\/wp-json\/wp\/v2\/pages\/1680","targetHints":{"allow":["GET"]}}],"collection":[{"href":"https:\/\/vana.vspa.ee\/fi\/wp-json\/wp\/v2\/pages"}],"about":[{"href":"https:\/\/vana.vspa.ee\/fi\/wp-json\/wp\/v2\/types\/page"}],"author":[{"embeddable":true,"href":"https:\/\/vana.vspa.ee\/fi\/wp-json\/wp\/v2\/users\/1"}],"replies":[{"embeddable":true,"href":"https:\/\/vana.vspa.ee\/fi\/wp-json\/wp\/v2\/comments?post=1680"}],"version-history":[{"count":2,"href":"https:\/\/vana.vspa.ee\/fi\/wp-json\/wp\/v2\/pages\/1680\/revisions"}],"predecessor-version":[{"id":24199,"href":"https:\/\/vana.vspa.ee\/fi\/wp-json\/wp\/v2\/pages\/1680\/revisions\/24199"}],"up":[{"embeddable":true,"href":"https:\/\/vana.vspa.ee\/fi\/wp-json\/wp\/v2\/pages\/1947"}],"wp:attachment":[{"href":"https:\/\/vana.vspa.ee\/fi\/wp-json\/wp\/v2\/media?parent=1680"}],"curies":[{"name":"wp","href":"https:\/\/api.w.org\/{rel}","templated":true}]}}