{"id":1745,"date":"2016-11-28T14:39:44","date_gmt":"2016-11-28T12:39:44","guid":{"rendered":"http:\/\/vspa.ee\/spaa-hea-tava\/"},"modified":"2017-08-15T10:30:00","modified_gmt":"2017-08-15T07:30:00","slug":"v-span-hyva-tava","status":"publish","type":"page","link":"https:\/\/vana.vspa.ee\/fi\/v-span-hyva-tava\/v-span-hyva-tava\/","title":{"rendered":"V Span hyv\u00e4 tava"},"content":{"rendered":"<h4><img decoding=\"async\" class=\"alignright size-large wp-image-851\" src=\"https:\/\/vspa.ee\/wp-content\/uploads\/2016\/11\/image001-682x1024.jpg\" alt=\"image001\" width=\"682\" height=\"1024\" srcset=\"https:\/\/vana.vspa.ee\/wp-content\/uploads\/2016\/11\/image001-682x1024.jpg 682w, https:\/\/vana.vspa.ee\/wp-content\/uploads\/2016\/11\/image001-800x1201.jpg 800w, https:\/\/vana.vspa.ee\/wp-content\/uploads\/2016\/11\/image001-200x300.jpg 200w, https:\/\/vana.vspa.ee\/wp-content\/uploads\/2016\/11\/image001-768x1153.jpg 768w, https:\/\/vana.vspa.ee\/wp-content\/uploads\/2016\/11\/image001-78x117.jpg 78w, https:\/\/vana.vspa.ee\/wp-content\/uploads\/2016\/11\/image001-120x180.jpg 120w, https:\/\/vana.vspa.ee\/wp-content\/uploads\/2016\/11\/image001.jpg 864w\" sizes=\"(max-width: 682px) 100vw, 682px\" \/>Hyv\u00e4 V Span vierailija!<\/h4>\n<h5><span style=\"color: #494949;\">On luonnollista, ett\u00e4 haluat hyv\u00e4n ja mukavan olon luonamme. Haluamme, ett\u00e4 tulet aina hyvill\u00e4 mielin takaisin. Jotta vierailusi olisi mahdollisimman miellytt\u00e4v\u00e4, noudata V Span s\u00e4\u00e4nt\u00f6j\u00e4.<\/span><\/h5>\n<p>On luonnollista, ett\u00e4 haluat hyv\u00e4n ja mukavan olon luonamme. Haluamme, ett\u00e4 tulet aina hyvill\u00e4 mielin takaisin. Jotta vierailusi olisi mahdollisimman miellytt\u00e4v\u00e4, noudata V Span s\u00e4\u00e4nt\u00f6j\u00e4.<\/p>\n<p>&nbsp;<\/p>\n<h5>HOIDON VARAAMIEN<\/h5>\n<ul>\n<li>Varaa sopiva hoito hyviss\u00e4 ajoin kotisivulta <a href=\"http:\/\/vspahotel.ee\/fi\">vspahotel.ee<\/a> kylpyl\u00e4n valikon alta, s\u00e4hk\u00f6postilla <a href=\"mailto:info@vspa.ee\">info@vspa.ee<\/a> tai soittamalla +372 7404070<\/li>\n<li>Varmistu ennen varausta ett\u00e4 terveytesi on tarpeeksi hyv\u00e4 haluamaasi hoitoon<\/li>\n<li>Jos tahdot, ett\u00e4 tietty lempity\u00f6ntekij\u00e4si huolehtisi sinusta, mainitse asiasta varausta tehdess\u00e4si.<\/li>\n<li>\u00a0Kysy rohkeasti &#8211; kylpyl\u00e4n henkil\u00f6kunta vastaa mielell\u00e4\u00e4n kaikkiin kysymyksiisi.<\/li>\n<\/ul>\n<p>&nbsp;<\/p>\n<p>&nbsp;<\/p>\n<h5>HOITOVARAUKSEN MUUTTAMIS- JA PERUUTUSEHDOT<\/h5>\n<ul>\n<li>Tied\u00e4mme ett\u00e4 odottamattomia asioita tapahtuu. Jos olet my\u00f6h\u00e4ss\u00e4 sovitusta ajasta 15 minuuttia, hoitoaikasi lyhenee my\u00f6h\u00e4stymisen verran. Jos olet my\u00f6h\u00e4ss\u00e4 yli 15 minuuttia, emme voi taata hoidon onnistumista. Kannattaa pit\u00e4\u00e4 mieless\u00e4, ett\u00e4 my\u00f6s my\u00f6h\u00e4styess\u00e4 hoidosta pit\u00e4\u00e4 maksaa t\u00e4ysi hinta. Tarvittaessa varausta voi muuttaa vapaiden aikojen olemasaolon mukaan.<\/li>\n<li>Jos sinun ei ole mahdollista tulla varatulle rentoutushetkelle, ilmoita siit\u00e4 v\u00e4hint\u00e4\u00e4n 24 tuntia etuk\u00e4teen joko s\u00e4hk\u00f6postilla <a href=\"mailto:info@vspa.ee\">info@vspa.ee<\/a> tai soittamalla +372 7404070. Hoidon voi my\u00f6s perua kotisivulla vspahotel.ee kylpyl\u00e4 valikon alta<\/li>\n<li>Etuk\u00e4teen maksettuja hoitoja ei voi palauttaa.<\/li>\n<\/ul>\n<p>&nbsp;<\/p>\n<h5>HOIDOT<\/h5>\n<ul>\n<li>V\u00e4lill\u00e4 on toki kiire ja minuuttiaikataulut, mutta yrit\u00e4 tulla hoitoon v\u00e4hint\u00e4\u00e4n 5-10 minuuttia ennen varauksen alkua, jotta voisit ilmottautua, laittaa ulkovaatteet naulakkoon ja valmistautua hoitoon.<\/li>\n<li>Vaikka soitto\u00e4\u00e4nesi on lumoava, ole kiltti ja laita puhelin \u00e4\u00e4nett\u00f6m\u00e4lle ja puhu hiljaa yleisiss\u00e4 tiloissa<\/li>\n<li>Lapset ovat el\u00e4m\u00e4n valo, mutta \u00e4l\u00e4 j\u00e4t\u00e4 heit\u00e4 yksin ja kerro k\u00e4ytt\u00e4ytymiss\u00e4\u00e4nn\u00f6t my\u00f6s heille.<\/li>\n<li>Jos edess\u00e4 on rentouttava hieronta tai kylpy- tai k\u00e4sihoito, riisu korut etuk\u00e4teen.<\/li>\n<li>Annamme partiolaisen kunniasanan ett\u00e4 hoitoja suorittavat vain ammatilaiset, jotka k\u00e4ytt\u00e4v\u00e4t vain laadukkaita hoitotuotteita.<\/li>\n<li>Ennen kuin annat meid\u00e4n k\u00e4sitell\u00e4 itse\u00e4si, kerro meille rehellisesti terveydentilastaasi ja jos sinulla on hengitysvaikeutuksia, allergioita, kroonisia sairauksia tai olet raskaana.<\/li>\n<li>Kerromme hoidon aikana, miss\u00e4 vaiheessa olemme, mit\u00e4 tuotteita k\u00e4yt\u00e4mme ja mik\u00e4 on odotettava vaikutus. Sinun 100% viihtyminen on meille kunnia-asia, sano rohkeasti hoitajalle, jos olosi on ep\u00e4mukava.<\/li>\n<li>Olemme kiitollisia, jos annat hoidon j\u00e4lkeen rakentavaa palautetta omasta kylpyl\u00e4kokemuksestasi. T\u00e4m\u00e4 arvokas info auttaa meit\u00e4 ymm\u00e4rt\u00e4m\u00e4\u00e4n paremmin sinun odotuksiasi, toiveitasi ja tarpeitasi ja sen ansiosta voimme seuraavilla kerroilla tuottaa sinulle viel\u00e4kin enemm\u00e4n iloa.<\/li>\n<\/ul>\n","protected":false},"excerpt":{"rendered":"<p>Hyv\u00e4 V Span vierailija! On luonnollista, ett\u00e4 haluat hyv\u00e4n ja mukavan olon luonamme. Haluamme, ett\u00e4 tulet aina hyvill\u00e4 mielin takaisin&#8230;.<\/p>\n","protected":false},"author":1,"featured_media":0,"parent":1973,"menu_order":0,"comment_status":"closed","ping_status":"closed","template":"","meta":{"_acf_changed":false,"_monsterinsights_skip_tracking":false,"_monsterinsights_sitenote_active":false,"_monsterinsights_sitenote_note":"","_monsterinsights_sitenote_category":0,"footnotes":"","_links_to":"","_links_to_target":""},"class_list":["post-1745","page","type-page","status-publish","hentry"],"acf":[],"yoast_head":"<!-- This site is optimized with the Yoast SEO plugin v24.7 - https:\/\/yoast.com\/wordpress\/plugins\/seo\/ -->\n<title>V Span hyv\u00e4 tava - V Spa<\/title>\n<meta name=\"robots\" content=\"noindex, follow, max-snippet:-1, max-image-preview:large, max-video-preview:-1\" \/>\n<meta property=\"og:locale\" content=\"fi_FI\" \/>\n<meta property=\"og:type\" content=\"article\" \/>\n<meta property=\"og:title\" content=\"V Span hyv\u00e4 tava - V Spa\" \/>\n<meta property=\"og:description\" content=\"Hyv\u00e4 V Span vierailija! On luonnollista, ett\u00e4 haluat hyv\u00e4n ja mukavan olon luonamme. Haluamme, ett\u00e4 tulet aina hyvill\u00e4 mielin takaisin....\" \/>\n<meta property=\"og:url\" content=\"https:\/\/vana.vspa.ee\/fi\/v-span-hyva-tava\/v-span-hyva-tava\/\" \/>\n<meta property=\"og:site_name\" content=\"V Spa\" \/>\n<meta property=\"article:modified_time\" content=\"2017-08-15T07:30:00+00:00\" \/>\n<meta property=\"og:image\" content=\"https:\/\/vspa.ee\/wp-content\/uploads\/2016\/11\/image001-682x1024.jpg\" \/>\n<meta name=\"twitter:card\" content=\"summary_large_image\" \/>\n<meta name=\"twitter:label1\" content=\"Arvioitu lukuaika\" \/>\n\t<meta name=\"twitter:data1\" content=\"2 minuuttia\" \/>\n<script type=\"application\/ld+json\" class=\"yoast-schema-graph\">{\"@context\":\"https:\/\/schema.org\",\"@graph\":[{\"@type\":\"WebPage\",\"@id\":\"https:\/\/vana.vspa.ee\/fi\/v-span-hyva-tava\/v-span-hyva-tava\/\",\"url\":\"https:\/\/vana.vspa.ee\/fi\/v-span-hyva-tava\/v-span-hyva-tava\/\",\"name\":\"V Span hyv\u00e4 tava - V Spa\",\"isPartOf\":{\"@id\":\"https:\/\/vana.vspa.ee\/#website\"},\"primaryImageOfPage\":{\"@id\":\"https:\/\/vana.vspa.ee\/fi\/v-span-hyva-tava\/v-span-hyva-tava\/#primaryimage\"},\"image\":{\"@id\":\"https:\/\/vana.vspa.ee\/fi\/v-span-hyva-tava\/v-span-hyva-tava\/#primaryimage\"},\"thumbnailUrl\":\"https:\/\/vspa.ee\/wp-content\/uploads\/2016\/11\/image001-682x1024.jpg\",\"datePublished\":\"2016-11-28T12:39:44+00:00\",\"dateModified\":\"2017-08-15T07:30:00+00:00\",\"breadcrumb\":{\"@id\":\"https:\/\/vana.vspa.ee\/fi\/v-span-hyva-tava\/v-span-hyva-tava\/#breadcrumb\"},\"inLanguage\":\"fi\",\"potentialAction\":[{\"@type\":\"ReadAction\",\"target\":[\"https:\/\/vana.vspa.ee\/fi\/v-span-hyva-tava\/v-span-hyva-tava\/\"]}]},{\"@type\":\"ImageObject\",\"inLanguage\":\"fi\",\"@id\":\"https:\/\/vana.vspa.ee\/fi\/v-span-hyva-tava\/v-span-hyva-tava\/#primaryimage\",\"url\":\"https:\/\/vspa.ee\/wp-content\/uploads\/2016\/11\/image001-682x1024.jpg\",\"contentUrl\":\"https:\/\/vspa.ee\/wp-content\/uploads\/2016\/11\/image001-682x1024.jpg\"},{\"@type\":\"BreadcrumbList\",\"@id\":\"https:\/\/vana.vspa.ee\/fi\/v-span-hyva-tava\/v-span-hyva-tava\/#breadcrumb\",\"itemListElement\":[{\"@type\":\"ListItem\",\"position\":1,\"name\":\"Home\",\"item\":\"https:\/\/vana.vspa.ee\/fi\/\"},{\"@type\":\"ListItem\",\"position\":2,\"name\":\"V Span hyv\u00e4 tava\",\"item\":\"https:\/\/vana.vspa.ee\/spa-hea-tava\/\"},{\"@type\":\"ListItem\",\"position\":3,\"name\":\"V Span hyv\u00e4 tava\"}]},{\"@type\":\"WebSite\",\"@id\":\"https:\/\/vana.vspa.ee\/#website\",\"url\":\"https:\/\/vana.vspa.ee\/\",\"name\":\"V Spa\",\"description\":\"V\u00f5ta veest viimast!\",\"potentialAction\":[{\"@type\":\"SearchAction\",\"target\":{\"@type\":\"EntryPoint\",\"urlTemplate\":\"https:\/\/vana.vspa.ee\/?s={search_term_string}\"},\"query-input\":{\"@type\":\"PropertyValueSpecification\",\"valueRequired\":true,\"valueName\":\"search_term_string\"}}],\"inLanguage\":\"fi\"}]}<\/script>\n<!-- \/ Yoast SEO plugin. -->","yoast_head_json":{"title":"V Span hyv\u00e4 tava - V Spa","robots":{"index":"noindex","follow":"follow","max-snippet":"max-snippet:-1","max-image-preview":"max-image-preview:large","max-video-preview":"max-video-preview:-1"},"og_locale":"fi_FI","og_type":"article","og_title":"V Span hyv\u00e4 tava - V Spa","og_description":"Hyv\u00e4 V Span vierailija! On luonnollista, ett\u00e4 haluat hyv\u00e4n ja mukavan olon luonamme. Haluamme, ett\u00e4 tulet aina hyvill\u00e4 mielin takaisin....","og_url":"https:\/\/vana.vspa.ee\/fi\/v-span-hyva-tava\/v-span-hyva-tava\/","og_site_name":"V Spa","article_modified_time":"2017-08-15T07:30:00+00:00","og_image":[{"url":"https:\/\/vspa.ee\/wp-content\/uploads\/2016\/11\/image001-682x1024.jpg","type":"","width":"","height":""}],"twitter_card":"summary_large_image","twitter_misc":{"Arvioitu lukuaika":"2 minuuttia"},"schema":{"@context":"https:\/\/schema.org","@graph":[{"@type":"WebPage","@id":"https:\/\/vana.vspa.ee\/fi\/v-span-hyva-tava\/v-span-hyva-tava\/","url":"https:\/\/vana.vspa.ee\/fi\/v-span-hyva-tava\/v-span-hyva-tava\/","name":"V Span hyv\u00e4 tava - V Spa","isPartOf":{"@id":"https:\/\/vana.vspa.ee\/#website"},"primaryImageOfPage":{"@id":"https:\/\/vana.vspa.ee\/fi\/v-span-hyva-tava\/v-span-hyva-tava\/#primaryimage"},"image":{"@id":"https:\/\/vana.vspa.ee\/fi\/v-span-hyva-tava\/v-span-hyva-tava\/#primaryimage"},"thumbnailUrl":"https:\/\/vspa.ee\/wp-content\/uploads\/2016\/11\/image001-682x1024.jpg","datePublished":"2016-11-28T12:39:44+00:00","dateModified":"2017-08-15T07:30:00+00:00","breadcrumb":{"@id":"https:\/\/vana.vspa.ee\/fi\/v-span-hyva-tava\/v-span-hyva-tava\/#breadcrumb"},"inLanguage":"fi","potentialAction":[{"@type":"ReadAction","target":["https:\/\/vana.vspa.ee\/fi\/v-span-hyva-tava\/v-span-hyva-tava\/"]}]},{"@type":"ImageObject","inLanguage":"fi","@id":"https:\/\/vana.vspa.ee\/fi\/v-span-hyva-tava\/v-span-hyva-tava\/#primaryimage","url":"https:\/\/vspa.ee\/wp-content\/uploads\/2016\/11\/image001-682x1024.jpg","contentUrl":"https:\/\/vspa.ee\/wp-content\/uploads\/2016\/11\/image001-682x1024.jpg"},{"@type":"BreadcrumbList","@id":"https:\/\/vana.vspa.ee\/fi\/v-span-hyva-tava\/v-span-hyva-tava\/#breadcrumb","itemListElement":[{"@type":"ListItem","position":1,"name":"Home","item":"https:\/\/vana.vspa.ee\/fi\/"},{"@type":"ListItem","position":2,"name":"V Span hyv\u00e4 tava","item":"https:\/\/vana.vspa.ee\/spa-hea-tava\/"},{"@type":"ListItem","position":3,"name":"V Span hyv\u00e4 tava"}]},{"@type":"WebSite","@id":"https:\/\/vana.vspa.ee\/#website","url":"https:\/\/vana.vspa.ee\/","name":"V Spa","description":"V\u00f5ta veest viimast!","potentialAction":[{"@type":"SearchAction","target":{"@type":"EntryPoint","urlTemplate":"https:\/\/vana.vspa.ee\/?s={search_term_string}"},"query-input":{"@type":"PropertyValueSpecification","valueRequired":true,"valueName":"search_term_string"}}],"inLanguage":"fi"}]}},"_links":{"self":[{"href":"https:\/\/vana.vspa.ee\/fi\/wp-json\/wp\/v2\/pages\/1745","targetHints":{"allow":["GET"]}}],"collection":[{"href":"https:\/\/vana.vspa.ee\/fi\/wp-json\/wp\/v2\/pages"}],"about":[{"href":"https:\/\/vana.vspa.ee\/fi\/wp-json\/wp\/v2\/types\/page"}],"author":[{"embeddable":true,"href":"https:\/\/vana.vspa.ee\/fi\/wp-json\/wp\/v2\/users\/1"}],"replies":[{"embeddable":true,"href":"https:\/\/vana.vspa.ee\/fi\/wp-json\/wp\/v2\/comments?post=1745"}],"version-history":[{"count":0,"href":"https:\/\/vana.vspa.ee\/fi\/wp-json\/wp\/v2\/pages\/1745\/revisions"}],"up":[{"embeddable":true,"href":"https:\/\/vana.vspa.ee\/fi\/wp-json\/wp\/v2\/pages\/1973"}],"wp:attachment":[{"href":"https:\/\/vana.vspa.ee\/fi\/wp-json\/wp\/v2\/media?parent=1745"}],"curies":[{"name":"wp","href":"https:\/\/api.w.org\/{rel}","templated":true}]}}