{"id":1750,"date":"2016-11-28T14:36:06","date_gmt":"2016-11-28T12:36:06","guid":{"rendered":"http:\/\/vspa.ee\/majareeglid\/"},"modified":"2019-10-21T13:35:58","modified_gmt":"2019-10-21T10:35:58","slug":"majareeglid","status":"publish","type":"page","link":"https:\/\/vana.vspa.ee\/fi\/v-span-hyva-tava\/majareeglid\/","title":{"rendered":"Talon s\u00e4\u00e4nn\u00f6t"},"content":{"rendered":"<h5><\/h5>\n<h5>Aukioloajat<\/h5>\n<ul>\n<li>V Spa odottaa sinua Mo-La 9-22, Su 9-20.<\/li>\n<li>Yhdell\u00e4 lipulla saat nauttia vesi- ja saunakeskuksesta 4 tuntia.<\/li>\n<li>Jos satut unohtamaan ajantajun, pit\u00e4\u00e4 maksaa hinnastonmukainen lis\u00e4maksu.<\/li>\n<li>Lis\u00e4maksu ylitetyst\u00e4 ajasta lasketaan voimassaolevan hinnaston mukaisesti.<\/li>\n<li>Jos y\u00f6vyt hotellissa, voit nauttia vesi- ja saunakeskuksen iloista rajoituksetta aukioloajoillamme.<\/li>\n<\/ul>\n<p>&nbsp;<\/p>\n<h5>Lippujen ostaminen<\/h5>\n<ul>\n<li>Jos ostat kylpyl\u00e4lipun, lupaat meille, ett\u00e4 olet tarpeeksi terve, fiksu ja voimissasi palvelujemme k\u00e4ytt\u00e4miseen. Jos otat mukaan lapsen, olet my\u00f6s h\u00e4nest\u00e4 vastuussa.<\/li>\n<li>Alle viisivuotiaset lapset p\u00e4\u00e4see sis\u00e4\u00e4n ilmaiseksi aikuisen kanssa ja k\u00e4ytt\u00e4\u00e4 aikuisen vaatekaappi.<\/li>\n<li>Alennuslippu on voimassa 6-18-vuotiaille lapsille, kehitysvammaisille ja el\u00e4kel\u00e4isille todistusta vastaan.<\/li>\n<li>Perhelippu on kahdelle aikuiselle ja kolmelle 6-18 vuotaiselle.<\/li>\n<li>\u00c4l\u00e4 loukkaannu, jos vastaanottovirkailija kysyy todistusta i\u00e4n varmistamiseksi.<\/li>\n<li>\u00c4l\u00e4 j\u00e4t\u00e4 vesileikeist\u00e4 nauttimista viimeiseen minuuttiin. Kylpyl\u00e4keskuksen lipunmyynti lopetetaan 30 min ennen sulkemisaikaa.<\/li>\n<\/ul>\n<p>&nbsp;<\/p>\n<h5>Ranneke ja pukuhuone<\/h5>\n<ul>\n<li>Ranneke ja pukuhuone: Annamme sinulle kylpyl\u00e4n vastaanotosta rannekkeen, jolla saat pukuhuoneen kaapin auki. Jos olet ostanut lipun my\u00f6s sauna- ja\/tai suolamaailmaan, p\u00e4\u00e4set my\u00f6s sinne samalla rannekkeella.+<\/li>\n<li>Jos sinun on n\u00e4lk\u00e4 tai kurkkua kuivaa, voit ostaa baarista rannekkeella ruokaa ja juomaa. Muista maksaa niiden edest\u00e4 vastaanottovirkailijalle, kun olet l\u00e4hd\u00f6ss\u00e4 pois. Jos y\u00f6vyt hotellissa, baarilaskun voi vapaasti lis\u00e4t\u00e4 huonelaskulle.+<\/li>\n<li>\u00a0\u00c4l\u00e4 vaihda rannekkeita kesken\u00e4\u00e4n \u00e4l\u00e4k\u00e4 vie kylpyl\u00e4st\u00e4 pois.+<\/li>\n<li>Jos satut kadottamaan rannekkeen, joudut maksamaan vahingonkorvauksen voimassaolevan hinnaston mukaan.+<\/li>\n<li>\u00a0\u00c4l\u00e4 s\u00e4ik\u00e4hd\u00e4, jos n\u00e4et pukuhuoneessa niin naisia kuin miehi\u00e4. K\u00e4yt\u00e4mme trendik\u00e4st\u00e4 unisex-pukuhuonetta, mutta peseytymistilat on miehille ja naisille erikseen.+<\/li>\n<li>\u00a0Jos unohdat ottaa oman pyyhkeen, saat vuokrata vastaanotosta kylpypyyhkeen tai -takin voimassaolevan hinnaston mukaan.+<\/li>\n<li>Pukuhuoneessa voit valita mielesesi kaapin ja k\u00e4ytt\u00e4\u00e4 sit\u00e4 koko vierailun ajan. sulgeda.+<\/li>\n<li>Ole huolellinen omien tavaroidesi kanssa, koska kylpyl\u00e4keskus ei ole niist\u00e4 vastuussa. Koska puhdas keho ei aiheuta syyllisyydentunteita, ole hyv\u00e4 ja peseydy ennen vesi- ja saunakeskukseen siirtymist\u00e4. Jos k\u00e4yt\u00e4t kosmetiikkaa, pese se pois ja pane kauniit pitk\u00e4t hiuksesi kiinni mahdollisuuksien mukaan.<\/li>\n<li>Vesi- ja saunakeskuksessa k\u00e4ymisen ja suihkun j\u00e4lkeen kuivata itsesi ennen kuin siirryt pukuhuoneeseen.<\/li>\n<li>J\u00e4t\u00e4 hiusten v\u00e4rj\u00e4\u00e4minen, vartalonhoitoaineiden k\u00e4ytt\u00f6 ja karvojen ajelu kotona teht\u00e4v\u00e4ksi.<\/li>\n<li>Koska terveytesi on meille t\u00e4rke\u00e4, ole suihku- ja pukuhuoneessa varovainen. Lattiat voivat olla m\u00e4rki\u00e4 ja liukkaita.<\/li>\n<li>Jos vuokrasit kylpypyyhkeen tai -takin, palauta ne kylpyl\u00e4keskuksen vastaanottovirkailijalle. Jos lainatut esineet katosivat, joudut maksamaan vahingonkorvauksen voimassaolevan hinnaston mukaan.<\/li>\n<\/ul>\n<p>&nbsp;<\/p>\n<h5>Pid\u00e4 mieless\u00e4 vesi- ja saunakeskuksessa<\/h5>\n<ul>\n<li>N\u00e4yt\u00e4t bikiineiss\u00e4 hyv\u00e4lt\u00e4, mutta siit\u00e4 huolimatta vesi- ja saunakeskuksesta nauttimiseksi parhaat vaatteet on perinteiset uima-asut eli uimapuku ja -housut.<\/li>\n<li>Jos perheen pienin ei osaa viel\u00e4 k\u00e4ytt\u00e4\u00e4 pottaa, k\u00e4ytt\u00e4k\u00e4\u00e4 uimavaippaa.<\/li>\n<li>Valitse uimapaikat ja laitteet omien taitojen ja terveyden mukaan.<\/li>\n<li>\u00c4l\u00e4 hypp\u00e4\u00e4 uima-altaan reunalta veteen.<\/li>\n<li>\u00c4l\u00e4 kiirehdi kylpyl\u00e4keskuksessa ja liiku rauhallisesti &#8211; m\u00e4r\u00e4ll\u00e4 lattialla juokseminen on vaarallista sinulle ja toisille<\/li>\n<li>V Spa ei ole vastuussa sinulle sattuneista vahingoista tai muista terveysongelmista<\/li>\n<li>Kiinnit\u00e4 huomiota kylpyl\u00e4keskuksessa oleviin selkeytt\u00e4viin viittoihin ja kyltteihin<\/li>\n<li>Jos sinulla on kysymyksi\u00e4 tai ongelmia, k\u00e4\u00e4nny rohkeasti hengenpelastajan tai muun henkil\u00f6kunnan puoleen<\/li>\n<li>\u00c4l\u00e4 ota vesi- ja saunakeskukseen omia ruokia tai juomia mukaan. T\u00e4yt\u00e4 vatsasi kylpyl\u00e4n baarissa k\u00e4ytt\u00e4en ranneketta maksamiseen.<\/li>\n<li>Jos olet nauttinut liikaa alkoholia, joudumme siirt\u00e4m\u00e4\u00e4n sinut pois kylpyl\u00e4st\u00e4 turvallisuussyist\u00e4.<\/li>\n<li>Jos k\u00e4ytt\u00e4ydyt vaarallisesti tai ep\u00e4sopivasti, henkil\u00f6kunta voi antaa varoituksen.<\/li>\n<li>Huomioi toiset kylpyl\u00e4ss\u00e4 nauttijat ja ole erityisen varovainen lasten suhteen.<\/li>\n<li>PIenimille meill\u00e4 on olemassa apuv\u00e4lineit\u00e4 uimiseen.<\/li>\n<li>Puhtauden ja hyvinvoinnin vuoksi k\u00e4yt\u00e4 saunan puulauteilla peflettin\u00e4 pyyhkeit\u00e4, joita l\u00f6ytyy saunojen vieress\u00e4 olevista hyllyist\u00e4. Kun olet lopettanut saunomisen, laita pyyhe vastaavaan koriin.<\/li>\n<li>Jos sinulla on asiallisia huomautuksia tai huomioita kylpyl\u00e4n k\u00e4yt\u00f6st\u00e4, jaa ne meid\u00e4n kanssamme rohkeasti.<br \/>\n<span style=\"color: #ffffff;\">Tupakoida saa vain siihen tarkoitetuissa tiloissa<\/span><\/li>\n<\/ul>\n","protected":false},"excerpt":{"rendered":"<p>Aukioloajat V Spa odottaa sinua Mo-La 9-22, Su 9-20. Yhdell\u00e4 lipulla saat nauttia vesi- ja saunakeskuksesta 4 tuntia. Jos satut&#8230;<\/p>\n","protected":false},"author":1,"featured_media":0,"parent":1973,"menu_order":10,"comment_status":"closed","ping_status":"closed","template":"","meta":{"_acf_changed":false,"_monsterinsights_skip_tracking":false,"_monsterinsights_sitenote_active":false,"_monsterinsights_sitenote_note":"","_monsterinsights_sitenote_category":0,"footnotes":"","_links_to":"","_links_to_target":""},"class_list":["post-1750","page","type-page","status-publish","hentry"],"acf":[],"yoast_head":"<!-- This site is optimized with the Yoast SEO plugin v24.7 - https:\/\/yoast.com\/wordpress\/plugins\/seo\/ -->\n<title>Talon s\u00e4\u00e4nn\u00f6t - V Spa<\/title>\n<meta name=\"robots\" content=\"noindex, follow, max-snippet:-1, max-image-preview:large, max-video-preview:-1\" \/>\n<meta property=\"og:locale\" content=\"fi_FI\" \/>\n<meta property=\"og:type\" content=\"article\" \/>\n<meta property=\"og:title\" content=\"Talon s\u00e4\u00e4nn\u00f6t - V Spa\" \/>\n<meta property=\"og:description\" content=\"Aukioloajat V Spa odottaa sinua Mo-La 9-22, Su 9-20. Yhdell\u00e4 lipulla saat nauttia vesi- ja saunakeskuksesta 4 tuntia. Jos satut...\" \/>\n<meta property=\"og:url\" content=\"https:\/\/vana.vspa.ee\/fi\/v-span-hyva-tava\/majareeglid\/\" \/>\n<meta property=\"og:site_name\" content=\"V Spa\" \/>\n<meta property=\"article:modified_time\" content=\"2019-10-21T10:35:58+00:00\" \/>\n<meta name=\"twitter:card\" content=\"summary_large_image\" \/>\n<meta name=\"twitter:label1\" content=\"Arvioitu lukuaika\" \/>\n\t<meta name=\"twitter:data1\" content=\"3 minuuttia\" \/>\n<script type=\"application\/ld+json\" class=\"yoast-schema-graph\">{\"@context\":\"https:\/\/schema.org\",\"@graph\":[{\"@type\":\"WebPage\",\"@id\":\"https:\/\/vana.vspa.ee\/fi\/v-span-hyva-tava\/majareeglid\/\",\"url\":\"https:\/\/vana.vspa.ee\/fi\/v-span-hyva-tava\/majareeglid\/\",\"name\":\"Talon s\u00e4\u00e4nn\u00f6t - V Spa\",\"isPartOf\":{\"@id\":\"https:\/\/vana.vspa.ee\/#website\"},\"datePublished\":\"2016-11-28T12:36:06+00:00\",\"dateModified\":\"2019-10-21T10:35:58+00:00\",\"breadcrumb\":{\"@id\":\"https:\/\/vana.vspa.ee\/fi\/v-span-hyva-tava\/majareeglid\/#breadcrumb\"},\"inLanguage\":\"fi\",\"potentialAction\":[{\"@type\":\"ReadAction\",\"target\":[\"https:\/\/vana.vspa.ee\/fi\/v-span-hyva-tava\/majareeglid\/\"]}]},{\"@type\":\"BreadcrumbList\",\"@id\":\"https:\/\/vana.vspa.ee\/fi\/v-span-hyva-tava\/majareeglid\/#breadcrumb\",\"itemListElement\":[{\"@type\":\"ListItem\",\"position\":1,\"name\":\"Home\",\"item\":\"https:\/\/vana.vspa.ee\/fi\/\"},{\"@type\":\"ListItem\",\"position\":2,\"name\":\"V Span hyv\u00e4 tava\",\"item\":\"https:\/\/vana.vspa.ee\/spa-hea-tava\/\"},{\"@type\":\"ListItem\",\"position\":3,\"name\":\"Talon s\u00e4\u00e4nn\u00f6t\"}]},{\"@type\":\"WebSite\",\"@id\":\"https:\/\/vana.vspa.ee\/#website\",\"url\":\"https:\/\/vana.vspa.ee\/\",\"name\":\"V Spa\",\"description\":\"V\u00f5ta veest viimast!\",\"potentialAction\":[{\"@type\":\"SearchAction\",\"target\":{\"@type\":\"EntryPoint\",\"urlTemplate\":\"https:\/\/vana.vspa.ee\/?s={search_term_string}\"},\"query-input\":{\"@type\":\"PropertyValueSpecification\",\"valueRequired\":true,\"valueName\":\"search_term_string\"}}],\"inLanguage\":\"fi\"}]}<\/script>\n<!-- \/ Yoast SEO plugin. -->","yoast_head_json":{"title":"Talon s\u00e4\u00e4nn\u00f6t - V Spa","robots":{"index":"noindex","follow":"follow","max-snippet":"max-snippet:-1","max-image-preview":"max-image-preview:large","max-video-preview":"max-video-preview:-1"},"og_locale":"fi_FI","og_type":"article","og_title":"Talon s\u00e4\u00e4nn\u00f6t - V Spa","og_description":"Aukioloajat V Spa odottaa sinua Mo-La 9-22, Su 9-20. Yhdell\u00e4 lipulla saat nauttia vesi- ja saunakeskuksesta 4 tuntia. Jos satut...","og_url":"https:\/\/vana.vspa.ee\/fi\/v-span-hyva-tava\/majareeglid\/","og_site_name":"V Spa","article_modified_time":"2019-10-21T10:35:58+00:00","twitter_card":"summary_large_image","twitter_misc":{"Arvioitu lukuaika":"3 minuuttia"},"schema":{"@context":"https:\/\/schema.org","@graph":[{"@type":"WebPage","@id":"https:\/\/vana.vspa.ee\/fi\/v-span-hyva-tava\/majareeglid\/","url":"https:\/\/vana.vspa.ee\/fi\/v-span-hyva-tava\/majareeglid\/","name":"Talon s\u00e4\u00e4nn\u00f6t - V Spa","isPartOf":{"@id":"https:\/\/vana.vspa.ee\/#website"},"datePublished":"2016-11-28T12:36:06+00:00","dateModified":"2019-10-21T10:35:58+00:00","breadcrumb":{"@id":"https:\/\/vana.vspa.ee\/fi\/v-span-hyva-tava\/majareeglid\/#breadcrumb"},"inLanguage":"fi","potentialAction":[{"@type":"ReadAction","target":["https:\/\/vana.vspa.ee\/fi\/v-span-hyva-tava\/majareeglid\/"]}]},{"@type":"BreadcrumbList","@id":"https:\/\/vana.vspa.ee\/fi\/v-span-hyva-tava\/majareeglid\/#breadcrumb","itemListElement":[{"@type":"ListItem","position":1,"name":"Home","item":"https:\/\/vana.vspa.ee\/fi\/"},{"@type":"ListItem","position":2,"name":"V Span hyv\u00e4 tava","item":"https:\/\/vana.vspa.ee\/spa-hea-tava\/"},{"@type":"ListItem","position":3,"name":"Talon s\u00e4\u00e4nn\u00f6t"}]},{"@type":"WebSite","@id":"https:\/\/vana.vspa.ee\/#website","url":"https:\/\/vana.vspa.ee\/","name":"V Spa","description":"V\u00f5ta veest viimast!","potentialAction":[{"@type":"SearchAction","target":{"@type":"EntryPoint","urlTemplate":"https:\/\/vana.vspa.ee\/?s={search_term_string}"},"query-input":{"@type":"PropertyValueSpecification","valueRequired":true,"valueName":"search_term_string"}}],"inLanguage":"fi"}]}},"_links":{"self":[{"href":"https:\/\/vana.vspa.ee\/fi\/wp-json\/wp\/v2\/pages\/1750","targetHints":{"allow":["GET"]}}],"collection":[{"href":"https:\/\/vana.vspa.ee\/fi\/wp-json\/wp\/v2\/pages"}],"about":[{"href":"https:\/\/vana.vspa.ee\/fi\/wp-json\/wp\/v2\/types\/page"}],"author":[{"embeddable":true,"href":"https:\/\/vana.vspa.ee\/fi\/wp-json\/wp\/v2\/users\/1"}],"replies":[{"embeddable":true,"href":"https:\/\/vana.vspa.ee\/fi\/wp-json\/wp\/v2\/comments?post=1750"}],"version-history":[{"count":0,"href":"https:\/\/vana.vspa.ee\/fi\/wp-json\/wp\/v2\/pages\/1750\/revisions"}],"up":[{"embeddable":true,"href":"https:\/\/vana.vspa.ee\/fi\/wp-json\/wp\/v2\/pages\/1973"}],"wp:attachment":[{"href":"https:\/\/vana.vspa.ee\/fi\/wp-json\/wp\/v2\/media?parent=1750"}],"curies":[{"name":"wp","href":"https:\/\/api.w.org\/{rel}","templated":true}]}}