{"id":18462,"date":"2019-02-06T12:11:19","date_gmt":"2019-02-06T10:11:19","guid":{"rendered":"https:\/\/vspa.ee\/hoidot\/terviklik-pinguldav-naohoolitsus-lift-summum\/"},"modified":"2024-01-08T08:55:28","modified_gmt":"2024-01-08T06:55:28","slug":"terviklik-pinguldav-naohoolitsus-lift-summum","status":"publish","type":"page","link":"https:\/\/vana.vspa.ee\/fi\/hoidot\/terviklik-pinguldav-naohoolitsus-lift-summum\/","title":{"rendered":"Kokonaisvaltainen kiinteytt\u00e4v\u00e4 kasvohoito \u2013 Lift Summum"},"content":{"rendered":"<p>Kokonaisvaltainen ja uudenaikainen kiinteytt\u00e4v\u00e4 kasvohoito, jonka aikana k\u00e4sitell\u00e4\u00e4n perusteellisesti kasvojen, kaulan ja dekolteen iho. Hoidon aikana kiinteytt\u00e4v\u00e4 Facelift-vaikutteinen hieronta tasoittaa, v\u00e4hent\u00e4\u00e4 kasvojen ihon ryppyj\u00e4 ja juonteita, muotoilee kasvojen piirteit\u00e4 ja kiinteytt\u00e4\u00e4 ihoa. Puhdasta C-vitamiinia sis\u00e4lt\u00e4v\u00e4n Wrinkle eraser -seerumin sek\u00e4 puhtaan hyaluronihappoa sis\u00e4lt\u00e4v\u00e4n kasvo- ja dekoltee-naamion ansiosta kasvohoito uudistaa ja nuorentaa kalpeaa ja v\u00e4synytt\u00e4 kasvojen ihoa parantamalla ihon rakennetta. Kiinte\u00e4mpi, raikkaampi ja kirkkaampi iho jo ensimm\u00e4isen kasvohoidon j\u00e4lkeen!<\/p>\n<p><strong>Hoidossa k\u00e4ytet\u00e4\u00e4n GUINOT-sarjan tuotteita.<\/strong><\/p>\n","protected":false},"excerpt":{"rendered":"<p>Kokonaisvaltainen ja uudenaikainen kiinteytt\u00e4v\u00e4 kasvohoito, jonka aikana k\u00e4sitell\u00e4\u00e4n perusteellisesti kasvojen, kaulan ja dekolteen iho. Hoidon aikana kiinteytt\u00e4v\u00e4 Facelift-vaikutteinen hieronta tasoittaa,&#8230;<\/p>\n","protected":false},"author":1,"featured_media":0,"parent":1969,"menu_order":0,"comment_status":"closed","ping_status":"closed","template":"page-templates\/tpl-offer1.php","meta":{"_acf_changed":false,"_monsterinsights_skip_tracking":false,"_monsterinsights_sitenote_active":false,"_monsterinsights_sitenote_note":"","_monsterinsights_sitenote_category":0,"footnotes":"","_links_to":"","_links_to_target":""},"class_list":["post-18462","page","type-page","status-publish","hentry"],"acf":[],"yoast_head":"<!-- This site is optimized with the Yoast SEO plugin v24.7 - https:\/\/yoast.com\/wordpress\/plugins\/seo\/ -->\n<title>Kokonaisvaltainen kiinteytt\u00e4v\u00e4 kasvohoito \u2013 Lift Summum - V Spa<\/title>\n<meta name=\"robots\" content=\"noindex, follow, max-snippet:-1, max-image-preview:large, max-video-preview:-1\" \/>\n<meta property=\"og:locale\" content=\"fi_FI\" \/>\n<meta property=\"og:type\" content=\"article\" \/>\n<meta property=\"og:title\" content=\"Kokonaisvaltainen kiinteytt\u00e4v\u00e4 kasvohoito \u2013 Lift Summum - V Spa\" \/>\n<meta property=\"og:description\" content=\"Kokonaisvaltainen ja uudenaikainen kiinteytt\u00e4v\u00e4 kasvohoito, jonka aikana k\u00e4sitell\u00e4\u00e4n perusteellisesti kasvojen, kaulan ja dekolteen iho. Hoidon aikana kiinteytt\u00e4v\u00e4 Facelift-vaikutteinen hieronta tasoittaa,...\" \/>\n<meta property=\"og:url\" content=\"https:\/\/vana.vspa.ee\/hoolitsused\/terviklik-pinguldav-naohoolitsus-lift-summum\/\" \/>\n<meta property=\"og:site_name\" content=\"V Spa\" \/>\n<meta property=\"article:modified_time\" content=\"2024-01-08T06:55:28+00:00\" \/>\n<meta name=\"twitter:card\" content=\"summary_large_image\" \/>\n<meta name=\"twitter:label1\" content=\"Arvioitu lukuaika\" \/>\n\t<meta name=\"twitter:data1\" content=\"1 minuutti\" \/>\n<script type=\"application\/ld+json\" class=\"yoast-schema-graph\">{\"@context\":\"https:\/\/schema.org\",\"@graph\":[{\"@type\":\"WebPage\",\"@id\":\"https:\/\/vana.vspa.ee\/hoolitsused\/terviklik-pinguldav-naohoolitsus-lift-summum\/\",\"url\":\"https:\/\/vana.vspa.ee\/hoolitsused\/terviklik-pinguldav-naohoolitsus-lift-summum\/\",\"name\":\"Kokonaisvaltainen kiinteytt\u00e4v\u00e4 kasvohoito \u2013 Lift Summum - V Spa\",\"isPartOf\":{\"@id\":\"https:\/\/vana.vspa.ee\/#website\"},\"datePublished\":\"2019-02-06T10:11:19+00:00\",\"dateModified\":\"2024-01-08T06:55:28+00:00\",\"breadcrumb\":{\"@id\":\"https:\/\/vana.vspa.ee\/hoolitsused\/terviklik-pinguldav-naohoolitsus-lift-summum\/#breadcrumb\"},\"inLanguage\":\"fi\",\"potentialAction\":[{\"@type\":\"ReadAction\",\"target\":[\"https:\/\/vana.vspa.ee\/hoolitsused\/terviklik-pinguldav-naohoolitsus-lift-summum\/\"]}]},{\"@type\":\"BreadcrumbList\",\"@id\":\"https:\/\/vana.vspa.ee\/hoolitsused\/terviklik-pinguldav-naohoolitsus-lift-summum\/#breadcrumb\",\"itemListElement\":[{\"@type\":\"ListItem\",\"position\":1,\"name\":\"Home\",\"item\":\"https:\/\/vana.vspa.ee\/fi\/\"},{\"@type\":\"ListItem\",\"position\":2,\"name\":\"Hoidot\",\"item\":\"https:\/\/vana.vspa.ee\/hoolitsused\/\"},{\"@type\":\"ListItem\",\"position\":3,\"name\":\"Kokonaisvaltainen kiinteytt\u00e4v\u00e4 kasvohoito \u2013 Lift Summum\"}]},{\"@type\":\"WebSite\",\"@id\":\"https:\/\/vana.vspa.ee\/#website\",\"url\":\"https:\/\/vana.vspa.ee\/\",\"name\":\"V Spa\",\"description\":\"V\u00f5ta veest viimast!\",\"potentialAction\":[{\"@type\":\"SearchAction\",\"target\":{\"@type\":\"EntryPoint\",\"urlTemplate\":\"https:\/\/vana.vspa.ee\/?s={search_term_string}\"},\"query-input\":{\"@type\":\"PropertyValueSpecification\",\"valueRequired\":true,\"valueName\":\"search_term_string\"}}],\"inLanguage\":\"fi\"}]}<\/script>\n<!-- \/ Yoast SEO plugin. -->","yoast_head_json":{"title":"Kokonaisvaltainen kiinteytt\u00e4v\u00e4 kasvohoito \u2013 Lift Summum - V Spa","robots":{"index":"noindex","follow":"follow","max-snippet":"max-snippet:-1","max-image-preview":"max-image-preview:large","max-video-preview":"max-video-preview:-1"},"og_locale":"fi_FI","og_type":"article","og_title":"Kokonaisvaltainen kiinteytt\u00e4v\u00e4 kasvohoito \u2013 Lift Summum - V Spa","og_description":"Kokonaisvaltainen ja uudenaikainen kiinteytt\u00e4v\u00e4 kasvohoito, jonka aikana k\u00e4sitell\u00e4\u00e4n perusteellisesti kasvojen, kaulan ja dekolteen iho. Hoidon aikana kiinteytt\u00e4v\u00e4 Facelift-vaikutteinen hieronta tasoittaa,...","og_url":"https:\/\/vana.vspa.ee\/hoolitsused\/terviklik-pinguldav-naohoolitsus-lift-summum\/","og_site_name":"V Spa","article_modified_time":"2024-01-08T06:55:28+00:00","twitter_card":"summary_large_image","twitter_misc":{"Arvioitu lukuaika":"1 minuutti"},"schema":{"@context":"https:\/\/schema.org","@graph":[{"@type":"WebPage","@id":"https:\/\/vana.vspa.ee\/hoolitsused\/terviklik-pinguldav-naohoolitsus-lift-summum\/","url":"https:\/\/vana.vspa.ee\/hoolitsused\/terviklik-pinguldav-naohoolitsus-lift-summum\/","name":"Kokonaisvaltainen kiinteytt\u00e4v\u00e4 kasvohoito \u2013 Lift Summum - V Spa","isPartOf":{"@id":"https:\/\/vana.vspa.ee\/#website"},"datePublished":"2019-02-06T10:11:19+00:00","dateModified":"2024-01-08T06:55:28+00:00","breadcrumb":{"@id":"https:\/\/vana.vspa.ee\/hoolitsused\/terviklik-pinguldav-naohoolitsus-lift-summum\/#breadcrumb"},"inLanguage":"fi","potentialAction":[{"@type":"ReadAction","target":["https:\/\/vana.vspa.ee\/hoolitsused\/terviklik-pinguldav-naohoolitsus-lift-summum\/"]}]},{"@type":"BreadcrumbList","@id":"https:\/\/vana.vspa.ee\/hoolitsused\/terviklik-pinguldav-naohoolitsus-lift-summum\/#breadcrumb","itemListElement":[{"@type":"ListItem","position":1,"name":"Home","item":"https:\/\/vana.vspa.ee\/fi\/"},{"@type":"ListItem","position":2,"name":"Hoidot","item":"https:\/\/vana.vspa.ee\/hoolitsused\/"},{"@type":"ListItem","position":3,"name":"Kokonaisvaltainen kiinteytt\u00e4v\u00e4 kasvohoito \u2013 Lift Summum"}]},{"@type":"WebSite","@id":"https:\/\/vana.vspa.ee\/#website","url":"https:\/\/vana.vspa.ee\/","name":"V Spa","description":"V\u00f5ta veest viimast!","potentialAction":[{"@type":"SearchAction","target":{"@type":"EntryPoint","urlTemplate":"https:\/\/vana.vspa.ee\/?s={search_term_string}"},"query-input":{"@type":"PropertyValueSpecification","valueRequired":true,"valueName":"search_term_string"}}],"inLanguage":"fi"}]}},"_links":{"self":[{"href":"https:\/\/vana.vspa.ee\/fi\/wp-json\/wp\/v2\/pages\/18462","targetHints":{"allow":["GET"]}}],"collection":[{"href":"https:\/\/vana.vspa.ee\/fi\/wp-json\/wp\/v2\/pages"}],"about":[{"href":"https:\/\/vana.vspa.ee\/fi\/wp-json\/wp\/v2\/types\/page"}],"author":[{"embeddable":true,"href":"https:\/\/vana.vspa.ee\/fi\/wp-json\/wp\/v2\/users\/1"}],"replies":[{"embeddable":true,"href":"https:\/\/vana.vspa.ee\/fi\/wp-json\/wp\/v2\/comments?post=18462"}],"version-history":[{"count":3,"href":"https:\/\/vana.vspa.ee\/fi\/wp-json\/wp\/v2\/pages\/18462\/revisions"}],"predecessor-version":[{"id":42293,"href":"https:\/\/vana.vspa.ee\/fi\/wp-json\/wp\/v2\/pages\/18462\/revisions\/42293"}],"up":[{"embeddable":true,"href":"https:\/\/vana.vspa.ee\/fi\/wp-json\/wp\/v2\/pages\/1969"}],"wp:attachment":[{"href":"https:\/\/vana.vspa.ee\/fi\/wp-json\/wp\/v2\/media?parent=18462"}],"curies":[{"name":"wp","href":"https:\/\/api.w.org\/{rel}","templated":true}]}}