{"id":18464,"date":"2019-02-06T14:54:09","date_gmt":"2019-02-06T12:54:09","guid":{"rendered":"https:\/\/vspa.ee\/hoidot\/soe-sokolaadimahis\/"},"modified":"2024-11-28T15:39:48","modified_gmt":"2024-11-28T13:39:48","slug":"soe-sokolaadimahis","status":"publish","type":"page","link":"https:\/\/vana.vspa.ee\/fi\/hoidot\/soe-sokolaadimahis\/","title":{"rendered":"L\u00e4mmin suklaak\u00e4\u00e4re"},"content":{"rendered":"<p>Suklaak\u00e4\u00e4re on todella ylellinen hoito sek\u00e4 keholle ett\u00e4 sielulle!<\/p>\n<p>Suklaa pehment\u00e4\u00e4, ravitsee ja tasapainottaa ihoa. Se sis\u00e4lt\u00e4\u00e4 paljon vitamiineja, hivenaineita ja antioksidantteja. Hoidon aikana levitet\u00e4\u00e4n iholle l\u00e4mmin suklaanaamio hierovin liikkein ja sinut j\u00e4tet\u00e4\u00e4n l\u00e4mpim\u00e4\u00e4n koteloon nauttimaan tuoksusta ja suklaan vaikutuksesta. T\u00e4m\u00e4 aromaattinen ja kosteuttava vartalohoito virkist\u00e4\u00e4 sek\u00e4 kehoa ett\u00e4 mielialaa.<\/p>\n","protected":false},"excerpt":{"rendered":"<p>Suklaak\u00e4\u00e4re on todella ylellinen hoito sek\u00e4 keholle ett\u00e4 sielulle! Suklaa pehment\u00e4\u00e4, ravitsee ja tasapainottaa ihoa. Se sis\u00e4lt\u00e4\u00e4 paljon vitamiineja, hivenaineita&#8230;<\/p>\n","protected":false},"author":1,"featured_media":0,"parent":1969,"menu_order":0,"comment_status":"closed","ping_status":"closed","template":"page-templates\/tpl-offer1.php","meta":{"_acf_changed":false,"_monsterinsights_skip_tracking":false,"_monsterinsights_sitenote_active":false,"_monsterinsights_sitenote_note":"","_monsterinsights_sitenote_category":0,"footnotes":"","_links_to":"","_links_to_target":""},"class_list":["post-18464","page","type-page","status-publish","hentry"],"acf":[],"yoast_head":"<!-- This site is optimized with the Yoast SEO plugin v24.7 - https:\/\/yoast.com\/wordpress\/plugins\/seo\/ -->\n<title>L\u00e4mmin suklaak\u00e4\u00e4re - V Spa<\/title>\n<meta name=\"robots\" content=\"noindex, follow, max-snippet:-1, max-image-preview:large, max-video-preview:-1\" \/>\n<meta property=\"og:locale\" content=\"fi_FI\" \/>\n<meta property=\"og:type\" content=\"article\" \/>\n<meta property=\"og:title\" content=\"L\u00e4mmin suklaak\u00e4\u00e4re - V Spa\" \/>\n<meta property=\"og:description\" content=\"Suklaak\u00e4\u00e4re on todella ylellinen hoito sek\u00e4 keholle ett\u00e4 sielulle! Suklaa pehment\u00e4\u00e4, ravitsee ja tasapainottaa ihoa. Se sis\u00e4lt\u00e4\u00e4 paljon vitamiineja, hivenaineita...\" \/>\n<meta property=\"og:url\" content=\"https:\/\/vana.vspa.ee\/hoolitsused\/soe-sokolaadimahis\/\" \/>\n<meta property=\"og:site_name\" content=\"V Spa\" \/>\n<meta property=\"article:modified_time\" content=\"2024-11-28T13:39:48+00:00\" \/>\n<meta name=\"twitter:card\" content=\"summary_large_image\" \/>\n<meta name=\"twitter:label1\" content=\"Arvioitu lukuaika\" \/>\n\t<meta name=\"twitter:data1\" content=\"1 minuutti\" \/>\n<script type=\"application\/ld+json\" class=\"yoast-schema-graph\">{\"@context\":\"https:\/\/schema.org\",\"@graph\":[{\"@type\":\"WebPage\",\"@id\":\"https:\/\/vana.vspa.ee\/hoolitsused\/soe-sokolaadimahis\/\",\"url\":\"https:\/\/vana.vspa.ee\/hoolitsused\/soe-sokolaadimahis\/\",\"name\":\"L\u00e4mmin suklaak\u00e4\u00e4re - V Spa\",\"isPartOf\":{\"@id\":\"https:\/\/vana.vspa.ee\/#website\"},\"datePublished\":\"2019-02-06T12:54:09+00:00\",\"dateModified\":\"2024-11-28T13:39:48+00:00\",\"breadcrumb\":{\"@id\":\"https:\/\/vana.vspa.ee\/hoolitsused\/soe-sokolaadimahis\/#breadcrumb\"},\"inLanguage\":\"fi\",\"potentialAction\":[{\"@type\":\"ReadAction\",\"target\":[\"https:\/\/vana.vspa.ee\/hoolitsused\/soe-sokolaadimahis\/\"]}]},{\"@type\":\"BreadcrumbList\",\"@id\":\"https:\/\/vana.vspa.ee\/hoolitsused\/soe-sokolaadimahis\/#breadcrumb\",\"itemListElement\":[{\"@type\":\"ListItem\",\"position\":1,\"name\":\"Home\",\"item\":\"https:\/\/vana.vspa.ee\/fi\/\"},{\"@type\":\"ListItem\",\"position\":2,\"name\":\"Hoidot\",\"item\":\"https:\/\/vana.vspa.ee\/hoolitsused\/\"},{\"@type\":\"ListItem\",\"position\":3,\"name\":\"L\u00e4mmin suklaak\u00e4\u00e4re\"}]},{\"@type\":\"WebSite\",\"@id\":\"https:\/\/vana.vspa.ee\/#website\",\"url\":\"https:\/\/vana.vspa.ee\/\",\"name\":\"V Spa\",\"description\":\"V\u00f5ta veest viimast!\",\"potentialAction\":[{\"@type\":\"SearchAction\",\"target\":{\"@type\":\"EntryPoint\",\"urlTemplate\":\"https:\/\/vana.vspa.ee\/?s={search_term_string}\"},\"query-input\":{\"@type\":\"PropertyValueSpecification\",\"valueRequired\":true,\"valueName\":\"search_term_string\"}}],\"inLanguage\":\"fi\"}]}<\/script>\n<!-- \/ Yoast SEO plugin. -->","yoast_head_json":{"title":"L\u00e4mmin suklaak\u00e4\u00e4re - V Spa","robots":{"index":"noindex","follow":"follow","max-snippet":"max-snippet:-1","max-image-preview":"max-image-preview:large","max-video-preview":"max-video-preview:-1"},"og_locale":"fi_FI","og_type":"article","og_title":"L\u00e4mmin suklaak\u00e4\u00e4re - V Spa","og_description":"Suklaak\u00e4\u00e4re on todella ylellinen hoito sek\u00e4 keholle ett\u00e4 sielulle! Suklaa pehment\u00e4\u00e4, ravitsee ja tasapainottaa ihoa. Se sis\u00e4lt\u00e4\u00e4 paljon vitamiineja, hivenaineita...","og_url":"https:\/\/vana.vspa.ee\/hoolitsused\/soe-sokolaadimahis\/","og_site_name":"V Spa","article_modified_time":"2024-11-28T13:39:48+00:00","twitter_card":"summary_large_image","twitter_misc":{"Arvioitu lukuaika":"1 minuutti"},"schema":{"@context":"https:\/\/schema.org","@graph":[{"@type":"WebPage","@id":"https:\/\/vana.vspa.ee\/hoolitsused\/soe-sokolaadimahis\/","url":"https:\/\/vana.vspa.ee\/hoolitsused\/soe-sokolaadimahis\/","name":"L\u00e4mmin suklaak\u00e4\u00e4re - V Spa","isPartOf":{"@id":"https:\/\/vana.vspa.ee\/#website"},"datePublished":"2019-02-06T12:54:09+00:00","dateModified":"2024-11-28T13:39:48+00:00","breadcrumb":{"@id":"https:\/\/vana.vspa.ee\/hoolitsused\/soe-sokolaadimahis\/#breadcrumb"},"inLanguage":"fi","potentialAction":[{"@type":"ReadAction","target":["https:\/\/vana.vspa.ee\/hoolitsused\/soe-sokolaadimahis\/"]}]},{"@type":"BreadcrumbList","@id":"https:\/\/vana.vspa.ee\/hoolitsused\/soe-sokolaadimahis\/#breadcrumb","itemListElement":[{"@type":"ListItem","position":1,"name":"Home","item":"https:\/\/vana.vspa.ee\/fi\/"},{"@type":"ListItem","position":2,"name":"Hoidot","item":"https:\/\/vana.vspa.ee\/hoolitsused\/"},{"@type":"ListItem","position":3,"name":"L\u00e4mmin suklaak\u00e4\u00e4re"}]},{"@type":"WebSite","@id":"https:\/\/vana.vspa.ee\/#website","url":"https:\/\/vana.vspa.ee\/","name":"V Spa","description":"V\u00f5ta veest viimast!","potentialAction":[{"@type":"SearchAction","target":{"@type":"EntryPoint","urlTemplate":"https:\/\/vana.vspa.ee\/?s={search_term_string}"},"query-input":{"@type":"PropertyValueSpecification","valueRequired":true,"valueName":"search_term_string"}}],"inLanguage":"fi"}]}},"_links":{"self":[{"href":"https:\/\/vana.vspa.ee\/fi\/wp-json\/wp\/v2\/pages\/18464","targetHints":{"allow":["GET"]}}],"collection":[{"href":"https:\/\/vana.vspa.ee\/fi\/wp-json\/wp\/v2\/pages"}],"about":[{"href":"https:\/\/vana.vspa.ee\/fi\/wp-json\/wp\/v2\/types\/page"}],"author":[{"embeddable":true,"href":"https:\/\/vana.vspa.ee\/fi\/wp-json\/wp\/v2\/users\/1"}],"replies":[{"embeddable":true,"href":"https:\/\/vana.vspa.ee\/fi\/wp-json\/wp\/v2\/comments?post=18464"}],"version-history":[{"count":4,"href":"https:\/\/vana.vspa.ee\/fi\/wp-json\/wp\/v2\/pages\/18464\/revisions"}],"predecessor-version":[{"id":47203,"href":"https:\/\/vana.vspa.ee\/fi\/wp-json\/wp\/v2\/pages\/18464\/revisions\/47203"}],"up":[{"embeddable":true,"href":"https:\/\/vana.vspa.ee\/fi\/wp-json\/wp\/v2\/pages\/1969"}],"wp:attachment":[{"href":"https:\/\/vana.vspa.ee\/fi\/wp-json\/wp\/v2\/media?parent=18464"}],"curies":[{"name":"wp","href":"https:\/\/api.w.org\/{rel}","templated":true}]}}