{"id":18467,"date":"2019-04-02T13:33:50","date_gmt":"2019-04-02T10:33:50","guid":{"rendered":"https:\/\/vspa.ee\/hoidot\/marokohonguline-loogastav-ja-puhastav-kehahoolitsus\/"},"modified":"2024-11-28T15:27:44","modified_gmt":"2024-11-28T13:27:44","slug":"marokohonguline-loogastav-ja-puhastav-kehahoolitsus","status":"publish","type":"page","link":"https:\/\/vana.vspa.ee\/fi\/hoidot\/marokohonguline-loogastav-ja-puhastav-kehahoolitsus\/","title":{"rendered":"Marokkohenkinen rentouttava ja puhdistava vartalohoito"},"content":{"rendered":"<p>T\u00e4m\u00e4 hoito on todellinen aromimatka Marokkoon. Hoito alkaa Neroli-vartalokuorinnalla, joka levitet\u00e4\u00e4n hierovin liikkein ihoon. Kuorinta puhdistaa, nuorentaa ja rauhoittaa vartaloa. Naamio, joka sis\u00e4lt\u00e4\u00e4 rasul-savea, ruusuvett\u00e4 sek\u00e4 argan\u00f6ljy\u00e4, puhdistaa, hoitaa ja kosteuttaa samanaikaisesti. Jos on valittu my\u00f6s kasvohoito, se tehd\u00e4\u00e4n vartalonaamion aikana. Kasvot puhdistetaan hierovin liikkein meikinpoisto\u00f6ljyll\u00e4 ja sen j\u00e4lkeen my\u00f6s kasvoille levitet\u00e4\u00e4n naamio. Kirkkaalle iholle levitet\u00e4\u00e4n naamion j\u00e4lkeen kosteuttava kasvoseerumi. Hoidon p\u00e4\u00e4tteeksi levitet\u00e4\u00e4n vartalolle kevytt\u00e4 ruusuvaahtoa. Iho on hoidon j\u00e4lkeen silkinpehme\u00e4 ja hehkuu trooppista l\u00e4mp\u00f6\u00e4 ja tuoksuja.<\/p>\n<p>Hoidossa k\u00e4ytet\u00e4\u00e4n HOIA homespa -sarjan tuotteita.<\/p>\n","protected":false},"excerpt":{"rendered":"<p>T\u00e4m\u00e4 hoito on todellinen aromimatka Marokkoon. Hoito alkaa Neroli-vartalokuorinnalla, joka levitet\u00e4\u00e4n hierovin liikkein ihoon. Kuorinta puhdistaa, nuorentaa ja rauhoittaa vartaloa&#8230;.<\/p>\n","protected":false},"author":1,"featured_media":0,"parent":1969,"menu_order":0,"comment_status":"closed","ping_status":"closed","template":"page-templates\/tpl-offer1.php","meta":{"_acf_changed":false,"_monsterinsights_skip_tracking":false,"_monsterinsights_sitenote_active":false,"_monsterinsights_sitenote_note":"","_monsterinsights_sitenote_category":0,"footnotes":"","_links_to":"","_links_to_target":""},"class_list":["post-18467","page","type-page","status-publish","hentry"],"acf":[],"yoast_head":"<!-- This site is optimized with the Yoast SEO plugin v24.7 - https:\/\/yoast.com\/wordpress\/plugins\/seo\/ -->\n<title>Marokkohenkinen rentouttava ja puhdistava vartalohoito - V Spa<\/title>\n<meta name=\"robots\" content=\"noindex, follow, max-snippet:-1, max-image-preview:large, max-video-preview:-1\" \/>\n<meta property=\"og:locale\" content=\"fi_FI\" \/>\n<meta property=\"og:type\" content=\"article\" \/>\n<meta property=\"og:title\" content=\"Marokkohenkinen rentouttava ja puhdistava vartalohoito - V Spa\" \/>\n<meta property=\"og:description\" content=\"T\u00e4m\u00e4 hoito on todellinen aromimatka Marokkoon. Hoito alkaa Neroli-vartalokuorinnalla, joka levitet\u00e4\u00e4n hierovin liikkein ihoon. Kuorinta puhdistaa, nuorentaa ja rauhoittaa vartaloa....\" \/>\n<meta property=\"og:url\" content=\"https:\/\/vana.vspa.ee\/hoolitsused\/marokohonguline-loogastav-ja-puhastav-kehahoolitsus\/\" \/>\n<meta property=\"og:site_name\" content=\"V Spa\" \/>\n<meta property=\"article:modified_time\" content=\"2024-11-28T13:27:44+00:00\" \/>\n<meta name=\"twitter:card\" content=\"summary_large_image\" \/>\n<meta name=\"twitter:label1\" content=\"Arvioitu lukuaika\" \/>\n\t<meta name=\"twitter:data1\" content=\"1 minuutti\" \/>\n<script type=\"application\/ld+json\" class=\"yoast-schema-graph\">{\"@context\":\"https:\/\/schema.org\",\"@graph\":[{\"@type\":\"WebPage\",\"@id\":\"https:\/\/vana.vspa.ee\/hoolitsused\/marokohonguline-loogastav-ja-puhastav-kehahoolitsus\/\",\"url\":\"https:\/\/vana.vspa.ee\/hoolitsused\/marokohonguline-loogastav-ja-puhastav-kehahoolitsus\/\",\"name\":\"Marokkohenkinen rentouttava ja puhdistava vartalohoito - V Spa\",\"isPartOf\":{\"@id\":\"https:\/\/vana.vspa.ee\/#website\"},\"datePublished\":\"2019-04-02T10:33:50+00:00\",\"dateModified\":\"2024-11-28T13:27:44+00:00\",\"breadcrumb\":{\"@id\":\"https:\/\/vana.vspa.ee\/hoolitsused\/marokohonguline-loogastav-ja-puhastav-kehahoolitsus\/#breadcrumb\"},\"inLanguage\":\"fi\",\"potentialAction\":[{\"@type\":\"ReadAction\",\"target\":[\"https:\/\/vana.vspa.ee\/hoolitsused\/marokohonguline-loogastav-ja-puhastav-kehahoolitsus\/\"]}]},{\"@type\":\"BreadcrumbList\",\"@id\":\"https:\/\/vana.vspa.ee\/hoolitsused\/marokohonguline-loogastav-ja-puhastav-kehahoolitsus\/#breadcrumb\",\"itemListElement\":[{\"@type\":\"ListItem\",\"position\":1,\"name\":\"Home\",\"item\":\"https:\/\/vana.vspa.ee\/fi\/\"},{\"@type\":\"ListItem\",\"position\":2,\"name\":\"Hoidot\",\"item\":\"https:\/\/vana.vspa.ee\/hoolitsused\/\"},{\"@type\":\"ListItem\",\"position\":3,\"name\":\"Marokkohenkinen rentouttava ja puhdistava vartalohoito\"}]},{\"@type\":\"WebSite\",\"@id\":\"https:\/\/vana.vspa.ee\/#website\",\"url\":\"https:\/\/vana.vspa.ee\/\",\"name\":\"V Spa\",\"description\":\"V\u00f5ta veest viimast!\",\"potentialAction\":[{\"@type\":\"SearchAction\",\"target\":{\"@type\":\"EntryPoint\",\"urlTemplate\":\"https:\/\/vana.vspa.ee\/?s={search_term_string}\"},\"query-input\":{\"@type\":\"PropertyValueSpecification\",\"valueRequired\":true,\"valueName\":\"search_term_string\"}}],\"inLanguage\":\"fi\"}]}<\/script>\n<!-- \/ Yoast SEO plugin. -->","yoast_head_json":{"title":"Marokkohenkinen rentouttava ja puhdistava vartalohoito - V Spa","robots":{"index":"noindex","follow":"follow","max-snippet":"max-snippet:-1","max-image-preview":"max-image-preview:large","max-video-preview":"max-video-preview:-1"},"og_locale":"fi_FI","og_type":"article","og_title":"Marokkohenkinen rentouttava ja puhdistava vartalohoito - V Spa","og_description":"T\u00e4m\u00e4 hoito on todellinen aromimatka Marokkoon. Hoito alkaa Neroli-vartalokuorinnalla, joka levitet\u00e4\u00e4n hierovin liikkein ihoon. Kuorinta puhdistaa, nuorentaa ja rauhoittaa vartaloa....","og_url":"https:\/\/vana.vspa.ee\/hoolitsused\/marokohonguline-loogastav-ja-puhastav-kehahoolitsus\/","og_site_name":"V Spa","article_modified_time":"2024-11-28T13:27:44+00:00","twitter_card":"summary_large_image","twitter_misc":{"Arvioitu lukuaika":"1 minuutti"},"schema":{"@context":"https:\/\/schema.org","@graph":[{"@type":"WebPage","@id":"https:\/\/vana.vspa.ee\/hoolitsused\/marokohonguline-loogastav-ja-puhastav-kehahoolitsus\/","url":"https:\/\/vana.vspa.ee\/hoolitsused\/marokohonguline-loogastav-ja-puhastav-kehahoolitsus\/","name":"Marokkohenkinen rentouttava ja puhdistava vartalohoito - V Spa","isPartOf":{"@id":"https:\/\/vana.vspa.ee\/#website"},"datePublished":"2019-04-02T10:33:50+00:00","dateModified":"2024-11-28T13:27:44+00:00","breadcrumb":{"@id":"https:\/\/vana.vspa.ee\/hoolitsused\/marokohonguline-loogastav-ja-puhastav-kehahoolitsus\/#breadcrumb"},"inLanguage":"fi","potentialAction":[{"@type":"ReadAction","target":["https:\/\/vana.vspa.ee\/hoolitsused\/marokohonguline-loogastav-ja-puhastav-kehahoolitsus\/"]}]},{"@type":"BreadcrumbList","@id":"https:\/\/vana.vspa.ee\/hoolitsused\/marokohonguline-loogastav-ja-puhastav-kehahoolitsus\/#breadcrumb","itemListElement":[{"@type":"ListItem","position":1,"name":"Home","item":"https:\/\/vana.vspa.ee\/fi\/"},{"@type":"ListItem","position":2,"name":"Hoidot","item":"https:\/\/vana.vspa.ee\/hoolitsused\/"},{"@type":"ListItem","position":3,"name":"Marokkohenkinen rentouttava ja puhdistava vartalohoito"}]},{"@type":"WebSite","@id":"https:\/\/vana.vspa.ee\/#website","url":"https:\/\/vana.vspa.ee\/","name":"V Spa","description":"V\u00f5ta veest viimast!","potentialAction":[{"@type":"SearchAction","target":{"@type":"EntryPoint","urlTemplate":"https:\/\/vana.vspa.ee\/?s={search_term_string}"},"query-input":{"@type":"PropertyValueSpecification","valueRequired":true,"valueName":"search_term_string"}}],"inLanguage":"fi"}]}},"_links":{"self":[{"href":"https:\/\/vana.vspa.ee\/fi\/wp-json\/wp\/v2\/pages\/18467","targetHints":{"allow":["GET"]}}],"collection":[{"href":"https:\/\/vana.vspa.ee\/fi\/wp-json\/wp\/v2\/pages"}],"about":[{"href":"https:\/\/vana.vspa.ee\/fi\/wp-json\/wp\/v2\/types\/page"}],"author":[{"embeddable":true,"href":"https:\/\/vana.vspa.ee\/fi\/wp-json\/wp\/v2\/users\/1"}],"replies":[{"embeddable":true,"href":"https:\/\/vana.vspa.ee\/fi\/wp-json\/wp\/v2\/comments?post=18467"}],"version-history":[{"count":8,"href":"https:\/\/vana.vspa.ee\/fi\/wp-json\/wp\/v2\/pages\/18467\/revisions"}],"predecessor-version":[{"id":47183,"href":"https:\/\/vana.vspa.ee\/fi\/wp-json\/wp\/v2\/pages\/18467\/revisions\/47183"}],"up":[{"embeddable":true,"href":"https:\/\/vana.vspa.ee\/fi\/wp-json\/wp\/v2\/pages\/1969"}],"wp:attachment":[{"href":"https:\/\/vana.vspa.ee\/fi\/wp-json\/wp\/v2\/media?parent=18467"}],"curies":[{"name":"wp","href":"https:\/\/api.w.org\/{rel}","templated":true}]}}