{"id":18503,"date":"2019-04-02T13:53:23","date_gmt":"2019-04-02T10:53:23","guid":{"rendered":"https:\/\/vspa.ee\/hoidot\/uus-shirodhara-idamaine-rituaal\/"},"modified":"2023-12-07T13:52:27","modified_gmt":"2023-12-07T11:52:27","slug":"uus-shirodhara-idamaine-rituaal","status":"publish","type":"page","link":"https:\/\/vana.vspa.ee\/fi\/hoidot\/uus-shirodhara-idamaine-rituaal\/","title":{"rendered":"Shirodhara \u2013 it\u00e4mainen rituaali"},"content":{"rendered":"<p>Shirodhara on ikivanha ayurveda-rituaali, joka alkaa kevyell\u00e4 ja rentouttavalla hieronnalla. Sit\u00e4 seuraa hoidon ydin, jossa kolmatta silm\u00e4\u00e4 eli otsachakraa aktivoidaan miedolla tuoksuvedell\u00e4, jonka aromi valitaan yhdess\u00e4 asiakkaan kanssa h\u00e4nen kehotyyppins\u00e4 mukaan. Hoito on syv\u00e4rentouttava ja meditatiivinen, se puhdistaa ajatuksia ja lievitt\u00e4\u00e4 rauhattomuutta ja stressi\u00e4. Hoidon p\u00e4\u00e4tt\u00e4\u00e4 rentouttava marma-kasvohieronta. Shirodhara-rituaali vaikuttaa suotuisasti uniongelmiin, vahvistaa immuunij\u00e4rjestelm\u00e4\u00e4 ja kirkastaa ajatuksia ja virkist\u00e4\u00e4 muistia.<\/p>\n<p>Hiukset ovat hoidon j\u00e4lkeen hieman \u00f6ljyiset, ja ei ole suositeltavaa pest\u00e4 niit\u00e4 heti. Kannattaa varata aikaa lepoon ja rauhoittumiseen.<\/p>\n","protected":false},"excerpt":{"rendered":"<p>Shirodhara on ikivanha ayurveda-rituaali, joka alkaa kevyell\u00e4 ja rentouttavalla hieronnalla. Sit\u00e4 seuraa hoidon ydin, jossa kolmatta silm\u00e4\u00e4 eli otsachakraa aktivoidaan&#8230;<\/p>\n","protected":false},"author":1,"featured_media":0,"parent":1969,"menu_order":0,"comment_status":"closed","ping_status":"closed","template":"page-templates\/tpl-offer1.php","meta":{"_acf_changed":false,"_monsterinsights_skip_tracking":false,"_monsterinsights_sitenote_active":false,"_monsterinsights_sitenote_note":"","_monsterinsights_sitenote_category":0,"footnotes":"","_links_to":"","_links_to_target":""},"class_list":["post-18503","page","type-page","status-publish","hentry"],"acf":[],"yoast_head":"<!-- This site is optimized with the Yoast SEO plugin v24.7 - https:\/\/yoast.com\/wordpress\/plugins\/seo\/ -->\n<title>Shirodhara \u2013 it\u00e4mainen rituaali - V Spa<\/title>\n<meta name=\"robots\" content=\"noindex, follow, max-snippet:-1, max-image-preview:large, max-video-preview:-1\" \/>\n<meta property=\"og:locale\" content=\"fi_FI\" \/>\n<meta property=\"og:type\" content=\"article\" \/>\n<meta property=\"og:title\" content=\"Shirodhara \u2013 it\u00e4mainen rituaali - V Spa\" \/>\n<meta property=\"og:description\" content=\"Shirodhara on ikivanha ayurveda-rituaali, joka alkaa kevyell\u00e4 ja rentouttavalla hieronnalla. Sit\u00e4 seuraa hoidon ydin, jossa kolmatta silm\u00e4\u00e4 eli otsachakraa aktivoidaan...\" \/>\n<meta property=\"og:url\" content=\"https:\/\/vana.vspa.ee\/hoolitsused\/uus-shirodhara-idamaine-rituaal\/\" \/>\n<meta property=\"og:site_name\" content=\"V Spa\" \/>\n<meta property=\"article:modified_time\" content=\"2023-12-07T11:52:27+00:00\" \/>\n<meta name=\"twitter:card\" content=\"summary_large_image\" \/>\n<meta name=\"twitter:label1\" content=\"Arvioitu lukuaika\" \/>\n\t<meta name=\"twitter:data1\" content=\"1 minuutti\" \/>\n<script type=\"application\/ld+json\" class=\"yoast-schema-graph\">{\"@context\":\"https:\/\/schema.org\",\"@graph\":[{\"@type\":\"WebPage\",\"@id\":\"https:\/\/vana.vspa.ee\/hoolitsused\/uus-shirodhara-idamaine-rituaal\/\",\"url\":\"https:\/\/vana.vspa.ee\/hoolitsused\/uus-shirodhara-idamaine-rituaal\/\",\"name\":\"Shirodhara \u2013 it\u00e4mainen rituaali - V Spa\",\"isPartOf\":{\"@id\":\"https:\/\/vana.vspa.ee\/#website\"},\"datePublished\":\"2019-04-02T10:53:23+00:00\",\"dateModified\":\"2023-12-07T11:52:27+00:00\",\"breadcrumb\":{\"@id\":\"https:\/\/vana.vspa.ee\/hoolitsused\/uus-shirodhara-idamaine-rituaal\/#breadcrumb\"},\"inLanguage\":\"fi\",\"potentialAction\":[{\"@type\":\"ReadAction\",\"target\":[\"https:\/\/vana.vspa.ee\/hoolitsused\/uus-shirodhara-idamaine-rituaal\/\"]}]},{\"@type\":\"BreadcrumbList\",\"@id\":\"https:\/\/vana.vspa.ee\/hoolitsused\/uus-shirodhara-idamaine-rituaal\/#breadcrumb\",\"itemListElement\":[{\"@type\":\"ListItem\",\"position\":1,\"name\":\"Home\",\"item\":\"https:\/\/vana.vspa.ee\/fi\/\"},{\"@type\":\"ListItem\",\"position\":2,\"name\":\"Hoidot\",\"item\":\"https:\/\/vana.vspa.ee\/hoolitsused\/\"},{\"@type\":\"ListItem\",\"position\":3,\"name\":\"Shirodhara \u2013 it\u00e4mainen rituaali\"}]},{\"@type\":\"WebSite\",\"@id\":\"https:\/\/vana.vspa.ee\/#website\",\"url\":\"https:\/\/vana.vspa.ee\/\",\"name\":\"V Spa\",\"description\":\"V\u00f5ta veest viimast!\",\"potentialAction\":[{\"@type\":\"SearchAction\",\"target\":{\"@type\":\"EntryPoint\",\"urlTemplate\":\"https:\/\/vana.vspa.ee\/?s={search_term_string}\"},\"query-input\":{\"@type\":\"PropertyValueSpecification\",\"valueRequired\":true,\"valueName\":\"search_term_string\"}}],\"inLanguage\":\"fi\"}]}<\/script>\n<!-- \/ Yoast SEO plugin. -->","yoast_head_json":{"title":"Shirodhara \u2013 it\u00e4mainen rituaali - V Spa","robots":{"index":"noindex","follow":"follow","max-snippet":"max-snippet:-1","max-image-preview":"max-image-preview:large","max-video-preview":"max-video-preview:-1"},"og_locale":"fi_FI","og_type":"article","og_title":"Shirodhara \u2013 it\u00e4mainen rituaali - V Spa","og_description":"Shirodhara on ikivanha ayurveda-rituaali, joka alkaa kevyell\u00e4 ja rentouttavalla hieronnalla. Sit\u00e4 seuraa hoidon ydin, jossa kolmatta silm\u00e4\u00e4 eli otsachakraa aktivoidaan...","og_url":"https:\/\/vana.vspa.ee\/hoolitsused\/uus-shirodhara-idamaine-rituaal\/","og_site_name":"V Spa","article_modified_time":"2023-12-07T11:52:27+00:00","twitter_card":"summary_large_image","twitter_misc":{"Arvioitu lukuaika":"1 minuutti"},"schema":{"@context":"https:\/\/schema.org","@graph":[{"@type":"WebPage","@id":"https:\/\/vana.vspa.ee\/hoolitsused\/uus-shirodhara-idamaine-rituaal\/","url":"https:\/\/vana.vspa.ee\/hoolitsused\/uus-shirodhara-idamaine-rituaal\/","name":"Shirodhara \u2013 it\u00e4mainen rituaali - V Spa","isPartOf":{"@id":"https:\/\/vana.vspa.ee\/#website"},"datePublished":"2019-04-02T10:53:23+00:00","dateModified":"2023-12-07T11:52:27+00:00","breadcrumb":{"@id":"https:\/\/vana.vspa.ee\/hoolitsused\/uus-shirodhara-idamaine-rituaal\/#breadcrumb"},"inLanguage":"fi","potentialAction":[{"@type":"ReadAction","target":["https:\/\/vana.vspa.ee\/hoolitsused\/uus-shirodhara-idamaine-rituaal\/"]}]},{"@type":"BreadcrumbList","@id":"https:\/\/vana.vspa.ee\/hoolitsused\/uus-shirodhara-idamaine-rituaal\/#breadcrumb","itemListElement":[{"@type":"ListItem","position":1,"name":"Home","item":"https:\/\/vana.vspa.ee\/fi\/"},{"@type":"ListItem","position":2,"name":"Hoidot","item":"https:\/\/vana.vspa.ee\/hoolitsused\/"},{"@type":"ListItem","position":3,"name":"Shirodhara \u2013 it\u00e4mainen rituaali"}]},{"@type":"WebSite","@id":"https:\/\/vana.vspa.ee\/#website","url":"https:\/\/vana.vspa.ee\/","name":"V Spa","description":"V\u00f5ta veest viimast!","potentialAction":[{"@type":"SearchAction","target":{"@type":"EntryPoint","urlTemplate":"https:\/\/vana.vspa.ee\/?s={search_term_string}"},"query-input":{"@type":"PropertyValueSpecification","valueRequired":true,"valueName":"search_term_string"}}],"inLanguage":"fi"}]}},"_links":{"self":[{"href":"https:\/\/vana.vspa.ee\/fi\/wp-json\/wp\/v2\/pages\/18503","targetHints":{"allow":["GET"]}}],"collection":[{"href":"https:\/\/vana.vspa.ee\/fi\/wp-json\/wp\/v2\/pages"}],"about":[{"href":"https:\/\/vana.vspa.ee\/fi\/wp-json\/wp\/v2\/types\/page"}],"author":[{"embeddable":true,"href":"https:\/\/vana.vspa.ee\/fi\/wp-json\/wp\/v2\/users\/1"}],"replies":[{"embeddable":true,"href":"https:\/\/vana.vspa.ee\/fi\/wp-json\/wp\/v2\/comments?post=18503"}],"version-history":[{"count":6,"href":"https:\/\/vana.vspa.ee\/fi\/wp-json\/wp\/v2\/pages\/18503\/revisions"}],"predecessor-version":[{"id":42190,"href":"https:\/\/vana.vspa.ee\/fi\/wp-json\/wp\/v2\/pages\/18503\/revisions\/42190"}],"up":[{"embeddable":true,"href":"https:\/\/vana.vspa.ee\/fi\/wp-json\/wp\/v2\/pages\/1969"}],"wp:attachment":[{"href":"https:\/\/vana.vspa.ee\/fi\/wp-json\/wp\/v2\/media?parent=18503"}],"curies":[{"name":"wp","href":"https:\/\/api.w.org\/{rel}","templated":true}]}}