{"id":1976,"date":"2017-03-10T09:32:01","date_gmt":"2017-03-10T07:32:01","guid":{"rendered":"http:\/\/vspa.ee\/?page_id=1976\/"},"modified":"2022-07-29T10:17:09","modified_gmt":"2022-07-29T07:17:09","slug":"kontakti","status":"publish","type":"page","link":"https:\/\/vana.vspa.ee\/fi\/kontakti\/","title":{"rendered":"Yhteystiedot"},"content":{"rendered":"<p><strong>V Spa<\/strong><br \/>\nRiia 2, Tartu<br \/>\n(Kvartal ostukeskus\u00a04. kerros)<\/p>\n<p><strong>Kylpyl\u00e4n asiakaspalvelu:<\/strong><br \/>\nS\u00e4hk\u00f6posti: <a href=\"mailto:info@vspa.ee\">info@vspa.ee<\/a><\/p>\n<p>Vesi- ja Saunakeskus: +372 740 4090<br \/>\nWellness-hoidot: +372 740 4070<\/p>\n<p><strong>R2 Spa O\u00dc<br \/>\n<\/strong>Ujula 2, Tartu<br \/>\nRekisterinumero: 12961526<\/p>\n<p>&nbsp;<\/p>\n","protected":false},"excerpt":{"rendered":"<p>V Spa Riia 2, Tartu (Kvartal ostukeskus\u00a04. kerros) Kylpyl\u00e4n asiakaspalvelu: S\u00e4hk\u00f6posti: info@vspa.ee Vesi- ja Saunakeskus: +372 740 4090 Wellness-hoidot: +372&#8230;<\/p>\n","protected":false},"author":1,"featured_media":0,"parent":0,"menu_order":70,"comment_status":"closed","ping_status":"closed","template":"templates\/tpl-contact.php","meta":{"_acf_changed":false,"_monsterinsights_skip_tracking":false,"_monsterinsights_sitenote_active":false,"_monsterinsights_sitenote_note":"","_monsterinsights_sitenote_category":0,"footnotes":"","_links_to":"","_links_to_target":""},"class_list":["post-1976","page","type-page","status-publish","hentry"],"acf":[],"yoast_head":"<!-- This site is optimized with the Yoast SEO plugin v24.7 - https:\/\/yoast.com\/wordpress\/plugins\/seo\/ -->\n<title>Yhteystiedot - V Spa<\/title>\n<meta name=\"robots\" content=\"noindex, follow, max-snippet:-1, max-image-preview:large, max-video-preview:-1\" \/>\n<meta property=\"og:locale\" content=\"fi_FI\" \/>\n<meta property=\"og:type\" content=\"article\" \/>\n<meta property=\"og:title\" content=\"Yhteystiedot - V Spa\" \/>\n<meta property=\"og:description\" content=\"V Spa Riia 2, Tartu (Kvartal ostukeskus\u00a04. kerros) Kylpyl\u00e4n asiakaspalvelu: S\u00e4hk\u00f6posti: info@vspa.ee Vesi- ja Saunakeskus: +372 740 4090 Wellness-hoidot: +372...\" \/>\n<meta property=\"og:url\" content=\"https:\/\/vana.vspa.ee\/kontakt\/\" \/>\n<meta property=\"og:site_name\" content=\"V Spa\" \/>\n<meta property=\"article:modified_time\" content=\"2022-07-29T07:17:09+00:00\" \/>\n<meta name=\"twitter:card\" content=\"summary_large_image\" \/>\n<meta name=\"twitter:label1\" content=\"Arvioitu lukuaika\" \/>\n\t<meta name=\"twitter:data1\" content=\"1 minuutti\" \/>\n<script type=\"application\/ld+json\" class=\"yoast-schema-graph\">{\"@context\":\"https:\/\/schema.org\",\"@graph\":[{\"@type\":\"WebPage\",\"@id\":\"https:\/\/vana.vspa.ee\/kontakt\/\",\"url\":\"https:\/\/vana.vspa.ee\/kontakt\/\",\"name\":\"Yhteystiedot - V Spa\",\"isPartOf\":{\"@id\":\"https:\/\/vana.vspa.ee\/#website\"},\"datePublished\":\"2017-03-10T07:32:01+00:00\",\"dateModified\":\"2022-07-29T07:17:09+00:00\",\"breadcrumb\":{\"@id\":\"https:\/\/vana.vspa.ee\/kontakt\/#breadcrumb\"},\"inLanguage\":\"fi\",\"potentialAction\":[{\"@type\":\"ReadAction\",\"target\":[\"https:\/\/vana.vspa.ee\/kontakt\/\"]}]},{\"@type\":\"BreadcrumbList\",\"@id\":\"https:\/\/vana.vspa.ee\/kontakt\/#breadcrumb\",\"itemListElement\":[{\"@type\":\"ListItem\",\"position\":1,\"name\":\"Home\",\"item\":\"https:\/\/vana.vspa.ee\/fi\/\"},{\"@type\":\"ListItem\",\"position\":2,\"name\":\"Yhteystiedot\"}]},{\"@type\":\"WebSite\",\"@id\":\"https:\/\/vana.vspa.ee\/#website\",\"url\":\"https:\/\/vana.vspa.ee\/\",\"name\":\"V Spa\",\"description\":\"V\u00f5ta veest viimast!\",\"potentialAction\":[{\"@type\":\"SearchAction\",\"target\":{\"@type\":\"EntryPoint\",\"urlTemplate\":\"https:\/\/vana.vspa.ee\/?s={search_term_string}\"},\"query-input\":{\"@type\":\"PropertyValueSpecification\",\"valueRequired\":true,\"valueName\":\"search_term_string\"}}],\"inLanguage\":\"fi\"}]}<\/script>\n<!-- \/ Yoast SEO plugin. -->","yoast_head_json":{"title":"Yhteystiedot - V Spa","robots":{"index":"noindex","follow":"follow","max-snippet":"max-snippet:-1","max-image-preview":"max-image-preview:large","max-video-preview":"max-video-preview:-1"},"og_locale":"fi_FI","og_type":"article","og_title":"Yhteystiedot - V Spa","og_description":"V Spa Riia 2, Tartu (Kvartal ostukeskus\u00a04. kerros) Kylpyl\u00e4n asiakaspalvelu: S\u00e4hk\u00f6posti: info@vspa.ee Vesi- ja Saunakeskus: +372 740 4090 Wellness-hoidot: +372...","og_url":"https:\/\/vana.vspa.ee\/kontakt\/","og_site_name":"V Spa","article_modified_time":"2022-07-29T07:17:09+00:00","twitter_card":"summary_large_image","twitter_misc":{"Arvioitu lukuaika":"1 minuutti"},"schema":{"@context":"https:\/\/schema.org","@graph":[{"@type":"WebPage","@id":"https:\/\/vana.vspa.ee\/kontakt\/","url":"https:\/\/vana.vspa.ee\/kontakt\/","name":"Yhteystiedot - V Spa","isPartOf":{"@id":"https:\/\/vana.vspa.ee\/#website"},"datePublished":"2017-03-10T07:32:01+00:00","dateModified":"2022-07-29T07:17:09+00:00","breadcrumb":{"@id":"https:\/\/vana.vspa.ee\/kontakt\/#breadcrumb"},"inLanguage":"fi","potentialAction":[{"@type":"ReadAction","target":["https:\/\/vana.vspa.ee\/kontakt\/"]}]},{"@type":"BreadcrumbList","@id":"https:\/\/vana.vspa.ee\/kontakt\/#breadcrumb","itemListElement":[{"@type":"ListItem","position":1,"name":"Home","item":"https:\/\/vana.vspa.ee\/fi\/"},{"@type":"ListItem","position":2,"name":"Yhteystiedot"}]},{"@type":"WebSite","@id":"https:\/\/vana.vspa.ee\/#website","url":"https:\/\/vana.vspa.ee\/","name":"V Spa","description":"V\u00f5ta veest viimast!","potentialAction":[{"@type":"SearchAction","target":{"@type":"EntryPoint","urlTemplate":"https:\/\/vana.vspa.ee\/?s={search_term_string}"},"query-input":{"@type":"PropertyValueSpecification","valueRequired":true,"valueName":"search_term_string"}}],"inLanguage":"fi"}]}},"_links":{"self":[{"href":"https:\/\/vana.vspa.ee\/fi\/wp-json\/wp\/v2\/pages\/1976","targetHints":{"allow":["GET"]}}],"collection":[{"href":"https:\/\/vana.vspa.ee\/fi\/wp-json\/wp\/v2\/pages"}],"about":[{"href":"https:\/\/vana.vspa.ee\/fi\/wp-json\/wp\/v2\/types\/page"}],"author":[{"embeddable":true,"href":"https:\/\/vana.vspa.ee\/fi\/wp-json\/wp\/v2\/users\/1"}],"replies":[{"embeddable":true,"href":"https:\/\/vana.vspa.ee\/fi\/wp-json\/wp\/v2\/comments?post=1976"}],"version-history":[{"count":1,"href":"https:\/\/vana.vspa.ee\/fi\/wp-json\/wp\/v2\/pages\/1976\/revisions"}],"predecessor-version":[{"id":35057,"href":"https:\/\/vana.vspa.ee\/fi\/wp-json\/wp\/v2\/pages\/1976\/revisions\/35057"}],"wp:attachment":[{"href":"https:\/\/vana.vspa.ee\/fi\/wp-json\/wp\/v2\/media?parent=1976"}],"curies":[{"name":"wp","href":"https:\/\/api.w.org\/{rel}","templated":true}]}}