{"id":2017,"date":"2017-01-10T10:42:07","date_gmt":"2017-01-10T08:42:07","guid":{"rendered":"http:\/\/vspa.ee\/hoolitsused\/naohoolitsus-tutarlapsele\/"},"modified":"2023-12-08T18:11:33","modified_gmt":"2023-12-08T16:11:33","slug":"kasvohoito-tytolle","status":"publish","type":"page","link":"https:\/\/vana.vspa.ee\/fi\/hoidot\/kasvohoito-tytolle\/","title":{"rendered":"Kasvohoito lapsille"},"content":{"rendered":"<p>Sopii nuorelle naiselle, joka haluaa, ett\u00e4 ensimm\u00e4inen kasvohoito olisi nautittava ja tuloksellinen. Hoito alkaa ihon puhdistamisella, jota seuraa hell\u00e4 kasvojen ihon kuorinta. Sen j\u00e4lkeen p\u00e4\u00e4lle levitet\u00e4\u00e4n pehment\u00e4v\u00e4 aprikoosinaamio, jonka vaikuttaessa tehd\u00e4\u00e4n kevyt k\u00e4sihieronta. Hoito loppuu pehment\u00e4vi\u00e4 \u00f6ljyj\u00e4 sis\u00e4lt\u00e4v\u00e4\u00e4n kasvovoiteeseen. Tuloksena on hell\u00e4sti hoidettu, pehme\u00e4 ja silkkinen kasvojen iho.<\/p>\n<p>Hoitoa suositellaan 5-12 vuotiaille<\/p>\n<p>Hoidossa k\u00e4ytet\u00e4\u00e4n Repechage -sarjan tuotteita.<\/p>\n","protected":false},"excerpt":{"rendered":"<p>Sopii nuorelle naiselle, joka haluaa, ett\u00e4 ensimm\u00e4inen kasvohoito olisi nautittava ja tuloksellinen. Hoito alkaa ihon puhdistamisella, jota seuraa hell\u00e4 kasvojen&#8230;<\/p>\n","protected":false},"author":1,"featured_media":0,"parent":1969,"menu_order":47,"comment_status":"closed","ping_status":"closed","template":"page-templates\/tpl-offer1.php","meta":{"_acf_changed":false,"_monsterinsights_skip_tracking":false,"_monsterinsights_sitenote_active":false,"_monsterinsights_sitenote_note":"","_monsterinsights_sitenote_category":0,"footnotes":"","_links_to":"","_links_to_target":""},"class_list":["post-2017","page","type-page","status-publish","hentry"],"acf":[],"yoast_head":"<!-- This site is optimized with the Yoast SEO plugin v24.7 - https:\/\/yoast.com\/wordpress\/plugins\/seo\/ -->\n<title>Kasvohoito lapsille - V Spa<\/title>\n<meta name=\"robots\" content=\"noindex, follow, max-snippet:-1, max-image-preview:large, max-video-preview:-1\" \/>\n<meta property=\"og:locale\" content=\"fi_FI\" \/>\n<meta property=\"og:type\" content=\"article\" \/>\n<meta property=\"og:title\" content=\"Kasvohoito lapsille - V Spa\" \/>\n<meta property=\"og:description\" content=\"Sopii nuorelle naiselle, joka haluaa, ett\u00e4 ensimm\u00e4inen kasvohoito olisi nautittava ja tuloksellinen. Hoito alkaa ihon puhdistamisella, jota seuraa hell\u00e4 kasvojen...\" \/>\n<meta property=\"og:url\" content=\"https:\/\/vana.vspa.ee\/hoolitsused\/naohoolitsus-tutarlapsele\/\" \/>\n<meta property=\"og:site_name\" content=\"V Spa\" \/>\n<meta property=\"article:modified_time\" content=\"2023-12-08T16:11:33+00:00\" \/>\n<meta name=\"twitter:card\" content=\"summary_large_image\" \/>\n<meta name=\"twitter:label1\" content=\"Arvioitu lukuaika\" \/>\n\t<meta name=\"twitter:data1\" content=\"1 minuutti\" \/>\n<script type=\"application\/ld+json\" class=\"yoast-schema-graph\">{\"@context\":\"https:\/\/schema.org\",\"@graph\":[{\"@type\":\"WebPage\",\"@id\":\"https:\/\/vana.vspa.ee\/hoolitsused\/naohoolitsus-tutarlapsele\/\",\"url\":\"https:\/\/vana.vspa.ee\/hoolitsused\/naohoolitsus-tutarlapsele\/\",\"name\":\"Kasvohoito lapsille - V Spa\",\"isPartOf\":{\"@id\":\"https:\/\/vana.vspa.ee\/#website\"},\"datePublished\":\"2017-01-10T08:42:07+00:00\",\"dateModified\":\"2023-12-08T16:11:33+00:00\",\"breadcrumb\":{\"@id\":\"https:\/\/vana.vspa.ee\/hoolitsused\/naohoolitsus-tutarlapsele\/#breadcrumb\"},\"inLanguage\":\"fi\",\"potentialAction\":[{\"@type\":\"ReadAction\",\"target\":[\"https:\/\/vana.vspa.ee\/hoolitsused\/naohoolitsus-tutarlapsele\/\"]}]},{\"@type\":\"BreadcrumbList\",\"@id\":\"https:\/\/vana.vspa.ee\/hoolitsused\/naohoolitsus-tutarlapsele\/#breadcrumb\",\"itemListElement\":[{\"@type\":\"ListItem\",\"position\":1,\"name\":\"Home\",\"item\":\"https:\/\/vana.vspa.ee\/fi\/\"},{\"@type\":\"ListItem\",\"position\":2,\"name\":\"Hoidot\",\"item\":\"https:\/\/vana.vspa.ee\/hoolitsused\/\"},{\"@type\":\"ListItem\",\"position\":3,\"name\":\"Kasvohoito lapsille\"}]},{\"@type\":\"WebSite\",\"@id\":\"https:\/\/vana.vspa.ee\/#website\",\"url\":\"https:\/\/vana.vspa.ee\/\",\"name\":\"V Spa\",\"description\":\"V\u00f5ta veest viimast!\",\"potentialAction\":[{\"@type\":\"SearchAction\",\"target\":{\"@type\":\"EntryPoint\",\"urlTemplate\":\"https:\/\/vana.vspa.ee\/?s={search_term_string}\"},\"query-input\":{\"@type\":\"PropertyValueSpecification\",\"valueRequired\":true,\"valueName\":\"search_term_string\"}}],\"inLanguage\":\"fi\"}]}<\/script>\n<!-- \/ Yoast SEO plugin. -->","yoast_head_json":{"title":"Kasvohoito lapsille - V Spa","robots":{"index":"noindex","follow":"follow","max-snippet":"max-snippet:-1","max-image-preview":"max-image-preview:large","max-video-preview":"max-video-preview:-1"},"og_locale":"fi_FI","og_type":"article","og_title":"Kasvohoito lapsille - V Spa","og_description":"Sopii nuorelle naiselle, joka haluaa, ett\u00e4 ensimm\u00e4inen kasvohoito olisi nautittava ja tuloksellinen. Hoito alkaa ihon puhdistamisella, jota seuraa hell\u00e4 kasvojen...","og_url":"https:\/\/vana.vspa.ee\/hoolitsused\/naohoolitsus-tutarlapsele\/","og_site_name":"V Spa","article_modified_time":"2023-12-08T16:11:33+00:00","twitter_card":"summary_large_image","twitter_misc":{"Arvioitu lukuaika":"1 minuutti"},"schema":{"@context":"https:\/\/schema.org","@graph":[{"@type":"WebPage","@id":"https:\/\/vana.vspa.ee\/hoolitsused\/naohoolitsus-tutarlapsele\/","url":"https:\/\/vana.vspa.ee\/hoolitsused\/naohoolitsus-tutarlapsele\/","name":"Kasvohoito lapsille - V Spa","isPartOf":{"@id":"https:\/\/vana.vspa.ee\/#website"},"datePublished":"2017-01-10T08:42:07+00:00","dateModified":"2023-12-08T16:11:33+00:00","breadcrumb":{"@id":"https:\/\/vana.vspa.ee\/hoolitsused\/naohoolitsus-tutarlapsele\/#breadcrumb"},"inLanguage":"fi","potentialAction":[{"@type":"ReadAction","target":["https:\/\/vana.vspa.ee\/hoolitsused\/naohoolitsus-tutarlapsele\/"]}]},{"@type":"BreadcrumbList","@id":"https:\/\/vana.vspa.ee\/hoolitsused\/naohoolitsus-tutarlapsele\/#breadcrumb","itemListElement":[{"@type":"ListItem","position":1,"name":"Home","item":"https:\/\/vana.vspa.ee\/fi\/"},{"@type":"ListItem","position":2,"name":"Hoidot","item":"https:\/\/vana.vspa.ee\/hoolitsused\/"},{"@type":"ListItem","position":3,"name":"Kasvohoito lapsille"}]},{"@type":"WebSite","@id":"https:\/\/vana.vspa.ee\/#website","url":"https:\/\/vana.vspa.ee\/","name":"V Spa","description":"V\u00f5ta veest viimast!","potentialAction":[{"@type":"SearchAction","target":{"@type":"EntryPoint","urlTemplate":"https:\/\/vana.vspa.ee\/?s={search_term_string}"},"query-input":{"@type":"PropertyValueSpecification","valueRequired":true,"valueName":"search_term_string"}}],"inLanguage":"fi"}]}},"_links":{"self":[{"href":"https:\/\/vana.vspa.ee\/fi\/wp-json\/wp\/v2\/pages\/2017","targetHints":{"allow":["GET"]}}],"collection":[{"href":"https:\/\/vana.vspa.ee\/fi\/wp-json\/wp\/v2\/pages"}],"about":[{"href":"https:\/\/vana.vspa.ee\/fi\/wp-json\/wp\/v2\/types\/page"}],"author":[{"embeddable":true,"href":"https:\/\/vana.vspa.ee\/fi\/wp-json\/wp\/v2\/users\/1"}],"replies":[{"embeddable":true,"href":"https:\/\/vana.vspa.ee\/fi\/wp-json\/wp\/v2\/comments?post=2017"}],"version-history":[{"count":7,"href":"https:\/\/vana.vspa.ee\/fi\/wp-json\/wp\/v2\/pages\/2017\/revisions"}],"predecessor-version":[{"id":42303,"href":"https:\/\/vana.vspa.ee\/fi\/wp-json\/wp\/v2\/pages\/2017\/revisions\/42303"}],"up":[{"embeddable":true,"href":"https:\/\/vana.vspa.ee\/fi\/wp-json\/wp\/v2\/pages\/1969"}],"wp:attachment":[{"href":"https:\/\/vana.vspa.ee\/fi\/wp-json\/wp\/v2\/media?parent=2017"}],"curies":[{"name":"wp","href":"https:\/\/api.w.org\/{rel}","templated":true}]}}