{"id":2018,"date":"2016-12-01T14:14:28","date_gmt":"2016-12-01T12:14:28","guid":{"rendered":"http:\/\/vspa.ee\/hoolitsused\/garra-rufa-express-kalahoolitsus-jalgadele\/"},"modified":"2020-04-14T13:32:53","modified_gmt":"2020-04-14T10:32:53","slug":"garra-rufa-express-kalahoolitsus-jalgadele","status":"publish","type":"page","link":"https:\/\/vana.vspa.ee\/fi\/hoidot\/garra-rufa-express-kalahoolitsus-jalgadele\/","title":{"rendered":"Garra Rufa Express kalapedikyyri"},"content":{"rendered":"<p>Haluatko kokeilla jotani uutta?<br \/>\nMe suositellaan eksoottista jalkahoidoa- Garra Rufa kalapedikyyri. Garra Rufa on kalan terapia, \u00a0jossa hampaattomat tohtorikalat (garra rufa -kalat) n\u00e4ykkiv\u00e4t ihon pinnalta kuolleen ihosolukon antaen samala pient\u00e4 mikrohierontaa ja eritt\u00e4v\u00e4t kuulemma samalla jopa entsyymi\u00e4, jonka pit\u00e4isi kiihdytt\u00e4\u00e4 ihon uusiutumista.<\/p>\n<p>T\u00e4st\u00e4 hoidosta voit nauttia my\u00f6s kumppanin kanssa seuraavan p\u00e4iv\u00e4spa-paketin osana: <a href=\"https:\/\/vspa.ee\/fi\/paketit\/vorratu-kingitus-kahele\/\">Verraton lahja kahdelle<\/a><\/p>\n","protected":false},"excerpt":{"rendered":"<p>Haluatko kokeilla jotani uutta? Me suositellaan eksoottista jalkahoidoa- Garra Rufa kalapedikyyri. Garra Rufa on kalan terapia, \u00a0jossa hampaattomat tohtorikalat (garra&#8230;<\/p>\n","protected":false},"author":1,"featured_media":0,"parent":1969,"menu_order":57,"comment_status":"closed","ping_status":"closed","template":"page-templates\/tpl-offer1.php","meta":{"_acf_changed":false,"_monsterinsights_skip_tracking":false,"_monsterinsights_sitenote_active":false,"_monsterinsights_sitenote_note":"","_monsterinsights_sitenote_category":0,"footnotes":"","_links_to":"","_links_to_target":""},"class_list":["post-2018","page","type-page","status-publish","hentry"],"acf":[],"yoast_head":"<!-- This site is optimized with the Yoast SEO plugin v24.7 - https:\/\/yoast.com\/wordpress\/plugins\/seo\/ -->\n<title>Garra Rufa Express kalapedikyyri - V Spa<\/title>\n<meta name=\"robots\" content=\"noindex, follow, max-snippet:-1, max-image-preview:large, max-video-preview:-1\" \/>\n<meta property=\"og:locale\" content=\"fi_FI\" \/>\n<meta property=\"og:type\" content=\"article\" \/>\n<meta property=\"og:title\" content=\"Garra Rufa Express kalapedikyyri - V Spa\" \/>\n<meta property=\"og:description\" content=\"Haluatko kokeilla jotani uutta? Me suositellaan eksoottista jalkahoidoa- Garra Rufa kalapedikyyri. Garra Rufa on kalan terapia, \u00a0jossa hampaattomat tohtorikalat (garra...\" \/>\n<meta property=\"og:url\" content=\"https:\/\/vana.vspa.ee\/hoolitsused\/garra-rufa-express-kalahoolitsus-jalgadele\/\" \/>\n<meta property=\"og:site_name\" content=\"V Spa\" \/>\n<meta property=\"article:modified_time\" content=\"2020-04-14T10:32:53+00:00\" \/>\n<meta name=\"twitter:card\" content=\"summary_large_image\" \/>\n<script type=\"application\/ld+json\" class=\"yoast-schema-graph\">{\"@context\":\"https:\/\/schema.org\",\"@graph\":[{\"@type\":\"WebPage\",\"@id\":\"https:\/\/vana.vspa.ee\/hoolitsused\/garra-rufa-express-kalahoolitsus-jalgadele\/\",\"url\":\"https:\/\/vana.vspa.ee\/hoolitsused\/garra-rufa-express-kalahoolitsus-jalgadele\/\",\"name\":\"Garra Rufa Express kalapedikyyri - V Spa\",\"isPartOf\":{\"@id\":\"https:\/\/vana.vspa.ee\/#website\"},\"datePublished\":\"2016-12-01T12:14:28+00:00\",\"dateModified\":\"2020-04-14T10:32:53+00:00\",\"breadcrumb\":{\"@id\":\"https:\/\/vana.vspa.ee\/hoolitsused\/garra-rufa-express-kalahoolitsus-jalgadele\/#breadcrumb\"},\"inLanguage\":\"fi\",\"potentialAction\":[{\"@type\":\"ReadAction\",\"target\":[\"https:\/\/vana.vspa.ee\/hoolitsused\/garra-rufa-express-kalahoolitsus-jalgadele\/\"]}]},{\"@type\":\"BreadcrumbList\",\"@id\":\"https:\/\/vana.vspa.ee\/hoolitsused\/garra-rufa-express-kalahoolitsus-jalgadele\/#breadcrumb\",\"itemListElement\":[{\"@type\":\"ListItem\",\"position\":1,\"name\":\"Home\",\"item\":\"https:\/\/vana.vspa.ee\/fi\/\"},{\"@type\":\"ListItem\",\"position\":2,\"name\":\"Hoidot\",\"item\":\"https:\/\/vana.vspa.ee\/hoolitsused\/\"},{\"@type\":\"ListItem\",\"position\":3,\"name\":\"Garra Rufa Express kalapedikyyri\"}]},{\"@type\":\"WebSite\",\"@id\":\"https:\/\/vana.vspa.ee\/#website\",\"url\":\"https:\/\/vana.vspa.ee\/\",\"name\":\"V Spa\",\"description\":\"V\u00f5ta veest viimast!\",\"potentialAction\":[{\"@type\":\"SearchAction\",\"target\":{\"@type\":\"EntryPoint\",\"urlTemplate\":\"https:\/\/vana.vspa.ee\/?s={search_term_string}\"},\"query-input\":{\"@type\":\"PropertyValueSpecification\",\"valueRequired\":true,\"valueName\":\"search_term_string\"}}],\"inLanguage\":\"fi\"}]}<\/script>\n<!-- \/ Yoast SEO plugin. -->","yoast_head_json":{"title":"Garra Rufa Express kalapedikyyri - V Spa","robots":{"index":"noindex","follow":"follow","max-snippet":"max-snippet:-1","max-image-preview":"max-image-preview:large","max-video-preview":"max-video-preview:-1"},"og_locale":"fi_FI","og_type":"article","og_title":"Garra Rufa Express kalapedikyyri - V Spa","og_description":"Haluatko kokeilla jotani uutta? Me suositellaan eksoottista jalkahoidoa- Garra Rufa kalapedikyyri. Garra Rufa on kalan terapia, \u00a0jossa hampaattomat tohtorikalat (garra...","og_url":"https:\/\/vana.vspa.ee\/hoolitsused\/garra-rufa-express-kalahoolitsus-jalgadele\/","og_site_name":"V Spa","article_modified_time":"2020-04-14T10:32:53+00:00","twitter_card":"summary_large_image","schema":{"@context":"https:\/\/schema.org","@graph":[{"@type":"WebPage","@id":"https:\/\/vana.vspa.ee\/hoolitsused\/garra-rufa-express-kalahoolitsus-jalgadele\/","url":"https:\/\/vana.vspa.ee\/hoolitsused\/garra-rufa-express-kalahoolitsus-jalgadele\/","name":"Garra Rufa Express kalapedikyyri - V Spa","isPartOf":{"@id":"https:\/\/vana.vspa.ee\/#website"},"datePublished":"2016-12-01T12:14:28+00:00","dateModified":"2020-04-14T10:32:53+00:00","breadcrumb":{"@id":"https:\/\/vana.vspa.ee\/hoolitsused\/garra-rufa-express-kalahoolitsus-jalgadele\/#breadcrumb"},"inLanguage":"fi","potentialAction":[{"@type":"ReadAction","target":["https:\/\/vana.vspa.ee\/hoolitsused\/garra-rufa-express-kalahoolitsus-jalgadele\/"]}]},{"@type":"BreadcrumbList","@id":"https:\/\/vana.vspa.ee\/hoolitsused\/garra-rufa-express-kalahoolitsus-jalgadele\/#breadcrumb","itemListElement":[{"@type":"ListItem","position":1,"name":"Home","item":"https:\/\/vana.vspa.ee\/fi\/"},{"@type":"ListItem","position":2,"name":"Hoidot","item":"https:\/\/vana.vspa.ee\/hoolitsused\/"},{"@type":"ListItem","position":3,"name":"Garra Rufa Express kalapedikyyri"}]},{"@type":"WebSite","@id":"https:\/\/vana.vspa.ee\/#website","url":"https:\/\/vana.vspa.ee\/","name":"V Spa","description":"V\u00f5ta veest viimast!","potentialAction":[{"@type":"SearchAction","target":{"@type":"EntryPoint","urlTemplate":"https:\/\/vana.vspa.ee\/?s={search_term_string}"},"query-input":{"@type":"PropertyValueSpecification","valueRequired":true,"valueName":"search_term_string"}}],"inLanguage":"fi"}]}},"_links":{"self":[{"href":"https:\/\/vana.vspa.ee\/fi\/wp-json\/wp\/v2\/pages\/2018","targetHints":{"allow":["GET"]}}],"collection":[{"href":"https:\/\/vana.vspa.ee\/fi\/wp-json\/wp\/v2\/pages"}],"about":[{"href":"https:\/\/vana.vspa.ee\/fi\/wp-json\/wp\/v2\/types\/page"}],"author":[{"embeddable":true,"href":"https:\/\/vana.vspa.ee\/fi\/wp-json\/wp\/v2\/users\/1"}],"replies":[{"embeddable":true,"href":"https:\/\/vana.vspa.ee\/fi\/wp-json\/wp\/v2\/comments?post=2018"}],"version-history":[{"count":1,"href":"https:\/\/vana.vspa.ee\/fi\/wp-json\/wp\/v2\/pages\/2018\/revisions"}],"predecessor-version":[{"id":24063,"href":"https:\/\/vana.vspa.ee\/fi\/wp-json\/wp\/v2\/pages\/2018\/revisions\/24063"}],"up":[{"embeddable":true,"href":"https:\/\/vana.vspa.ee\/fi\/wp-json\/wp\/v2\/pages\/1969"}],"wp:attachment":[{"href":"https:\/\/vana.vspa.ee\/fi\/wp-json\/wp\/v2\/media?parent=2018"}],"curies":[{"name":"wp","href":"https:\/\/api.w.org\/{rel}","templated":true}]}}