{"id":2021,"date":"2016-11-30T15:03:38","date_gmt":"2016-11-30T13:03:38","guid":{"rendered":"http:\/\/vspa.ee\/hoolitsused\/naohoolitsus-meestele\/"},"modified":"2024-01-26T10:46:54","modified_gmt":"2024-01-26T08:46:54","slug":"kasvohoito-miehille","status":"publish","type":"page","link":"https:\/\/vana.vspa.ee\/fi\/hoidot\/kasvohoito-miehille\/","title":{"rendered":"Kasvohoito miehille"},"content":{"rendered":"<p>Nimenomaan miehille tarkoitettu kasvohoito, joka on kehitetty miesten kasvojen ihon erityistarpeet huomioiden ja hy\u00f6dynt\u00e4en neempuun tehokasta vaikutusta. Hoidossa k\u00e4ytet\u00e4\u00e4n ensyymikuorijaa, neempuuhun ja avokaadoon perustuvaa kosteuttajaa, joka pehment\u00e4\u00e4 ihoa ja hoitaa parranajossa syntynytt\u00e4 tulehdusta tai ihovaurioita. Hoidon j\u00e4lkeen ihosta tulee miellytt\u00e4v\u00e4n raikas, puhdas ja pehme\u00e4.<\/p>\n<p>Hoidossa k\u00e4ytet\u00e4\u00e4n GUINOT-sarjan tuotteita.<\/p>\n<p>T\u00e4st\u00e4 hoidosta voit nauttia my\u00f6s seuraavan p\u00e4iv\u00e4spa-paketin osana: <a href=\"https:\/\/vspa.ee\/fi\/paketit\/vinge-puhkus-mehele\/\">Vinke\u00e4 loma miehelle<\/a><\/p>\n","protected":false},"excerpt":{"rendered":"<p>Nimenomaan miehille tarkoitettu kasvohoito, joka on kehitetty miesten kasvojen ihon erityistarpeet huomioiden ja hy\u00f6dynt\u00e4en neempuun tehokasta vaikutusta. Hoidossa k\u00e4ytet\u00e4\u00e4n ensyymikuorijaa,&#8230;<\/p>\n","protected":false},"author":1,"featured_media":0,"parent":1969,"menu_order":46,"comment_status":"closed","ping_status":"closed","template":"page-templates\/tpl-offer1.php","meta":{"_acf_changed":false,"_monsterinsights_skip_tracking":false,"_monsterinsights_sitenote_active":false,"_monsterinsights_sitenote_note":"","_monsterinsights_sitenote_category":0,"footnotes":"","_links_to":"","_links_to_target":""},"class_list":["post-2021","page","type-page","status-publish","hentry"],"acf":[],"yoast_head":"<!-- This site is optimized with the Yoast SEO plugin v24.7 - https:\/\/yoast.com\/wordpress\/plugins\/seo\/ -->\n<title>Kasvohoito miehille - V Spa<\/title>\n<meta name=\"robots\" content=\"noindex, follow, max-snippet:-1, max-image-preview:large, max-video-preview:-1\" \/>\n<meta property=\"og:locale\" content=\"fi_FI\" \/>\n<meta property=\"og:type\" content=\"article\" \/>\n<meta property=\"og:title\" content=\"Kasvohoito miehille - V Spa\" \/>\n<meta property=\"og:description\" content=\"Nimenomaan miehille tarkoitettu kasvohoito, joka on kehitetty miesten kasvojen ihon erityistarpeet huomioiden ja hy\u00f6dynt\u00e4en neempuun tehokasta vaikutusta. Hoidossa k\u00e4ytet\u00e4\u00e4n ensyymikuorijaa,...\" \/>\n<meta property=\"og:url\" content=\"https:\/\/vana.vspa.ee\/hoolitsused\/naohoolitsus-meestele\/\" \/>\n<meta property=\"og:site_name\" content=\"V Spa\" \/>\n<meta property=\"article:modified_time\" content=\"2024-01-26T08:46:54+00:00\" \/>\n<meta name=\"twitter:card\" content=\"summary_large_image\" \/>\n<meta name=\"twitter:label1\" content=\"Arvioitu lukuaika\" \/>\n\t<meta name=\"twitter:data1\" content=\"1 minuutti\" \/>\n<script type=\"application\/ld+json\" class=\"yoast-schema-graph\">{\"@context\":\"https:\/\/schema.org\",\"@graph\":[{\"@type\":\"WebPage\",\"@id\":\"https:\/\/vana.vspa.ee\/hoolitsused\/naohoolitsus-meestele\/\",\"url\":\"https:\/\/vana.vspa.ee\/hoolitsused\/naohoolitsus-meestele\/\",\"name\":\"Kasvohoito miehille - V Spa\",\"isPartOf\":{\"@id\":\"https:\/\/vana.vspa.ee\/#website\"},\"datePublished\":\"2016-11-30T13:03:38+00:00\",\"dateModified\":\"2024-01-26T08:46:54+00:00\",\"breadcrumb\":{\"@id\":\"https:\/\/vana.vspa.ee\/hoolitsused\/naohoolitsus-meestele\/#breadcrumb\"},\"inLanguage\":\"fi\",\"potentialAction\":[{\"@type\":\"ReadAction\",\"target\":[\"https:\/\/vana.vspa.ee\/hoolitsused\/naohoolitsus-meestele\/\"]}]},{\"@type\":\"BreadcrumbList\",\"@id\":\"https:\/\/vana.vspa.ee\/hoolitsused\/naohoolitsus-meestele\/#breadcrumb\",\"itemListElement\":[{\"@type\":\"ListItem\",\"position\":1,\"name\":\"Home\",\"item\":\"https:\/\/vana.vspa.ee\/fi\/\"},{\"@type\":\"ListItem\",\"position\":2,\"name\":\"Hoidot\",\"item\":\"https:\/\/vana.vspa.ee\/hoolitsused\/\"},{\"@type\":\"ListItem\",\"position\":3,\"name\":\"Kasvohoito miehille\"}]},{\"@type\":\"WebSite\",\"@id\":\"https:\/\/vana.vspa.ee\/#website\",\"url\":\"https:\/\/vana.vspa.ee\/\",\"name\":\"V Spa\",\"description\":\"V\u00f5ta veest viimast!\",\"potentialAction\":[{\"@type\":\"SearchAction\",\"target\":{\"@type\":\"EntryPoint\",\"urlTemplate\":\"https:\/\/vana.vspa.ee\/?s={search_term_string}\"},\"query-input\":{\"@type\":\"PropertyValueSpecification\",\"valueRequired\":true,\"valueName\":\"search_term_string\"}}],\"inLanguage\":\"fi\"}]}<\/script>\n<!-- \/ Yoast SEO plugin. -->","yoast_head_json":{"title":"Kasvohoito miehille - V Spa","robots":{"index":"noindex","follow":"follow","max-snippet":"max-snippet:-1","max-image-preview":"max-image-preview:large","max-video-preview":"max-video-preview:-1"},"og_locale":"fi_FI","og_type":"article","og_title":"Kasvohoito miehille - V Spa","og_description":"Nimenomaan miehille tarkoitettu kasvohoito, joka on kehitetty miesten kasvojen ihon erityistarpeet huomioiden ja hy\u00f6dynt\u00e4en neempuun tehokasta vaikutusta. Hoidossa k\u00e4ytet\u00e4\u00e4n ensyymikuorijaa,...","og_url":"https:\/\/vana.vspa.ee\/hoolitsused\/naohoolitsus-meestele\/","og_site_name":"V Spa","article_modified_time":"2024-01-26T08:46:54+00:00","twitter_card":"summary_large_image","twitter_misc":{"Arvioitu lukuaika":"1 minuutti"},"schema":{"@context":"https:\/\/schema.org","@graph":[{"@type":"WebPage","@id":"https:\/\/vana.vspa.ee\/hoolitsused\/naohoolitsus-meestele\/","url":"https:\/\/vana.vspa.ee\/hoolitsused\/naohoolitsus-meestele\/","name":"Kasvohoito miehille - V Spa","isPartOf":{"@id":"https:\/\/vana.vspa.ee\/#website"},"datePublished":"2016-11-30T13:03:38+00:00","dateModified":"2024-01-26T08:46:54+00:00","breadcrumb":{"@id":"https:\/\/vana.vspa.ee\/hoolitsused\/naohoolitsus-meestele\/#breadcrumb"},"inLanguage":"fi","potentialAction":[{"@type":"ReadAction","target":["https:\/\/vana.vspa.ee\/hoolitsused\/naohoolitsus-meestele\/"]}]},{"@type":"BreadcrumbList","@id":"https:\/\/vana.vspa.ee\/hoolitsused\/naohoolitsus-meestele\/#breadcrumb","itemListElement":[{"@type":"ListItem","position":1,"name":"Home","item":"https:\/\/vana.vspa.ee\/fi\/"},{"@type":"ListItem","position":2,"name":"Hoidot","item":"https:\/\/vana.vspa.ee\/hoolitsused\/"},{"@type":"ListItem","position":3,"name":"Kasvohoito miehille"}]},{"@type":"WebSite","@id":"https:\/\/vana.vspa.ee\/#website","url":"https:\/\/vana.vspa.ee\/","name":"V Spa","description":"V\u00f5ta veest viimast!","potentialAction":[{"@type":"SearchAction","target":{"@type":"EntryPoint","urlTemplate":"https:\/\/vana.vspa.ee\/?s={search_term_string}"},"query-input":{"@type":"PropertyValueSpecification","valueRequired":true,"valueName":"search_term_string"}}],"inLanguage":"fi"}]}},"_links":{"self":[{"href":"https:\/\/vana.vspa.ee\/fi\/wp-json\/wp\/v2\/pages\/2021","targetHints":{"allow":["GET"]}}],"collection":[{"href":"https:\/\/vana.vspa.ee\/fi\/wp-json\/wp\/v2\/pages"}],"about":[{"href":"https:\/\/vana.vspa.ee\/fi\/wp-json\/wp\/v2\/types\/page"}],"author":[{"embeddable":true,"href":"https:\/\/vana.vspa.ee\/fi\/wp-json\/wp\/v2\/users\/1"}],"replies":[{"embeddable":true,"href":"https:\/\/vana.vspa.ee\/fi\/wp-json\/wp\/v2\/comments?post=2021"}],"version-history":[{"count":7,"href":"https:\/\/vana.vspa.ee\/fi\/wp-json\/wp\/v2\/pages\/2021\/revisions"}],"predecessor-version":[{"id":43753,"href":"https:\/\/vana.vspa.ee\/fi\/wp-json\/wp\/v2\/pages\/2021\/revisions\/43753"}],"up":[{"embeddable":true,"href":"https:\/\/vana.vspa.ee\/fi\/wp-json\/wp\/v2\/pages\/1969"}],"wp:attachment":[{"href":"https:\/\/vana.vspa.ee\/fi\/wp-json\/wp\/v2\/media?parent=2021"}],"curies":[{"name":"wp","href":"https:\/\/api.w.org\/{rel}","templated":true}]}}