{"id":2032,"date":"2016-11-30T14:29:29","date_gmt":"2016-11-30T12:29:29","guid":{"rendered":"http:\/\/vspa.ee\/hoolitsused\/sugavniisutav-massaaziga-kanepihoolitsus-kehale\/"},"modified":"2023-12-14T11:30:40","modified_gmt":"2023-12-14T09:30:40","slug":"syvakosteuttava-kannabis-vartalohoito-hieronnalla","status":"publish","type":"page","link":"https:\/\/vana.vspa.ee\/fi\/hoidot\/syvakosteuttava-kannabis-vartalohoito-hieronnalla\/","title":{"rendered":"Hieronta hamppu\u00f6ljyll\u00e4"},"content":{"rendered":"<p>Rentouttava, v\u00e4litt\u00f6m\u00e4sti pehmitt\u00e4v\u00e4 ja kosteustasapainon palauttava vartalohoito tarjoaa helpotuksen my\u00f6s vaativalle iholle. Rentouttava hieronta avaa huokoset ja parantaa ihon kyky\u00e4 vastaanottaa uusia ravinteita. Tuloksena on rauhaisa mieli, rentoutunut keho ja tehokkaasti kosteutettu ja ravittu iho.<\/p>\n<p>Hoidossa k\u00e4ytet\u00e4\u00e4n LUMI-luonnonkosmetiikkatuotteita.<\/p>\n<p>T\u00e4st\u00e4 hoidosta voit nauttia my\u00f6s kumppanin kanssa seuraavan p\u00e4iv\u00e4spa-paketin osana:<a href=\"https:\/\/vspa.ee\/fi\/paketit\/vaimustav-noorus\/\" class=\"broken_link\"> Ihana nuoruus kahdelle<\/a><\/p>\n","protected":false},"excerpt":{"rendered":"<p>Rentouttava, v\u00e4litt\u00f6m\u00e4sti pehmitt\u00e4v\u00e4 ja kosteustasapainon palauttava vartalohoito tarjoaa helpotuksen my\u00f6s vaativalle iholle. Rentouttava hieronta avaa huokoset ja parantaa ihon kyky\u00e4&#8230;<\/p>\n","protected":false},"author":1,"featured_media":0,"parent":1969,"menu_order":76,"comment_status":"closed","ping_status":"closed","template":"page-templates\/tpl-offer1.php","meta":{"_acf_changed":false,"_monsterinsights_skip_tracking":false,"_monsterinsights_sitenote_active":false,"_monsterinsights_sitenote_note":"","_monsterinsights_sitenote_category":0,"footnotes":"","_links_to":"","_links_to_target":""},"class_list":["post-2032","page","type-page","status-publish","hentry"],"acf":[],"yoast_head":"<!-- This site is optimized with the Yoast SEO plugin v24.7 - https:\/\/yoast.com\/wordpress\/plugins\/seo\/ -->\n<title>Hieronta hamppu\u00f6ljyll\u00e4 - V Spa<\/title>\n<meta name=\"robots\" content=\"noindex, follow, max-snippet:-1, max-image-preview:large, max-video-preview:-1\" \/>\n<meta property=\"og:locale\" content=\"fi_FI\" \/>\n<meta property=\"og:type\" content=\"article\" \/>\n<meta property=\"og:title\" content=\"Hieronta hamppu\u00f6ljyll\u00e4 - V Spa\" \/>\n<meta property=\"og:description\" content=\"Rentouttava, v\u00e4litt\u00f6m\u00e4sti pehmitt\u00e4v\u00e4 ja kosteustasapainon palauttava vartalohoito tarjoaa helpotuksen my\u00f6s vaativalle iholle. Rentouttava hieronta avaa huokoset ja parantaa ihon kyky\u00e4...\" \/>\n<meta property=\"og:url\" content=\"https:\/\/vana.vspa.ee\/hoolitsused\/sugavniisutav-massaaziga-kanepihoolitsus-kehale\/\" \/>\n<meta property=\"og:site_name\" content=\"V Spa\" \/>\n<meta property=\"article:modified_time\" content=\"2023-12-14T09:30:40+00:00\" \/>\n<meta name=\"twitter:card\" content=\"summary_large_image\" \/>\n<meta name=\"twitter:label1\" content=\"Arvioitu lukuaika\" \/>\n\t<meta name=\"twitter:data1\" content=\"1 minuutti\" \/>\n<script type=\"application\/ld+json\" class=\"yoast-schema-graph\">{\"@context\":\"https:\/\/schema.org\",\"@graph\":[{\"@type\":\"WebPage\",\"@id\":\"https:\/\/vana.vspa.ee\/hoolitsused\/sugavniisutav-massaaziga-kanepihoolitsus-kehale\/\",\"url\":\"https:\/\/vana.vspa.ee\/hoolitsused\/sugavniisutav-massaaziga-kanepihoolitsus-kehale\/\",\"name\":\"Hieronta hamppu\u00f6ljyll\u00e4 - V Spa\",\"isPartOf\":{\"@id\":\"https:\/\/vana.vspa.ee\/#website\"},\"datePublished\":\"2016-11-30T12:29:29+00:00\",\"dateModified\":\"2023-12-14T09:30:40+00:00\",\"breadcrumb\":{\"@id\":\"https:\/\/vana.vspa.ee\/hoolitsused\/sugavniisutav-massaaziga-kanepihoolitsus-kehale\/#breadcrumb\"},\"inLanguage\":\"fi\",\"potentialAction\":[{\"@type\":\"ReadAction\",\"target\":[\"https:\/\/vana.vspa.ee\/hoolitsused\/sugavniisutav-massaaziga-kanepihoolitsus-kehale\/\"]}]},{\"@type\":\"BreadcrumbList\",\"@id\":\"https:\/\/vana.vspa.ee\/hoolitsused\/sugavniisutav-massaaziga-kanepihoolitsus-kehale\/#breadcrumb\",\"itemListElement\":[{\"@type\":\"ListItem\",\"position\":1,\"name\":\"Home\",\"item\":\"https:\/\/vana.vspa.ee\/fi\/\"},{\"@type\":\"ListItem\",\"position\":2,\"name\":\"Hoidot\",\"item\":\"https:\/\/vana.vspa.ee\/hoolitsused\/\"},{\"@type\":\"ListItem\",\"position\":3,\"name\":\"Hieronta hamppu\u00f6ljyll\u00e4\"}]},{\"@type\":\"WebSite\",\"@id\":\"https:\/\/vana.vspa.ee\/#website\",\"url\":\"https:\/\/vana.vspa.ee\/\",\"name\":\"V Spa\",\"description\":\"V\u00f5ta veest viimast!\",\"potentialAction\":[{\"@type\":\"SearchAction\",\"target\":{\"@type\":\"EntryPoint\",\"urlTemplate\":\"https:\/\/vana.vspa.ee\/?s={search_term_string}\"},\"query-input\":{\"@type\":\"PropertyValueSpecification\",\"valueRequired\":true,\"valueName\":\"search_term_string\"}}],\"inLanguage\":\"fi\"}]}<\/script>\n<!-- \/ Yoast SEO plugin. -->","yoast_head_json":{"title":"Hieronta hamppu\u00f6ljyll\u00e4 - V Spa","robots":{"index":"noindex","follow":"follow","max-snippet":"max-snippet:-1","max-image-preview":"max-image-preview:large","max-video-preview":"max-video-preview:-1"},"og_locale":"fi_FI","og_type":"article","og_title":"Hieronta hamppu\u00f6ljyll\u00e4 - V Spa","og_description":"Rentouttava, v\u00e4litt\u00f6m\u00e4sti pehmitt\u00e4v\u00e4 ja kosteustasapainon palauttava vartalohoito tarjoaa helpotuksen my\u00f6s vaativalle iholle. Rentouttava hieronta avaa huokoset ja parantaa ihon kyky\u00e4...","og_url":"https:\/\/vana.vspa.ee\/hoolitsused\/sugavniisutav-massaaziga-kanepihoolitsus-kehale\/","og_site_name":"V Spa","article_modified_time":"2023-12-14T09:30:40+00:00","twitter_card":"summary_large_image","twitter_misc":{"Arvioitu lukuaika":"1 minuutti"},"schema":{"@context":"https:\/\/schema.org","@graph":[{"@type":"WebPage","@id":"https:\/\/vana.vspa.ee\/hoolitsused\/sugavniisutav-massaaziga-kanepihoolitsus-kehale\/","url":"https:\/\/vana.vspa.ee\/hoolitsused\/sugavniisutav-massaaziga-kanepihoolitsus-kehale\/","name":"Hieronta hamppu\u00f6ljyll\u00e4 - V Spa","isPartOf":{"@id":"https:\/\/vana.vspa.ee\/#website"},"datePublished":"2016-11-30T12:29:29+00:00","dateModified":"2023-12-14T09:30:40+00:00","breadcrumb":{"@id":"https:\/\/vana.vspa.ee\/hoolitsused\/sugavniisutav-massaaziga-kanepihoolitsus-kehale\/#breadcrumb"},"inLanguage":"fi","potentialAction":[{"@type":"ReadAction","target":["https:\/\/vana.vspa.ee\/hoolitsused\/sugavniisutav-massaaziga-kanepihoolitsus-kehale\/"]}]},{"@type":"BreadcrumbList","@id":"https:\/\/vana.vspa.ee\/hoolitsused\/sugavniisutav-massaaziga-kanepihoolitsus-kehale\/#breadcrumb","itemListElement":[{"@type":"ListItem","position":1,"name":"Home","item":"https:\/\/vana.vspa.ee\/fi\/"},{"@type":"ListItem","position":2,"name":"Hoidot","item":"https:\/\/vana.vspa.ee\/hoolitsused\/"},{"@type":"ListItem","position":3,"name":"Hieronta hamppu\u00f6ljyll\u00e4"}]},{"@type":"WebSite","@id":"https:\/\/vana.vspa.ee\/#website","url":"https:\/\/vana.vspa.ee\/","name":"V Spa","description":"V\u00f5ta veest viimast!","potentialAction":[{"@type":"SearchAction","target":{"@type":"EntryPoint","urlTemplate":"https:\/\/vana.vspa.ee\/?s={search_term_string}"},"query-input":{"@type":"PropertyValueSpecification","valueRequired":true,"valueName":"search_term_string"}}],"inLanguage":"fi"}]}},"_links":{"self":[{"href":"https:\/\/vana.vspa.ee\/fi\/wp-json\/wp\/v2\/pages\/2032","targetHints":{"allow":["GET"]}}],"collection":[{"href":"https:\/\/vana.vspa.ee\/fi\/wp-json\/wp\/v2\/pages"}],"about":[{"href":"https:\/\/vana.vspa.ee\/fi\/wp-json\/wp\/v2\/types\/page"}],"author":[{"embeddable":true,"href":"https:\/\/vana.vspa.ee\/fi\/wp-json\/wp\/v2\/users\/1"}],"replies":[{"embeddable":true,"href":"https:\/\/vana.vspa.ee\/fi\/wp-json\/wp\/v2\/comments?post=2032"}],"version-history":[{"count":5,"href":"https:\/\/vana.vspa.ee\/fi\/wp-json\/wp\/v2\/pages\/2032\/revisions"}],"predecessor-version":[{"id":42454,"href":"https:\/\/vana.vspa.ee\/fi\/wp-json\/wp\/v2\/pages\/2032\/revisions\/42454"}],"up":[{"embeddable":true,"href":"https:\/\/vana.vspa.ee\/fi\/wp-json\/wp\/v2\/pages\/1969"}],"wp:attachment":[{"href":"https:\/\/vana.vspa.ee\/fi\/wp-json\/wp\/v2\/media?parent=2032"}],"curies":[{"name":"wp","href":"https:\/\/api.w.org\/{rel}","templated":true}]}}