{"id":2037,"date":"2016-11-28T12:58:45","date_gmt":"2016-11-28T10:58:45","guid":{"rendered":"http:\/\/vspa.ee\/hoolitsused\/jalamassaaz\/"},"modified":"2025-03-10T09:13:24","modified_gmt":"2025-03-10T07:13:24","slug":"jalkahieronta","status":"publish","type":"page","link":"https:\/\/vana.vspa.ee\/fi\/hoidot\/jalkahieronta\/","title":{"rendered":"Jalkahieronta"},"content":{"rendered":"<p>Jalkahieronnassa keskityt\u00e4\u00e4n alueesta polvista jalkapohjiin ja yhdistet\u00e4\u00e4n kesken\u00e4\u00e4n niin refleksiologiaa, thaimaalaista jalkahierontaa kuin my\u00f6s muita hierontatyylej\u00e4. Hieronnassa k\u00e4ytet\u00e4\u00e4n \u00f6ljy\u00e4. Jalkahieronta sopii loistavasti ihmiselle, joka joutuu seisomaan tai k\u00e4velem\u00e4\u00e4n paljon p\u00e4iv\u00e4n aikana, raskaana oleville, ik\u00e4ihmisille ja my\u00f6s kaikille jalkahierontaa rakastaville.<\/p>\n","protected":false},"excerpt":{"rendered":"<p>Jalkahieronnassa keskityt\u00e4\u00e4n alueesta polvista jalkapohjiin ja yhdistet\u00e4\u00e4n kesken\u00e4\u00e4n niin refleksiologiaa, thaimaalaista jalkahierontaa kuin my\u00f6s muita hierontatyylej\u00e4. Hieronnassa k\u00e4ytet\u00e4\u00e4n \u00f6ljy\u00e4. Jalkahieronta&#8230;<\/p>\n","protected":false},"author":1,"featured_media":0,"parent":1969,"menu_order":64,"comment_status":"closed","ping_status":"closed","template":"page-templates\/tpl-offer1.php","meta":{"_acf_changed":false,"_monsterinsights_skip_tracking":false,"_monsterinsights_sitenote_active":false,"_monsterinsights_sitenote_note":"","_monsterinsights_sitenote_category":0,"footnotes":"","_links_to":"","_links_to_target":""},"class_list":["post-2037","page","type-page","status-publish","hentry"],"acf":[],"yoast_head":"<!-- This site is optimized with the Yoast SEO plugin v24.7 - https:\/\/yoast.com\/wordpress\/plugins\/seo\/ -->\n<title>Jalkahieronta - V Spa<\/title>\n<meta name=\"robots\" content=\"noindex, follow, max-snippet:-1, max-image-preview:large, max-video-preview:-1\" \/>\n<meta property=\"og:locale\" content=\"fi_FI\" \/>\n<meta property=\"og:type\" content=\"article\" \/>\n<meta property=\"og:title\" content=\"Jalkahieronta - V Spa\" \/>\n<meta property=\"og:description\" content=\"Jalkahieronnassa keskityt\u00e4\u00e4n alueesta polvista jalkapohjiin ja yhdistet\u00e4\u00e4n kesken\u00e4\u00e4n niin refleksiologiaa, thaimaalaista jalkahierontaa kuin my\u00f6s muita hierontatyylej\u00e4. Hieronnassa k\u00e4ytet\u00e4\u00e4n \u00f6ljy\u00e4. Jalkahieronta...\" \/>\n<meta property=\"og:url\" content=\"https:\/\/vana.vspa.ee\/hoolitsused\/jalamassaaz\/\" \/>\n<meta property=\"og:site_name\" content=\"V Spa\" \/>\n<meta property=\"article:modified_time\" content=\"2025-03-10T07:13:24+00:00\" \/>\n<meta name=\"twitter:card\" content=\"summary_large_image\" \/>\n<meta name=\"twitter:label1\" content=\"Arvioitu lukuaika\" \/>\n\t<meta name=\"twitter:data1\" content=\"1 minuutti\" \/>\n<script type=\"application\/ld+json\" class=\"yoast-schema-graph\">{\"@context\":\"https:\/\/schema.org\",\"@graph\":[{\"@type\":\"WebPage\",\"@id\":\"https:\/\/vana.vspa.ee\/hoolitsused\/jalamassaaz\/\",\"url\":\"https:\/\/vana.vspa.ee\/hoolitsused\/jalamassaaz\/\",\"name\":\"Jalkahieronta - V Spa\",\"isPartOf\":{\"@id\":\"https:\/\/vana.vspa.ee\/#website\"},\"datePublished\":\"2016-11-28T10:58:45+00:00\",\"dateModified\":\"2025-03-10T07:13:24+00:00\",\"breadcrumb\":{\"@id\":\"https:\/\/vana.vspa.ee\/hoolitsused\/jalamassaaz\/#breadcrumb\"},\"inLanguage\":\"fi\",\"potentialAction\":[{\"@type\":\"ReadAction\",\"target\":[\"https:\/\/vana.vspa.ee\/hoolitsused\/jalamassaaz\/\"]}]},{\"@type\":\"BreadcrumbList\",\"@id\":\"https:\/\/vana.vspa.ee\/hoolitsused\/jalamassaaz\/#breadcrumb\",\"itemListElement\":[{\"@type\":\"ListItem\",\"position\":1,\"name\":\"Home\",\"item\":\"https:\/\/vana.vspa.ee\/fi\/\"},{\"@type\":\"ListItem\",\"position\":2,\"name\":\"Hoidot\",\"item\":\"https:\/\/vana.vspa.ee\/hoolitsused\/\"},{\"@type\":\"ListItem\",\"position\":3,\"name\":\"Jalkahieronta\"}]},{\"@type\":\"WebSite\",\"@id\":\"https:\/\/vana.vspa.ee\/#website\",\"url\":\"https:\/\/vana.vspa.ee\/\",\"name\":\"V Spa\",\"description\":\"V\u00f5ta veest viimast!\",\"potentialAction\":[{\"@type\":\"SearchAction\",\"target\":{\"@type\":\"EntryPoint\",\"urlTemplate\":\"https:\/\/vana.vspa.ee\/?s={search_term_string}\"},\"query-input\":{\"@type\":\"PropertyValueSpecification\",\"valueRequired\":true,\"valueName\":\"search_term_string\"}}],\"inLanguage\":\"fi\"}]}<\/script>\n<!-- \/ Yoast SEO plugin. -->","yoast_head_json":{"title":"Jalkahieronta - V Spa","robots":{"index":"noindex","follow":"follow","max-snippet":"max-snippet:-1","max-image-preview":"max-image-preview:large","max-video-preview":"max-video-preview:-1"},"og_locale":"fi_FI","og_type":"article","og_title":"Jalkahieronta - V Spa","og_description":"Jalkahieronnassa keskityt\u00e4\u00e4n alueesta polvista jalkapohjiin ja yhdistet\u00e4\u00e4n kesken\u00e4\u00e4n niin refleksiologiaa, thaimaalaista jalkahierontaa kuin my\u00f6s muita hierontatyylej\u00e4. Hieronnassa k\u00e4ytet\u00e4\u00e4n \u00f6ljy\u00e4. Jalkahieronta...","og_url":"https:\/\/vana.vspa.ee\/hoolitsused\/jalamassaaz\/","og_site_name":"V Spa","article_modified_time":"2025-03-10T07:13:24+00:00","twitter_card":"summary_large_image","twitter_misc":{"Arvioitu lukuaika":"1 minuutti"},"schema":{"@context":"https:\/\/schema.org","@graph":[{"@type":"WebPage","@id":"https:\/\/vana.vspa.ee\/hoolitsused\/jalamassaaz\/","url":"https:\/\/vana.vspa.ee\/hoolitsused\/jalamassaaz\/","name":"Jalkahieronta - V Spa","isPartOf":{"@id":"https:\/\/vana.vspa.ee\/#website"},"datePublished":"2016-11-28T10:58:45+00:00","dateModified":"2025-03-10T07:13:24+00:00","breadcrumb":{"@id":"https:\/\/vana.vspa.ee\/hoolitsused\/jalamassaaz\/#breadcrumb"},"inLanguage":"fi","potentialAction":[{"@type":"ReadAction","target":["https:\/\/vana.vspa.ee\/hoolitsused\/jalamassaaz\/"]}]},{"@type":"BreadcrumbList","@id":"https:\/\/vana.vspa.ee\/hoolitsused\/jalamassaaz\/#breadcrumb","itemListElement":[{"@type":"ListItem","position":1,"name":"Home","item":"https:\/\/vana.vspa.ee\/fi\/"},{"@type":"ListItem","position":2,"name":"Hoidot","item":"https:\/\/vana.vspa.ee\/hoolitsused\/"},{"@type":"ListItem","position":3,"name":"Jalkahieronta"}]},{"@type":"WebSite","@id":"https:\/\/vana.vspa.ee\/#website","url":"https:\/\/vana.vspa.ee\/","name":"V Spa","description":"V\u00f5ta veest viimast!","potentialAction":[{"@type":"SearchAction","target":{"@type":"EntryPoint","urlTemplate":"https:\/\/vana.vspa.ee\/?s={search_term_string}"},"query-input":{"@type":"PropertyValueSpecification","valueRequired":true,"valueName":"search_term_string"}}],"inLanguage":"fi"}]}},"_links":{"self":[{"href":"https:\/\/vana.vspa.ee\/fi\/wp-json\/wp\/v2\/pages\/2037","targetHints":{"allow":["GET"]}}],"collection":[{"href":"https:\/\/vana.vspa.ee\/fi\/wp-json\/wp\/v2\/pages"}],"about":[{"href":"https:\/\/vana.vspa.ee\/fi\/wp-json\/wp\/v2\/types\/page"}],"author":[{"embeddable":true,"href":"https:\/\/vana.vspa.ee\/fi\/wp-json\/wp\/v2\/users\/1"}],"replies":[{"embeddable":true,"href":"https:\/\/vana.vspa.ee\/fi\/wp-json\/wp\/v2\/comments?post=2037"}],"version-history":[{"count":3,"href":"https:\/\/vana.vspa.ee\/fi\/wp-json\/wp\/v2\/pages\/2037\/revisions"}],"predecessor-version":[{"id":49381,"href":"https:\/\/vana.vspa.ee\/fi\/wp-json\/wp\/v2\/pages\/2037\/revisions\/49381"}],"up":[{"embeddable":true,"href":"https:\/\/vana.vspa.ee\/fi\/wp-json\/wp\/v2\/pages\/1969"}],"wp:attachment":[{"href":"https:\/\/vana.vspa.ee\/fi\/wp-json\/wp\/v2\/media?parent=2037"}],"curies":[{"name":"wp","href":"https:\/\/api.w.org\/{rel}","templated":true}]}}