{"id":2039,"date":"2016-11-28T12:56:54","date_gmt":"2016-11-28T10:56:54","guid":{"rendered":"http:\/\/vspa.ee\/hoolitsused\/selja-ja-turja-massaaz\/"},"modified":"2022-01-25T12:16:29","modified_gmt":"2022-01-25T10:16:29","slug":"seljan-ja-olkapaan-hieronta","status":"publish","type":"page","link":"https:\/\/vana.vspa.ee\/fi\/hoidot\/seljan-ja-olkapaan-hieronta\/","title":{"rendered":"Selk\u00e4-hartiahieronta"},"content":{"rendered":"<p>Selk\u00e4hieronta on klassiseen hierontaan perustuva nopea ja tehokas hieronta, joka vireytt\u00e4\u00e4 veren- ja imunesteenkiertoa, lievent\u00e4\u00e4 lihaskipuja ja -j\u00e4nnityksi\u00e4. Hierotaan selk\u00e4, hartiat, kaula ja p\u00e4\u00e4. Selk\u00e4hieronta antaa avun selk\u00e4vaivoihin. Lis\u00e4ksi hieronta auttaa parantamaan ihon kuntoa ja kimmoisuutta.<\/p>\n","protected":false},"excerpt":{"rendered":"<p>Selk\u00e4hieronta on klassiseen hierontaan perustuva nopea ja tehokas hieronta, joka vireytt\u00e4\u00e4 veren- ja imunesteenkiertoa, lievent\u00e4\u00e4 lihaskipuja ja -j\u00e4nnityksi\u00e4. Hierotaan selk\u00e4,&#8230;<\/p>\n","protected":false},"author":1,"featured_media":0,"parent":1969,"menu_order":66,"comment_status":"closed","ping_status":"closed","template":"page-templates\/tpl-offer1.php","meta":{"_acf_changed":false,"_monsterinsights_skip_tracking":false,"_monsterinsights_sitenote_active":false,"_monsterinsights_sitenote_note":"","_monsterinsights_sitenote_category":0,"footnotes":"","_links_to":"","_links_to_target":""},"class_list":["post-2039","page","type-page","status-publish","hentry"],"acf":[],"yoast_head":"<!-- This site is optimized with the Yoast SEO plugin v24.7 - https:\/\/yoast.com\/wordpress\/plugins\/seo\/ -->\n<title>Selk\u00e4-hartiahieronta - V Spa<\/title>\n<meta name=\"robots\" content=\"noindex, follow, max-snippet:-1, max-image-preview:large, max-video-preview:-1\" \/>\n<meta property=\"og:locale\" content=\"fi_FI\" \/>\n<meta property=\"og:type\" content=\"article\" \/>\n<meta property=\"og:title\" content=\"Selk\u00e4-hartiahieronta - V Spa\" \/>\n<meta property=\"og:description\" content=\"Selk\u00e4hieronta on klassiseen hierontaan perustuva nopea ja tehokas hieronta, joka vireytt\u00e4\u00e4 veren- ja imunesteenkiertoa, lievent\u00e4\u00e4 lihaskipuja ja -j\u00e4nnityksi\u00e4. Hierotaan selk\u00e4,...\" \/>\n<meta property=\"og:url\" content=\"https:\/\/vana.vspa.ee\/hoolitsused\/selja-ja-turja-massaaz\/\" \/>\n<meta property=\"og:site_name\" content=\"V Spa\" \/>\n<meta property=\"article:modified_time\" content=\"2022-01-25T10:16:29+00:00\" \/>\n<meta name=\"twitter:card\" content=\"summary_large_image\" \/>\n<script type=\"application\/ld+json\" class=\"yoast-schema-graph\">{\"@context\":\"https:\/\/schema.org\",\"@graph\":[{\"@type\":\"WebPage\",\"@id\":\"https:\/\/vana.vspa.ee\/hoolitsused\/selja-ja-turja-massaaz\/\",\"url\":\"https:\/\/vana.vspa.ee\/hoolitsused\/selja-ja-turja-massaaz\/\",\"name\":\"Selk\u00e4-hartiahieronta - V Spa\",\"isPartOf\":{\"@id\":\"https:\/\/vana.vspa.ee\/#website\"},\"datePublished\":\"2016-11-28T10:56:54+00:00\",\"dateModified\":\"2022-01-25T10:16:29+00:00\",\"breadcrumb\":{\"@id\":\"https:\/\/vana.vspa.ee\/hoolitsused\/selja-ja-turja-massaaz\/#breadcrumb\"},\"inLanguage\":\"fi\",\"potentialAction\":[{\"@type\":\"ReadAction\",\"target\":[\"https:\/\/vana.vspa.ee\/hoolitsused\/selja-ja-turja-massaaz\/\"]}]},{\"@type\":\"BreadcrumbList\",\"@id\":\"https:\/\/vana.vspa.ee\/hoolitsused\/selja-ja-turja-massaaz\/#breadcrumb\",\"itemListElement\":[{\"@type\":\"ListItem\",\"position\":1,\"name\":\"Home\",\"item\":\"https:\/\/vana.vspa.ee\/fi\/\"},{\"@type\":\"ListItem\",\"position\":2,\"name\":\"Hoidot\",\"item\":\"https:\/\/vana.vspa.ee\/hoolitsused\/\"},{\"@type\":\"ListItem\",\"position\":3,\"name\":\"Selk\u00e4-hartiahieronta\"}]},{\"@type\":\"WebSite\",\"@id\":\"https:\/\/vana.vspa.ee\/#website\",\"url\":\"https:\/\/vana.vspa.ee\/\",\"name\":\"V Spa\",\"description\":\"V\u00f5ta veest viimast!\",\"potentialAction\":[{\"@type\":\"SearchAction\",\"target\":{\"@type\":\"EntryPoint\",\"urlTemplate\":\"https:\/\/vana.vspa.ee\/?s={search_term_string}\"},\"query-input\":{\"@type\":\"PropertyValueSpecification\",\"valueRequired\":true,\"valueName\":\"search_term_string\"}}],\"inLanguage\":\"fi\"}]}<\/script>\n<!-- \/ Yoast SEO plugin. -->","yoast_head_json":{"title":"Selk\u00e4-hartiahieronta - V Spa","robots":{"index":"noindex","follow":"follow","max-snippet":"max-snippet:-1","max-image-preview":"max-image-preview:large","max-video-preview":"max-video-preview:-1"},"og_locale":"fi_FI","og_type":"article","og_title":"Selk\u00e4-hartiahieronta - V Spa","og_description":"Selk\u00e4hieronta on klassiseen hierontaan perustuva nopea ja tehokas hieronta, joka vireytt\u00e4\u00e4 veren- ja imunesteenkiertoa, lievent\u00e4\u00e4 lihaskipuja ja -j\u00e4nnityksi\u00e4. Hierotaan selk\u00e4,...","og_url":"https:\/\/vana.vspa.ee\/hoolitsused\/selja-ja-turja-massaaz\/","og_site_name":"V Spa","article_modified_time":"2022-01-25T10:16:29+00:00","twitter_card":"summary_large_image","schema":{"@context":"https:\/\/schema.org","@graph":[{"@type":"WebPage","@id":"https:\/\/vana.vspa.ee\/hoolitsused\/selja-ja-turja-massaaz\/","url":"https:\/\/vana.vspa.ee\/hoolitsused\/selja-ja-turja-massaaz\/","name":"Selk\u00e4-hartiahieronta - V Spa","isPartOf":{"@id":"https:\/\/vana.vspa.ee\/#website"},"datePublished":"2016-11-28T10:56:54+00:00","dateModified":"2022-01-25T10:16:29+00:00","breadcrumb":{"@id":"https:\/\/vana.vspa.ee\/hoolitsused\/selja-ja-turja-massaaz\/#breadcrumb"},"inLanguage":"fi","potentialAction":[{"@type":"ReadAction","target":["https:\/\/vana.vspa.ee\/hoolitsused\/selja-ja-turja-massaaz\/"]}]},{"@type":"BreadcrumbList","@id":"https:\/\/vana.vspa.ee\/hoolitsused\/selja-ja-turja-massaaz\/#breadcrumb","itemListElement":[{"@type":"ListItem","position":1,"name":"Home","item":"https:\/\/vana.vspa.ee\/fi\/"},{"@type":"ListItem","position":2,"name":"Hoidot","item":"https:\/\/vana.vspa.ee\/hoolitsused\/"},{"@type":"ListItem","position":3,"name":"Selk\u00e4-hartiahieronta"}]},{"@type":"WebSite","@id":"https:\/\/vana.vspa.ee\/#website","url":"https:\/\/vana.vspa.ee\/","name":"V Spa","description":"V\u00f5ta veest viimast!","potentialAction":[{"@type":"SearchAction","target":{"@type":"EntryPoint","urlTemplate":"https:\/\/vana.vspa.ee\/?s={search_term_string}"},"query-input":{"@type":"PropertyValueSpecification","valueRequired":true,"valueName":"search_term_string"}}],"inLanguage":"fi"}]}},"_links":{"self":[{"href":"https:\/\/vana.vspa.ee\/fi\/wp-json\/wp\/v2\/pages\/2039","targetHints":{"allow":["GET"]}}],"collection":[{"href":"https:\/\/vana.vspa.ee\/fi\/wp-json\/wp\/v2\/pages"}],"about":[{"href":"https:\/\/vana.vspa.ee\/fi\/wp-json\/wp\/v2\/types\/page"}],"author":[{"embeddable":true,"href":"https:\/\/vana.vspa.ee\/fi\/wp-json\/wp\/v2\/users\/1"}],"replies":[{"embeddable":true,"href":"https:\/\/vana.vspa.ee\/fi\/wp-json\/wp\/v2\/comments?post=2039"}],"version-history":[{"count":5,"href":"https:\/\/vana.vspa.ee\/fi\/wp-json\/wp\/v2\/pages\/2039\/revisions"}],"predecessor-version":[{"id":32378,"href":"https:\/\/vana.vspa.ee\/fi\/wp-json\/wp\/v2\/pages\/2039\/revisions\/32378"}],"up":[{"embeddable":true,"href":"https:\/\/vana.vspa.ee\/fi\/wp-json\/wp\/v2\/pages\/1969"}],"wp:attachment":[{"href":"https:\/\/vana.vspa.ee\/fi\/wp-json\/wp\/v2\/media?parent=2039"}],"curies":[{"name":"wp","href":"https:\/\/api.w.org\/{rel}","templated":true}]}}