{"id":20391,"date":"2019-10-14T14:16:48","date_gmt":"2019-10-14T11:16:48","guid":{"rendered":"https:\/\/vspa.ee\/hoidot\/a-la-carte-kehakoorimine-2\/"},"modified":"2024-11-28T15:09:03","modified_gmt":"2024-11-28T13:09:03","slug":"a-la-carte-kehakoorimine-2","status":"publish","type":"page","link":"https:\/\/vana.vspa.ee\/fi\/hoidot\/a-la-carte-kehakoorimine-2\/","title":{"rendered":"A la carte -vartalokuorinta"},"content":{"rendered":"<p>Puolituntinen rituaali on ihanteellinen lepohetki kaikille, jotka arvostavat ihon terveytt\u00e4 ja heleytt\u00e4. Vartalolle hierovin liikkein levitett\u00e4v\u00e4 kuorinta-aine poistaa iholta kaiken ylim\u00e4\u00e4r\u00e4isen ja virkist\u00e4\u00e4 kehoa ja mielt\u00e4. Luonnollinen kuorinta-aine valitaan paikan p\u00e4\u00e4ll\u00e4 ja asiakkaan mieltymysten mukaan.<\/p>\n<p>Hoidossa k\u00e4ytet\u00e4\u00e4n <strong>HOIA homespa -sarjan<\/strong> tuotteita.<\/p>\n","protected":false},"excerpt":{"rendered":"<p>Puolituntinen rituaali on ihanteellinen lepohetki kaikille, jotka arvostavat ihon terveytt\u00e4 ja heleytt\u00e4. Vartalolle hierovin liikkein levitett\u00e4v\u00e4 kuorinta-aine poistaa iholta kaiken&#8230;<\/p>\n","protected":false},"author":1,"featured_media":0,"parent":1969,"menu_order":0,"comment_status":"closed","ping_status":"closed","template":"page-templates\/tpl-offer1.php","meta":{"_acf_changed":false,"_monsterinsights_skip_tracking":false,"_monsterinsights_sitenote_active":false,"_monsterinsights_sitenote_note":"","_monsterinsights_sitenote_category":0,"footnotes":"","_links_to":"","_links_to_target":""},"class_list":["post-20391","page","type-page","status-publish","hentry"],"acf":[],"yoast_head":"<!-- This site is optimized with the Yoast SEO plugin v24.7 - https:\/\/yoast.com\/wordpress\/plugins\/seo\/ -->\n<title>A la carte -vartalokuorinta - V Spa<\/title>\n<meta name=\"robots\" content=\"noindex, follow, max-snippet:-1, max-image-preview:large, max-video-preview:-1\" \/>\n<meta property=\"og:locale\" content=\"fi_FI\" \/>\n<meta property=\"og:type\" content=\"article\" \/>\n<meta property=\"og:title\" content=\"A la carte -vartalokuorinta - V Spa\" \/>\n<meta property=\"og:description\" content=\"Puolituntinen rituaali on ihanteellinen lepohetki kaikille, jotka arvostavat ihon terveytt\u00e4 ja heleytt\u00e4. Vartalolle hierovin liikkein levitett\u00e4v\u00e4 kuorinta-aine poistaa iholta kaiken...\" \/>\n<meta property=\"og:url\" content=\"https:\/\/vana.vspa.ee\/hoolitsused\/a-la-carte-kehakoorimine-2\/\" \/>\n<meta property=\"og:site_name\" content=\"V Spa\" \/>\n<meta property=\"article:modified_time\" content=\"2024-11-28T13:09:03+00:00\" \/>\n<meta name=\"twitter:card\" content=\"summary_large_image\" \/>\n<meta name=\"twitter:label1\" content=\"Arvioitu lukuaika\" \/>\n\t<meta name=\"twitter:data1\" content=\"1 minuutti\" \/>\n<script type=\"application\/ld+json\" class=\"yoast-schema-graph\">{\"@context\":\"https:\/\/schema.org\",\"@graph\":[{\"@type\":\"WebPage\",\"@id\":\"https:\/\/vana.vspa.ee\/hoolitsused\/a-la-carte-kehakoorimine-2\/\",\"url\":\"https:\/\/vana.vspa.ee\/hoolitsused\/a-la-carte-kehakoorimine-2\/\",\"name\":\"A la carte -vartalokuorinta - V Spa\",\"isPartOf\":{\"@id\":\"https:\/\/vana.vspa.ee\/#website\"},\"datePublished\":\"2019-10-14T11:16:48+00:00\",\"dateModified\":\"2024-11-28T13:09:03+00:00\",\"breadcrumb\":{\"@id\":\"https:\/\/vana.vspa.ee\/hoolitsused\/a-la-carte-kehakoorimine-2\/#breadcrumb\"},\"inLanguage\":\"fi\",\"potentialAction\":[{\"@type\":\"ReadAction\",\"target\":[\"https:\/\/vana.vspa.ee\/hoolitsused\/a-la-carte-kehakoorimine-2\/\"]}]},{\"@type\":\"BreadcrumbList\",\"@id\":\"https:\/\/vana.vspa.ee\/hoolitsused\/a-la-carte-kehakoorimine-2\/#breadcrumb\",\"itemListElement\":[{\"@type\":\"ListItem\",\"position\":1,\"name\":\"Home\",\"item\":\"https:\/\/vana.vspa.ee\/fi\/\"},{\"@type\":\"ListItem\",\"position\":2,\"name\":\"Hoidot\",\"item\":\"https:\/\/vana.vspa.ee\/hoolitsused\/\"},{\"@type\":\"ListItem\",\"position\":3,\"name\":\"A la carte -vartalokuorinta\"}]},{\"@type\":\"WebSite\",\"@id\":\"https:\/\/vana.vspa.ee\/#website\",\"url\":\"https:\/\/vana.vspa.ee\/\",\"name\":\"V Spa\",\"description\":\"V\u00f5ta veest viimast!\",\"potentialAction\":[{\"@type\":\"SearchAction\",\"target\":{\"@type\":\"EntryPoint\",\"urlTemplate\":\"https:\/\/vana.vspa.ee\/?s={search_term_string}\"},\"query-input\":{\"@type\":\"PropertyValueSpecification\",\"valueRequired\":true,\"valueName\":\"search_term_string\"}}],\"inLanguage\":\"fi\"}]}<\/script>\n<!-- \/ Yoast SEO plugin. -->","yoast_head_json":{"title":"A la carte -vartalokuorinta - V Spa","robots":{"index":"noindex","follow":"follow","max-snippet":"max-snippet:-1","max-image-preview":"max-image-preview:large","max-video-preview":"max-video-preview:-1"},"og_locale":"fi_FI","og_type":"article","og_title":"A la carte -vartalokuorinta - V Spa","og_description":"Puolituntinen rituaali on ihanteellinen lepohetki kaikille, jotka arvostavat ihon terveytt\u00e4 ja heleytt\u00e4. Vartalolle hierovin liikkein levitett\u00e4v\u00e4 kuorinta-aine poistaa iholta kaiken...","og_url":"https:\/\/vana.vspa.ee\/hoolitsused\/a-la-carte-kehakoorimine-2\/","og_site_name":"V Spa","article_modified_time":"2024-11-28T13:09:03+00:00","twitter_card":"summary_large_image","twitter_misc":{"Arvioitu lukuaika":"1 minuutti"},"schema":{"@context":"https:\/\/schema.org","@graph":[{"@type":"WebPage","@id":"https:\/\/vana.vspa.ee\/hoolitsused\/a-la-carte-kehakoorimine-2\/","url":"https:\/\/vana.vspa.ee\/hoolitsused\/a-la-carte-kehakoorimine-2\/","name":"A la carte -vartalokuorinta - V Spa","isPartOf":{"@id":"https:\/\/vana.vspa.ee\/#website"},"datePublished":"2019-10-14T11:16:48+00:00","dateModified":"2024-11-28T13:09:03+00:00","breadcrumb":{"@id":"https:\/\/vana.vspa.ee\/hoolitsused\/a-la-carte-kehakoorimine-2\/#breadcrumb"},"inLanguage":"fi","potentialAction":[{"@type":"ReadAction","target":["https:\/\/vana.vspa.ee\/hoolitsused\/a-la-carte-kehakoorimine-2\/"]}]},{"@type":"BreadcrumbList","@id":"https:\/\/vana.vspa.ee\/hoolitsused\/a-la-carte-kehakoorimine-2\/#breadcrumb","itemListElement":[{"@type":"ListItem","position":1,"name":"Home","item":"https:\/\/vana.vspa.ee\/fi\/"},{"@type":"ListItem","position":2,"name":"Hoidot","item":"https:\/\/vana.vspa.ee\/hoolitsused\/"},{"@type":"ListItem","position":3,"name":"A la carte -vartalokuorinta"}]},{"@type":"WebSite","@id":"https:\/\/vana.vspa.ee\/#website","url":"https:\/\/vana.vspa.ee\/","name":"V Spa","description":"V\u00f5ta veest viimast!","potentialAction":[{"@type":"SearchAction","target":{"@type":"EntryPoint","urlTemplate":"https:\/\/vana.vspa.ee\/?s={search_term_string}"},"query-input":{"@type":"PropertyValueSpecification","valueRequired":true,"valueName":"search_term_string"}}],"inLanguage":"fi"}]}},"_links":{"self":[{"href":"https:\/\/vana.vspa.ee\/fi\/wp-json\/wp\/v2\/pages\/20391","targetHints":{"allow":["GET"]}}],"collection":[{"href":"https:\/\/vana.vspa.ee\/fi\/wp-json\/wp\/v2\/pages"}],"about":[{"href":"https:\/\/vana.vspa.ee\/fi\/wp-json\/wp\/v2\/types\/page"}],"author":[{"embeddable":true,"href":"https:\/\/vana.vspa.ee\/fi\/wp-json\/wp\/v2\/users\/1"}],"replies":[{"embeddable":true,"href":"https:\/\/vana.vspa.ee\/fi\/wp-json\/wp\/v2\/comments?post=20391"}],"version-history":[{"count":3,"href":"https:\/\/vana.vspa.ee\/fi\/wp-json\/wp\/v2\/pages\/20391\/revisions"}],"predecessor-version":[{"id":47178,"href":"https:\/\/vana.vspa.ee\/fi\/wp-json\/wp\/v2\/pages\/20391\/revisions\/47178"}],"up":[{"embeddable":true,"href":"https:\/\/vana.vspa.ee\/fi\/wp-json\/wp\/v2\/pages\/1969"}],"wp:attachment":[{"href":"https:\/\/vana.vspa.ee\/fi\/wp-json\/wp\/v2\/media?parent=20391"}],"curies":[{"name":"wp","href":"https:\/\/api.w.org\/{rel}","templated":true}]}}