{"id":2042,"date":"2016-11-28T12:54:12","date_gmt":"2016-11-28T10:54:12","guid":{"rendered":"http:\/\/vspa.ee\/hoolitsused\/sokolaadimassaaz\/"},"modified":"2025-02-20T15:09:05","modified_gmt":"2025-02-20T13:09:05","slug":"suklaahieronta","status":"publish","type":"page","link":"https:\/\/vana.vspa.ee\/fi\/hoidot\/suklaahieronta\/","title":{"rendered":"Suklaahieronta"},"content":{"rendered":"<p>T\u00e4m\u00e4 on miellytt\u00e4v\u00e4 hieronta niin keholle kuin mielelle. Suklaan avulla niin kutsutut &#8221;onnenhormonit&#8221; (endorfiinit) alkavat eritty\u00e4, olo paranee ja aineenvaihdunta nopeutuu. Suklaahieronta on todellinen nautinto, josta iholle j\u00e4\u00e4 miellytt\u00e4v\u00e4 ja houkutteleva tuoksu. Kevyesti kuoriva hieronta tehostaa rasvanpalamisprosessia, tekeee siluetista kauniimman ja v\u00e4hent\u00e4\u00e4 appelsiiniihoa. Kaakaopavut sis\u00e4lt\u00e4v\u00e4t antioksydantteja ja flavonoideja, jotka ravitsevat, kosteuttavat ja pehment\u00e4v\u00e4t ihoa ja hidastavat vanhenemista. Hoidon j\u00e4lkeen iho on samettisen pehme\u00e4.<\/p>\n","protected":false},"excerpt":{"rendered":"<p>T\u00e4m\u00e4 on miellytt\u00e4v\u00e4 hieronta niin keholle kuin mielelle. Suklaan avulla niin kutsutut &#8221;onnenhormonit&#8221; (endorfiinit) alkavat eritty\u00e4, olo paranee ja aineenvaihdunta&#8230;<\/p>\n","protected":false},"author":1,"featured_media":0,"parent":1969,"menu_order":65,"comment_status":"closed","ping_status":"closed","template":"page-templates\/tpl-offer1.php","meta":{"_acf_changed":false,"_monsterinsights_skip_tracking":false,"_monsterinsights_sitenote_active":false,"_monsterinsights_sitenote_note":"","_monsterinsights_sitenote_category":0,"footnotes":"","_links_to":"","_links_to_target":""},"class_list":["post-2042","page","type-page","status-publish","hentry"],"acf":[],"yoast_head":"<!-- This site is optimized with the Yoast SEO plugin v24.7 - https:\/\/yoast.com\/wordpress\/plugins\/seo\/ -->\n<title>Suklaahieronta - V Spa<\/title>\n<meta name=\"robots\" content=\"noindex, follow, max-snippet:-1, max-image-preview:large, max-video-preview:-1\" \/>\n<meta property=\"og:locale\" content=\"fi_FI\" \/>\n<meta property=\"og:type\" content=\"article\" \/>\n<meta property=\"og:title\" content=\"Suklaahieronta - V Spa\" \/>\n<meta property=\"og:description\" content=\"T\u00e4m\u00e4 on miellytt\u00e4v\u00e4 hieronta niin keholle kuin mielelle. Suklaan avulla niin kutsutut &#8221;onnenhormonit&#8221; (endorfiinit) alkavat eritty\u00e4, olo paranee ja aineenvaihdunta...\" \/>\n<meta property=\"og:url\" content=\"https:\/\/vana.vspa.ee\/hoolitsused\/sokolaadimassaaz\/\" \/>\n<meta property=\"og:site_name\" content=\"V Spa\" \/>\n<meta property=\"article:modified_time\" content=\"2025-02-20T13:09:05+00:00\" \/>\n<meta name=\"twitter:card\" content=\"summary_large_image\" \/>\n<meta name=\"twitter:label1\" content=\"Arvioitu lukuaika\" \/>\n\t<meta name=\"twitter:data1\" content=\"1 minuutti\" \/>\n<script type=\"application\/ld+json\" class=\"yoast-schema-graph\">{\"@context\":\"https:\/\/schema.org\",\"@graph\":[{\"@type\":\"WebPage\",\"@id\":\"https:\/\/vana.vspa.ee\/hoolitsused\/sokolaadimassaaz\/\",\"url\":\"https:\/\/vana.vspa.ee\/hoolitsused\/sokolaadimassaaz\/\",\"name\":\"Suklaahieronta - V Spa\",\"isPartOf\":{\"@id\":\"https:\/\/vana.vspa.ee\/#website\"},\"datePublished\":\"2016-11-28T10:54:12+00:00\",\"dateModified\":\"2025-02-20T13:09:05+00:00\",\"breadcrumb\":{\"@id\":\"https:\/\/vana.vspa.ee\/hoolitsused\/sokolaadimassaaz\/#breadcrumb\"},\"inLanguage\":\"fi\",\"potentialAction\":[{\"@type\":\"ReadAction\",\"target\":[\"https:\/\/vana.vspa.ee\/hoolitsused\/sokolaadimassaaz\/\"]}]},{\"@type\":\"BreadcrumbList\",\"@id\":\"https:\/\/vana.vspa.ee\/hoolitsused\/sokolaadimassaaz\/#breadcrumb\",\"itemListElement\":[{\"@type\":\"ListItem\",\"position\":1,\"name\":\"Home\",\"item\":\"https:\/\/vana.vspa.ee\/fi\/\"},{\"@type\":\"ListItem\",\"position\":2,\"name\":\"Hoidot\",\"item\":\"https:\/\/vana.vspa.ee\/hoolitsused\/\"},{\"@type\":\"ListItem\",\"position\":3,\"name\":\"Suklaahieronta\"}]},{\"@type\":\"WebSite\",\"@id\":\"https:\/\/vana.vspa.ee\/#website\",\"url\":\"https:\/\/vana.vspa.ee\/\",\"name\":\"V Spa\",\"description\":\"V\u00f5ta veest viimast!\",\"potentialAction\":[{\"@type\":\"SearchAction\",\"target\":{\"@type\":\"EntryPoint\",\"urlTemplate\":\"https:\/\/vana.vspa.ee\/?s={search_term_string}\"},\"query-input\":{\"@type\":\"PropertyValueSpecification\",\"valueRequired\":true,\"valueName\":\"search_term_string\"}}],\"inLanguage\":\"fi\"}]}<\/script>\n<!-- \/ Yoast SEO plugin. -->","yoast_head_json":{"title":"Suklaahieronta - V Spa","robots":{"index":"noindex","follow":"follow","max-snippet":"max-snippet:-1","max-image-preview":"max-image-preview:large","max-video-preview":"max-video-preview:-1"},"og_locale":"fi_FI","og_type":"article","og_title":"Suklaahieronta - V Spa","og_description":"T\u00e4m\u00e4 on miellytt\u00e4v\u00e4 hieronta niin keholle kuin mielelle. Suklaan avulla niin kutsutut &#8221;onnenhormonit&#8221; (endorfiinit) alkavat eritty\u00e4, olo paranee ja aineenvaihdunta...","og_url":"https:\/\/vana.vspa.ee\/hoolitsused\/sokolaadimassaaz\/","og_site_name":"V Spa","article_modified_time":"2025-02-20T13:09:05+00:00","twitter_card":"summary_large_image","twitter_misc":{"Arvioitu lukuaika":"1 minuutti"},"schema":{"@context":"https:\/\/schema.org","@graph":[{"@type":"WebPage","@id":"https:\/\/vana.vspa.ee\/hoolitsused\/sokolaadimassaaz\/","url":"https:\/\/vana.vspa.ee\/hoolitsused\/sokolaadimassaaz\/","name":"Suklaahieronta - V Spa","isPartOf":{"@id":"https:\/\/vana.vspa.ee\/#website"},"datePublished":"2016-11-28T10:54:12+00:00","dateModified":"2025-02-20T13:09:05+00:00","breadcrumb":{"@id":"https:\/\/vana.vspa.ee\/hoolitsused\/sokolaadimassaaz\/#breadcrumb"},"inLanguage":"fi","potentialAction":[{"@type":"ReadAction","target":["https:\/\/vana.vspa.ee\/hoolitsused\/sokolaadimassaaz\/"]}]},{"@type":"BreadcrumbList","@id":"https:\/\/vana.vspa.ee\/hoolitsused\/sokolaadimassaaz\/#breadcrumb","itemListElement":[{"@type":"ListItem","position":1,"name":"Home","item":"https:\/\/vana.vspa.ee\/fi\/"},{"@type":"ListItem","position":2,"name":"Hoidot","item":"https:\/\/vana.vspa.ee\/hoolitsused\/"},{"@type":"ListItem","position":3,"name":"Suklaahieronta"}]},{"@type":"WebSite","@id":"https:\/\/vana.vspa.ee\/#website","url":"https:\/\/vana.vspa.ee\/","name":"V Spa","description":"V\u00f5ta veest viimast!","potentialAction":[{"@type":"SearchAction","target":{"@type":"EntryPoint","urlTemplate":"https:\/\/vana.vspa.ee\/?s={search_term_string}"},"query-input":{"@type":"PropertyValueSpecification","valueRequired":true,"valueName":"search_term_string"}}],"inLanguage":"fi"}]}},"_links":{"self":[{"href":"https:\/\/vana.vspa.ee\/fi\/wp-json\/wp\/v2\/pages\/2042","targetHints":{"allow":["GET"]}}],"collection":[{"href":"https:\/\/vana.vspa.ee\/fi\/wp-json\/wp\/v2\/pages"}],"about":[{"href":"https:\/\/vana.vspa.ee\/fi\/wp-json\/wp\/v2\/types\/page"}],"author":[{"embeddable":true,"href":"https:\/\/vana.vspa.ee\/fi\/wp-json\/wp\/v2\/users\/1"}],"replies":[{"embeddable":true,"href":"https:\/\/vana.vspa.ee\/fi\/wp-json\/wp\/v2\/comments?post=2042"}],"version-history":[{"count":6,"href":"https:\/\/vana.vspa.ee\/fi\/wp-json\/wp\/v2\/pages\/2042\/revisions"}],"predecessor-version":[{"id":49159,"href":"https:\/\/vana.vspa.ee\/fi\/wp-json\/wp\/v2\/pages\/2042\/revisions\/49159"}],"up":[{"embeddable":true,"href":"https:\/\/vana.vspa.ee\/fi\/wp-json\/wp\/v2\/pages\/1969"}],"wp:attachment":[{"href":"https:\/\/vana.vspa.ee\/fi\/wp-json\/wp\/v2\/media?parent=2042"}],"curies":[{"name":"wp","href":"https:\/\/api.w.org\/{rel}","templated":true}]}}