{"id":2044,"date":"2016-11-28T12:51:11","date_gmt":"2016-11-28T10:51:11","guid":{"rendered":"http:\/\/vspa.ee\/hoolitsused\/aroomimassaaz\/"},"modified":"2023-12-07T14:14:47","modified_gmt":"2023-12-07T12:14:47","slug":"aromahieronta","status":"publish","type":"page","link":"https:\/\/vana.vspa.ee\/fi\/hoidot\/aromahieronta\/","title":{"rendered":"Aromahieronta"},"content":{"rendered":"<p>Ihanteellinen hieronta kehon, sielun ja mielen tasapainoittamiseksi. Aromihieronta on rentouttava hieronta, jota tehd\u00e4\u00e4n eteeristen \u00f6ljyjen sekoituksen kera. Eteeriset \u00f6ljyt pysyv\u00e4t kehossa jopa 72 tuntia, nuorentavat kudoksia ja parantavat ihon kimmoisuutta. Aromihieronta koostuu hitaista ja rauhottavista, sivelevist\u00e4 liikkeist\u00e4. Aromihieronta sopii rentoutumiseen, ja on ihanteellinen ollessasi yliv\u00e4synyt ja stressiss\u00e4.<\/p>\n<p>T\u00e4st\u00e4 hoidosta voit nauttia my\u00f6s seuraavan p\u00e4iv\u00e4spa-paketin osana: <a href=\"https:\/\/vspa.ee\/fi\/paketit\/voluv-hetk\/\">Lumoava hetki<\/a><\/p>\n","protected":false},"excerpt":{"rendered":"<p>Ihanteellinen hieronta kehon, sielun ja mielen tasapainoittamiseksi. Aromihieronta on rentouttava hieronta, jota tehd\u00e4\u00e4n eteeristen \u00f6ljyjen sekoituksen kera. Eteeriset \u00f6ljyt pysyv\u00e4t&#8230;<\/p>\n","protected":false},"author":1,"featured_media":0,"parent":1969,"menu_order":61,"comment_status":"closed","ping_status":"closed","template":"page-templates\/tpl-offer1.php","meta":{"_acf_changed":false,"_monsterinsights_skip_tracking":false,"_monsterinsights_sitenote_active":false,"_monsterinsights_sitenote_note":"","_monsterinsights_sitenote_category":0,"footnotes":"","_links_to":"","_links_to_target":""},"class_list":["post-2044","page","type-page","status-publish","hentry"],"acf":[],"yoast_head":"<!-- This site is optimized with the Yoast SEO plugin v24.7 - https:\/\/yoast.com\/wordpress\/plugins\/seo\/ -->\n<title>Aromahieronta - V Spa<\/title>\n<meta name=\"robots\" content=\"noindex, follow, max-snippet:-1, max-image-preview:large, max-video-preview:-1\" \/>\n<meta property=\"og:locale\" content=\"fi_FI\" \/>\n<meta property=\"og:type\" content=\"article\" \/>\n<meta property=\"og:title\" content=\"Aromahieronta - V Spa\" \/>\n<meta property=\"og:description\" content=\"Ihanteellinen hieronta kehon, sielun ja mielen tasapainoittamiseksi. Aromihieronta on rentouttava hieronta, jota tehd\u00e4\u00e4n eteeristen \u00f6ljyjen sekoituksen kera. Eteeriset \u00f6ljyt pysyv\u00e4t...\" \/>\n<meta property=\"og:url\" content=\"https:\/\/vana.vspa.ee\/hoolitsused\/aroomimassaaz\/\" \/>\n<meta property=\"og:site_name\" content=\"V Spa\" \/>\n<meta property=\"article:modified_time\" content=\"2023-12-07T12:14:47+00:00\" \/>\n<meta name=\"twitter:card\" content=\"summary_large_image\" \/>\n<meta name=\"twitter:label1\" content=\"Arvioitu lukuaika\" \/>\n\t<meta name=\"twitter:data1\" content=\"1 minuutti\" \/>\n<script type=\"application\/ld+json\" class=\"yoast-schema-graph\">{\"@context\":\"https:\/\/schema.org\",\"@graph\":[{\"@type\":\"WebPage\",\"@id\":\"https:\/\/vana.vspa.ee\/hoolitsused\/aroomimassaaz\/\",\"url\":\"https:\/\/vana.vspa.ee\/hoolitsused\/aroomimassaaz\/\",\"name\":\"Aromahieronta - V Spa\",\"isPartOf\":{\"@id\":\"https:\/\/vana.vspa.ee\/#website\"},\"datePublished\":\"2016-11-28T10:51:11+00:00\",\"dateModified\":\"2023-12-07T12:14:47+00:00\",\"breadcrumb\":{\"@id\":\"https:\/\/vana.vspa.ee\/hoolitsused\/aroomimassaaz\/#breadcrumb\"},\"inLanguage\":\"fi\",\"potentialAction\":[{\"@type\":\"ReadAction\",\"target\":[\"https:\/\/vana.vspa.ee\/hoolitsused\/aroomimassaaz\/\"]}]},{\"@type\":\"BreadcrumbList\",\"@id\":\"https:\/\/vana.vspa.ee\/hoolitsused\/aroomimassaaz\/#breadcrumb\",\"itemListElement\":[{\"@type\":\"ListItem\",\"position\":1,\"name\":\"Home\",\"item\":\"https:\/\/vana.vspa.ee\/fi\/\"},{\"@type\":\"ListItem\",\"position\":2,\"name\":\"Hoidot\",\"item\":\"https:\/\/vana.vspa.ee\/hoolitsused\/\"},{\"@type\":\"ListItem\",\"position\":3,\"name\":\"Aromahieronta\"}]},{\"@type\":\"WebSite\",\"@id\":\"https:\/\/vana.vspa.ee\/#website\",\"url\":\"https:\/\/vana.vspa.ee\/\",\"name\":\"V Spa\",\"description\":\"V\u00f5ta veest viimast!\",\"potentialAction\":[{\"@type\":\"SearchAction\",\"target\":{\"@type\":\"EntryPoint\",\"urlTemplate\":\"https:\/\/vana.vspa.ee\/?s={search_term_string}\"},\"query-input\":{\"@type\":\"PropertyValueSpecification\",\"valueRequired\":true,\"valueName\":\"search_term_string\"}}],\"inLanguage\":\"fi\"}]}<\/script>\n<!-- \/ Yoast SEO plugin. -->","yoast_head_json":{"title":"Aromahieronta - V Spa","robots":{"index":"noindex","follow":"follow","max-snippet":"max-snippet:-1","max-image-preview":"max-image-preview:large","max-video-preview":"max-video-preview:-1"},"og_locale":"fi_FI","og_type":"article","og_title":"Aromahieronta - V Spa","og_description":"Ihanteellinen hieronta kehon, sielun ja mielen tasapainoittamiseksi. Aromihieronta on rentouttava hieronta, jota tehd\u00e4\u00e4n eteeristen \u00f6ljyjen sekoituksen kera. Eteeriset \u00f6ljyt pysyv\u00e4t...","og_url":"https:\/\/vana.vspa.ee\/hoolitsused\/aroomimassaaz\/","og_site_name":"V Spa","article_modified_time":"2023-12-07T12:14:47+00:00","twitter_card":"summary_large_image","twitter_misc":{"Arvioitu lukuaika":"1 minuutti"},"schema":{"@context":"https:\/\/schema.org","@graph":[{"@type":"WebPage","@id":"https:\/\/vana.vspa.ee\/hoolitsused\/aroomimassaaz\/","url":"https:\/\/vana.vspa.ee\/hoolitsused\/aroomimassaaz\/","name":"Aromahieronta - V Spa","isPartOf":{"@id":"https:\/\/vana.vspa.ee\/#website"},"datePublished":"2016-11-28T10:51:11+00:00","dateModified":"2023-12-07T12:14:47+00:00","breadcrumb":{"@id":"https:\/\/vana.vspa.ee\/hoolitsused\/aroomimassaaz\/#breadcrumb"},"inLanguage":"fi","potentialAction":[{"@type":"ReadAction","target":["https:\/\/vana.vspa.ee\/hoolitsused\/aroomimassaaz\/"]}]},{"@type":"BreadcrumbList","@id":"https:\/\/vana.vspa.ee\/hoolitsused\/aroomimassaaz\/#breadcrumb","itemListElement":[{"@type":"ListItem","position":1,"name":"Home","item":"https:\/\/vana.vspa.ee\/fi\/"},{"@type":"ListItem","position":2,"name":"Hoidot","item":"https:\/\/vana.vspa.ee\/hoolitsused\/"},{"@type":"ListItem","position":3,"name":"Aromahieronta"}]},{"@type":"WebSite","@id":"https:\/\/vana.vspa.ee\/#website","url":"https:\/\/vana.vspa.ee\/","name":"V Spa","description":"V\u00f5ta veest viimast!","potentialAction":[{"@type":"SearchAction","target":{"@type":"EntryPoint","urlTemplate":"https:\/\/vana.vspa.ee\/?s={search_term_string}"},"query-input":{"@type":"PropertyValueSpecification","valueRequired":true,"valueName":"search_term_string"}}],"inLanguage":"fi"}]}},"_links":{"self":[{"href":"https:\/\/vana.vspa.ee\/fi\/wp-json\/wp\/v2\/pages\/2044","targetHints":{"allow":["GET"]}}],"collection":[{"href":"https:\/\/vana.vspa.ee\/fi\/wp-json\/wp\/v2\/pages"}],"about":[{"href":"https:\/\/vana.vspa.ee\/fi\/wp-json\/wp\/v2\/types\/page"}],"author":[{"embeddable":true,"href":"https:\/\/vana.vspa.ee\/fi\/wp-json\/wp\/v2\/users\/1"}],"replies":[{"embeddable":true,"href":"https:\/\/vana.vspa.ee\/fi\/wp-json\/wp\/v2\/comments?post=2044"}],"version-history":[{"count":4,"href":"https:\/\/vana.vspa.ee\/fi\/wp-json\/wp\/v2\/pages\/2044\/revisions"}],"predecessor-version":[{"id":42197,"href":"https:\/\/vana.vspa.ee\/fi\/wp-json\/wp\/v2\/pages\/2044\/revisions\/42197"}],"up":[{"embeddable":true,"href":"https:\/\/vana.vspa.ee\/fi\/wp-json\/wp\/v2\/pages\/1969"}],"wp:attachment":[{"href":"https:\/\/vana.vspa.ee\/fi\/wp-json\/wp\/v2\/media?parent=2044"}],"curies":[{"name":"wp","href":"https:\/\/api.w.org\/{rel}","templated":true}]}}