{"id":2046,"date":"2016-11-28T12:48:23","date_gmt":"2016-11-28T10:48:23","guid":{"rendered":"http:\/\/vspa.ee\/hoolitsused\/klassikaline-massaaz\/"},"modified":"2023-12-04T14:46:58","modified_gmt":"2023-12-04T12:46:58","slug":"klassinen-hieronta","status":"publish","type":"page","link":"https:\/\/vana.vspa.ee\/fi\/hoidot\/klassinen-hieronta\/","title":{"rendered":"Klassinen hieronta"},"content":{"rendered":"<p>T\u00e4m\u00e4 erilaisten liikutusten ja otteiden yhdistelm\u00e4, joka tunnetaan my\u00f6s ruotsalaisena hierontana, on levinnyin hieromatyyli ollessaan ihanteellinen stressin lievitt\u00e4j\u00e4 ja j\u00e4nnitteiden laukaisija. Klassinen hieronta perustuu anatomian tuntemiseen ja tieteellisesti perusteltuihin toimintamekanismeihin ja sit\u00e4 tehd\u00e4\u00e4n koko vartalolle. Hieronta rentouttaa kipeit\u00e4 ja j\u00e4nnittyneit\u00e4 lihaksia, nopeuttaa aineenvaihduntaa, aktivoi lymfakiertoa, puhdistaa kehoa kuona-aineista, parantaa verenkiertoa ja rentouttaa niin henkisesti kuin fyysisesti rasittunutta kehoa. My\u00f6s vastustuskyky suurenee.<\/p>\n","protected":false},"excerpt":{"rendered":"<p>T\u00e4m\u00e4 erilaisten liikutusten ja otteiden yhdistelm\u00e4, joka tunnetaan my\u00f6s ruotsalaisena hierontana, on levinnyin hieromatyyli ollessaan ihanteellinen stressin lievitt\u00e4j\u00e4 ja j\u00e4nnitteiden&#8230;<\/p>\n","protected":false},"author":1,"featured_media":0,"parent":1969,"menu_order":58,"comment_status":"closed","ping_status":"closed","template":"page-templates\/tpl-offer1.php","meta":{"_acf_changed":false,"_monsterinsights_skip_tracking":false,"_monsterinsights_sitenote_active":false,"_monsterinsights_sitenote_note":"","_monsterinsights_sitenote_category":0,"footnotes":"","_links_to":"","_links_to_target":""},"class_list":["post-2046","page","type-page","status-publish","hentry"],"acf":[],"yoast_head":"<!-- This site is optimized with the Yoast SEO plugin v24.7 - https:\/\/yoast.com\/wordpress\/plugins\/seo\/ -->\n<title>Klassikaline massaa\u017e Tartus V Spa<\/title>\n<meta name=\"robots\" content=\"noindex, follow, max-snippet:-1, max-image-preview:large, max-video-preview:-1\" \/>\n<meta property=\"og:locale\" content=\"fi_FI\" \/>\n<meta property=\"og:type\" content=\"article\" \/>\n<meta property=\"og:title\" content=\"Klassikaline massaa\u017e Tartus V Spa\" \/>\n<meta property=\"og:description\" content=\"T\u00e4m\u00e4 erilaisten liikutusten ja otteiden yhdistelm\u00e4, joka tunnetaan my\u00f6s ruotsalaisena hierontana, on levinnyin hieromatyyli ollessaan ihanteellinen stressin lievitt\u00e4j\u00e4 ja j\u00e4nnitteiden...\" \/>\n<meta property=\"og:url\" content=\"https:\/\/vana.vspa.ee\/hoolitsused\/klassikaline-massaaz-tartus\/\" \/>\n<meta property=\"og:site_name\" content=\"V Spa\" \/>\n<meta property=\"article:modified_time\" content=\"2023-12-04T12:46:58+00:00\" \/>\n<meta name=\"twitter:card\" content=\"summary_large_image\" \/>\n<meta name=\"twitter:label1\" content=\"Arvioitu lukuaika\" \/>\n\t<meta name=\"twitter:data1\" content=\"1 minuutti\" \/>\n<script type=\"application\/ld+json\" class=\"yoast-schema-graph\">{\"@context\":\"https:\/\/schema.org\",\"@graph\":[{\"@type\":\"WebPage\",\"@id\":\"https:\/\/vana.vspa.ee\/hoolitsused\/klassikaline-massaaz-tartus\/\",\"url\":\"https:\/\/vana.vspa.ee\/hoolitsused\/klassikaline-massaaz-tartus\/\",\"name\":\"Klassikaline massaa\u017e Tartus V Spa\",\"isPartOf\":{\"@id\":\"https:\/\/vana.vspa.ee\/#website\"},\"datePublished\":\"2016-11-28T10:48:23+00:00\",\"dateModified\":\"2023-12-04T12:46:58+00:00\",\"breadcrumb\":{\"@id\":\"https:\/\/vana.vspa.ee\/hoolitsused\/klassikaline-massaaz-tartus\/#breadcrumb\"},\"inLanguage\":\"fi\",\"potentialAction\":[{\"@type\":\"ReadAction\",\"target\":[\"https:\/\/vana.vspa.ee\/hoolitsused\/klassikaline-massaaz-tartus\/\"]}]},{\"@type\":\"BreadcrumbList\",\"@id\":\"https:\/\/vana.vspa.ee\/hoolitsused\/klassikaline-massaaz-tartus\/#breadcrumb\",\"itemListElement\":[{\"@type\":\"ListItem\",\"position\":1,\"name\":\"Home\",\"item\":\"https:\/\/vana.vspa.ee\/fi\/\"},{\"@type\":\"ListItem\",\"position\":2,\"name\":\"Hoidot\",\"item\":\"https:\/\/vana.vspa.ee\/hoolitsused\/\"},{\"@type\":\"ListItem\",\"position\":3,\"name\":\"Klassinen hieronta\"}]},{\"@type\":\"WebSite\",\"@id\":\"https:\/\/vana.vspa.ee\/#website\",\"url\":\"https:\/\/vana.vspa.ee\/\",\"name\":\"V Spa\",\"description\":\"V\u00f5ta veest viimast!\",\"potentialAction\":[{\"@type\":\"SearchAction\",\"target\":{\"@type\":\"EntryPoint\",\"urlTemplate\":\"https:\/\/vana.vspa.ee\/?s={search_term_string}\"},\"query-input\":{\"@type\":\"PropertyValueSpecification\",\"valueRequired\":true,\"valueName\":\"search_term_string\"}}],\"inLanguage\":\"fi\"}]}<\/script>\n<!-- \/ Yoast SEO plugin. -->","yoast_head_json":{"title":"Klassikaline massaa\u017e Tartus V Spa","robots":{"index":"noindex","follow":"follow","max-snippet":"max-snippet:-1","max-image-preview":"max-image-preview:large","max-video-preview":"max-video-preview:-1"},"og_locale":"fi_FI","og_type":"article","og_title":"Klassikaline massaa\u017e Tartus V Spa","og_description":"T\u00e4m\u00e4 erilaisten liikutusten ja otteiden yhdistelm\u00e4, joka tunnetaan my\u00f6s ruotsalaisena hierontana, on levinnyin hieromatyyli ollessaan ihanteellinen stressin lievitt\u00e4j\u00e4 ja j\u00e4nnitteiden...","og_url":"https:\/\/vana.vspa.ee\/hoolitsused\/klassikaline-massaaz-tartus\/","og_site_name":"V Spa","article_modified_time":"2023-12-04T12:46:58+00:00","twitter_card":"summary_large_image","twitter_misc":{"Arvioitu lukuaika":"1 minuutti"},"schema":{"@context":"https:\/\/schema.org","@graph":[{"@type":"WebPage","@id":"https:\/\/vana.vspa.ee\/hoolitsused\/klassikaline-massaaz-tartus\/","url":"https:\/\/vana.vspa.ee\/hoolitsused\/klassikaline-massaaz-tartus\/","name":"Klassikaline massaa\u017e Tartus V Spa","isPartOf":{"@id":"https:\/\/vana.vspa.ee\/#website"},"datePublished":"2016-11-28T10:48:23+00:00","dateModified":"2023-12-04T12:46:58+00:00","breadcrumb":{"@id":"https:\/\/vana.vspa.ee\/hoolitsused\/klassikaline-massaaz-tartus\/#breadcrumb"},"inLanguage":"fi","potentialAction":[{"@type":"ReadAction","target":["https:\/\/vana.vspa.ee\/hoolitsused\/klassikaline-massaaz-tartus\/"]}]},{"@type":"BreadcrumbList","@id":"https:\/\/vana.vspa.ee\/hoolitsused\/klassikaline-massaaz-tartus\/#breadcrumb","itemListElement":[{"@type":"ListItem","position":1,"name":"Home","item":"https:\/\/vana.vspa.ee\/fi\/"},{"@type":"ListItem","position":2,"name":"Hoidot","item":"https:\/\/vana.vspa.ee\/hoolitsused\/"},{"@type":"ListItem","position":3,"name":"Klassinen hieronta"}]},{"@type":"WebSite","@id":"https:\/\/vana.vspa.ee\/#website","url":"https:\/\/vana.vspa.ee\/","name":"V Spa","description":"V\u00f5ta veest viimast!","potentialAction":[{"@type":"SearchAction","target":{"@type":"EntryPoint","urlTemplate":"https:\/\/vana.vspa.ee\/?s={search_term_string}"},"query-input":{"@type":"PropertyValueSpecification","valueRequired":true,"valueName":"search_term_string"}}],"inLanguage":"fi"}]}},"_links":{"self":[{"href":"https:\/\/vana.vspa.ee\/fi\/wp-json\/wp\/v2\/pages\/2046","targetHints":{"allow":["GET"]}}],"collection":[{"href":"https:\/\/vana.vspa.ee\/fi\/wp-json\/wp\/v2\/pages"}],"about":[{"href":"https:\/\/vana.vspa.ee\/fi\/wp-json\/wp\/v2\/types\/page"}],"author":[{"embeddable":true,"href":"https:\/\/vana.vspa.ee\/fi\/wp-json\/wp\/v2\/users\/1"}],"replies":[{"embeddable":true,"href":"https:\/\/vana.vspa.ee\/fi\/wp-json\/wp\/v2\/comments?post=2046"}],"version-history":[{"count":3,"href":"https:\/\/vana.vspa.ee\/fi\/wp-json\/wp\/v2\/pages\/2046\/revisions"}],"predecessor-version":[{"id":41994,"href":"https:\/\/vana.vspa.ee\/fi\/wp-json\/wp\/v2\/pages\/2046\/revisions\/41994"}],"up":[{"embeddable":true,"href":"https:\/\/vana.vspa.ee\/fi\/wp-json\/wp\/v2\/pages\/1969"}],"wp:attachment":[{"href":"https:\/\/vana.vspa.ee\/fi\/wp-json\/wp\/v2\/media?parent=2046"}],"curies":[{"name":"wp","href":"https:\/\/api.w.org\/{rel}","templated":true}]}}