{"id":2048,"date":"2016-11-28T12:46:10","date_gmt":"2016-11-28T10:46:10","guid":{"rendered":"http:\/\/vspa.ee\/hoolitsused\/wellness-jalahoolitsus\/"},"modified":"2023-12-04T11:22:08","modified_gmt":"2023-12-04T09:22:08","slug":"wellness-jalkahoito","status":"publish","type":"page","link":"https:\/\/vana.vspa.ee\/fi\/hoidot\/wellness-jalkahoito\/","title":{"rendered":"Wellness-jalkahoito"},"content":{"rendered":"<p>Hoito alkaa raikastavalla jalkakylvyll\u00e4, jonka j\u00e4lkeen kynnet hoidetaan kuntoon ja huolehditaan jalan paksuuntumista. Jalat kuoritaan huolellisesti ja tehd\u00e4\u00e4n rentouttava ja kosteuttava hieronta.<\/p>\n<p>90-minuuttia kest\u00e4v\u00e4ss\u00e4 hoidossa on lis\u00e4ksi syv\u00e4kosteuttava sek\u00e4 pehment\u00e4v\u00e4 naamio.<\/p>\n<p>Halutessanne kynnet my\u00f6s lakataan mieluisella Orly Breathable kynsilakalla.<\/p>\n<p><a href=\"https:\/\/vspa.ee\/fi\/avaleht\/lisateenused-kuuntehoolitsustele\/\">Lis\u00e4palvelut:<\/a><\/p>\n","protected":false},"excerpt":{"rendered":"<p>Hoito alkaa raikastavalla jalkakylvyll\u00e4, jonka j\u00e4lkeen kynnet hoidetaan kuntoon ja huolehditaan jalan paksuuntumista. Jalat kuoritaan huolellisesti ja tehd\u00e4\u00e4n rentouttava ja&#8230;<\/p>\n","protected":false},"author":1,"featured_media":0,"parent":1969,"menu_order":55,"comment_status":"closed","ping_status":"closed","template":"page-templates\/tpl-offer1.php","meta":{"_acf_changed":false,"_monsterinsights_skip_tracking":false,"_monsterinsights_sitenote_active":false,"_monsterinsights_sitenote_note":"","_monsterinsights_sitenote_category":0,"footnotes":"","_links_to":"","_links_to_target":""},"class_list":["post-2048","page","type-page","status-publish","hentry"],"acf":[],"yoast_head":"<!-- This site is optimized with the Yoast SEO plugin v24.7 - https:\/\/yoast.com\/wordpress\/plugins\/seo\/ -->\n<title>Wellness-jalkahoito - V Spa<\/title>\n<meta name=\"robots\" content=\"noindex, follow, max-snippet:-1, max-image-preview:large, max-video-preview:-1\" \/>\n<meta property=\"og:locale\" content=\"fi_FI\" \/>\n<meta property=\"og:type\" content=\"article\" \/>\n<meta property=\"og:title\" content=\"Wellness-jalkahoito - V Spa\" \/>\n<meta property=\"og:description\" content=\"Hoito alkaa raikastavalla jalkakylvyll\u00e4, jonka j\u00e4lkeen kynnet hoidetaan kuntoon ja huolehditaan jalan paksuuntumista. Jalat kuoritaan huolellisesti ja tehd\u00e4\u00e4n rentouttava ja...\" \/>\n<meta property=\"og:url\" content=\"https:\/\/vana.vspa.ee\/hoolitsused\/wellness-jalahoolitsus\/\" \/>\n<meta property=\"og:site_name\" content=\"V Spa\" \/>\n<meta property=\"article:modified_time\" content=\"2023-12-04T09:22:08+00:00\" \/>\n<meta name=\"twitter:card\" content=\"summary_large_image\" \/>\n<meta name=\"twitter:label1\" content=\"Arvioitu lukuaika\" \/>\n\t<meta name=\"twitter:data1\" content=\"1 minuutti\" \/>\n<script type=\"application\/ld+json\" class=\"yoast-schema-graph\">{\"@context\":\"https:\/\/schema.org\",\"@graph\":[{\"@type\":\"WebPage\",\"@id\":\"https:\/\/vana.vspa.ee\/hoolitsused\/wellness-jalahoolitsus\/\",\"url\":\"https:\/\/vana.vspa.ee\/hoolitsused\/wellness-jalahoolitsus\/\",\"name\":\"Wellness-jalkahoito - V Spa\",\"isPartOf\":{\"@id\":\"https:\/\/vana.vspa.ee\/#website\"},\"datePublished\":\"2016-11-28T10:46:10+00:00\",\"dateModified\":\"2023-12-04T09:22:08+00:00\",\"breadcrumb\":{\"@id\":\"https:\/\/vana.vspa.ee\/hoolitsused\/wellness-jalahoolitsus\/#breadcrumb\"},\"inLanguage\":\"fi\",\"potentialAction\":[{\"@type\":\"ReadAction\",\"target\":[\"https:\/\/vana.vspa.ee\/hoolitsused\/wellness-jalahoolitsus\/\"]}]},{\"@type\":\"BreadcrumbList\",\"@id\":\"https:\/\/vana.vspa.ee\/hoolitsused\/wellness-jalahoolitsus\/#breadcrumb\",\"itemListElement\":[{\"@type\":\"ListItem\",\"position\":1,\"name\":\"Home\",\"item\":\"https:\/\/vana.vspa.ee\/fi\/\"},{\"@type\":\"ListItem\",\"position\":2,\"name\":\"Hoidot\",\"item\":\"https:\/\/vana.vspa.ee\/hoolitsused\/\"},{\"@type\":\"ListItem\",\"position\":3,\"name\":\"Wellness-jalkahoito\"}]},{\"@type\":\"WebSite\",\"@id\":\"https:\/\/vana.vspa.ee\/#website\",\"url\":\"https:\/\/vana.vspa.ee\/\",\"name\":\"V Spa\",\"description\":\"V\u00f5ta veest viimast!\",\"potentialAction\":[{\"@type\":\"SearchAction\",\"target\":{\"@type\":\"EntryPoint\",\"urlTemplate\":\"https:\/\/vana.vspa.ee\/?s={search_term_string}\"},\"query-input\":{\"@type\":\"PropertyValueSpecification\",\"valueRequired\":true,\"valueName\":\"search_term_string\"}}],\"inLanguage\":\"fi\"}]}<\/script>\n<!-- \/ Yoast SEO plugin. -->","yoast_head_json":{"title":"Wellness-jalkahoito - V Spa","robots":{"index":"noindex","follow":"follow","max-snippet":"max-snippet:-1","max-image-preview":"max-image-preview:large","max-video-preview":"max-video-preview:-1"},"og_locale":"fi_FI","og_type":"article","og_title":"Wellness-jalkahoito - V Spa","og_description":"Hoito alkaa raikastavalla jalkakylvyll\u00e4, jonka j\u00e4lkeen kynnet hoidetaan kuntoon ja huolehditaan jalan paksuuntumista. Jalat kuoritaan huolellisesti ja tehd\u00e4\u00e4n rentouttava ja...","og_url":"https:\/\/vana.vspa.ee\/hoolitsused\/wellness-jalahoolitsus\/","og_site_name":"V Spa","article_modified_time":"2023-12-04T09:22:08+00:00","twitter_card":"summary_large_image","twitter_misc":{"Arvioitu lukuaika":"1 minuutti"},"schema":{"@context":"https:\/\/schema.org","@graph":[{"@type":"WebPage","@id":"https:\/\/vana.vspa.ee\/hoolitsused\/wellness-jalahoolitsus\/","url":"https:\/\/vana.vspa.ee\/hoolitsused\/wellness-jalahoolitsus\/","name":"Wellness-jalkahoito - V Spa","isPartOf":{"@id":"https:\/\/vana.vspa.ee\/#website"},"datePublished":"2016-11-28T10:46:10+00:00","dateModified":"2023-12-04T09:22:08+00:00","breadcrumb":{"@id":"https:\/\/vana.vspa.ee\/hoolitsused\/wellness-jalahoolitsus\/#breadcrumb"},"inLanguage":"fi","potentialAction":[{"@type":"ReadAction","target":["https:\/\/vana.vspa.ee\/hoolitsused\/wellness-jalahoolitsus\/"]}]},{"@type":"BreadcrumbList","@id":"https:\/\/vana.vspa.ee\/hoolitsused\/wellness-jalahoolitsus\/#breadcrumb","itemListElement":[{"@type":"ListItem","position":1,"name":"Home","item":"https:\/\/vana.vspa.ee\/fi\/"},{"@type":"ListItem","position":2,"name":"Hoidot","item":"https:\/\/vana.vspa.ee\/hoolitsused\/"},{"@type":"ListItem","position":3,"name":"Wellness-jalkahoito"}]},{"@type":"WebSite","@id":"https:\/\/vana.vspa.ee\/#website","url":"https:\/\/vana.vspa.ee\/","name":"V Spa","description":"V\u00f5ta veest viimast!","potentialAction":[{"@type":"SearchAction","target":{"@type":"EntryPoint","urlTemplate":"https:\/\/vana.vspa.ee\/?s={search_term_string}"},"query-input":{"@type":"PropertyValueSpecification","valueRequired":true,"valueName":"search_term_string"}}],"inLanguage":"fi"}]}},"_links":{"self":[{"href":"https:\/\/vana.vspa.ee\/fi\/wp-json\/wp\/v2\/pages\/2048","targetHints":{"allow":["GET"]}}],"collection":[{"href":"https:\/\/vana.vspa.ee\/fi\/wp-json\/wp\/v2\/pages"}],"about":[{"href":"https:\/\/vana.vspa.ee\/fi\/wp-json\/wp\/v2\/types\/page"}],"author":[{"embeddable":true,"href":"https:\/\/vana.vspa.ee\/fi\/wp-json\/wp\/v2\/users\/1"}],"replies":[{"embeddable":true,"href":"https:\/\/vana.vspa.ee\/fi\/wp-json\/wp\/v2\/comments?post=2048"}],"version-history":[{"count":6,"href":"https:\/\/vana.vspa.ee\/fi\/wp-json\/wp\/v2\/pages\/2048\/revisions"}],"predecessor-version":[{"id":41950,"href":"https:\/\/vana.vspa.ee\/fi\/wp-json\/wp\/v2\/pages\/2048\/revisions\/41950"}],"up":[{"embeddable":true,"href":"https:\/\/vana.vspa.ee\/fi\/wp-json\/wp\/v2\/pages\/1969"}],"wp:attachment":[{"href":"https:\/\/vana.vspa.ee\/fi\/wp-json\/wp\/v2\/media?parent=2048"}],"curies":[{"name":"wp","href":"https:\/\/api.w.org\/{rel}","templated":true}]}}