{"id":2049,"date":"2016-11-28T12:30:12","date_gmt":"2016-11-28T10:30:12","guid":{"rendered":"http:\/\/vspa.ee\/hoolitsused\/klassikaline-jalahoolitsus\/"},"modified":"2025-03-17T09:41:29","modified_gmt":"2025-03-17T07:41:29","slug":"klassinen-jalkahoito","status":"publish","type":"page","link":"https:\/\/vana.vspa.ee\/fi\/hoidot\/klassinen-jalkahoito\/","title":{"rendered":"Klassinen jalkahoito"},"content":{"rendered":"<p>Raikastava jalkakylpy valmistelee jalat seuraavaa hoitovaihetta varten, jossa varpaankynnet ja kynsinauhat hoidetaan kuntoon. Jalkapohjat pehmennet\u00e4\u00e4n ja paksuuntumat poistetaan. Hoidon lopuksi jalat kuoritaan perusteellisesti sek\u00e4 kosteutetaan voiteella ja kynsi\u00f6ljyll\u00e4. Halutessanne kynnet my\u00f6s lakataan mieluisella Orly Breathable kynsilakalla.<\/p>\n<p>T\u00e4st\u00e4 hoidosta voit nauttia my\u00f6s seuraavan p\u00e4iv\u00e4spa-paketin osana: <a href=\"https:\/\/vspa.ee\/fi\/paketit\/varvikas-luksus-naisele\/\">V\u00e4rik\u00e4s luksus naiselle<\/a><\/p>\n<p><a href=\"https:\/\/vspa.ee\/fi\/avaleht\/lisateenused-kuuntehoolitsustele\/\">Lis\u00e4palvelut:<\/a><\/p>\n","protected":false},"excerpt":{"rendered":"<p>Raikastava jalkakylpy valmistelee jalat seuraavaa hoitovaihetta varten, jossa varpaankynnet ja kynsinauhat hoidetaan kuntoon. Jalkapohjat pehmennet\u00e4\u00e4n ja paksuuntumat poistetaan. Hoidon lopuksi&#8230;<\/p>\n","protected":false},"author":1,"featured_media":0,"parent":1969,"menu_order":54,"comment_status":"closed","ping_status":"closed","template":"page-templates\/tpl-offer1.php","meta":{"_acf_changed":false,"_monsterinsights_skip_tracking":false,"_monsterinsights_sitenote_active":false,"_monsterinsights_sitenote_note":"","_monsterinsights_sitenote_category":0,"footnotes":"","_links_to":"","_links_to_target":""},"class_list":["post-2049","page","type-page","status-publish","hentry"],"acf":[],"yoast_head":"<!-- This site is optimized with the Yoast SEO plugin v24.7 - https:\/\/yoast.com\/wordpress\/plugins\/seo\/ -->\n<title>Klassinen jalkahoito - V Spa<\/title>\n<meta name=\"robots\" content=\"noindex, follow, max-snippet:-1, max-image-preview:large, max-video-preview:-1\" \/>\n<meta property=\"og:locale\" content=\"fi_FI\" \/>\n<meta property=\"og:type\" content=\"article\" \/>\n<meta property=\"og:title\" content=\"Klassinen jalkahoito - V Spa\" \/>\n<meta property=\"og:description\" content=\"Raikastava jalkakylpy valmistelee jalat seuraavaa hoitovaihetta varten, jossa varpaankynnet ja kynsinauhat hoidetaan kuntoon. Jalkapohjat pehmennet\u00e4\u00e4n ja paksuuntumat poistetaan. Hoidon lopuksi...\" \/>\n<meta property=\"og:url\" content=\"https:\/\/vana.vspa.ee\/hoolitsused\/klassikaline-jalahoolitsus\/\" \/>\n<meta property=\"og:site_name\" content=\"V Spa\" \/>\n<meta property=\"article:modified_time\" content=\"2025-03-17T07:41:29+00:00\" \/>\n<meta name=\"twitter:card\" content=\"summary_large_image\" \/>\n<meta name=\"twitter:label1\" content=\"Arvioitu lukuaika\" \/>\n\t<meta name=\"twitter:data1\" content=\"1 minuutti\" \/>\n<script type=\"application\/ld+json\" class=\"yoast-schema-graph\">{\"@context\":\"https:\/\/schema.org\",\"@graph\":[{\"@type\":\"WebPage\",\"@id\":\"https:\/\/vana.vspa.ee\/hoolitsused\/klassikaline-jalahoolitsus\/\",\"url\":\"https:\/\/vana.vspa.ee\/hoolitsused\/klassikaline-jalahoolitsus\/\",\"name\":\"Klassinen jalkahoito - V Spa\",\"isPartOf\":{\"@id\":\"https:\/\/vana.vspa.ee\/#website\"},\"datePublished\":\"2016-11-28T10:30:12+00:00\",\"dateModified\":\"2025-03-17T07:41:29+00:00\",\"breadcrumb\":{\"@id\":\"https:\/\/vana.vspa.ee\/hoolitsused\/klassikaline-jalahoolitsus\/#breadcrumb\"},\"inLanguage\":\"fi\",\"potentialAction\":[{\"@type\":\"ReadAction\",\"target\":[\"https:\/\/vana.vspa.ee\/hoolitsused\/klassikaline-jalahoolitsus\/\"]}]},{\"@type\":\"BreadcrumbList\",\"@id\":\"https:\/\/vana.vspa.ee\/hoolitsused\/klassikaline-jalahoolitsus\/#breadcrumb\",\"itemListElement\":[{\"@type\":\"ListItem\",\"position\":1,\"name\":\"Home\",\"item\":\"https:\/\/vana.vspa.ee\/fi\/\"},{\"@type\":\"ListItem\",\"position\":2,\"name\":\"Hoidot\",\"item\":\"https:\/\/vana.vspa.ee\/hoolitsused\/\"},{\"@type\":\"ListItem\",\"position\":3,\"name\":\"Klassinen jalkahoito\"}]},{\"@type\":\"WebSite\",\"@id\":\"https:\/\/vana.vspa.ee\/#website\",\"url\":\"https:\/\/vana.vspa.ee\/\",\"name\":\"V Spa\",\"description\":\"V\u00f5ta veest viimast!\",\"potentialAction\":[{\"@type\":\"SearchAction\",\"target\":{\"@type\":\"EntryPoint\",\"urlTemplate\":\"https:\/\/vana.vspa.ee\/?s={search_term_string}\"},\"query-input\":{\"@type\":\"PropertyValueSpecification\",\"valueRequired\":true,\"valueName\":\"search_term_string\"}}],\"inLanguage\":\"fi\"}]}<\/script>\n<!-- \/ Yoast SEO plugin. -->","yoast_head_json":{"title":"Klassinen jalkahoito - V Spa","robots":{"index":"noindex","follow":"follow","max-snippet":"max-snippet:-1","max-image-preview":"max-image-preview:large","max-video-preview":"max-video-preview:-1"},"og_locale":"fi_FI","og_type":"article","og_title":"Klassinen jalkahoito - V Spa","og_description":"Raikastava jalkakylpy valmistelee jalat seuraavaa hoitovaihetta varten, jossa varpaankynnet ja kynsinauhat hoidetaan kuntoon. Jalkapohjat pehmennet\u00e4\u00e4n ja paksuuntumat poistetaan. Hoidon lopuksi...","og_url":"https:\/\/vana.vspa.ee\/hoolitsused\/klassikaline-jalahoolitsus\/","og_site_name":"V Spa","article_modified_time":"2025-03-17T07:41:29+00:00","twitter_card":"summary_large_image","twitter_misc":{"Arvioitu lukuaika":"1 minuutti"},"schema":{"@context":"https:\/\/schema.org","@graph":[{"@type":"WebPage","@id":"https:\/\/vana.vspa.ee\/hoolitsused\/klassikaline-jalahoolitsus\/","url":"https:\/\/vana.vspa.ee\/hoolitsused\/klassikaline-jalahoolitsus\/","name":"Klassinen jalkahoito - V Spa","isPartOf":{"@id":"https:\/\/vana.vspa.ee\/#website"},"datePublished":"2016-11-28T10:30:12+00:00","dateModified":"2025-03-17T07:41:29+00:00","breadcrumb":{"@id":"https:\/\/vana.vspa.ee\/hoolitsused\/klassikaline-jalahoolitsus\/#breadcrumb"},"inLanguage":"fi","potentialAction":[{"@type":"ReadAction","target":["https:\/\/vana.vspa.ee\/hoolitsused\/klassikaline-jalahoolitsus\/"]}]},{"@type":"BreadcrumbList","@id":"https:\/\/vana.vspa.ee\/hoolitsused\/klassikaline-jalahoolitsus\/#breadcrumb","itemListElement":[{"@type":"ListItem","position":1,"name":"Home","item":"https:\/\/vana.vspa.ee\/fi\/"},{"@type":"ListItem","position":2,"name":"Hoidot","item":"https:\/\/vana.vspa.ee\/hoolitsused\/"},{"@type":"ListItem","position":3,"name":"Klassinen jalkahoito"}]},{"@type":"WebSite","@id":"https:\/\/vana.vspa.ee\/#website","url":"https:\/\/vana.vspa.ee\/","name":"V Spa","description":"V\u00f5ta veest viimast!","potentialAction":[{"@type":"SearchAction","target":{"@type":"EntryPoint","urlTemplate":"https:\/\/vana.vspa.ee\/?s={search_term_string}"},"query-input":{"@type":"PropertyValueSpecification","valueRequired":true,"valueName":"search_term_string"}}],"inLanguage":"fi"}]}},"_links":{"self":[{"href":"https:\/\/vana.vspa.ee\/fi\/wp-json\/wp\/v2\/pages\/2049","targetHints":{"allow":["GET"]}}],"collection":[{"href":"https:\/\/vana.vspa.ee\/fi\/wp-json\/wp\/v2\/pages"}],"about":[{"href":"https:\/\/vana.vspa.ee\/fi\/wp-json\/wp\/v2\/types\/page"}],"author":[{"embeddable":true,"href":"https:\/\/vana.vspa.ee\/fi\/wp-json\/wp\/v2\/users\/1"}],"replies":[{"embeddable":true,"href":"https:\/\/vana.vspa.ee\/fi\/wp-json\/wp\/v2\/comments?post=2049"}],"version-history":[{"count":5,"href":"https:\/\/vana.vspa.ee\/fi\/wp-json\/wp\/v2\/pages\/2049\/revisions"}],"predecessor-version":[{"id":49490,"href":"https:\/\/vana.vspa.ee\/fi\/wp-json\/wp\/v2\/pages\/2049\/revisions\/49490"}],"up":[{"embeddable":true,"href":"https:\/\/vana.vspa.ee\/fi\/wp-json\/wp\/v2\/pages\/1969"}],"wp:attachment":[{"href":"https:\/\/vana.vspa.ee\/fi\/wp-json\/wp\/v2\/media?parent=2049"}],"curies":[{"name":"wp","href":"https:\/\/api.w.org\/{rel}","templated":true}]}}