{"id":2059,"date":"2016-11-25T15:19:42","date_gmt":"2016-11-25T13:19:42","guid":{"rendered":"http:\/\/vspa.ee\/hoolitsused\/toeliste-meeste-titaani-kehahooldus-vanniga\/"},"modified":"2023-12-04T15:09:05","modified_gmt":"2023-12-04T13:09:05","slug":"todellisten-miesten-titaani-vartalohoito-kylvylla","status":"publish","type":"page","link":"https:\/\/vana.vspa.ee\/fi\/hoidot\/todellisten-miesten-titaani-vartalohoito-kylvylla\/","title":{"rendered":"Tosimiesten Titaani-vartalohoito kylvyll\u00e4"},"content":{"rendered":"<p>T\u00e4m\u00e4 on todella miehinen hoito, joka korostaa teid\u00e4n komeita, mutta herkki\u00e4 piirteit\u00e4. Hoito alkaa tehokkaalla kuorinnalla, mit\u00e4 seuraa j\u00e4nnitteit\u00e4 laukaiseva suolakylpy. Hoito loppuu tukevaan hierontaan miehisen vartalobalsamin kera.<\/p>\n<p>T\u00e4st\u00e4 hoidosta voit nauttia my\u00f6s seuraavan p\u00e4iv\u00e4spa-paketin osana: <a href=\"https:\/\/vspa.ee\/fi\/paketit\/vinge-puhkus-mehele\/\">Vinke\u00e4 loma miehelle<\/a><\/p>\n","protected":false},"excerpt":{"rendered":"<p>T\u00e4m\u00e4 on todella miehinen hoito, joka korostaa teid\u00e4n komeita, mutta herkki\u00e4 piirteit\u00e4. Hoito alkaa tehokkaalla kuorinnalla, mit\u00e4 seuraa j\u00e4nnitteit\u00e4 laukaiseva&#8230;<\/p>\n","protected":false},"author":1,"featured_media":0,"parent":1969,"menu_order":88,"comment_status":"closed","ping_status":"closed","template":"page-templates\/tpl-offer1.php","meta":{"_acf_changed":false,"_monsterinsights_skip_tracking":false,"_monsterinsights_sitenote_active":false,"_monsterinsights_sitenote_note":"","_monsterinsights_sitenote_category":0,"footnotes":"","_links_to":"","_links_to_target":""},"class_list":["post-2059","page","type-page","status-publish","hentry"],"acf":[],"yoast_head":"<!-- This site is optimized with the Yoast SEO plugin v24.7 - https:\/\/yoast.com\/wordpress\/plugins\/seo\/ -->\n<title>Tosimiesten Titaani-vartalohoito kylvyll\u00e4 - V Spa<\/title>\n<meta name=\"robots\" content=\"noindex, follow, max-snippet:-1, max-image-preview:large, max-video-preview:-1\" \/>\n<meta property=\"og:locale\" content=\"fi_FI\" \/>\n<meta property=\"og:type\" content=\"article\" \/>\n<meta property=\"og:title\" content=\"Tosimiesten Titaani-vartalohoito kylvyll\u00e4 - V Spa\" \/>\n<meta property=\"og:description\" content=\"T\u00e4m\u00e4 on todella miehinen hoito, joka korostaa teid\u00e4n komeita, mutta herkki\u00e4 piirteit\u00e4. Hoito alkaa tehokkaalla kuorinnalla, mit\u00e4 seuraa j\u00e4nnitteit\u00e4 laukaiseva...\" \/>\n<meta property=\"og:url\" content=\"https:\/\/vana.vspa.ee\/hoolitsused\/toeliste-meeste-titaani-kehahooldus-vanniga\/\" \/>\n<meta property=\"og:site_name\" content=\"V Spa\" \/>\n<meta property=\"article:modified_time\" content=\"2023-12-04T13:09:05+00:00\" \/>\n<meta name=\"twitter:card\" content=\"summary_large_image\" \/>\n<meta name=\"twitter:label1\" content=\"Arvioitu lukuaika\" \/>\n\t<meta name=\"twitter:data1\" content=\"1 minuutti\" \/>\n<script type=\"application\/ld+json\" class=\"yoast-schema-graph\">{\"@context\":\"https:\/\/schema.org\",\"@graph\":[{\"@type\":\"WebPage\",\"@id\":\"https:\/\/vana.vspa.ee\/hoolitsused\/toeliste-meeste-titaani-kehahooldus-vanniga\/\",\"url\":\"https:\/\/vana.vspa.ee\/hoolitsused\/toeliste-meeste-titaani-kehahooldus-vanniga\/\",\"name\":\"Tosimiesten Titaani-vartalohoito kylvyll\u00e4 - V Spa\",\"isPartOf\":{\"@id\":\"https:\/\/vana.vspa.ee\/#website\"},\"datePublished\":\"2016-11-25T13:19:42+00:00\",\"dateModified\":\"2023-12-04T13:09:05+00:00\",\"breadcrumb\":{\"@id\":\"https:\/\/vana.vspa.ee\/hoolitsused\/toeliste-meeste-titaani-kehahooldus-vanniga\/#breadcrumb\"},\"inLanguage\":\"fi\",\"potentialAction\":[{\"@type\":\"ReadAction\",\"target\":[\"https:\/\/vana.vspa.ee\/hoolitsused\/toeliste-meeste-titaani-kehahooldus-vanniga\/\"]}]},{\"@type\":\"BreadcrumbList\",\"@id\":\"https:\/\/vana.vspa.ee\/hoolitsused\/toeliste-meeste-titaani-kehahooldus-vanniga\/#breadcrumb\",\"itemListElement\":[{\"@type\":\"ListItem\",\"position\":1,\"name\":\"Home\",\"item\":\"https:\/\/vana.vspa.ee\/fi\/\"},{\"@type\":\"ListItem\",\"position\":2,\"name\":\"Hoidot\",\"item\":\"https:\/\/vana.vspa.ee\/hoolitsused\/\"},{\"@type\":\"ListItem\",\"position\":3,\"name\":\"Tosimiesten Titaani-vartalohoito kylvyll\u00e4\"}]},{\"@type\":\"WebSite\",\"@id\":\"https:\/\/vana.vspa.ee\/#website\",\"url\":\"https:\/\/vana.vspa.ee\/\",\"name\":\"V Spa\",\"description\":\"V\u00f5ta veest viimast!\",\"potentialAction\":[{\"@type\":\"SearchAction\",\"target\":{\"@type\":\"EntryPoint\",\"urlTemplate\":\"https:\/\/vana.vspa.ee\/?s={search_term_string}\"},\"query-input\":{\"@type\":\"PropertyValueSpecification\",\"valueRequired\":true,\"valueName\":\"search_term_string\"}}],\"inLanguage\":\"fi\"}]}<\/script>\n<!-- \/ Yoast SEO plugin. -->","yoast_head_json":{"title":"Tosimiesten Titaani-vartalohoito kylvyll\u00e4 - V Spa","robots":{"index":"noindex","follow":"follow","max-snippet":"max-snippet:-1","max-image-preview":"max-image-preview:large","max-video-preview":"max-video-preview:-1"},"og_locale":"fi_FI","og_type":"article","og_title":"Tosimiesten Titaani-vartalohoito kylvyll\u00e4 - V Spa","og_description":"T\u00e4m\u00e4 on todella miehinen hoito, joka korostaa teid\u00e4n komeita, mutta herkki\u00e4 piirteit\u00e4. Hoito alkaa tehokkaalla kuorinnalla, mit\u00e4 seuraa j\u00e4nnitteit\u00e4 laukaiseva...","og_url":"https:\/\/vana.vspa.ee\/hoolitsused\/toeliste-meeste-titaani-kehahooldus-vanniga\/","og_site_name":"V Spa","article_modified_time":"2023-12-04T13:09:05+00:00","twitter_card":"summary_large_image","twitter_misc":{"Arvioitu lukuaika":"1 minuutti"},"schema":{"@context":"https:\/\/schema.org","@graph":[{"@type":"WebPage","@id":"https:\/\/vana.vspa.ee\/hoolitsused\/toeliste-meeste-titaani-kehahooldus-vanniga\/","url":"https:\/\/vana.vspa.ee\/hoolitsused\/toeliste-meeste-titaani-kehahooldus-vanniga\/","name":"Tosimiesten Titaani-vartalohoito kylvyll\u00e4 - V Spa","isPartOf":{"@id":"https:\/\/vana.vspa.ee\/#website"},"datePublished":"2016-11-25T13:19:42+00:00","dateModified":"2023-12-04T13:09:05+00:00","breadcrumb":{"@id":"https:\/\/vana.vspa.ee\/hoolitsused\/toeliste-meeste-titaani-kehahooldus-vanniga\/#breadcrumb"},"inLanguage":"fi","potentialAction":[{"@type":"ReadAction","target":["https:\/\/vana.vspa.ee\/hoolitsused\/toeliste-meeste-titaani-kehahooldus-vanniga\/"]}]},{"@type":"BreadcrumbList","@id":"https:\/\/vana.vspa.ee\/hoolitsused\/toeliste-meeste-titaani-kehahooldus-vanniga\/#breadcrumb","itemListElement":[{"@type":"ListItem","position":1,"name":"Home","item":"https:\/\/vana.vspa.ee\/fi\/"},{"@type":"ListItem","position":2,"name":"Hoidot","item":"https:\/\/vana.vspa.ee\/hoolitsused\/"},{"@type":"ListItem","position":3,"name":"Tosimiesten Titaani-vartalohoito kylvyll\u00e4"}]},{"@type":"WebSite","@id":"https:\/\/vana.vspa.ee\/#website","url":"https:\/\/vana.vspa.ee\/","name":"V Spa","description":"V\u00f5ta veest viimast!","potentialAction":[{"@type":"SearchAction","target":{"@type":"EntryPoint","urlTemplate":"https:\/\/vana.vspa.ee\/?s={search_term_string}"},"query-input":{"@type":"PropertyValueSpecification","valueRequired":true,"valueName":"search_term_string"}}],"inLanguage":"fi"}]}},"_links":{"self":[{"href":"https:\/\/vana.vspa.ee\/fi\/wp-json\/wp\/v2\/pages\/2059","targetHints":{"allow":["GET"]}}],"collection":[{"href":"https:\/\/vana.vspa.ee\/fi\/wp-json\/wp\/v2\/pages"}],"about":[{"href":"https:\/\/vana.vspa.ee\/fi\/wp-json\/wp\/v2\/types\/page"}],"author":[{"embeddable":true,"href":"https:\/\/vana.vspa.ee\/fi\/wp-json\/wp\/v2\/users\/1"}],"replies":[{"embeddable":true,"href":"https:\/\/vana.vspa.ee\/fi\/wp-json\/wp\/v2\/comments?post=2059"}],"version-history":[{"count":4,"href":"https:\/\/vana.vspa.ee\/fi\/wp-json\/wp\/v2\/pages\/2059\/revisions"}],"predecessor-version":[{"id":42020,"href":"https:\/\/vana.vspa.ee\/fi\/wp-json\/wp\/v2\/pages\/2059\/revisions\/42020"}],"up":[{"embeddable":true,"href":"https:\/\/vana.vspa.ee\/fi\/wp-json\/wp\/v2\/pages\/1969"}],"wp:attachment":[{"href":"https:\/\/vana.vspa.ee\/fi\/wp-json\/wp\/v2\/media?parent=2059"}],"curies":[{"name":"wp","href":"https:\/\/api.w.org\/{rel}","templated":true}]}}