{"id":2063,"date":"2016-11-25T15:07:02","date_gmt":"2016-11-25T13:07:02","guid":{"rendered":"http:\/\/vspa.ee\/hoolitsused\/punase-veini-romantikahoolitsus-kahele\/"},"modified":"2024-11-28T15:37:51","modified_gmt":"2024-11-28T13:37:51","slug":"romanttinen-punaviini-vartalohoito-kahdelle","status":"publish","type":"page","link":"https:\/\/vana.vspa.ee\/fi\/hoidot\/romanttinen-punaviini-vartalohoito-kahdelle\/","title":{"rendered":"Romanttinen punaviini-vartalohoito kahdelle"},"content":{"rendered":"<p>On t\u00e4rke\u00e4\u00e4 viett\u00e4\u00e4 kahdenkeskist\u00e4 aikaa. Huoneeseen astuessa odottaa vain teille kahdelle varattu punaviinivaahtokylpy. Veteen lis\u00e4tyt suolakristallit pehmitt\u00e4v\u00e4t ihoanne ja punaviiniuute vaikuttaa rentouttavasti ja rauhoittavasti. Kun vesi j\u00e4\u00e4htyy liiaksi, on aika suunnata hierontap\u00f6yd\u00e4lle, jossa teille tehd\u00e4\u00e4n rinnakkain lihasjumeja pehment\u00e4v\u00e4 ja henkisesti rauhoittava hierontarituaali.<\/p>\n","protected":false},"excerpt":{"rendered":"<p>On t\u00e4rke\u00e4\u00e4 viett\u00e4\u00e4 kahdenkeskist\u00e4 aikaa. Huoneeseen astuessa odottaa vain teille kahdelle varattu punaviinivaahtokylpy. Veteen lis\u00e4tyt suolakristallit pehmitt\u00e4v\u00e4t ihoanne ja punaviiniuute&#8230;<\/p>\n","protected":false},"author":1,"featured_media":0,"parent":1969,"menu_order":71,"comment_status":"closed","ping_status":"closed","template":"page-templates\/tpl-offer1.php","meta":{"_acf_changed":false,"_monsterinsights_skip_tracking":false,"_monsterinsights_sitenote_active":false,"_monsterinsights_sitenote_note":"","_monsterinsights_sitenote_category":0,"footnotes":"","_links_to":"","_links_to_target":""},"class_list":["post-2063","page","type-page","status-publish","hentry"],"acf":[],"yoast_head":"<!-- This site is optimized with the Yoast SEO plugin v24.7 - https:\/\/yoast.com\/wordpress\/plugins\/seo\/ -->\n<title>Romanttinen punaviini-vartalohoito kahdelle - V Spa<\/title>\n<meta name=\"robots\" content=\"noindex, follow, max-snippet:-1, max-image-preview:large, max-video-preview:-1\" \/>\n<meta property=\"og:locale\" content=\"fi_FI\" \/>\n<meta property=\"og:type\" content=\"article\" \/>\n<meta property=\"og:title\" content=\"Romanttinen punaviini-vartalohoito kahdelle - V Spa\" \/>\n<meta property=\"og:description\" content=\"On t\u00e4rke\u00e4\u00e4 viett\u00e4\u00e4 kahdenkeskist\u00e4 aikaa. Huoneeseen astuessa odottaa vain teille kahdelle varattu punaviinivaahtokylpy. Veteen lis\u00e4tyt suolakristallit pehmitt\u00e4v\u00e4t ihoanne ja punaviiniuute...\" \/>\n<meta property=\"og:url\" content=\"https:\/\/vana.vspa.ee\/hoolitsused\/punase-veini-romantikahoolitsus-kahele\/\" \/>\n<meta property=\"og:site_name\" content=\"V Spa\" \/>\n<meta property=\"article:modified_time\" content=\"2024-11-28T13:37:51+00:00\" \/>\n<meta name=\"twitter:card\" content=\"summary_large_image\" \/>\n<meta name=\"twitter:label1\" content=\"Arvioitu lukuaika\" \/>\n\t<meta name=\"twitter:data1\" content=\"1 minuutti\" \/>\n<script type=\"application\/ld+json\" class=\"yoast-schema-graph\">{\"@context\":\"https:\/\/schema.org\",\"@graph\":[{\"@type\":\"WebPage\",\"@id\":\"https:\/\/vana.vspa.ee\/hoolitsused\/punase-veini-romantikahoolitsus-kahele\/\",\"url\":\"https:\/\/vana.vspa.ee\/hoolitsused\/punase-veini-romantikahoolitsus-kahele\/\",\"name\":\"Romanttinen punaviini-vartalohoito kahdelle - V Spa\",\"isPartOf\":{\"@id\":\"https:\/\/vana.vspa.ee\/#website\"},\"datePublished\":\"2016-11-25T13:07:02+00:00\",\"dateModified\":\"2024-11-28T13:37:51+00:00\",\"breadcrumb\":{\"@id\":\"https:\/\/vana.vspa.ee\/hoolitsused\/punase-veini-romantikahoolitsus-kahele\/#breadcrumb\"},\"inLanguage\":\"fi\",\"potentialAction\":[{\"@type\":\"ReadAction\",\"target\":[\"https:\/\/vana.vspa.ee\/hoolitsused\/punase-veini-romantikahoolitsus-kahele\/\"]}]},{\"@type\":\"BreadcrumbList\",\"@id\":\"https:\/\/vana.vspa.ee\/hoolitsused\/punase-veini-romantikahoolitsus-kahele\/#breadcrumb\",\"itemListElement\":[{\"@type\":\"ListItem\",\"position\":1,\"name\":\"Home\",\"item\":\"https:\/\/vana.vspa.ee\/fi\/\"},{\"@type\":\"ListItem\",\"position\":2,\"name\":\"Hoidot\",\"item\":\"https:\/\/vana.vspa.ee\/hoolitsused\/\"},{\"@type\":\"ListItem\",\"position\":3,\"name\":\"Romanttinen punaviini-vartalohoito kahdelle\"}]},{\"@type\":\"WebSite\",\"@id\":\"https:\/\/vana.vspa.ee\/#website\",\"url\":\"https:\/\/vana.vspa.ee\/\",\"name\":\"V Spa\",\"description\":\"V\u00f5ta veest viimast!\",\"potentialAction\":[{\"@type\":\"SearchAction\",\"target\":{\"@type\":\"EntryPoint\",\"urlTemplate\":\"https:\/\/vana.vspa.ee\/?s={search_term_string}\"},\"query-input\":{\"@type\":\"PropertyValueSpecification\",\"valueRequired\":true,\"valueName\":\"search_term_string\"}}],\"inLanguage\":\"fi\"}]}<\/script>\n<!-- \/ Yoast SEO plugin. -->","yoast_head_json":{"title":"Romanttinen punaviini-vartalohoito kahdelle - V Spa","robots":{"index":"noindex","follow":"follow","max-snippet":"max-snippet:-1","max-image-preview":"max-image-preview:large","max-video-preview":"max-video-preview:-1"},"og_locale":"fi_FI","og_type":"article","og_title":"Romanttinen punaviini-vartalohoito kahdelle - V Spa","og_description":"On t\u00e4rke\u00e4\u00e4 viett\u00e4\u00e4 kahdenkeskist\u00e4 aikaa. Huoneeseen astuessa odottaa vain teille kahdelle varattu punaviinivaahtokylpy. Veteen lis\u00e4tyt suolakristallit pehmitt\u00e4v\u00e4t ihoanne ja punaviiniuute...","og_url":"https:\/\/vana.vspa.ee\/hoolitsused\/punase-veini-romantikahoolitsus-kahele\/","og_site_name":"V Spa","article_modified_time":"2024-11-28T13:37:51+00:00","twitter_card":"summary_large_image","twitter_misc":{"Arvioitu lukuaika":"1 minuutti"},"schema":{"@context":"https:\/\/schema.org","@graph":[{"@type":"WebPage","@id":"https:\/\/vana.vspa.ee\/hoolitsused\/punase-veini-romantikahoolitsus-kahele\/","url":"https:\/\/vana.vspa.ee\/hoolitsused\/punase-veini-romantikahoolitsus-kahele\/","name":"Romanttinen punaviini-vartalohoito kahdelle - V Spa","isPartOf":{"@id":"https:\/\/vana.vspa.ee\/#website"},"datePublished":"2016-11-25T13:07:02+00:00","dateModified":"2024-11-28T13:37:51+00:00","breadcrumb":{"@id":"https:\/\/vana.vspa.ee\/hoolitsused\/punase-veini-romantikahoolitsus-kahele\/#breadcrumb"},"inLanguage":"fi","potentialAction":[{"@type":"ReadAction","target":["https:\/\/vana.vspa.ee\/hoolitsused\/punase-veini-romantikahoolitsus-kahele\/"]}]},{"@type":"BreadcrumbList","@id":"https:\/\/vana.vspa.ee\/hoolitsused\/punase-veini-romantikahoolitsus-kahele\/#breadcrumb","itemListElement":[{"@type":"ListItem","position":1,"name":"Home","item":"https:\/\/vana.vspa.ee\/fi\/"},{"@type":"ListItem","position":2,"name":"Hoidot","item":"https:\/\/vana.vspa.ee\/hoolitsused\/"},{"@type":"ListItem","position":3,"name":"Romanttinen punaviini-vartalohoito kahdelle"}]},{"@type":"WebSite","@id":"https:\/\/vana.vspa.ee\/#website","url":"https:\/\/vana.vspa.ee\/","name":"V Spa","description":"V\u00f5ta veest viimast!","potentialAction":[{"@type":"SearchAction","target":{"@type":"EntryPoint","urlTemplate":"https:\/\/vana.vspa.ee\/?s={search_term_string}"},"query-input":{"@type":"PropertyValueSpecification","valueRequired":true,"valueName":"search_term_string"}}],"inLanguage":"fi"}]}},"_links":{"self":[{"href":"https:\/\/vana.vspa.ee\/fi\/wp-json\/wp\/v2\/pages\/2063","targetHints":{"allow":["GET"]}}],"collection":[{"href":"https:\/\/vana.vspa.ee\/fi\/wp-json\/wp\/v2\/pages"}],"about":[{"href":"https:\/\/vana.vspa.ee\/fi\/wp-json\/wp\/v2\/types\/page"}],"author":[{"embeddable":true,"href":"https:\/\/vana.vspa.ee\/fi\/wp-json\/wp\/v2\/users\/1"}],"replies":[{"embeddable":true,"href":"https:\/\/vana.vspa.ee\/fi\/wp-json\/wp\/v2\/comments?post=2063"}],"version-history":[{"count":4,"href":"https:\/\/vana.vspa.ee\/fi\/wp-json\/wp\/v2\/pages\/2063\/revisions"}],"predecessor-version":[{"id":47198,"href":"https:\/\/vana.vspa.ee\/fi\/wp-json\/wp\/v2\/pages\/2063\/revisions\/47198"}],"up":[{"embeddable":true,"href":"https:\/\/vana.vspa.ee\/fi\/wp-json\/wp\/v2\/pages\/1969"}],"wp:attachment":[{"href":"https:\/\/vana.vspa.ee\/fi\/wp-json\/wp\/v2\/media?parent=2063"}],"curies":[{"name":"wp","href":"https:\/\/api.w.org\/{rel}","templated":true}]}}