{"id":23619,"date":"2020-03-02T10:56:18","date_gmt":"2020-03-02T08:56:18","guid":{"rendered":"https:\/\/vspa.ee\/hoidot\/nao-hiromassaaz\/"},"modified":"2023-12-08T17:56:22","modified_gmt":"2023-12-08T15:56:22","slug":"nao-hiromassaaz","status":"publish","type":"page","link":"https:\/\/vana.vspa.ee\/fi\/hoidot\/nao-hiromassaaz\/","title":{"rendered":"Hiro-hieronta kasvoille"},"content":{"rendered":"<p>Espanjalaisp\u00e4inen kasvojen hiro-hieronta on todellinen pelastus kaikille, jotka haluavat s\u00e4ilytt\u00e4\u00e4 kasvojen nuorekkuuden ja kiinteyden ilman kemiallisia aineita.<\/p>\n<p>Erilaisiin klassisiin ja it\u00e4maisiin hierontatekniikoihin perustuvan hoidon yhteydess\u00e4 tehd\u00e4\u00e4n rentouttava ja eritt\u00e4in tehokas kasvojen, kaulan ja dekolteen hieronta. Sen aikana stimuloidaan ihosoluja ja ilmelihaksia, mink\u00e4 tuloksena paranee kasvojen ihon kimmoisuus, lihasten j\u00e4nteys ja kasvojen muoto.<\/p>\n<p>Hoitoa varattaessa on t\u00e4rke\u00e4\u00e4, ettei sinulla ole ihohaavoja, aknea tai muita ihosairauksia, akuutti astma, korkea kuume tai ettei sinulla ole todettu verisuonten heikkoutta. Edellisten lis\u00e4ksi hoitoa ei voida suorittaa, mik\u00e4li sinulle on tehty Botox-k\u00e4sittely. Kemiallisesta kuorinnasta voisi olla v\u00e4hint\u00e4\u00e4n 10 p\u00e4iv\u00e4\u00e4.<\/p>\n","protected":false},"excerpt":{"rendered":"<p>Espanjalaisp\u00e4inen kasvojen hiro-hieronta on todellinen pelastus kaikille, jotka haluavat s\u00e4ilytt\u00e4\u00e4 kasvojen nuorekkuuden ja kiinteyden ilman kemiallisia aineita. Erilaisiin klassisiin ja&#8230;<\/p>\n","protected":false},"author":1,"featured_media":0,"parent":1969,"menu_order":0,"comment_status":"closed","ping_status":"closed","template":"page-templates\/tpl-offer1.php","meta":{"_acf_changed":false,"_monsterinsights_skip_tracking":false,"_monsterinsights_sitenote_active":false,"_monsterinsights_sitenote_note":"","_monsterinsights_sitenote_category":0,"footnotes":"","_links_to":"","_links_to_target":""},"class_list":["post-23619","page","type-page","status-publish","hentry"],"acf":[],"yoast_head":"<!-- This site is optimized with the Yoast SEO plugin v24.7 - https:\/\/yoast.com\/wordpress\/plugins\/seo\/ -->\n<title>Hiro-hieronta kasvoille - V Spa<\/title>\n<meta name=\"robots\" content=\"noindex, follow, max-snippet:-1, max-image-preview:large, max-video-preview:-1\" \/>\n<meta property=\"og:locale\" content=\"fi_FI\" \/>\n<meta property=\"og:type\" content=\"article\" \/>\n<meta property=\"og:title\" content=\"Hiro-hieronta kasvoille - V Spa\" \/>\n<meta property=\"og:description\" content=\"Espanjalaisp\u00e4inen kasvojen hiro-hieronta on todellinen pelastus kaikille, jotka haluavat s\u00e4ilytt\u00e4\u00e4 kasvojen nuorekkuuden ja kiinteyden ilman kemiallisia aineita. Erilaisiin klassisiin ja...\" \/>\n<meta property=\"og:url\" content=\"https:\/\/vana.vspa.ee\/hoolitsused\/nao-hiromassaaz\/\" \/>\n<meta property=\"og:site_name\" content=\"V Spa\" \/>\n<meta property=\"article:modified_time\" content=\"2023-12-08T15:56:22+00:00\" \/>\n<meta name=\"twitter:card\" content=\"summary_large_image\" \/>\n<meta name=\"twitter:label1\" content=\"Arvioitu lukuaika\" \/>\n\t<meta name=\"twitter:data1\" content=\"1 minuutti\" \/>\n<script type=\"application\/ld+json\" class=\"yoast-schema-graph\">{\"@context\":\"https:\/\/schema.org\",\"@graph\":[{\"@type\":\"WebPage\",\"@id\":\"https:\/\/vana.vspa.ee\/hoolitsused\/nao-hiromassaaz\/\",\"url\":\"https:\/\/vana.vspa.ee\/hoolitsused\/nao-hiromassaaz\/\",\"name\":\"Hiro-hieronta kasvoille - V Spa\",\"isPartOf\":{\"@id\":\"https:\/\/vana.vspa.ee\/#website\"},\"datePublished\":\"2020-03-02T08:56:18+00:00\",\"dateModified\":\"2023-12-08T15:56:22+00:00\",\"breadcrumb\":{\"@id\":\"https:\/\/vana.vspa.ee\/hoolitsused\/nao-hiromassaaz\/#breadcrumb\"},\"inLanguage\":\"fi\",\"potentialAction\":[{\"@type\":\"ReadAction\",\"target\":[\"https:\/\/vana.vspa.ee\/hoolitsused\/nao-hiromassaaz\/\"]}]},{\"@type\":\"BreadcrumbList\",\"@id\":\"https:\/\/vana.vspa.ee\/hoolitsused\/nao-hiromassaaz\/#breadcrumb\",\"itemListElement\":[{\"@type\":\"ListItem\",\"position\":1,\"name\":\"Home\",\"item\":\"https:\/\/vana.vspa.ee\/fi\/\"},{\"@type\":\"ListItem\",\"position\":2,\"name\":\"Hoidot\",\"item\":\"https:\/\/vana.vspa.ee\/hoolitsused\/\"},{\"@type\":\"ListItem\",\"position\":3,\"name\":\"Hiro-hieronta kasvoille\"}]},{\"@type\":\"WebSite\",\"@id\":\"https:\/\/vana.vspa.ee\/#website\",\"url\":\"https:\/\/vana.vspa.ee\/\",\"name\":\"V Spa\",\"description\":\"V\u00f5ta veest viimast!\",\"potentialAction\":[{\"@type\":\"SearchAction\",\"target\":{\"@type\":\"EntryPoint\",\"urlTemplate\":\"https:\/\/vana.vspa.ee\/?s={search_term_string}\"},\"query-input\":{\"@type\":\"PropertyValueSpecification\",\"valueRequired\":true,\"valueName\":\"search_term_string\"}}],\"inLanguage\":\"fi\"}]}<\/script>\n<!-- \/ Yoast SEO plugin. -->","yoast_head_json":{"title":"Hiro-hieronta kasvoille - V Spa","robots":{"index":"noindex","follow":"follow","max-snippet":"max-snippet:-1","max-image-preview":"max-image-preview:large","max-video-preview":"max-video-preview:-1"},"og_locale":"fi_FI","og_type":"article","og_title":"Hiro-hieronta kasvoille - V Spa","og_description":"Espanjalaisp\u00e4inen kasvojen hiro-hieronta on todellinen pelastus kaikille, jotka haluavat s\u00e4ilytt\u00e4\u00e4 kasvojen nuorekkuuden ja kiinteyden ilman kemiallisia aineita. Erilaisiin klassisiin ja...","og_url":"https:\/\/vana.vspa.ee\/hoolitsused\/nao-hiromassaaz\/","og_site_name":"V Spa","article_modified_time":"2023-12-08T15:56:22+00:00","twitter_card":"summary_large_image","twitter_misc":{"Arvioitu lukuaika":"1 minuutti"},"schema":{"@context":"https:\/\/schema.org","@graph":[{"@type":"WebPage","@id":"https:\/\/vana.vspa.ee\/hoolitsused\/nao-hiromassaaz\/","url":"https:\/\/vana.vspa.ee\/hoolitsused\/nao-hiromassaaz\/","name":"Hiro-hieronta kasvoille - V Spa","isPartOf":{"@id":"https:\/\/vana.vspa.ee\/#website"},"datePublished":"2020-03-02T08:56:18+00:00","dateModified":"2023-12-08T15:56:22+00:00","breadcrumb":{"@id":"https:\/\/vana.vspa.ee\/hoolitsused\/nao-hiromassaaz\/#breadcrumb"},"inLanguage":"fi","potentialAction":[{"@type":"ReadAction","target":["https:\/\/vana.vspa.ee\/hoolitsused\/nao-hiromassaaz\/"]}]},{"@type":"BreadcrumbList","@id":"https:\/\/vana.vspa.ee\/hoolitsused\/nao-hiromassaaz\/#breadcrumb","itemListElement":[{"@type":"ListItem","position":1,"name":"Home","item":"https:\/\/vana.vspa.ee\/fi\/"},{"@type":"ListItem","position":2,"name":"Hoidot","item":"https:\/\/vana.vspa.ee\/hoolitsused\/"},{"@type":"ListItem","position":3,"name":"Hiro-hieronta kasvoille"}]},{"@type":"WebSite","@id":"https:\/\/vana.vspa.ee\/#website","url":"https:\/\/vana.vspa.ee\/","name":"V Spa","description":"V\u00f5ta veest viimast!","potentialAction":[{"@type":"SearchAction","target":{"@type":"EntryPoint","urlTemplate":"https:\/\/vana.vspa.ee\/?s={search_term_string}"},"query-input":{"@type":"PropertyValueSpecification","valueRequired":true,"valueName":"search_term_string"}}],"inLanguage":"fi"}]}},"_links":{"self":[{"href":"https:\/\/vana.vspa.ee\/fi\/wp-json\/wp\/v2\/pages\/23619","targetHints":{"allow":["GET"]}}],"collection":[{"href":"https:\/\/vana.vspa.ee\/fi\/wp-json\/wp\/v2\/pages"}],"about":[{"href":"https:\/\/vana.vspa.ee\/fi\/wp-json\/wp\/v2\/types\/page"}],"author":[{"embeddable":true,"href":"https:\/\/vana.vspa.ee\/fi\/wp-json\/wp\/v2\/users\/1"}],"replies":[{"embeddable":true,"href":"https:\/\/vana.vspa.ee\/fi\/wp-json\/wp\/v2\/comments?post=23619"}],"version-history":[{"count":8,"href":"https:\/\/vana.vspa.ee\/fi\/wp-json\/wp\/v2\/pages\/23619\/revisions"}],"predecessor-version":[{"id":42294,"href":"https:\/\/vana.vspa.ee\/fi\/wp-json\/wp\/v2\/pages\/23619\/revisions\/42294"}],"up":[{"embeddable":true,"href":"https:\/\/vana.vspa.ee\/fi\/wp-json\/wp\/v2\/pages\/1969"}],"wp:attachment":[{"href":"https:\/\/vana.vspa.ee\/fi\/wp-json\/wp\/v2\/media?parent=23619"}],"curies":[{"name":"wp","href":"https:\/\/api.w.org\/{rel}","templated":true}]}}