{"id":23640,"date":"2020-01-07T13:40:49","date_gmt":"2020-01-07T11:40:49","guid":{"rendered":"https:\/\/vspa.ee\/hoidot\/repechage-naohoolitsus\/"},"modified":"2023-12-08T17:58:38","modified_gmt":"2023-12-08T15:58:38","slug":"repechage-naohoolitsus","status":"publish","type":"page","link":"https:\/\/vana.vspa.ee\/fi\/hoidot\/repechage-naohoolitsus\/","title":{"rendered":"Kiinteytt\u00e4v\u00e4 ja ihoa tasoittava peptideill\u00e4 pakattu kasvohoito ik\u00e4\u00e4ntymisen merkkej\u00e4 vastaan"},"content":{"rendered":"<p>Viisiosainen kiinteytt\u00e4v\u00e4 kasvohoito, joka on kehitetty erityisesti kuivalle ja normaalille iholle, jossa on n\u00e4kyvi\u00e4 juonteita. Ravitsee ja virkist\u00e4\u00e4 erityisen hyvin ik\u00e4\u00e4ntynytt\u00e4 ihoa. Papaijaentsyymit auttamat tasoittamaan ihon s\u00e4vy\u00e4. Kaksi hierontaa ja viilent\u00e4v\u00e4 pentapeptidi-spirulinalev\u00e4naamio kiinteytt\u00e4v\u00e4t ja siloittavat ihoa. Tuloksena juonteet v\u00e4henev\u00e4t ja iho on syv\u00e4kosteutettu.<\/p>\n<p>Hoidossa k\u00e4ytet\u00e4\u00e4n <strong>Rep\u00eachage-sarjan <\/strong>tuotteita.<\/p>\n<p>&nbsp;<\/p>\n","protected":false},"excerpt":{"rendered":"<p>Viisiosainen kiinteytt\u00e4v\u00e4 kasvohoito, joka on kehitetty erityisesti kuivalle ja normaalille iholle, jossa on n\u00e4kyvi\u00e4 juonteita. Ravitsee ja virkist\u00e4\u00e4 erityisen hyvin&#8230;<\/p>\n","protected":false},"author":1,"featured_media":0,"parent":1969,"menu_order":0,"comment_status":"closed","ping_status":"closed","template":"page-templates\/tpl-offer1.php","meta":{"_acf_changed":false,"_monsterinsights_skip_tracking":false,"_monsterinsights_sitenote_active":false,"_monsterinsights_sitenote_note":"","_monsterinsights_sitenote_category":0,"footnotes":"","_links_to":"","_links_to_target":""},"class_list":["post-23640","page","type-page","status-publish","hentry"],"acf":[],"yoast_head":"<!-- This site is optimized with the Yoast SEO plugin v24.7 - https:\/\/yoast.com\/wordpress\/plugins\/seo\/ -->\n<title>Kiinteytt\u00e4v\u00e4 ja ihoa tasoittava peptideill\u00e4 pakattu kasvohoito ik\u00e4\u00e4ntymisen merkkej\u00e4 vastaan - V Spa<\/title>\n<meta name=\"robots\" content=\"noindex, follow, max-snippet:-1, max-image-preview:large, max-video-preview:-1\" \/>\n<meta property=\"og:locale\" content=\"fi_FI\" \/>\n<meta property=\"og:type\" content=\"article\" \/>\n<meta property=\"og:title\" content=\"Kiinteytt\u00e4v\u00e4 ja ihoa tasoittava peptideill\u00e4 pakattu kasvohoito ik\u00e4\u00e4ntymisen merkkej\u00e4 vastaan - V Spa\" \/>\n<meta property=\"og:description\" content=\"Viisiosainen kiinteytt\u00e4v\u00e4 kasvohoito, joka on kehitetty erityisesti kuivalle ja normaalille iholle, jossa on n\u00e4kyvi\u00e4 juonteita. Ravitsee ja virkist\u00e4\u00e4 erityisen hyvin...\" \/>\n<meta property=\"og:url\" content=\"https:\/\/vana.vspa.ee\/hoolitsused\/repechage-naohoolitsus\/\" \/>\n<meta property=\"og:site_name\" content=\"V Spa\" \/>\n<meta property=\"article:modified_time\" content=\"2023-12-08T15:58:38+00:00\" \/>\n<meta name=\"twitter:card\" content=\"summary_large_image\" \/>\n<meta name=\"twitter:label1\" content=\"Arvioitu lukuaika\" \/>\n\t<meta name=\"twitter:data1\" content=\"1 minuutti\" \/>\n<script type=\"application\/ld+json\" class=\"yoast-schema-graph\">{\"@context\":\"https:\/\/schema.org\",\"@graph\":[{\"@type\":\"WebPage\",\"@id\":\"https:\/\/vana.vspa.ee\/hoolitsused\/repechage-naohoolitsus\/\",\"url\":\"https:\/\/vana.vspa.ee\/hoolitsused\/repechage-naohoolitsus\/\",\"name\":\"Kiinteytt\u00e4v\u00e4 ja ihoa tasoittava peptideill\u00e4 pakattu kasvohoito ik\u00e4\u00e4ntymisen merkkej\u00e4 vastaan - V Spa\",\"isPartOf\":{\"@id\":\"https:\/\/vana.vspa.ee\/#website\"},\"datePublished\":\"2020-01-07T11:40:49+00:00\",\"dateModified\":\"2023-12-08T15:58:38+00:00\",\"breadcrumb\":{\"@id\":\"https:\/\/vana.vspa.ee\/hoolitsused\/repechage-naohoolitsus\/#breadcrumb\"},\"inLanguage\":\"fi\",\"potentialAction\":[{\"@type\":\"ReadAction\",\"target\":[\"https:\/\/vana.vspa.ee\/hoolitsused\/repechage-naohoolitsus\/\"]}]},{\"@type\":\"BreadcrumbList\",\"@id\":\"https:\/\/vana.vspa.ee\/hoolitsused\/repechage-naohoolitsus\/#breadcrumb\",\"itemListElement\":[{\"@type\":\"ListItem\",\"position\":1,\"name\":\"Home\",\"item\":\"https:\/\/vana.vspa.ee\/fi\/\"},{\"@type\":\"ListItem\",\"position\":2,\"name\":\"Hoidot\",\"item\":\"https:\/\/vana.vspa.ee\/hoolitsused\/\"},{\"@type\":\"ListItem\",\"position\":3,\"name\":\"Kiinteytt\u00e4v\u00e4 ja ihoa tasoittava peptideill\u00e4 pakattu kasvohoito ik\u00e4\u00e4ntymisen merkkej\u00e4 vastaan\"}]},{\"@type\":\"WebSite\",\"@id\":\"https:\/\/vana.vspa.ee\/#website\",\"url\":\"https:\/\/vana.vspa.ee\/\",\"name\":\"V Spa\",\"description\":\"V\u00f5ta veest viimast!\",\"potentialAction\":[{\"@type\":\"SearchAction\",\"target\":{\"@type\":\"EntryPoint\",\"urlTemplate\":\"https:\/\/vana.vspa.ee\/?s={search_term_string}\"},\"query-input\":{\"@type\":\"PropertyValueSpecification\",\"valueRequired\":true,\"valueName\":\"search_term_string\"}}],\"inLanguage\":\"fi\"}]}<\/script>\n<!-- \/ Yoast SEO plugin. -->","yoast_head_json":{"title":"Kiinteytt\u00e4v\u00e4 ja ihoa tasoittava peptideill\u00e4 pakattu kasvohoito ik\u00e4\u00e4ntymisen merkkej\u00e4 vastaan - V Spa","robots":{"index":"noindex","follow":"follow","max-snippet":"max-snippet:-1","max-image-preview":"max-image-preview:large","max-video-preview":"max-video-preview:-1"},"og_locale":"fi_FI","og_type":"article","og_title":"Kiinteytt\u00e4v\u00e4 ja ihoa tasoittava peptideill\u00e4 pakattu kasvohoito ik\u00e4\u00e4ntymisen merkkej\u00e4 vastaan - V Spa","og_description":"Viisiosainen kiinteytt\u00e4v\u00e4 kasvohoito, joka on kehitetty erityisesti kuivalle ja normaalille iholle, jossa on n\u00e4kyvi\u00e4 juonteita. Ravitsee ja virkist\u00e4\u00e4 erityisen hyvin...","og_url":"https:\/\/vana.vspa.ee\/hoolitsused\/repechage-naohoolitsus\/","og_site_name":"V Spa","article_modified_time":"2023-12-08T15:58:38+00:00","twitter_card":"summary_large_image","twitter_misc":{"Arvioitu lukuaika":"1 minuutti"},"schema":{"@context":"https:\/\/schema.org","@graph":[{"@type":"WebPage","@id":"https:\/\/vana.vspa.ee\/hoolitsused\/repechage-naohoolitsus\/","url":"https:\/\/vana.vspa.ee\/hoolitsused\/repechage-naohoolitsus\/","name":"Kiinteytt\u00e4v\u00e4 ja ihoa tasoittava peptideill\u00e4 pakattu kasvohoito ik\u00e4\u00e4ntymisen merkkej\u00e4 vastaan - V Spa","isPartOf":{"@id":"https:\/\/vana.vspa.ee\/#website"},"datePublished":"2020-01-07T11:40:49+00:00","dateModified":"2023-12-08T15:58:38+00:00","breadcrumb":{"@id":"https:\/\/vana.vspa.ee\/hoolitsused\/repechage-naohoolitsus\/#breadcrumb"},"inLanguage":"fi","potentialAction":[{"@type":"ReadAction","target":["https:\/\/vana.vspa.ee\/hoolitsused\/repechage-naohoolitsus\/"]}]},{"@type":"BreadcrumbList","@id":"https:\/\/vana.vspa.ee\/hoolitsused\/repechage-naohoolitsus\/#breadcrumb","itemListElement":[{"@type":"ListItem","position":1,"name":"Home","item":"https:\/\/vana.vspa.ee\/fi\/"},{"@type":"ListItem","position":2,"name":"Hoidot","item":"https:\/\/vana.vspa.ee\/hoolitsused\/"},{"@type":"ListItem","position":3,"name":"Kiinteytt\u00e4v\u00e4 ja ihoa tasoittava peptideill\u00e4 pakattu kasvohoito ik\u00e4\u00e4ntymisen merkkej\u00e4 vastaan"}]},{"@type":"WebSite","@id":"https:\/\/vana.vspa.ee\/#website","url":"https:\/\/vana.vspa.ee\/","name":"V Spa","description":"V\u00f5ta veest viimast!","potentialAction":[{"@type":"SearchAction","target":{"@type":"EntryPoint","urlTemplate":"https:\/\/vana.vspa.ee\/?s={search_term_string}"},"query-input":{"@type":"PropertyValueSpecification","valueRequired":true,"valueName":"search_term_string"}}],"inLanguage":"fi"}]}},"_links":{"self":[{"href":"https:\/\/vana.vspa.ee\/fi\/wp-json\/wp\/v2\/pages\/23640","targetHints":{"allow":["GET"]}}],"collection":[{"href":"https:\/\/vana.vspa.ee\/fi\/wp-json\/wp\/v2\/pages"}],"about":[{"href":"https:\/\/vana.vspa.ee\/fi\/wp-json\/wp\/v2\/types\/page"}],"author":[{"embeddable":true,"href":"https:\/\/vana.vspa.ee\/fi\/wp-json\/wp\/v2\/users\/1"}],"replies":[{"embeddable":true,"href":"https:\/\/vana.vspa.ee\/fi\/wp-json\/wp\/v2\/comments?post=23640"}],"version-history":[{"count":6,"href":"https:\/\/vana.vspa.ee\/fi\/wp-json\/wp\/v2\/pages\/23640\/revisions"}],"predecessor-version":[{"id":42295,"href":"https:\/\/vana.vspa.ee\/fi\/wp-json\/wp\/v2\/pages\/23640\/revisions\/42295"}],"up":[{"embeddable":true,"href":"https:\/\/vana.vspa.ee\/fi\/wp-json\/wp\/v2\/pages\/1969"}],"wp:attachment":[{"href":"https:\/\/vana.vspa.ee\/fi\/wp-json\/wp\/v2\/media?parent=23640"}],"curies":[{"name":"wp","href":"https:\/\/api.w.org\/{rel}","templated":true}]}}