{"id":23677,"date":"2020-02-23T09:41:53","date_gmt":"2020-02-23T07:41:53","guid":{"rendered":"https:\/\/vspa.ee\/hoidot\/puhastav-naohoolitsus-rasusele-ja-aknelisele-nahale-repechage\/"},"modified":"2024-01-08T08:58:51","modified_gmt":"2024-01-08T06:58:51","slug":"puhastav-naohoolitsus-rasusele-ja-aknelisele-nahale-repechage","status":"publish","type":"page","link":"https:\/\/vana.vspa.ee\/fi\/hoidot\/puhastav-naohoolitsus-rasusele-ja-aknelisele-nahale-repechage\/","title":{"rendered":"Puhdistava kasvohoito rasvoittuvalle iholle ja akneiholle"},"content":{"rendered":"<p>Aknehoito, joka oikeasti tehoaa! Syv\u00e4puhdistava hoito, joka s\u00e4\u00e4nn\u00f6stelee ihon rasvanerityst\u00e4 ja kosteuttaa. Varma tulos! Merilev\u00e4uute vahvistaa ihoa ja taistelee aknea vastaan. Lakritsijuuri ja AHA-hedelm\u00e4hapot auttavat tasoittamaan ihons\u00e4vy\u00e4.<\/p>\n<p>Ainutlaatuinen koostumus rauhoittaa aktiivisimmankin aknen. Ihoasiantuntijoiden ja ammattikosmetologien hyv\u00e4ksym\u00e4 hoito.<\/p>\n<p>Hoidossa k\u00e4ytet\u00e4\u00e4n <strong>Rep\u00eachage<\/strong>-sarjan tuotteita.<\/p>\n<p>&nbsp;<\/p>\n<p>&nbsp;<\/p>\n","protected":false},"excerpt":{"rendered":"<p>Aknehoito, joka oikeasti tehoaa! Syv\u00e4puhdistava hoito, joka s\u00e4\u00e4nn\u00f6stelee ihon rasvanerityst\u00e4 ja kosteuttaa. Varma tulos! Merilev\u00e4uute vahvistaa ihoa ja taistelee aknea&#8230;<\/p>\n","protected":false},"author":1,"featured_media":0,"parent":1969,"menu_order":0,"comment_status":"closed","ping_status":"closed","template":"page-templates\/tpl-offer1.php","meta":{"_acf_changed":false,"_monsterinsights_skip_tracking":false,"_monsterinsights_sitenote_active":false,"_monsterinsights_sitenote_note":"","_monsterinsights_sitenote_category":0,"footnotes":"","_links_to":"","_links_to_target":""},"class_list":["post-23677","page","type-page","status-publish","hentry"],"acf":[],"yoast_head":"<!-- This site is optimized with the Yoast SEO plugin v24.7 - https:\/\/yoast.com\/wordpress\/plugins\/seo\/ -->\n<title>Puhdistava kasvohoito rasvoittuvalle iholle ja akneiholle - V Spa<\/title>\n<meta name=\"robots\" content=\"noindex, follow, max-snippet:-1, max-image-preview:large, max-video-preview:-1\" \/>\n<meta property=\"og:locale\" content=\"fi_FI\" \/>\n<meta property=\"og:type\" content=\"article\" \/>\n<meta property=\"og:title\" content=\"Puhdistava kasvohoito rasvoittuvalle iholle ja akneiholle - V Spa\" \/>\n<meta property=\"og:description\" content=\"Aknehoito, joka oikeasti tehoaa! Syv\u00e4puhdistava hoito, joka s\u00e4\u00e4nn\u00f6stelee ihon rasvanerityst\u00e4 ja kosteuttaa. Varma tulos! Merilev\u00e4uute vahvistaa ihoa ja taistelee aknea...\" \/>\n<meta property=\"og:url\" content=\"https:\/\/vana.vspa.ee\/hoolitsused\/puhastav-naohoolitsus-rasusele-ja-aknelisele-nahale-repechage\/\" \/>\n<meta property=\"og:site_name\" content=\"V Spa\" \/>\n<meta property=\"article:modified_time\" content=\"2024-01-08T06:58:51+00:00\" \/>\n<meta name=\"twitter:card\" content=\"summary_large_image\" \/>\n<meta name=\"twitter:label1\" content=\"Arvioitu lukuaika\" \/>\n\t<meta name=\"twitter:data1\" content=\"1 minuutti\" \/>\n<script type=\"application\/ld+json\" class=\"yoast-schema-graph\">{\"@context\":\"https:\/\/schema.org\",\"@graph\":[{\"@type\":\"WebPage\",\"@id\":\"https:\/\/vana.vspa.ee\/hoolitsused\/puhastav-naohoolitsus-rasusele-ja-aknelisele-nahale-repechage\/\",\"url\":\"https:\/\/vana.vspa.ee\/hoolitsused\/puhastav-naohoolitsus-rasusele-ja-aknelisele-nahale-repechage\/\",\"name\":\"Puhdistava kasvohoito rasvoittuvalle iholle ja akneiholle - V Spa\",\"isPartOf\":{\"@id\":\"https:\/\/vana.vspa.ee\/#website\"},\"datePublished\":\"2020-02-23T07:41:53+00:00\",\"dateModified\":\"2024-01-08T06:58:51+00:00\",\"breadcrumb\":{\"@id\":\"https:\/\/vana.vspa.ee\/hoolitsused\/puhastav-naohoolitsus-rasusele-ja-aknelisele-nahale-repechage\/#breadcrumb\"},\"inLanguage\":\"fi\",\"potentialAction\":[{\"@type\":\"ReadAction\",\"target\":[\"https:\/\/vana.vspa.ee\/hoolitsused\/puhastav-naohoolitsus-rasusele-ja-aknelisele-nahale-repechage\/\"]}]},{\"@type\":\"BreadcrumbList\",\"@id\":\"https:\/\/vana.vspa.ee\/hoolitsused\/puhastav-naohoolitsus-rasusele-ja-aknelisele-nahale-repechage\/#breadcrumb\",\"itemListElement\":[{\"@type\":\"ListItem\",\"position\":1,\"name\":\"Home\",\"item\":\"https:\/\/vana.vspa.ee\/fi\/\"},{\"@type\":\"ListItem\",\"position\":2,\"name\":\"Hoidot\",\"item\":\"https:\/\/vana.vspa.ee\/hoolitsused\/\"},{\"@type\":\"ListItem\",\"position\":3,\"name\":\"Puhdistava kasvohoito rasvoittuvalle iholle ja akneiholle\"}]},{\"@type\":\"WebSite\",\"@id\":\"https:\/\/vana.vspa.ee\/#website\",\"url\":\"https:\/\/vana.vspa.ee\/\",\"name\":\"V Spa\",\"description\":\"V\u00f5ta veest viimast!\",\"potentialAction\":[{\"@type\":\"SearchAction\",\"target\":{\"@type\":\"EntryPoint\",\"urlTemplate\":\"https:\/\/vana.vspa.ee\/?s={search_term_string}\"},\"query-input\":{\"@type\":\"PropertyValueSpecification\",\"valueRequired\":true,\"valueName\":\"search_term_string\"}}],\"inLanguage\":\"fi\"}]}<\/script>\n<!-- \/ Yoast SEO plugin. -->","yoast_head_json":{"title":"Puhdistava kasvohoito rasvoittuvalle iholle ja akneiholle - V Spa","robots":{"index":"noindex","follow":"follow","max-snippet":"max-snippet:-1","max-image-preview":"max-image-preview:large","max-video-preview":"max-video-preview:-1"},"og_locale":"fi_FI","og_type":"article","og_title":"Puhdistava kasvohoito rasvoittuvalle iholle ja akneiholle - V Spa","og_description":"Aknehoito, joka oikeasti tehoaa! Syv\u00e4puhdistava hoito, joka s\u00e4\u00e4nn\u00f6stelee ihon rasvanerityst\u00e4 ja kosteuttaa. Varma tulos! Merilev\u00e4uute vahvistaa ihoa ja taistelee aknea...","og_url":"https:\/\/vana.vspa.ee\/hoolitsused\/puhastav-naohoolitsus-rasusele-ja-aknelisele-nahale-repechage\/","og_site_name":"V Spa","article_modified_time":"2024-01-08T06:58:51+00:00","twitter_card":"summary_large_image","twitter_misc":{"Arvioitu lukuaika":"1 minuutti"},"schema":{"@context":"https:\/\/schema.org","@graph":[{"@type":"WebPage","@id":"https:\/\/vana.vspa.ee\/hoolitsused\/puhastav-naohoolitsus-rasusele-ja-aknelisele-nahale-repechage\/","url":"https:\/\/vana.vspa.ee\/hoolitsused\/puhastav-naohoolitsus-rasusele-ja-aknelisele-nahale-repechage\/","name":"Puhdistava kasvohoito rasvoittuvalle iholle ja akneiholle - V Spa","isPartOf":{"@id":"https:\/\/vana.vspa.ee\/#website"},"datePublished":"2020-02-23T07:41:53+00:00","dateModified":"2024-01-08T06:58:51+00:00","breadcrumb":{"@id":"https:\/\/vana.vspa.ee\/hoolitsused\/puhastav-naohoolitsus-rasusele-ja-aknelisele-nahale-repechage\/#breadcrumb"},"inLanguage":"fi","potentialAction":[{"@type":"ReadAction","target":["https:\/\/vana.vspa.ee\/hoolitsused\/puhastav-naohoolitsus-rasusele-ja-aknelisele-nahale-repechage\/"]}]},{"@type":"BreadcrumbList","@id":"https:\/\/vana.vspa.ee\/hoolitsused\/puhastav-naohoolitsus-rasusele-ja-aknelisele-nahale-repechage\/#breadcrumb","itemListElement":[{"@type":"ListItem","position":1,"name":"Home","item":"https:\/\/vana.vspa.ee\/fi\/"},{"@type":"ListItem","position":2,"name":"Hoidot","item":"https:\/\/vana.vspa.ee\/hoolitsused\/"},{"@type":"ListItem","position":3,"name":"Puhdistava kasvohoito rasvoittuvalle iholle ja akneiholle"}]},{"@type":"WebSite","@id":"https:\/\/vana.vspa.ee\/#website","url":"https:\/\/vana.vspa.ee\/","name":"V Spa","description":"V\u00f5ta veest viimast!","potentialAction":[{"@type":"SearchAction","target":{"@type":"EntryPoint","urlTemplate":"https:\/\/vana.vspa.ee\/?s={search_term_string}"},"query-input":{"@type":"PropertyValueSpecification","valueRequired":true,"valueName":"search_term_string"}}],"inLanguage":"fi"}]}},"_links":{"self":[{"href":"https:\/\/vana.vspa.ee\/fi\/wp-json\/wp\/v2\/pages\/23677","targetHints":{"allow":["GET"]}}],"collection":[{"href":"https:\/\/vana.vspa.ee\/fi\/wp-json\/wp\/v2\/pages"}],"about":[{"href":"https:\/\/vana.vspa.ee\/fi\/wp-json\/wp\/v2\/types\/page"}],"author":[{"embeddable":true,"href":"https:\/\/vana.vspa.ee\/fi\/wp-json\/wp\/v2\/users\/1"}],"replies":[{"embeddable":true,"href":"https:\/\/vana.vspa.ee\/fi\/wp-json\/wp\/v2\/comments?post=23677"}],"version-history":[{"count":6,"href":"https:\/\/vana.vspa.ee\/fi\/wp-json\/wp\/v2\/pages\/23677\/revisions"}],"predecessor-version":[{"id":43480,"href":"https:\/\/vana.vspa.ee\/fi\/wp-json\/wp\/v2\/pages\/23677\/revisions\/43480"}],"up":[{"embeddable":true,"href":"https:\/\/vana.vspa.ee\/fi\/wp-json\/wp\/v2\/pages\/1969"}],"wp:attachment":[{"href":"https:\/\/vana.vspa.ee\/fi\/wp-json\/wp\/v2\/media?parent=23677"}],"curies":[{"name":"wp","href":"https:\/\/api.w.org\/{rel}","templated":true}]}}