{"id":23689,"date":"2020-02-23T09:45:04","date_gmt":"2020-02-23T07:45:04","guid":{"rendered":"https:\/\/vspa.ee\/hoidot\/sugavniisutav-nahka-taastav-ja-pinguldav-naohoolitsus-vesiroosiga-repechage\/"},"modified":"2023-12-08T18:02:57","modified_gmt":"2023-12-08T16:02:57","slug":"trimmiv-ja-niisutav-naohoolitsus-meremineraalidega","status":"publish","type":"page","link":"https:\/\/vana.vspa.ee\/fi\/hoidot\/trimmiv-ja-niisutav-naohoolitsus-meremineraalidega\/","title":{"rendered":"Kiinteytt\u00e4v\u00e4 ja kosteuttava kasvohoito merimineraaleilla"},"content":{"rendered":"<p>Hoito aloitetaan ihon perusteellisella puhdistuksella. Vitamiinipitoisella seerumilla teht\u00e4v\u00e4\u00e4 rauhoittavaa hierontaa seuraa vastasekoitettu merilev\u00e4naamio. Kiinteytt\u00e4v\u00e4 ja kosteuttava merilev\u00e4naamio antaa iholle hehkuvan s\u00e4vyn. Kyseinen viilent\u00e4v\u00e4 ja rauhoittava hoito auttaa kosteuttamaan kasvojen ihoa ja parantaa ihon s\u00e4vy\u00e4 ja v\u00e4ri\u00e4. Hoito auttaa kosteuttamaan kaikkia ihotyyppej\u00e4.<\/p>\n<p>Hoidossa k\u00e4ytet\u00e4\u00e4n <strong>Rep\u00eachage<\/strong>-sarjan tuotteita.<\/p>\n","protected":false},"excerpt":{"rendered":"<p>Hoito aloitetaan ihon perusteellisella puhdistuksella. Vitamiinipitoisella seerumilla teht\u00e4v\u00e4\u00e4 rauhoittavaa hierontaa seuraa vastasekoitettu merilev\u00e4naamio. Kiinteytt\u00e4v\u00e4 ja kosteuttava merilev\u00e4naamio antaa iholle hehkuvan&#8230;<\/p>\n","protected":false},"author":1,"featured_media":0,"parent":1969,"menu_order":0,"comment_status":"closed","ping_status":"closed","template":"page-templates\/tpl-offer1.php","meta":{"_acf_changed":false,"_monsterinsights_skip_tracking":false,"_monsterinsights_sitenote_active":false,"_monsterinsights_sitenote_note":"","_monsterinsights_sitenote_category":0,"footnotes":"","_links_to":"","_links_to_target":""},"class_list":["post-23689","page","type-page","status-publish","hentry"],"acf":[],"yoast_head":"<!-- This site is optimized with the Yoast SEO plugin v24.7 - https:\/\/yoast.com\/wordpress\/plugins\/seo\/ -->\n<title>Kiinteytt\u00e4v\u00e4 ja kosteuttava kasvohoito merimineraaleilla - V Spa<\/title>\n<meta name=\"robots\" content=\"noindex, follow, max-snippet:-1, max-image-preview:large, max-video-preview:-1\" \/>\n<meta property=\"og:locale\" content=\"fi_FI\" \/>\n<meta property=\"og:type\" content=\"article\" \/>\n<meta property=\"og:title\" content=\"Kiinteytt\u00e4v\u00e4 ja kosteuttava kasvohoito merimineraaleilla - V Spa\" \/>\n<meta property=\"og:description\" content=\"Hoito aloitetaan ihon perusteellisella puhdistuksella. Vitamiinipitoisella seerumilla teht\u00e4v\u00e4\u00e4 rauhoittavaa hierontaa seuraa vastasekoitettu merilev\u00e4naamio. Kiinteytt\u00e4v\u00e4 ja kosteuttava merilev\u00e4naamio antaa iholle hehkuvan...\" \/>\n<meta property=\"og:url\" content=\"https:\/\/vana.vspa.ee\/hoolitsused\/trimmiv-ja-niisutav-naohoolitsus-meremineraalidega\/\" \/>\n<meta property=\"og:site_name\" content=\"V Spa\" \/>\n<meta property=\"article:modified_time\" content=\"2023-12-08T16:02:57+00:00\" \/>\n<meta name=\"twitter:card\" content=\"summary_large_image\" \/>\n<meta name=\"twitter:label1\" content=\"Arvioitu lukuaika\" \/>\n\t<meta name=\"twitter:data1\" content=\"1 minuutti\" \/>\n<script type=\"application\/ld+json\" class=\"yoast-schema-graph\">{\"@context\":\"https:\/\/schema.org\",\"@graph\":[{\"@type\":\"WebPage\",\"@id\":\"https:\/\/vana.vspa.ee\/hoolitsused\/trimmiv-ja-niisutav-naohoolitsus-meremineraalidega\/\",\"url\":\"https:\/\/vana.vspa.ee\/hoolitsused\/trimmiv-ja-niisutav-naohoolitsus-meremineraalidega\/\",\"name\":\"Kiinteytt\u00e4v\u00e4 ja kosteuttava kasvohoito merimineraaleilla - V Spa\",\"isPartOf\":{\"@id\":\"https:\/\/vana.vspa.ee\/#website\"},\"datePublished\":\"2020-02-23T07:45:04+00:00\",\"dateModified\":\"2023-12-08T16:02:57+00:00\",\"breadcrumb\":{\"@id\":\"https:\/\/vana.vspa.ee\/hoolitsused\/trimmiv-ja-niisutav-naohoolitsus-meremineraalidega\/#breadcrumb\"},\"inLanguage\":\"fi\",\"potentialAction\":[{\"@type\":\"ReadAction\",\"target\":[\"https:\/\/vana.vspa.ee\/hoolitsused\/trimmiv-ja-niisutav-naohoolitsus-meremineraalidega\/\"]}]},{\"@type\":\"BreadcrumbList\",\"@id\":\"https:\/\/vana.vspa.ee\/hoolitsused\/trimmiv-ja-niisutav-naohoolitsus-meremineraalidega\/#breadcrumb\",\"itemListElement\":[{\"@type\":\"ListItem\",\"position\":1,\"name\":\"Home\",\"item\":\"https:\/\/vana.vspa.ee\/fi\/\"},{\"@type\":\"ListItem\",\"position\":2,\"name\":\"Hoidot\",\"item\":\"https:\/\/vana.vspa.ee\/hoolitsused\/\"},{\"@type\":\"ListItem\",\"position\":3,\"name\":\"Kiinteytt\u00e4v\u00e4 ja kosteuttava kasvohoito merimineraaleilla\"}]},{\"@type\":\"WebSite\",\"@id\":\"https:\/\/vana.vspa.ee\/#website\",\"url\":\"https:\/\/vana.vspa.ee\/\",\"name\":\"V Spa\",\"description\":\"V\u00f5ta veest viimast!\",\"potentialAction\":[{\"@type\":\"SearchAction\",\"target\":{\"@type\":\"EntryPoint\",\"urlTemplate\":\"https:\/\/vana.vspa.ee\/?s={search_term_string}\"},\"query-input\":{\"@type\":\"PropertyValueSpecification\",\"valueRequired\":true,\"valueName\":\"search_term_string\"}}],\"inLanguage\":\"fi\"}]}<\/script>\n<!-- \/ Yoast SEO plugin. -->","yoast_head_json":{"title":"Kiinteytt\u00e4v\u00e4 ja kosteuttava kasvohoito merimineraaleilla - V Spa","robots":{"index":"noindex","follow":"follow","max-snippet":"max-snippet:-1","max-image-preview":"max-image-preview:large","max-video-preview":"max-video-preview:-1"},"og_locale":"fi_FI","og_type":"article","og_title":"Kiinteytt\u00e4v\u00e4 ja kosteuttava kasvohoito merimineraaleilla - V Spa","og_description":"Hoito aloitetaan ihon perusteellisella puhdistuksella. Vitamiinipitoisella seerumilla teht\u00e4v\u00e4\u00e4 rauhoittavaa hierontaa seuraa vastasekoitettu merilev\u00e4naamio. Kiinteytt\u00e4v\u00e4 ja kosteuttava merilev\u00e4naamio antaa iholle hehkuvan...","og_url":"https:\/\/vana.vspa.ee\/hoolitsused\/trimmiv-ja-niisutav-naohoolitsus-meremineraalidega\/","og_site_name":"V Spa","article_modified_time":"2023-12-08T16:02:57+00:00","twitter_card":"summary_large_image","twitter_misc":{"Arvioitu lukuaika":"1 minuutti"},"schema":{"@context":"https:\/\/schema.org","@graph":[{"@type":"WebPage","@id":"https:\/\/vana.vspa.ee\/hoolitsused\/trimmiv-ja-niisutav-naohoolitsus-meremineraalidega\/","url":"https:\/\/vana.vspa.ee\/hoolitsused\/trimmiv-ja-niisutav-naohoolitsus-meremineraalidega\/","name":"Kiinteytt\u00e4v\u00e4 ja kosteuttava kasvohoito merimineraaleilla - V Spa","isPartOf":{"@id":"https:\/\/vana.vspa.ee\/#website"},"datePublished":"2020-02-23T07:45:04+00:00","dateModified":"2023-12-08T16:02:57+00:00","breadcrumb":{"@id":"https:\/\/vana.vspa.ee\/hoolitsused\/trimmiv-ja-niisutav-naohoolitsus-meremineraalidega\/#breadcrumb"},"inLanguage":"fi","potentialAction":[{"@type":"ReadAction","target":["https:\/\/vana.vspa.ee\/hoolitsused\/trimmiv-ja-niisutav-naohoolitsus-meremineraalidega\/"]}]},{"@type":"BreadcrumbList","@id":"https:\/\/vana.vspa.ee\/hoolitsused\/trimmiv-ja-niisutav-naohoolitsus-meremineraalidega\/#breadcrumb","itemListElement":[{"@type":"ListItem","position":1,"name":"Home","item":"https:\/\/vana.vspa.ee\/fi\/"},{"@type":"ListItem","position":2,"name":"Hoidot","item":"https:\/\/vana.vspa.ee\/hoolitsused\/"},{"@type":"ListItem","position":3,"name":"Kiinteytt\u00e4v\u00e4 ja kosteuttava kasvohoito merimineraaleilla"}]},{"@type":"WebSite","@id":"https:\/\/vana.vspa.ee\/#website","url":"https:\/\/vana.vspa.ee\/","name":"V Spa","description":"V\u00f5ta veest viimast!","potentialAction":[{"@type":"SearchAction","target":{"@type":"EntryPoint","urlTemplate":"https:\/\/vana.vspa.ee\/?s={search_term_string}"},"query-input":{"@type":"PropertyValueSpecification","valueRequired":true,"valueName":"search_term_string"}}],"inLanguage":"fi"}]}},"_links":{"self":[{"href":"https:\/\/vana.vspa.ee\/fi\/wp-json\/wp\/v2\/pages\/23689","targetHints":{"allow":["GET"]}}],"collection":[{"href":"https:\/\/vana.vspa.ee\/fi\/wp-json\/wp\/v2\/pages"}],"about":[{"href":"https:\/\/vana.vspa.ee\/fi\/wp-json\/wp\/v2\/types\/page"}],"author":[{"embeddable":true,"href":"https:\/\/vana.vspa.ee\/fi\/wp-json\/wp\/v2\/users\/1"}],"replies":[{"embeddable":true,"href":"https:\/\/vana.vspa.ee\/fi\/wp-json\/wp\/v2\/comments?post=23689"}],"version-history":[{"count":8,"href":"https:\/\/vana.vspa.ee\/fi\/wp-json\/wp\/v2\/pages\/23689\/revisions"}],"predecessor-version":[{"id":42297,"href":"https:\/\/vana.vspa.ee\/fi\/wp-json\/wp\/v2\/pages\/23689\/revisions\/42297"}],"up":[{"embeddable":true,"href":"https:\/\/vana.vspa.ee\/fi\/wp-json\/wp\/v2\/pages\/1969"}],"wp:attachment":[{"href":"https:\/\/vana.vspa.ee\/fi\/wp-json\/wp\/v2\/media?parent=23689"}],"curies":[{"name":"wp","href":"https:\/\/api.w.org\/{rel}","templated":true}]}}