{"id":25511,"date":"2019-10-14T11:31:15","date_gmt":"2019-10-14T08:31:15","guid":{"rendered":"https:\/\/vspa.ee\/hoidot\/v-spa-signatuurhoolitsus-kehale-ja-naole\/"},"modified":"2024-11-28T15:45:27","modified_gmt":"2024-11-28T13:45:27","slug":"v-spa-signatuurhoolitsus-kehale-ja-naole","status":"publish","type":"page","link":"https:\/\/vana.vspa.ee\/fi\/hoidot\/v-spa-signatuurhoolitsus-kehale-ja-naole\/","title":{"rendered":"V Span kokonaisvaltainen kylpyl\u00e4rituaali vartalolle ja kasvoille"},"content":{"rendered":"<p style=\"background: white; margin: 0cm 0cm 23.35pt 0cm;\">V Span signature-hoito vartalolle ja kasvoille on t\u00e4ysin omien asiakkaidemme ja ammattitaitoisen hoitohenkil\u00f6kuntamme synergiasta syntynyt rentouttava ja kiireet\u00f6n hetki itsellesi.<\/p>\n<p style=\"background: white; margin: 0cm 0cm 23.35pt 0cm;\">Hoidossa k\u00e4ytet\u00e4\u00e4n l\u00e4mpimi\u00e4 laavakivi\u00e4, joilla l\u00e4mmit\u00e4mme sel\u00e4n ja selk\u00e4rangan alueen. Kuivaharjaus stimuloi my\u00f6s vartalon pienimpi\u00e4 hermop\u00e4\u00e4tteit\u00e4. Lis\u00e4\u00e4mme l\u00e4mpim\u00e4\u00e4n hieronta\u00f6ljyyn asiakkaan toiveiden mukaista eteerist\u00e4 \u00f6ljy\u00e4 saavuttaaksemme parhaan yksil\u00f6llisen kokemuksen.<\/p>\n<p style=\"background: white; margin: 0cm 0cm 23.35pt 0cm;\">Koko hoidon loppupuolella teht\u00e4v\u00e4ss\u00e4 kasvohoidossa puhdistetaan aluksi kasvot meikinpoisto\u00f6ljyll\u00e4. Sen j\u00e4lkeen kasvojen iho puhdistetaan kuorintanaamiolla entist\u00e4kin perusteellisemmin. Seuraa kasvohieronta kasvo\u00f6ljyll\u00e4, joka on vaativissa s\u00e4\u00e4olosuhteissa ihon paras yst\u00e4v\u00e4. Hoidon p\u00e4\u00e4tteeksi iholle levitet\u00e4\u00e4n seerumi.<\/p>\n<p style=\"background: white; margin: 0cm 0cm 23.35pt 0cm;\">Kokonaisvaltainen rentouttava hoito p\u00e4\u00e4st\u00e4 varpaisiin on mahdollista vain V Spa -kylpyl\u00e4ss\u00e4!<\/p>\n","protected":false},"excerpt":{"rendered":"<p>V Span signature-hoito vartalolle ja kasvoille on t\u00e4ysin omien asiakkaidemme ja ammattitaitoisen hoitohenkil\u00f6kuntamme synergiasta syntynyt rentouttava ja kiireet\u00f6n hetki itsellesi&#8230;.<\/p>\n","protected":false},"author":1,"featured_media":0,"parent":1969,"menu_order":0,"comment_status":"closed","ping_status":"closed","template":"page-templates\/tpl-offer1.php","meta":{"_acf_changed":false,"_monsterinsights_skip_tracking":false,"_monsterinsights_sitenote_active":false,"_monsterinsights_sitenote_note":"","_monsterinsights_sitenote_category":0,"footnotes":"","_links_to":"","_links_to_target":""},"class_list":["post-25511","page","type-page","status-publish","hentry"],"acf":[],"yoast_head":"<!-- This site is optimized with the Yoast SEO plugin v24.7 - https:\/\/yoast.com\/wordpress\/plugins\/seo\/ -->\n<title>V Span kokonaisvaltainen kylpyl\u00e4rituaali vartalolle ja kasvoille - V Spa<\/title>\n<meta name=\"robots\" content=\"noindex, follow, max-snippet:-1, max-image-preview:large, max-video-preview:-1\" \/>\n<meta property=\"og:locale\" content=\"fi_FI\" \/>\n<meta property=\"og:type\" content=\"article\" \/>\n<meta property=\"og:title\" content=\"V Span kokonaisvaltainen kylpyl\u00e4rituaali vartalolle ja kasvoille - V Spa\" \/>\n<meta property=\"og:description\" content=\"V Span signature-hoito vartalolle ja kasvoille on t\u00e4ysin omien asiakkaidemme ja ammattitaitoisen hoitohenkil\u00f6kuntamme synergiasta syntynyt rentouttava ja kiireet\u00f6n hetki itsellesi....\" \/>\n<meta property=\"og:url\" content=\"https:\/\/vana.vspa.ee\/hoolitsused\/v-spa-signatuurhoolitsus-kehale-ja-naole\/\" \/>\n<meta property=\"og:site_name\" content=\"V Spa\" \/>\n<meta property=\"article:modified_time\" content=\"2024-11-28T13:45:27+00:00\" \/>\n<meta name=\"twitter:card\" content=\"summary_large_image\" \/>\n<meta name=\"twitter:label1\" content=\"Arvioitu lukuaika\" \/>\n\t<meta name=\"twitter:data1\" content=\"1 minuutti\" \/>\n<script type=\"application\/ld+json\" class=\"yoast-schema-graph\">{\"@context\":\"https:\/\/schema.org\",\"@graph\":[{\"@type\":\"WebPage\",\"@id\":\"https:\/\/vana.vspa.ee\/hoolitsused\/v-spa-signatuurhoolitsus-kehale-ja-naole\/\",\"url\":\"https:\/\/vana.vspa.ee\/hoolitsused\/v-spa-signatuurhoolitsus-kehale-ja-naole\/\",\"name\":\"V Span kokonaisvaltainen kylpyl\u00e4rituaali vartalolle ja kasvoille - V Spa\",\"isPartOf\":{\"@id\":\"https:\/\/vana.vspa.ee\/#website\"},\"datePublished\":\"2019-10-14T08:31:15+00:00\",\"dateModified\":\"2024-11-28T13:45:27+00:00\",\"breadcrumb\":{\"@id\":\"https:\/\/vana.vspa.ee\/hoolitsused\/v-spa-signatuurhoolitsus-kehale-ja-naole\/#breadcrumb\"},\"inLanguage\":\"fi\",\"potentialAction\":[{\"@type\":\"ReadAction\",\"target\":[\"https:\/\/vana.vspa.ee\/hoolitsused\/v-spa-signatuurhoolitsus-kehale-ja-naole\/\"]}]},{\"@type\":\"BreadcrumbList\",\"@id\":\"https:\/\/vana.vspa.ee\/hoolitsused\/v-spa-signatuurhoolitsus-kehale-ja-naole\/#breadcrumb\",\"itemListElement\":[{\"@type\":\"ListItem\",\"position\":1,\"name\":\"Home\",\"item\":\"https:\/\/vana.vspa.ee\/fi\/\"},{\"@type\":\"ListItem\",\"position\":2,\"name\":\"Hoidot\",\"item\":\"https:\/\/vana.vspa.ee\/hoolitsused\/\"},{\"@type\":\"ListItem\",\"position\":3,\"name\":\"V Span kokonaisvaltainen kylpyl\u00e4rituaali vartalolle ja kasvoille\"}]},{\"@type\":\"WebSite\",\"@id\":\"https:\/\/vana.vspa.ee\/#website\",\"url\":\"https:\/\/vana.vspa.ee\/\",\"name\":\"V Spa\",\"description\":\"V\u00f5ta veest viimast!\",\"potentialAction\":[{\"@type\":\"SearchAction\",\"target\":{\"@type\":\"EntryPoint\",\"urlTemplate\":\"https:\/\/vana.vspa.ee\/?s={search_term_string}\"},\"query-input\":{\"@type\":\"PropertyValueSpecification\",\"valueRequired\":true,\"valueName\":\"search_term_string\"}}],\"inLanguage\":\"fi\"}]}<\/script>\n<!-- \/ Yoast SEO plugin. -->","yoast_head_json":{"title":"V Span kokonaisvaltainen kylpyl\u00e4rituaali vartalolle ja kasvoille - V Spa","robots":{"index":"noindex","follow":"follow","max-snippet":"max-snippet:-1","max-image-preview":"max-image-preview:large","max-video-preview":"max-video-preview:-1"},"og_locale":"fi_FI","og_type":"article","og_title":"V Span kokonaisvaltainen kylpyl\u00e4rituaali vartalolle ja kasvoille - V Spa","og_description":"V Span signature-hoito vartalolle ja kasvoille on t\u00e4ysin omien asiakkaidemme ja ammattitaitoisen hoitohenkil\u00f6kuntamme synergiasta syntynyt rentouttava ja kiireet\u00f6n hetki itsellesi....","og_url":"https:\/\/vana.vspa.ee\/hoolitsused\/v-spa-signatuurhoolitsus-kehale-ja-naole\/","og_site_name":"V Spa","article_modified_time":"2024-11-28T13:45:27+00:00","twitter_card":"summary_large_image","twitter_misc":{"Arvioitu lukuaika":"1 minuutti"},"schema":{"@context":"https:\/\/schema.org","@graph":[{"@type":"WebPage","@id":"https:\/\/vana.vspa.ee\/hoolitsused\/v-spa-signatuurhoolitsus-kehale-ja-naole\/","url":"https:\/\/vana.vspa.ee\/hoolitsused\/v-spa-signatuurhoolitsus-kehale-ja-naole\/","name":"V Span kokonaisvaltainen kylpyl\u00e4rituaali vartalolle ja kasvoille - V Spa","isPartOf":{"@id":"https:\/\/vana.vspa.ee\/#website"},"datePublished":"2019-10-14T08:31:15+00:00","dateModified":"2024-11-28T13:45:27+00:00","breadcrumb":{"@id":"https:\/\/vana.vspa.ee\/hoolitsused\/v-spa-signatuurhoolitsus-kehale-ja-naole\/#breadcrumb"},"inLanguage":"fi","potentialAction":[{"@type":"ReadAction","target":["https:\/\/vana.vspa.ee\/hoolitsused\/v-spa-signatuurhoolitsus-kehale-ja-naole\/"]}]},{"@type":"BreadcrumbList","@id":"https:\/\/vana.vspa.ee\/hoolitsused\/v-spa-signatuurhoolitsus-kehale-ja-naole\/#breadcrumb","itemListElement":[{"@type":"ListItem","position":1,"name":"Home","item":"https:\/\/vana.vspa.ee\/fi\/"},{"@type":"ListItem","position":2,"name":"Hoidot","item":"https:\/\/vana.vspa.ee\/hoolitsused\/"},{"@type":"ListItem","position":3,"name":"V Span kokonaisvaltainen kylpyl\u00e4rituaali vartalolle ja kasvoille"}]},{"@type":"WebSite","@id":"https:\/\/vana.vspa.ee\/#website","url":"https:\/\/vana.vspa.ee\/","name":"V Spa","description":"V\u00f5ta veest viimast!","potentialAction":[{"@type":"SearchAction","target":{"@type":"EntryPoint","urlTemplate":"https:\/\/vana.vspa.ee\/?s={search_term_string}"},"query-input":{"@type":"PropertyValueSpecification","valueRequired":true,"valueName":"search_term_string"}}],"inLanguage":"fi"}]}},"_links":{"self":[{"href":"https:\/\/vana.vspa.ee\/fi\/wp-json\/wp\/v2\/pages\/25511","targetHints":{"allow":["GET"]}}],"collection":[{"href":"https:\/\/vana.vspa.ee\/fi\/wp-json\/wp\/v2\/pages"}],"about":[{"href":"https:\/\/vana.vspa.ee\/fi\/wp-json\/wp\/v2\/types\/page"}],"author":[{"embeddable":true,"href":"https:\/\/vana.vspa.ee\/fi\/wp-json\/wp\/v2\/users\/1"}],"replies":[{"embeddable":true,"href":"https:\/\/vana.vspa.ee\/fi\/wp-json\/wp\/v2\/comments?post=25511"}],"version-history":[{"count":5,"href":"https:\/\/vana.vspa.ee\/fi\/wp-json\/wp\/v2\/pages\/25511\/revisions"}],"predecessor-version":[{"id":47218,"href":"https:\/\/vana.vspa.ee\/fi\/wp-json\/wp\/v2\/pages\/25511\/revisions\/47218"}],"up":[{"embeddable":true,"href":"https:\/\/vana.vspa.ee\/fi\/wp-json\/wp\/v2\/pages\/1969"}],"wp:attachment":[{"href":"https:\/\/vana.vspa.ee\/fi\/wp-json\/wp\/v2\/media?parent=25511"}],"curies":[{"name":"wp","href":"https:\/\/api.w.org\/{rel}","templated":true}]}}