{"id":3000,"date":"2016-12-13T11:03:45","date_gmt":"2016-12-13T09:03:45","guid":{"rendered":"http:\/\/vspa.ee\/tingimused\/"},"modified":"2020-03-06T11:06:55","modified_gmt":"2020-03-06T09:06:55","slug":"lahjakorttin-maksu-edut","status":"publish","type":"page","link":"https:\/\/vana.vspa.ee\/fi\/lahjakorttin-maksu-edut\/","title":{"rendered":"Lahjakorttin maksu edut"},"content":{"rendered":"<ol>\n<li>Lahjakorttia voidaan k\u00e4ytt\u00e4\u00e4 V Spa -kylpyl\u00e4st\u00e4 ostettujen palvelujen ja tuotteiden maksamiseen.<\/li>\n<li>Lahjakorttia voidaan k\u00e4ytt\u00e4\u00e4 siihen merkityn ainutkertaisen koodin avulla.<\/li>\n<li>Lahjakortin ainutkertainen koodi tulee s\u00e4ilytt\u00e4\u00e4 huolellisesti, jotta se ei p\u00e4\u00e4dy kolmansien osapuolten k\u00e4siin.<\/li>\n<li>Jos ostit lahjakortin verkkokaupasta, varmista, ett\u00e4 lahjakortin vastaanottajan s\u00e4hk\u00f6postiosoite on kirjoitettu oikein.<\/li>\n<li>V Spa ei vastaa mist\u00e4\u00e4n vahingoista, jotka aiheutuvat lahjakortin ainutkertaisen koodin p\u00e4\u00e4tymisest\u00e4 kolmansien osapuolten k\u00e4siin (esim. v\u00e4\u00e4rin sy\u00f6tetyn s\u00e4hk\u00f6postiosoitteen, sy\u00f6tetylle s-postiosoitteelle m\u00e4\u00e4riteltyjen automaattisten ohjausten tms. vuoksi).<\/li>\n<li>Lahjakortti on voimassa vain siihen merkittyyn p\u00e4iv\u00e4m\u00e4\u00e4r\u00e4\u00e4n asti. V Spa ei hyvit\u00e4 k\u00e4ytt\u00e4m\u00e4t\u00f6nt\u00e4 lahjakorttia sen voimassaoloajan p\u00e4\u00e4tytty\u00e4.<\/li>\n<li>Lahjakorttia ei vaihdeta rahaksi, V Spa ei osta lahjakorttia takaisin eik\u00e4 vaihda sit\u00e4 uuteen.<\/li>\n<li>V Spa:n eurom\u00e4\u00e4r\u00e4ist\u00e4 lahjakorttia voidaan k\u00e4ytt\u00e4\u00e4 niin kauan kunnes sen arvo on kokonaan k\u00e4ytetty<\/li>\n<li>V Spa:n palvelulahjakortit on tarkoitettu kertaluontoiseen k\u00e4ytt\u00f6\u00f6n yhden p\u00e4iv\u00e4n aikana.<\/li>\n<li>Jos tuotteiden hinta ylitt\u00e4\u00e4 lahjakortin arvon, ylimenev\u00e4 osa voidaan maksaa muilla V Span hyv\u00e4ksymill\u00e4 maksuv\u00e4lineill\u00e4 valitsemalla sopiva maksuv\u00e4line ostohetkell\u00e4.<\/li>\n<li>Lahjakorttia ei voida ostaa rahoitussopimuksilla.<\/li>\n<li>Ostaessaan lahjakortin verkkokaupasta on kuluttajalla on oikeus peruuttaa kauppa 14 p\u00e4iv\u00e4n kuluessa siit\u00e4, kun lahjakortti vastaanotettiin (verkkokaupasta lahjakorttia ostettaessa p\u00e4iv\u00e4st\u00e4, jolloin V Spa l\u00e4hetti lahjakortin haluttuun s\u00e4hk\u00f6postiosoitteeseen). Peruutusoikeutta ei ole, jos lahjakortissa olevaa ainutkertaista koodia on jo k\u00e4ytetty.<\/li>\n<li>V Spalla on oikeus muuttaa lahjakortin k\u00e4ytt\u00f6ehtoja ilmoittamalla siit\u00e4 14 p\u00e4iv\u00e4\u00e4 etuk\u00e4teen V Span verkkokaupan kotisivulla www.vspa.ee<\/li>\n<\/ol>\n","protected":false},"excerpt":{"rendered":"<p>Lahjakorttia voidaan k\u00e4ytt\u00e4\u00e4 V Spa -kylpyl\u00e4st\u00e4 ostettujen palvelujen ja tuotteiden maksamiseen. Lahjakorttia voidaan k\u00e4ytt\u00e4\u00e4 siihen merkityn ainutkertaisen koodin avulla. Lahjakortin&#8230;<\/p>\n","protected":false},"author":1,"featured_media":0,"parent":0,"menu_order":900,"comment_status":"closed","ping_status":"closed","template":"","meta":{"_acf_changed":false,"_monsterinsights_skip_tracking":false,"_monsterinsights_sitenote_active":false,"_monsterinsights_sitenote_note":"","_monsterinsights_sitenote_category":0,"footnotes":"","_links_to":"","_links_to_target":""},"class_list":["post-3000","page","type-page","status-publish","hentry"],"acf":[],"yoast_head":"<!-- This site is optimized with the Yoast SEO plugin v24.7 - https:\/\/yoast.com\/wordpress\/plugins\/seo\/ -->\n<title>Lahjakorttin maksu edut - V Spa<\/title>\n<meta name=\"robots\" content=\"noindex, follow, max-snippet:-1, max-image-preview:large, max-video-preview:-1\" \/>\n<meta property=\"og:locale\" content=\"fi_FI\" \/>\n<meta property=\"og:type\" content=\"article\" \/>\n<meta property=\"og:title\" content=\"Lahjakorttin maksu edut - V Spa\" \/>\n<meta property=\"og:description\" content=\"Lahjakorttia voidaan k\u00e4ytt\u00e4\u00e4 V Spa -kylpyl\u00e4st\u00e4 ostettujen palvelujen ja tuotteiden maksamiseen. Lahjakorttia voidaan k\u00e4ytt\u00e4\u00e4 siihen merkityn ainutkertaisen koodin avulla. Lahjakortin...\" \/>\n<meta property=\"og:url\" content=\"https:\/\/vana.vspa.ee\/tingimused\/\" \/>\n<meta property=\"og:site_name\" content=\"V Spa\" \/>\n<meta property=\"article:modified_time\" content=\"2020-03-06T09:06:55+00:00\" \/>\n<meta name=\"twitter:card\" content=\"summary_large_image\" \/>\n<meta name=\"twitter:label1\" content=\"Arvioitu lukuaika\" \/>\n\t<meta name=\"twitter:data1\" content=\"1 minuutti\" \/>\n<script type=\"application\/ld+json\" class=\"yoast-schema-graph\">{\"@context\":\"https:\/\/schema.org\",\"@graph\":[{\"@type\":\"WebPage\",\"@id\":\"https:\/\/vana.vspa.ee\/tingimused\/\",\"url\":\"https:\/\/vana.vspa.ee\/tingimused\/\",\"name\":\"Lahjakorttin maksu edut - V Spa\",\"isPartOf\":{\"@id\":\"https:\/\/vana.vspa.ee\/#website\"},\"datePublished\":\"2016-12-13T09:03:45+00:00\",\"dateModified\":\"2020-03-06T09:06:55+00:00\",\"breadcrumb\":{\"@id\":\"https:\/\/vana.vspa.ee\/tingimused\/#breadcrumb\"},\"inLanguage\":\"fi\",\"potentialAction\":[{\"@type\":\"ReadAction\",\"target\":[\"https:\/\/vana.vspa.ee\/tingimused\/\"]}]},{\"@type\":\"BreadcrumbList\",\"@id\":\"https:\/\/vana.vspa.ee\/tingimused\/#breadcrumb\",\"itemListElement\":[{\"@type\":\"ListItem\",\"position\":1,\"name\":\"Home\",\"item\":\"https:\/\/vana.vspa.ee\/fi\/\"},{\"@type\":\"ListItem\",\"position\":2,\"name\":\"Lahjakorttin maksu edut\"}]},{\"@type\":\"WebSite\",\"@id\":\"https:\/\/vana.vspa.ee\/#website\",\"url\":\"https:\/\/vana.vspa.ee\/\",\"name\":\"V Spa\",\"description\":\"V\u00f5ta veest viimast!\",\"potentialAction\":[{\"@type\":\"SearchAction\",\"target\":{\"@type\":\"EntryPoint\",\"urlTemplate\":\"https:\/\/vana.vspa.ee\/?s={search_term_string}\"},\"query-input\":{\"@type\":\"PropertyValueSpecification\",\"valueRequired\":true,\"valueName\":\"search_term_string\"}}],\"inLanguage\":\"fi\"}]}<\/script>\n<!-- \/ Yoast SEO plugin. -->","yoast_head_json":{"title":"Lahjakorttin maksu edut - V Spa","robots":{"index":"noindex","follow":"follow","max-snippet":"max-snippet:-1","max-image-preview":"max-image-preview:large","max-video-preview":"max-video-preview:-1"},"og_locale":"fi_FI","og_type":"article","og_title":"Lahjakorttin maksu edut - V Spa","og_description":"Lahjakorttia voidaan k\u00e4ytt\u00e4\u00e4 V Spa -kylpyl\u00e4st\u00e4 ostettujen palvelujen ja tuotteiden maksamiseen. Lahjakorttia voidaan k\u00e4ytt\u00e4\u00e4 siihen merkityn ainutkertaisen koodin avulla. Lahjakortin...","og_url":"https:\/\/vana.vspa.ee\/tingimused\/","og_site_name":"V Spa","article_modified_time":"2020-03-06T09:06:55+00:00","twitter_card":"summary_large_image","twitter_misc":{"Arvioitu lukuaika":"1 minuutti"},"schema":{"@context":"https:\/\/schema.org","@graph":[{"@type":"WebPage","@id":"https:\/\/vana.vspa.ee\/tingimused\/","url":"https:\/\/vana.vspa.ee\/tingimused\/","name":"Lahjakorttin maksu edut - V Spa","isPartOf":{"@id":"https:\/\/vana.vspa.ee\/#website"},"datePublished":"2016-12-13T09:03:45+00:00","dateModified":"2020-03-06T09:06:55+00:00","breadcrumb":{"@id":"https:\/\/vana.vspa.ee\/tingimused\/#breadcrumb"},"inLanguage":"fi","potentialAction":[{"@type":"ReadAction","target":["https:\/\/vana.vspa.ee\/tingimused\/"]}]},{"@type":"BreadcrumbList","@id":"https:\/\/vana.vspa.ee\/tingimused\/#breadcrumb","itemListElement":[{"@type":"ListItem","position":1,"name":"Home","item":"https:\/\/vana.vspa.ee\/fi\/"},{"@type":"ListItem","position":2,"name":"Lahjakorttin maksu edut"}]},{"@type":"WebSite","@id":"https:\/\/vana.vspa.ee\/#website","url":"https:\/\/vana.vspa.ee\/","name":"V Spa","description":"V\u00f5ta veest viimast!","potentialAction":[{"@type":"SearchAction","target":{"@type":"EntryPoint","urlTemplate":"https:\/\/vana.vspa.ee\/?s={search_term_string}"},"query-input":{"@type":"PropertyValueSpecification","valueRequired":true,"valueName":"search_term_string"}}],"inLanguage":"fi"}]}},"_links":{"self":[{"href":"https:\/\/vana.vspa.ee\/fi\/wp-json\/wp\/v2\/pages\/3000","targetHints":{"allow":["GET"]}}],"collection":[{"href":"https:\/\/vana.vspa.ee\/fi\/wp-json\/wp\/v2\/pages"}],"about":[{"href":"https:\/\/vana.vspa.ee\/fi\/wp-json\/wp\/v2\/types\/page"}],"author":[{"embeddable":true,"href":"https:\/\/vana.vspa.ee\/fi\/wp-json\/wp\/v2\/users\/1"}],"replies":[{"embeddable":true,"href":"https:\/\/vana.vspa.ee\/fi\/wp-json\/wp\/v2\/comments?post=3000"}],"version-history":[{"count":1,"href":"https:\/\/vana.vspa.ee\/fi\/wp-json\/wp\/v2\/pages\/3000\/revisions"}],"predecessor-version":[{"id":23787,"href":"https:\/\/vana.vspa.ee\/fi\/wp-json\/wp\/v2\/pages\/3000\/revisions\/23787"}],"wp:attachment":[{"href":"https:\/\/vana.vspa.ee\/fi\/wp-json\/wp\/v2\/media?parent=3000"}],"curies":[{"name":"wp","href":"https:\/\/api.w.org\/{rel}","templated":true}]}}