{"id":40606,"date":"2023-08-04T10:47:28","date_gmt":"2023-08-04T07:47:28","guid":{"rendered":"https:\/\/vspa.ee\/hoidot\/jaapani-terapeutiline-naomassaaz-kobido\/"},"modified":"2023-12-07T13:58:40","modified_gmt":"2023-12-07T11:58:40","slug":"jaapani-terapeutiline-naomassaaz-kobido","status":"publish","type":"page","link":"https:\/\/vana.vspa.ee\/fi\/hoidot\/jaapani-terapeutiline-naomassaaz-kobido\/","title":{"rendered":"Japanilainen terapeuttinen Kobido-kasvohieronta"},"content":{"rendered":"<p>Kobidossa yhdistyv\u00e4t japanilaisen terapeuttisen kasvohieronnan parhaat ominaisuudet. Vuosisatoja vanha kasvohierontatekniikka on luotu erityisesti tunneper\u00e4isten j\u00e4nnitysten lievitt\u00e4miseen ja sit\u00e4 kautta ik\u00e4\u00e4ntymisen merkkien ennaltaehk\u00e4isyyn. Erityinen hierontatekniikka vaikuttaa ihonalaisiin lihaksiin ja tulokset ovat n\u00e4ht\u00e4viss\u00e4 jopa ensimm\u00e4isen hoitokerran j\u00e4lkeen. Hieronta auttaa lievitt\u00e4m\u00e4\u00e4n kasvojen lihasten j\u00e4nnityksi\u00e4 ja kramppeja, parantaa verenkiertoa ja tasapainottaa ihon verenkiertoa. Ihon ik\u00e4\u00e4ntymiseen liittyvien muutosten ehk\u00e4isemiseksi suosittelemme ottamaan seitsem\u00e4n kerran Kobido-hierontakuurin kaksi kertaa vuodessa. Jotta tulokset olisivat entist\u00e4kin tehokkaampia, kannattaa hoitokuurien j\u00e4lkeen k\u00e4yd\u00e4 my\u00f6s kuukausittaisissa yll\u00e4pitohoidoissa<\/p>\n","protected":false},"excerpt":{"rendered":"<p>Kobidossa yhdistyv\u00e4t japanilaisen terapeuttisen kasvohieronnan parhaat ominaisuudet. Vuosisatoja vanha kasvohierontatekniikka on luotu erityisesti tunneper\u00e4isten j\u00e4nnitysten lievitt\u00e4miseen ja sit\u00e4 kautta ik\u00e4\u00e4ntymisen&#8230;<\/p>\n","protected":false},"author":1,"featured_media":0,"parent":1969,"menu_order":0,"comment_status":"closed","ping_status":"closed","template":"page-templates\/tpl-offer1.php","meta":{"_acf_changed":false,"_monsterinsights_skip_tracking":false,"_monsterinsights_sitenote_active":false,"_monsterinsights_sitenote_note":"","_monsterinsights_sitenote_category":0,"footnotes":"","_links_to":"","_links_to_target":""},"class_list":["post-40606","page","type-page","status-publish","hentry"],"acf":[],"yoast_head":"<!-- This site is optimized with the Yoast SEO plugin v24.7 - https:\/\/yoast.com\/wordpress\/plugins\/seo\/ -->\n<title>Japanilainen terapeuttinen Kobido-kasvohieronta - V Spa<\/title>\n<meta name=\"robots\" content=\"noindex, follow, max-snippet:-1, max-image-preview:large, max-video-preview:-1\" \/>\n<meta property=\"og:locale\" content=\"fi_FI\" \/>\n<meta property=\"og:type\" content=\"article\" \/>\n<meta property=\"og:title\" content=\"Japanilainen terapeuttinen Kobido-kasvohieronta - V Spa\" \/>\n<meta property=\"og:description\" content=\"Kobidossa yhdistyv\u00e4t japanilaisen terapeuttisen kasvohieronnan parhaat ominaisuudet. Vuosisatoja vanha kasvohierontatekniikka on luotu erityisesti tunneper\u00e4isten j\u00e4nnitysten lievitt\u00e4miseen ja sit\u00e4 kautta ik\u00e4\u00e4ntymisen...\" \/>\n<meta property=\"og:url\" content=\"https:\/\/vana.vspa.ee\/hoolitsused\/jaapani-terapeutiline-naomassaaz-kobido\/\" \/>\n<meta property=\"og:site_name\" content=\"V Spa\" \/>\n<meta property=\"article:modified_time\" content=\"2023-12-07T11:58:40+00:00\" \/>\n<meta name=\"twitter:card\" content=\"summary_large_image\" \/>\n<meta name=\"twitter:label1\" content=\"Arvioitu lukuaika\" \/>\n\t<meta name=\"twitter:data1\" content=\"1 minuutti\" \/>\n<script type=\"application\/ld+json\" class=\"yoast-schema-graph\">{\"@context\":\"https:\/\/schema.org\",\"@graph\":[{\"@type\":\"WebPage\",\"@id\":\"https:\/\/vana.vspa.ee\/hoolitsused\/jaapani-terapeutiline-naomassaaz-kobido\/\",\"url\":\"https:\/\/vana.vspa.ee\/hoolitsused\/jaapani-terapeutiline-naomassaaz-kobido\/\",\"name\":\"Japanilainen terapeuttinen Kobido-kasvohieronta - V Spa\",\"isPartOf\":{\"@id\":\"https:\/\/vana.vspa.ee\/#website\"},\"datePublished\":\"2023-08-04T07:47:28+00:00\",\"dateModified\":\"2023-12-07T11:58:40+00:00\",\"breadcrumb\":{\"@id\":\"https:\/\/vana.vspa.ee\/hoolitsused\/jaapani-terapeutiline-naomassaaz-kobido\/#breadcrumb\"},\"inLanguage\":\"fi\",\"potentialAction\":[{\"@type\":\"ReadAction\",\"target\":[\"https:\/\/vana.vspa.ee\/hoolitsused\/jaapani-terapeutiline-naomassaaz-kobido\/\"]}]},{\"@type\":\"BreadcrumbList\",\"@id\":\"https:\/\/vana.vspa.ee\/hoolitsused\/jaapani-terapeutiline-naomassaaz-kobido\/#breadcrumb\",\"itemListElement\":[{\"@type\":\"ListItem\",\"position\":1,\"name\":\"Home\",\"item\":\"https:\/\/vana.vspa.ee\/fi\/\"},{\"@type\":\"ListItem\",\"position\":2,\"name\":\"Hoidot\",\"item\":\"https:\/\/vana.vspa.ee\/hoolitsused\/\"},{\"@type\":\"ListItem\",\"position\":3,\"name\":\"Japanilainen terapeuttinen Kobido-kasvohieronta\"}]},{\"@type\":\"WebSite\",\"@id\":\"https:\/\/vana.vspa.ee\/#website\",\"url\":\"https:\/\/vana.vspa.ee\/\",\"name\":\"V Spa\",\"description\":\"V\u00f5ta veest viimast!\",\"potentialAction\":[{\"@type\":\"SearchAction\",\"target\":{\"@type\":\"EntryPoint\",\"urlTemplate\":\"https:\/\/vana.vspa.ee\/?s={search_term_string}\"},\"query-input\":{\"@type\":\"PropertyValueSpecification\",\"valueRequired\":true,\"valueName\":\"search_term_string\"}}],\"inLanguage\":\"fi\"}]}<\/script>\n<!-- \/ Yoast SEO plugin. -->","yoast_head_json":{"title":"Japanilainen terapeuttinen Kobido-kasvohieronta - V Spa","robots":{"index":"noindex","follow":"follow","max-snippet":"max-snippet:-1","max-image-preview":"max-image-preview:large","max-video-preview":"max-video-preview:-1"},"og_locale":"fi_FI","og_type":"article","og_title":"Japanilainen terapeuttinen Kobido-kasvohieronta - V Spa","og_description":"Kobidossa yhdistyv\u00e4t japanilaisen terapeuttisen kasvohieronnan parhaat ominaisuudet. Vuosisatoja vanha kasvohierontatekniikka on luotu erityisesti tunneper\u00e4isten j\u00e4nnitysten lievitt\u00e4miseen ja sit\u00e4 kautta ik\u00e4\u00e4ntymisen...","og_url":"https:\/\/vana.vspa.ee\/hoolitsused\/jaapani-terapeutiline-naomassaaz-kobido\/","og_site_name":"V Spa","article_modified_time":"2023-12-07T11:58:40+00:00","twitter_card":"summary_large_image","twitter_misc":{"Arvioitu lukuaika":"1 minuutti"},"schema":{"@context":"https:\/\/schema.org","@graph":[{"@type":"WebPage","@id":"https:\/\/vana.vspa.ee\/hoolitsused\/jaapani-terapeutiline-naomassaaz-kobido\/","url":"https:\/\/vana.vspa.ee\/hoolitsused\/jaapani-terapeutiline-naomassaaz-kobido\/","name":"Japanilainen terapeuttinen Kobido-kasvohieronta - V Spa","isPartOf":{"@id":"https:\/\/vana.vspa.ee\/#website"},"datePublished":"2023-08-04T07:47:28+00:00","dateModified":"2023-12-07T11:58:40+00:00","breadcrumb":{"@id":"https:\/\/vana.vspa.ee\/hoolitsused\/jaapani-terapeutiline-naomassaaz-kobido\/#breadcrumb"},"inLanguage":"fi","potentialAction":[{"@type":"ReadAction","target":["https:\/\/vana.vspa.ee\/hoolitsused\/jaapani-terapeutiline-naomassaaz-kobido\/"]}]},{"@type":"BreadcrumbList","@id":"https:\/\/vana.vspa.ee\/hoolitsused\/jaapani-terapeutiline-naomassaaz-kobido\/#breadcrumb","itemListElement":[{"@type":"ListItem","position":1,"name":"Home","item":"https:\/\/vana.vspa.ee\/fi\/"},{"@type":"ListItem","position":2,"name":"Hoidot","item":"https:\/\/vana.vspa.ee\/hoolitsused\/"},{"@type":"ListItem","position":3,"name":"Japanilainen terapeuttinen Kobido-kasvohieronta"}]},{"@type":"WebSite","@id":"https:\/\/vana.vspa.ee\/#website","url":"https:\/\/vana.vspa.ee\/","name":"V Spa","description":"V\u00f5ta veest viimast!","potentialAction":[{"@type":"SearchAction","target":{"@type":"EntryPoint","urlTemplate":"https:\/\/vana.vspa.ee\/?s={search_term_string}"},"query-input":{"@type":"PropertyValueSpecification","valueRequired":true,"valueName":"search_term_string"}}],"inLanguage":"fi"}]}},"_links":{"self":[{"href":"https:\/\/vana.vspa.ee\/fi\/wp-json\/wp\/v2\/pages\/40606","targetHints":{"allow":["GET"]}}],"collection":[{"href":"https:\/\/vana.vspa.ee\/fi\/wp-json\/wp\/v2\/pages"}],"about":[{"href":"https:\/\/vana.vspa.ee\/fi\/wp-json\/wp\/v2\/types\/page"}],"author":[{"embeddable":true,"href":"https:\/\/vana.vspa.ee\/fi\/wp-json\/wp\/v2\/users\/1"}],"replies":[{"embeddable":true,"href":"https:\/\/vana.vspa.ee\/fi\/wp-json\/wp\/v2\/comments?post=40606"}],"version-history":[{"count":3,"href":"https:\/\/vana.vspa.ee\/fi\/wp-json\/wp\/v2\/pages\/40606\/revisions"}],"predecessor-version":[{"id":42192,"href":"https:\/\/vana.vspa.ee\/fi\/wp-json\/wp\/v2\/pages\/40606\/revisions\/42192"}],"up":[{"embeddable":true,"href":"https:\/\/vana.vspa.ee\/fi\/wp-json\/wp\/v2\/pages\/1969"}],"wp:attachment":[{"href":"https:\/\/vana.vspa.ee\/fi\/wp-json\/wp\/v2\/media?parent=40606"}],"curies":[{"name":"wp","href":"https:\/\/api.w.org\/{rel}","templated":true}]}}