{"id":44032,"date":"2022-06-22T13:28:44","date_gmt":"2022-06-22T10:28:44","guid":{"rendered":"https:\/\/vspa.ee\/hoidot\/trim-slim-naohoolitsusega\/"},"modified":"2024-11-28T15:30:44","modified_gmt":"2024-11-28T13:30:44","slug":"trim-slim-naohoolitsusega","status":"publish","type":"page","link":"https:\/\/vana.vspa.ee\/fi\/hoidot\/trim-slim-naohoolitsusega\/","title":{"rendered":"Trim &#038; Slim kasvohoito"},"content":{"rendered":"<p>Vartaloa hoikentava infrapunapussihoito sek\u00e4 kasvohoito suklaa-piparminttukuorinnalla. Hoito sis\u00e4lt\u00e4\u00e4 koko vartalon kuorinnan piparminttua ja suklaata sis\u00e4lt\u00e4v\u00e4ll\u00e4 kuorinta-aineella, merimineraaleja sis\u00e4lt\u00e4v\u00e4n vartalonaamion sek\u00e4 kasvohoidon ja kangasnaamion (sopii kaikille ihotyypeille). Hoidon p\u00e4\u00e4tteeksi vartalolle levitet\u00e4\u00e4n selluliittia poistavaa voidetta. Hoito v\u00e4hent\u00e4\u00e4 selluliittia, virkist\u00e4\u00e4 ja antaa keveyden tunteen.<\/p>\n","protected":false},"excerpt":{"rendered":"<p>Vartaloa hoikentava infrapunapussihoito sek\u00e4 kasvohoito suklaa-piparminttukuorinnalla. Hoito sis\u00e4lt\u00e4\u00e4 koko vartalon kuorinnan piparminttua ja suklaata sis\u00e4lt\u00e4v\u00e4ll\u00e4 kuorinta-aineella, merimineraaleja sis\u00e4lt\u00e4v\u00e4n vartalonaamion sek\u00e4&#8230;<\/p>\n","protected":false},"author":1,"featured_media":0,"parent":1969,"menu_order":0,"comment_status":"closed","ping_status":"closed","template":"page-templates\/tpl-offer1.php","meta":{"_acf_changed":false,"_monsterinsights_skip_tracking":false,"_monsterinsights_sitenote_active":false,"_monsterinsights_sitenote_note":"","_monsterinsights_sitenote_category":0,"footnotes":"","_links_to":"","_links_to_target":""},"class_list":["post-44032","page","type-page","status-publish","hentry"],"acf":[],"yoast_head":"<!-- This site is optimized with the Yoast SEO plugin v24.7 - https:\/\/yoast.com\/wordpress\/plugins\/seo\/ -->\n<title>Trim &amp; Slim kasvohoito - V Spa<\/title>\n<meta name=\"robots\" content=\"noindex, follow, max-snippet:-1, max-image-preview:large, max-video-preview:-1\" \/>\n<meta property=\"og:locale\" content=\"fi_FI\" \/>\n<meta property=\"og:type\" content=\"article\" \/>\n<meta property=\"og:title\" content=\"Trim &amp; Slim kasvohoito - V Spa\" \/>\n<meta property=\"og:description\" content=\"Vartaloa hoikentava infrapunapussihoito sek\u00e4 kasvohoito suklaa-piparminttukuorinnalla. Hoito sis\u00e4lt\u00e4\u00e4 koko vartalon kuorinnan piparminttua ja suklaata sis\u00e4lt\u00e4v\u00e4ll\u00e4 kuorinta-aineella, merimineraaleja sis\u00e4lt\u00e4v\u00e4n vartalonaamion sek\u00e4...\" \/>\n<meta property=\"og:url\" content=\"https:\/\/vana.vspa.ee\/hoolitsused\/trim-slim-naohoolitsusega\/\" \/>\n<meta property=\"og:site_name\" content=\"V Spa\" \/>\n<meta property=\"article:modified_time\" content=\"2024-11-28T13:30:44+00:00\" \/>\n<meta name=\"twitter:card\" content=\"summary_large_image\" \/>\n<meta name=\"twitter:label1\" content=\"Arvioitu lukuaika\" \/>\n\t<meta name=\"twitter:data1\" content=\"1 minuutti\" \/>\n<script type=\"application\/ld+json\" class=\"yoast-schema-graph\">{\"@context\":\"https:\/\/schema.org\",\"@graph\":[{\"@type\":\"WebPage\",\"@id\":\"https:\/\/vana.vspa.ee\/hoolitsused\/trim-slim-naohoolitsusega\/\",\"url\":\"https:\/\/vana.vspa.ee\/hoolitsused\/trim-slim-naohoolitsusega\/\",\"name\":\"Trim & Slim kasvohoito - V Spa\",\"isPartOf\":{\"@id\":\"https:\/\/vana.vspa.ee\/#website\"},\"datePublished\":\"2022-06-22T10:28:44+00:00\",\"dateModified\":\"2024-11-28T13:30:44+00:00\",\"breadcrumb\":{\"@id\":\"https:\/\/vana.vspa.ee\/hoolitsused\/trim-slim-naohoolitsusega\/#breadcrumb\"},\"inLanguage\":\"fi\",\"potentialAction\":[{\"@type\":\"ReadAction\",\"target\":[\"https:\/\/vana.vspa.ee\/hoolitsused\/trim-slim-naohoolitsusega\/\"]}]},{\"@type\":\"BreadcrumbList\",\"@id\":\"https:\/\/vana.vspa.ee\/hoolitsused\/trim-slim-naohoolitsusega\/#breadcrumb\",\"itemListElement\":[{\"@type\":\"ListItem\",\"position\":1,\"name\":\"Home\",\"item\":\"https:\/\/vana.vspa.ee\/fi\/\"},{\"@type\":\"ListItem\",\"position\":2,\"name\":\"Hoidot\",\"item\":\"https:\/\/vana.vspa.ee\/hoolitsused\/\"},{\"@type\":\"ListItem\",\"position\":3,\"name\":\"Trim &#038; Slim kasvohoito\"}]},{\"@type\":\"WebSite\",\"@id\":\"https:\/\/vana.vspa.ee\/#website\",\"url\":\"https:\/\/vana.vspa.ee\/\",\"name\":\"V Spa\",\"description\":\"V\u00f5ta veest viimast!\",\"potentialAction\":[{\"@type\":\"SearchAction\",\"target\":{\"@type\":\"EntryPoint\",\"urlTemplate\":\"https:\/\/vana.vspa.ee\/?s={search_term_string}\"},\"query-input\":{\"@type\":\"PropertyValueSpecification\",\"valueRequired\":true,\"valueName\":\"search_term_string\"}}],\"inLanguage\":\"fi\"}]}<\/script>\n<!-- \/ Yoast SEO plugin. -->","yoast_head_json":{"title":"Trim & Slim kasvohoito - V Spa","robots":{"index":"noindex","follow":"follow","max-snippet":"max-snippet:-1","max-image-preview":"max-image-preview:large","max-video-preview":"max-video-preview:-1"},"og_locale":"fi_FI","og_type":"article","og_title":"Trim & Slim kasvohoito - V Spa","og_description":"Vartaloa hoikentava infrapunapussihoito sek\u00e4 kasvohoito suklaa-piparminttukuorinnalla. Hoito sis\u00e4lt\u00e4\u00e4 koko vartalon kuorinnan piparminttua ja suklaata sis\u00e4lt\u00e4v\u00e4ll\u00e4 kuorinta-aineella, merimineraaleja sis\u00e4lt\u00e4v\u00e4n vartalonaamion sek\u00e4...","og_url":"https:\/\/vana.vspa.ee\/hoolitsused\/trim-slim-naohoolitsusega\/","og_site_name":"V Spa","article_modified_time":"2024-11-28T13:30:44+00:00","twitter_card":"summary_large_image","twitter_misc":{"Arvioitu lukuaika":"1 minuutti"},"schema":{"@context":"https:\/\/schema.org","@graph":[{"@type":"WebPage","@id":"https:\/\/vana.vspa.ee\/hoolitsused\/trim-slim-naohoolitsusega\/","url":"https:\/\/vana.vspa.ee\/hoolitsused\/trim-slim-naohoolitsusega\/","name":"Trim & Slim kasvohoito - V Spa","isPartOf":{"@id":"https:\/\/vana.vspa.ee\/#website"},"datePublished":"2022-06-22T10:28:44+00:00","dateModified":"2024-11-28T13:30:44+00:00","breadcrumb":{"@id":"https:\/\/vana.vspa.ee\/hoolitsused\/trim-slim-naohoolitsusega\/#breadcrumb"},"inLanguage":"fi","potentialAction":[{"@type":"ReadAction","target":["https:\/\/vana.vspa.ee\/hoolitsused\/trim-slim-naohoolitsusega\/"]}]},{"@type":"BreadcrumbList","@id":"https:\/\/vana.vspa.ee\/hoolitsused\/trim-slim-naohoolitsusega\/#breadcrumb","itemListElement":[{"@type":"ListItem","position":1,"name":"Home","item":"https:\/\/vana.vspa.ee\/fi\/"},{"@type":"ListItem","position":2,"name":"Hoidot","item":"https:\/\/vana.vspa.ee\/hoolitsused\/"},{"@type":"ListItem","position":3,"name":"Trim &#038; Slim kasvohoito"}]},{"@type":"WebSite","@id":"https:\/\/vana.vspa.ee\/#website","url":"https:\/\/vana.vspa.ee\/","name":"V Spa","description":"V\u00f5ta veest viimast!","potentialAction":[{"@type":"SearchAction","target":{"@type":"EntryPoint","urlTemplate":"https:\/\/vana.vspa.ee\/?s={search_term_string}"},"query-input":{"@type":"PropertyValueSpecification","valueRequired":true,"valueName":"search_term_string"}}],"inLanguage":"fi"}]}},"_links":{"self":[{"href":"https:\/\/vana.vspa.ee\/fi\/wp-json\/wp\/v2\/pages\/44032","targetHints":{"allow":["GET"]}}],"collection":[{"href":"https:\/\/vana.vspa.ee\/fi\/wp-json\/wp\/v2\/pages"}],"about":[{"href":"https:\/\/vana.vspa.ee\/fi\/wp-json\/wp\/v2\/types\/page"}],"author":[{"embeddable":true,"href":"https:\/\/vana.vspa.ee\/fi\/wp-json\/wp\/v2\/users\/1"}],"replies":[{"embeddable":true,"href":"https:\/\/vana.vspa.ee\/fi\/wp-json\/wp\/v2\/comments?post=44032"}],"version-history":[{"count":3,"href":"https:\/\/vana.vspa.ee\/fi\/wp-json\/wp\/v2\/pages\/44032\/revisions"}],"predecessor-version":[{"id":47188,"href":"https:\/\/vana.vspa.ee\/fi\/wp-json\/wp\/v2\/pages\/44032\/revisions\/47188"}],"up":[{"embeddable":true,"href":"https:\/\/vana.vspa.ee\/fi\/wp-json\/wp\/v2\/pages\/1969"}],"wp:attachment":[{"href":"https:\/\/vana.vspa.ee\/fi\/wp-json\/wp\/v2\/media?parent=44032"}],"curies":[{"name":"wp","href":"https:\/\/api.w.org\/{rel}","templated":true}]}}