{"id":44322,"date":"2021-05-17T11:52:23","date_gmt":"2021-05-17T08:52:23","guid":{"rendered":"https:\/\/vspa.ee\/hoidot\/saraandev-happehoolitsus-biolight\/"},"modified":"2024-03-01T15:32:14","modified_gmt":"2024-03-01T13:32:14","slug":"saraandev-happehoolitsus-biolight","status":"publish","type":"page","link":"https:\/\/vana.vspa.ee\/fi\/hoidot\/saraandev-happehoolitsus-biolight\/","title":{"rendered":"Hehkua antava happohoito (biolight)"},"content":{"rendered":"<p>Hehkua antava happohoito (biolight) + led-valohoito.<\/p>\n<p>Hoito, joka antaa hehkua, tasoittaa ihoa, aktivoi kollageenin tuotantoa, kiinteytt\u00e4 ja syv\u00e4kosteuttaa.<\/p>\n<p>Hoito sis\u00e4lt\u00e4\u00e4 puhdistuksen, hell\u00e4varaisen mutta tehokkaan happokuorinnan (pH 3,5), kasvohieronnan, heleytt\u00e4v\u00e4n seerumin, ihons\u00e4vy\u00e4 tasoittavan kangasnaamion sek\u00e4 led-valohoidon. Lis\u00e4ksi kaulan ja dekolteen hieronnan ja hehkua lis\u00e4\u00e4v\u00e4n suojavoiteen. Hoitoa voidaan tehd\u00e4 ymp\u00e4ri vuoden. Kes\u00e4ll\u00e4 voidaan k\u00e4ytt\u00e4\u00e4 kasvoissa ja dekolteen alueella Rep\u00eachagen Face Shield -suojavoidetta tai muuta vastaavaa voidetta, jonka SPF on 30\/50.<\/p>\n<p>Hoidossa k\u00e4ytet\u00e4\u00e4n Rep\u00eachage-sarjan tuotteita<\/p>\n<p><img decoding=\"async\" src=\"https:\/\/www.eugesta.ee\/assets\/Uploads\/News\/606\/_resampled\/SetRatioSize350240-AS-ilulemmik.pdf.png\" alt=\"Uudised \u00bb Eugesta Eesti O\u00dc: edasim\u00fc\u00fck, distributsioon, tootepaigutus, turundus\" \/><\/p>\n","protected":false},"excerpt":{"rendered":"<p>Hehkua antava happohoito (biolight) + led-valohoito. Hoito, joka antaa hehkua, tasoittaa ihoa, aktivoi kollageenin tuotantoa, kiinteytt\u00e4 ja syv\u00e4kosteuttaa. Hoito sis\u00e4lt\u00e4\u00e4&#8230;<\/p>\n","protected":false},"author":1,"featured_media":0,"parent":1969,"menu_order":0,"comment_status":"closed","ping_status":"closed","template":"page-templates\/tpl-offer1.php","meta":{"_acf_changed":false,"_monsterinsights_skip_tracking":false,"_monsterinsights_sitenote_active":false,"_monsterinsights_sitenote_note":"","_monsterinsights_sitenote_category":0,"footnotes":"","_links_to":"","_links_to_target":""},"class_list":["post-44322","page","type-page","status-publish","hentry"],"acf":[],"yoast_head":"<!-- This site is optimized with the Yoast SEO plugin v24.7 - https:\/\/yoast.com\/wordpress\/plugins\/seo\/ -->\n<title>Hehkua antava happohoito (biolight) - V Spa<\/title>\n<meta name=\"robots\" content=\"noindex, follow, max-snippet:-1, max-image-preview:large, max-video-preview:-1\" \/>\n<meta property=\"og:locale\" content=\"fi_FI\" \/>\n<meta property=\"og:type\" content=\"article\" \/>\n<meta property=\"og:title\" content=\"Hehkua antava happohoito (biolight) - V Spa\" \/>\n<meta property=\"og:description\" content=\"Hehkua antava happohoito (biolight) + led-valohoito. Hoito, joka antaa hehkua, tasoittaa ihoa, aktivoi kollageenin tuotantoa, kiinteytt\u00e4 ja syv\u00e4kosteuttaa. Hoito sis\u00e4lt\u00e4\u00e4...\" \/>\n<meta property=\"og:url\" content=\"https:\/\/vana.vspa.ee\/hoolitsused\/saraandev-happehoolitsus-biolight\/\" \/>\n<meta property=\"og:site_name\" content=\"V Spa\" \/>\n<meta property=\"article:modified_time\" content=\"2024-03-01T13:32:14+00:00\" \/>\n<meta property=\"og:image\" content=\"https:\/\/www.eugesta.ee\/assets\/Uploads\/News\/606\/_resampled\/SetRatioSize350240-AS-ilulemmik.pdf.png\" \/>\n<meta name=\"twitter:card\" content=\"summary_large_image\" \/>\n<meta name=\"twitter:label1\" content=\"Arvioitu lukuaika\" \/>\n\t<meta name=\"twitter:data1\" content=\"1 minuutti\" \/>\n<script type=\"application\/ld+json\" class=\"yoast-schema-graph\">{\"@context\":\"https:\/\/schema.org\",\"@graph\":[{\"@type\":\"WebPage\",\"@id\":\"https:\/\/vana.vspa.ee\/hoolitsused\/saraandev-happehoolitsus-biolight\/\",\"url\":\"https:\/\/vana.vspa.ee\/hoolitsused\/saraandev-happehoolitsus-biolight\/\",\"name\":\"Hehkua antava happohoito (biolight) - V Spa\",\"isPartOf\":{\"@id\":\"https:\/\/vana.vspa.ee\/#website\"},\"primaryImageOfPage\":{\"@id\":\"https:\/\/vana.vspa.ee\/hoolitsused\/saraandev-happehoolitsus-biolight\/#primaryimage\"},\"image\":{\"@id\":\"https:\/\/vana.vspa.ee\/hoolitsused\/saraandev-happehoolitsus-biolight\/#primaryimage\"},\"thumbnailUrl\":\"https:\/\/www.eugesta.ee\/assets\/Uploads\/News\/606\/_resampled\/SetRatioSize350240-AS-ilulemmik.pdf.png\",\"datePublished\":\"2021-05-17T08:52:23+00:00\",\"dateModified\":\"2024-03-01T13:32:14+00:00\",\"breadcrumb\":{\"@id\":\"https:\/\/vana.vspa.ee\/hoolitsused\/saraandev-happehoolitsus-biolight\/#breadcrumb\"},\"inLanguage\":\"fi\",\"potentialAction\":[{\"@type\":\"ReadAction\",\"target\":[\"https:\/\/vana.vspa.ee\/hoolitsused\/saraandev-happehoolitsus-biolight\/\"]}]},{\"@type\":\"ImageObject\",\"inLanguage\":\"fi\",\"@id\":\"https:\/\/vana.vspa.ee\/hoolitsused\/saraandev-happehoolitsus-biolight\/#primaryimage\",\"url\":\"https:\/\/www.eugesta.ee\/assets\/Uploads\/News\/606\/_resampled\/SetRatioSize350240-AS-ilulemmik.pdf.png\",\"contentUrl\":\"https:\/\/www.eugesta.ee\/assets\/Uploads\/News\/606\/_resampled\/SetRatioSize350240-AS-ilulemmik.pdf.png\"},{\"@type\":\"BreadcrumbList\",\"@id\":\"https:\/\/vana.vspa.ee\/hoolitsused\/saraandev-happehoolitsus-biolight\/#breadcrumb\",\"itemListElement\":[{\"@type\":\"ListItem\",\"position\":1,\"name\":\"Home\",\"item\":\"https:\/\/vana.vspa.ee\/fi\/\"},{\"@type\":\"ListItem\",\"position\":2,\"name\":\"Hoidot\",\"item\":\"https:\/\/vana.vspa.ee\/hoolitsused\/\"},{\"@type\":\"ListItem\",\"position\":3,\"name\":\"Hehkua antava happohoito (biolight)\"}]},{\"@type\":\"WebSite\",\"@id\":\"https:\/\/vana.vspa.ee\/#website\",\"url\":\"https:\/\/vana.vspa.ee\/\",\"name\":\"V Spa\",\"description\":\"V\u00f5ta veest viimast!\",\"potentialAction\":[{\"@type\":\"SearchAction\",\"target\":{\"@type\":\"EntryPoint\",\"urlTemplate\":\"https:\/\/vana.vspa.ee\/?s={search_term_string}\"},\"query-input\":{\"@type\":\"PropertyValueSpecification\",\"valueRequired\":true,\"valueName\":\"search_term_string\"}}],\"inLanguage\":\"fi\"}]}<\/script>\n<!-- \/ Yoast SEO plugin. -->","yoast_head_json":{"title":"Hehkua antava happohoito (biolight) - V Spa","robots":{"index":"noindex","follow":"follow","max-snippet":"max-snippet:-1","max-image-preview":"max-image-preview:large","max-video-preview":"max-video-preview:-1"},"og_locale":"fi_FI","og_type":"article","og_title":"Hehkua antava happohoito (biolight) - V Spa","og_description":"Hehkua antava happohoito (biolight) + led-valohoito. Hoito, joka antaa hehkua, tasoittaa ihoa, aktivoi kollageenin tuotantoa, kiinteytt\u00e4 ja syv\u00e4kosteuttaa. Hoito sis\u00e4lt\u00e4\u00e4...","og_url":"https:\/\/vana.vspa.ee\/hoolitsused\/saraandev-happehoolitsus-biolight\/","og_site_name":"V Spa","article_modified_time":"2024-03-01T13:32:14+00:00","og_image":[{"url":"https:\/\/www.eugesta.ee\/assets\/Uploads\/News\/606\/_resampled\/SetRatioSize350240-AS-ilulemmik.pdf.png","type":"","width":"","height":""}],"twitter_card":"summary_large_image","twitter_misc":{"Arvioitu lukuaika":"1 minuutti"},"schema":{"@context":"https:\/\/schema.org","@graph":[{"@type":"WebPage","@id":"https:\/\/vana.vspa.ee\/hoolitsused\/saraandev-happehoolitsus-biolight\/","url":"https:\/\/vana.vspa.ee\/hoolitsused\/saraandev-happehoolitsus-biolight\/","name":"Hehkua antava happohoito (biolight) - V Spa","isPartOf":{"@id":"https:\/\/vana.vspa.ee\/#website"},"primaryImageOfPage":{"@id":"https:\/\/vana.vspa.ee\/hoolitsused\/saraandev-happehoolitsus-biolight\/#primaryimage"},"image":{"@id":"https:\/\/vana.vspa.ee\/hoolitsused\/saraandev-happehoolitsus-biolight\/#primaryimage"},"thumbnailUrl":"https:\/\/www.eugesta.ee\/assets\/Uploads\/News\/606\/_resampled\/SetRatioSize350240-AS-ilulemmik.pdf.png","datePublished":"2021-05-17T08:52:23+00:00","dateModified":"2024-03-01T13:32:14+00:00","breadcrumb":{"@id":"https:\/\/vana.vspa.ee\/hoolitsused\/saraandev-happehoolitsus-biolight\/#breadcrumb"},"inLanguage":"fi","potentialAction":[{"@type":"ReadAction","target":["https:\/\/vana.vspa.ee\/hoolitsused\/saraandev-happehoolitsus-biolight\/"]}]},{"@type":"ImageObject","inLanguage":"fi","@id":"https:\/\/vana.vspa.ee\/hoolitsused\/saraandev-happehoolitsus-biolight\/#primaryimage","url":"https:\/\/www.eugesta.ee\/assets\/Uploads\/News\/606\/_resampled\/SetRatioSize350240-AS-ilulemmik.pdf.png","contentUrl":"https:\/\/www.eugesta.ee\/assets\/Uploads\/News\/606\/_resampled\/SetRatioSize350240-AS-ilulemmik.pdf.png"},{"@type":"BreadcrumbList","@id":"https:\/\/vana.vspa.ee\/hoolitsused\/saraandev-happehoolitsus-biolight\/#breadcrumb","itemListElement":[{"@type":"ListItem","position":1,"name":"Home","item":"https:\/\/vana.vspa.ee\/fi\/"},{"@type":"ListItem","position":2,"name":"Hoidot","item":"https:\/\/vana.vspa.ee\/hoolitsused\/"},{"@type":"ListItem","position":3,"name":"Hehkua antava happohoito (biolight)"}]},{"@type":"WebSite","@id":"https:\/\/vana.vspa.ee\/#website","url":"https:\/\/vana.vspa.ee\/","name":"V Spa","description":"V\u00f5ta veest viimast!","potentialAction":[{"@type":"SearchAction","target":{"@type":"EntryPoint","urlTemplate":"https:\/\/vana.vspa.ee\/?s={search_term_string}"},"query-input":{"@type":"PropertyValueSpecification","valueRequired":true,"valueName":"search_term_string"}}],"inLanguage":"fi"}]}},"_links":{"self":[{"href":"https:\/\/vana.vspa.ee\/fi\/wp-json\/wp\/v2\/pages\/44322","targetHints":{"allow":["GET"]}}],"collection":[{"href":"https:\/\/vana.vspa.ee\/fi\/wp-json\/wp\/v2\/pages"}],"about":[{"href":"https:\/\/vana.vspa.ee\/fi\/wp-json\/wp\/v2\/types\/page"}],"author":[{"embeddable":true,"href":"https:\/\/vana.vspa.ee\/fi\/wp-json\/wp\/v2\/users\/1"}],"replies":[{"embeddable":true,"href":"https:\/\/vana.vspa.ee\/fi\/wp-json\/wp\/v2\/comments?post=44322"}],"version-history":[{"count":1,"href":"https:\/\/vana.vspa.ee\/fi\/wp-json\/wp\/v2\/pages\/44322\/revisions"}],"predecessor-version":[{"id":44323,"href":"https:\/\/vana.vspa.ee\/fi\/wp-json\/wp\/v2\/pages\/44322\/revisions\/44323"}],"up":[{"embeddable":true,"href":"https:\/\/vana.vspa.ee\/fi\/wp-json\/wp\/v2\/pages\/1969"}],"wp:attachment":[{"href":"https:\/\/vana.vspa.ee\/fi\/wp-json\/wp\/v2\/media?parent=44322"}],"curies":[{"name":"wp","href":"https:\/\/api.w.org\/{rel}","templated":true}]}}