{"id":46898,"date":"2023-12-07T15:27:14","date_gmt":"2023-12-07T13:27:14","guid":{"rendered":"https:\/\/vspa.ee\/hoidot\/klaaristav-ja-rahustav-naohoolitsus-antioksudantidega\/"},"modified":"2025-03-10T09:07:21","modified_gmt":"2025-03-10T07:07:21","slug":"klaaristav-ja-rahustav-naohoolitsus-antioksudantidega","status":"publish","type":"page","link":"https:\/\/vana.vspa.ee\/fi\/hoidot\/klaaristav-ja-rahustav-naohoolitsus-antioksudantidega\/","title":{"rendered":"Kirkastava ja rauhoittava antioksidanttinen kasvohoito"},"content":{"rendered":"<p>T\u00e4ss\u00e4 antioksidanttisessa kasvohoidossa k\u00e4ytet\u00e4\u00e4n merilev\u00e4n vitamiineja, kivenn\u00e4isaineita, hivenaineita, aminohappoja ja antioksidantteja. Ne kosteuttavat ihoa ja antavat iholle suojaa ulkoisia rasituksia vastaan auttaen siten rauhoittamaan herkk\u00e4\u00e4 ja rasittunutta ihoa. Sopii hyvin couperosa- ja ruusufinni-iholle.<\/p>\n<p>Hoidossa k\u00e4ytet\u00e4\u00e4n <strong>Rep\u00eachage<\/strong>-sarjan tuotteita.<\/p>\n","protected":false},"excerpt":{"rendered":"<p>T\u00e4ss\u00e4 antioksidanttisessa kasvohoidossa k\u00e4ytet\u00e4\u00e4n merilev\u00e4n vitamiineja, kivenn\u00e4isaineita, hivenaineita, aminohappoja ja antioksidantteja. Ne kosteuttavat ihoa ja antavat iholle suojaa ulkoisia rasituksia&#8230;<\/p>\n","protected":false},"author":1,"featured_media":0,"parent":1969,"menu_order":0,"comment_status":"closed","ping_status":"closed","template":"page-templates\/tpl-offer1.php","meta":{"_acf_changed":false,"_monsterinsights_skip_tracking":false,"_monsterinsights_sitenote_active":false,"_monsterinsights_sitenote_note":"","_monsterinsights_sitenote_category":0,"footnotes":"","_links_to":"","_links_to_target":""},"class_list":["post-46898","page","type-page","status-publish","hentry"],"acf":[],"yoast_head":"<!-- This site is optimized with the Yoast SEO plugin v24.7 - https:\/\/yoast.com\/wordpress\/plugins\/seo\/ -->\n<title>Kirkastava ja rauhoittava antioksidanttinen kasvohoito - V Spa<\/title>\n<meta name=\"robots\" content=\"noindex, follow, max-snippet:-1, max-image-preview:large, max-video-preview:-1\" \/>\n<meta property=\"og:locale\" content=\"fi_FI\" \/>\n<meta property=\"og:type\" content=\"article\" \/>\n<meta property=\"og:title\" content=\"Kirkastava ja rauhoittava antioksidanttinen kasvohoito - V Spa\" \/>\n<meta property=\"og:description\" content=\"T\u00e4ss\u00e4 antioksidanttisessa kasvohoidossa k\u00e4ytet\u00e4\u00e4n merilev\u00e4n vitamiineja, kivenn\u00e4isaineita, hivenaineita, aminohappoja ja antioksidantteja. Ne kosteuttavat ihoa ja antavat iholle suojaa ulkoisia rasituksia...\" \/>\n<meta property=\"og:url\" content=\"https:\/\/vana.vspa.ee\/hoolitsused\/klaaristav-ja-rahustav-naohoolitsus-antioksudantidega\/\" \/>\n<meta property=\"og:site_name\" content=\"V Spa\" \/>\n<meta property=\"article:modified_time\" content=\"2025-03-10T07:07:21+00:00\" \/>\n<meta name=\"twitter:card\" content=\"summary_large_image\" \/>\n<meta name=\"twitter:label1\" content=\"Arvioitu lukuaika\" \/>\n\t<meta name=\"twitter:data1\" content=\"1 minuutti\" \/>\n<script type=\"application\/ld+json\" class=\"yoast-schema-graph\">{\"@context\":\"https:\/\/schema.org\",\"@graph\":[{\"@type\":\"WebPage\",\"@id\":\"https:\/\/vana.vspa.ee\/hoolitsused\/klaaristav-ja-rahustav-naohoolitsus-antioksudantidega\/\",\"url\":\"https:\/\/vana.vspa.ee\/hoolitsused\/klaaristav-ja-rahustav-naohoolitsus-antioksudantidega\/\",\"name\":\"Kirkastava ja rauhoittava antioksidanttinen kasvohoito - V Spa\",\"isPartOf\":{\"@id\":\"https:\/\/vana.vspa.ee\/#website\"},\"datePublished\":\"2023-12-07T13:27:14+00:00\",\"dateModified\":\"2025-03-10T07:07:21+00:00\",\"breadcrumb\":{\"@id\":\"https:\/\/vana.vspa.ee\/hoolitsused\/klaaristav-ja-rahustav-naohoolitsus-antioksudantidega\/#breadcrumb\"},\"inLanguage\":\"fi\",\"potentialAction\":[{\"@type\":\"ReadAction\",\"target\":[\"https:\/\/vana.vspa.ee\/hoolitsused\/klaaristav-ja-rahustav-naohoolitsus-antioksudantidega\/\"]}]},{\"@type\":\"BreadcrumbList\",\"@id\":\"https:\/\/vana.vspa.ee\/hoolitsused\/klaaristav-ja-rahustav-naohoolitsus-antioksudantidega\/#breadcrumb\",\"itemListElement\":[{\"@type\":\"ListItem\",\"position\":1,\"name\":\"Home\",\"item\":\"https:\/\/vana.vspa.ee\/fi\/\"},{\"@type\":\"ListItem\",\"position\":2,\"name\":\"Hoidot\",\"item\":\"https:\/\/vana.vspa.ee\/hoolitsused\/\"},{\"@type\":\"ListItem\",\"position\":3,\"name\":\"Kirkastava ja rauhoittava antioksidanttinen kasvohoito\"}]},{\"@type\":\"WebSite\",\"@id\":\"https:\/\/vana.vspa.ee\/#website\",\"url\":\"https:\/\/vana.vspa.ee\/\",\"name\":\"V Spa\",\"description\":\"V\u00f5ta veest viimast!\",\"potentialAction\":[{\"@type\":\"SearchAction\",\"target\":{\"@type\":\"EntryPoint\",\"urlTemplate\":\"https:\/\/vana.vspa.ee\/?s={search_term_string}\"},\"query-input\":{\"@type\":\"PropertyValueSpecification\",\"valueRequired\":true,\"valueName\":\"search_term_string\"}}],\"inLanguage\":\"fi\"}]}<\/script>\n<!-- \/ Yoast SEO plugin. -->","yoast_head_json":{"title":"Kirkastava ja rauhoittava antioksidanttinen kasvohoito - V Spa","robots":{"index":"noindex","follow":"follow","max-snippet":"max-snippet:-1","max-image-preview":"max-image-preview:large","max-video-preview":"max-video-preview:-1"},"og_locale":"fi_FI","og_type":"article","og_title":"Kirkastava ja rauhoittava antioksidanttinen kasvohoito - V Spa","og_description":"T\u00e4ss\u00e4 antioksidanttisessa kasvohoidossa k\u00e4ytet\u00e4\u00e4n merilev\u00e4n vitamiineja, kivenn\u00e4isaineita, hivenaineita, aminohappoja ja antioksidantteja. Ne kosteuttavat ihoa ja antavat iholle suojaa ulkoisia rasituksia...","og_url":"https:\/\/vana.vspa.ee\/hoolitsused\/klaaristav-ja-rahustav-naohoolitsus-antioksudantidega\/","og_site_name":"V Spa","article_modified_time":"2025-03-10T07:07:21+00:00","twitter_card":"summary_large_image","twitter_misc":{"Arvioitu lukuaika":"1 minuutti"},"schema":{"@context":"https:\/\/schema.org","@graph":[{"@type":"WebPage","@id":"https:\/\/vana.vspa.ee\/hoolitsused\/klaaristav-ja-rahustav-naohoolitsus-antioksudantidega\/","url":"https:\/\/vana.vspa.ee\/hoolitsused\/klaaristav-ja-rahustav-naohoolitsus-antioksudantidega\/","name":"Kirkastava ja rauhoittava antioksidanttinen kasvohoito - V Spa","isPartOf":{"@id":"https:\/\/vana.vspa.ee\/#website"},"datePublished":"2023-12-07T13:27:14+00:00","dateModified":"2025-03-10T07:07:21+00:00","breadcrumb":{"@id":"https:\/\/vana.vspa.ee\/hoolitsused\/klaaristav-ja-rahustav-naohoolitsus-antioksudantidega\/#breadcrumb"},"inLanguage":"fi","potentialAction":[{"@type":"ReadAction","target":["https:\/\/vana.vspa.ee\/hoolitsused\/klaaristav-ja-rahustav-naohoolitsus-antioksudantidega\/"]}]},{"@type":"BreadcrumbList","@id":"https:\/\/vana.vspa.ee\/hoolitsused\/klaaristav-ja-rahustav-naohoolitsus-antioksudantidega\/#breadcrumb","itemListElement":[{"@type":"ListItem","position":1,"name":"Home","item":"https:\/\/vana.vspa.ee\/fi\/"},{"@type":"ListItem","position":2,"name":"Hoidot","item":"https:\/\/vana.vspa.ee\/hoolitsused\/"},{"@type":"ListItem","position":3,"name":"Kirkastava ja rauhoittava antioksidanttinen kasvohoito"}]},{"@type":"WebSite","@id":"https:\/\/vana.vspa.ee\/#website","url":"https:\/\/vana.vspa.ee\/","name":"V Spa","description":"V\u00f5ta veest viimast!","potentialAction":[{"@type":"SearchAction","target":{"@type":"EntryPoint","urlTemplate":"https:\/\/vana.vspa.ee\/?s={search_term_string}"},"query-input":{"@type":"PropertyValueSpecification","valueRequired":true,"valueName":"search_term_string"}}],"inLanguage":"fi"}]}},"_links":{"self":[{"href":"https:\/\/vana.vspa.ee\/fi\/wp-json\/wp\/v2\/pages\/46898","targetHints":{"allow":["GET"]}}],"collection":[{"href":"https:\/\/vana.vspa.ee\/fi\/wp-json\/wp\/v2\/pages"}],"about":[{"href":"https:\/\/vana.vspa.ee\/fi\/wp-json\/wp\/v2\/types\/page"}],"author":[{"embeddable":true,"href":"https:\/\/vana.vspa.ee\/fi\/wp-json\/wp\/v2\/users\/1"}],"replies":[{"embeddable":true,"href":"https:\/\/vana.vspa.ee\/fi\/wp-json\/wp\/v2\/comments?post=46898"}],"version-history":[{"count":2,"href":"https:\/\/vana.vspa.ee\/fi\/wp-json\/wp\/v2\/pages\/46898\/revisions"}],"predecessor-version":[{"id":49376,"href":"https:\/\/vana.vspa.ee\/fi\/wp-json\/wp\/v2\/pages\/46898\/revisions\/49376"}],"up":[{"embeddable":true,"href":"https:\/\/vana.vspa.ee\/fi\/wp-json\/wp\/v2\/pages\/1969"}],"wp:attachment":[{"href":"https:\/\/vana.vspa.ee\/fi\/wp-json\/wp\/v2\/media?parent=46898"}],"curies":[{"name":"wp","href":"https:\/\/api.w.org\/{rel}","templated":true}]}}