{"id":46906,"date":"2024-07-31T12:10:39","date_gmt":"2024-07-31T09:10:39","guid":{"rendered":"https:\/\/vspa.ee\/hoidot\/lifting-massaaz-naole\/"},"modified":"2024-11-11T16:47:58","modified_gmt":"2024-11-11T14:47:58","slug":"lifting-massaaz-naole","status":"publish","type":"page","link":"https:\/\/vana.vspa.ee\/fi\/hoidot\/lifting-massaaz-naole\/","title":{"rendered":"Kasvojen Lifting-hieronta"},"content":{"rendered":"<p>Lifting-hieronta nuorentaa ulkon\u00e4k\u00f6\u00e4 ja auttaa s\u00e4ilytt\u00e4m\u00e4\u00e4n kauniin ja nuorekkaan ilmeen. Kohottava kasvohieronta on turvallisin, tehokkain ja n\u00e4kyvi\u00e4 tuloksia antava kosmeettinen hoito. Se on erinomainen mahdollisuus hidastaa kasvojenpiirteiden ik\u00e4\u00e4ntymismuutoksia.<\/p>\n<p>Kolmivaiheisen hieronnan ensimm\u00e4isess\u00e4 vaiheessa keskityt\u00e4\u00e4n turvotusta poistaviin kohtiin, hermojen ja sis\u00e4elinten heijastepisteisiin sek\u00e4 lihasten kiinnityskohtiin. Sen j\u00e4lkeen aktivoidaan solujen v\u00e4lisen nesteen poistumista syvill\u00e4 silitt\u00e4vill\u00e4 liikkeill\u00e4, jotka parantavat rasvakerroksen tilaa ja v\u00e4hent\u00e4v\u00e4t lihasj\u00e4nnityksi\u00e4. Lopuksi kasvojen lihaksia hierotaan kohottavin ja napakoin liikkein, joilla on kasvoja kaunistava ja kohottava vaikutus.<\/p>\n<p>Hieronnalla on kaulaa ja leukalinjaa kohottava vaikutus. Rypyt ja pehme\u00e4n kudoksen turvotus v\u00e4henev\u00e4t. Ihon joustavuus ja s\u00e4vy paranee ja kasvojenpiirteet selkeytyv\u00e4t.<\/p>\n<p>Iho puhdistetaan ennen hierontaa ja hieronnan j\u00e4lkeen iholle levitet\u00e4\u00e4n sopiva p\u00e4iv\u00e4voide.<\/p>\n","protected":false},"excerpt":{"rendered":"<p>Lifting-hieronta nuorentaa ulkon\u00e4k\u00f6\u00e4 ja auttaa s\u00e4ilytt\u00e4m\u00e4\u00e4n kauniin ja nuorekkaan ilmeen. Kohottava kasvohieronta on turvallisin, tehokkain ja n\u00e4kyvi\u00e4 tuloksia antava kosmeettinen&#8230;<\/p>\n","protected":false},"author":1,"featured_media":0,"parent":1969,"menu_order":0,"comment_status":"closed","ping_status":"closed","template":"page-templates\/tpl-offer1.php","meta":{"_acf_changed":false,"_monsterinsights_skip_tracking":false,"_monsterinsights_sitenote_active":false,"_monsterinsights_sitenote_note":"","_monsterinsights_sitenote_category":0,"footnotes":"","_links_to":"","_links_to_target":""},"class_list":["post-46906","page","type-page","status-publish","hentry"],"acf":[],"yoast_head":"<!-- This site is optimized with the Yoast SEO plugin v24.7 - https:\/\/yoast.com\/wordpress\/plugins\/seo\/ -->\n<title>Kasvojen Lifting-hieronta - V Spa<\/title>\n<meta name=\"robots\" content=\"noindex, follow, max-snippet:-1, max-image-preview:large, max-video-preview:-1\" \/>\n<meta property=\"og:locale\" content=\"fi_FI\" \/>\n<meta property=\"og:type\" content=\"article\" \/>\n<meta property=\"og:title\" content=\"Kasvojen Lifting-hieronta - V Spa\" \/>\n<meta property=\"og:description\" content=\"Lifting-hieronta nuorentaa ulkon\u00e4k\u00f6\u00e4 ja auttaa s\u00e4ilytt\u00e4m\u00e4\u00e4n kauniin ja nuorekkaan ilmeen. Kohottava kasvohieronta on turvallisin, tehokkain ja n\u00e4kyvi\u00e4 tuloksia antava kosmeettinen...\" \/>\n<meta property=\"og:url\" content=\"https:\/\/vana.vspa.ee\/fi\/hoidot\/lifting-massaaz-naole\/\" \/>\n<meta property=\"og:site_name\" content=\"V Spa\" \/>\n<meta property=\"article:modified_time\" content=\"2024-11-11T14:47:58+00:00\" \/>\n<meta name=\"twitter:card\" content=\"summary_large_image\" \/>\n<meta name=\"twitter:label1\" content=\"Arvioitu lukuaika\" \/>\n\t<meta name=\"twitter:data1\" content=\"1 minuutti\" \/>\n<script type=\"application\/ld+json\" class=\"yoast-schema-graph\">{\"@context\":\"https:\/\/schema.org\",\"@graph\":[{\"@type\":\"WebPage\",\"@id\":\"https:\/\/vana.vspa.ee\/fi\/hoidot\/lifting-massaaz-naole\/\",\"url\":\"https:\/\/vana.vspa.ee\/fi\/hoidot\/lifting-massaaz-naole\/\",\"name\":\"Kasvojen Lifting-hieronta - V Spa\",\"isPartOf\":{\"@id\":\"https:\/\/vana.vspa.ee\/#website\"},\"datePublished\":\"2024-07-31T09:10:39+00:00\",\"dateModified\":\"2024-11-11T14:47:58+00:00\",\"breadcrumb\":{\"@id\":\"https:\/\/vana.vspa.ee\/fi\/hoidot\/lifting-massaaz-naole\/#breadcrumb\"},\"inLanguage\":\"fi\",\"potentialAction\":[{\"@type\":\"ReadAction\",\"target\":[\"https:\/\/vana.vspa.ee\/fi\/hoidot\/lifting-massaaz-naole\/\"]}]},{\"@type\":\"BreadcrumbList\",\"@id\":\"https:\/\/vana.vspa.ee\/fi\/hoidot\/lifting-massaaz-naole\/#breadcrumb\",\"itemListElement\":[{\"@type\":\"ListItem\",\"position\":1,\"name\":\"Home\",\"item\":\"https:\/\/vana.vspa.ee\/fi\/\"},{\"@type\":\"ListItem\",\"position\":2,\"name\":\"Hoidot\",\"item\":\"https:\/\/vana.vspa.ee\/hoolitsused\/\"},{\"@type\":\"ListItem\",\"position\":3,\"name\":\"Kasvojen Lifting-hieronta\"}]},{\"@type\":\"WebSite\",\"@id\":\"https:\/\/vana.vspa.ee\/#website\",\"url\":\"https:\/\/vana.vspa.ee\/\",\"name\":\"V Spa\",\"description\":\"V\u00f5ta veest viimast!\",\"potentialAction\":[{\"@type\":\"SearchAction\",\"target\":{\"@type\":\"EntryPoint\",\"urlTemplate\":\"https:\/\/vana.vspa.ee\/?s={search_term_string}\"},\"query-input\":{\"@type\":\"PropertyValueSpecification\",\"valueRequired\":true,\"valueName\":\"search_term_string\"}}],\"inLanguage\":\"fi\"}]}<\/script>\n<!-- \/ Yoast SEO plugin. -->","yoast_head_json":{"title":"Kasvojen Lifting-hieronta - V Spa","robots":{"index":"noindex","follow":"follow","max-snippet":"max-snippet:-1","max-image-preview":"max-image-preview:large","max-video-preview":"max-video-preview:-1"},"og_locale":"fi_FI","og_type":"article","og_title":"Kasvojen Lifting-hieronta - V Spa","og_description":"Lifting-hieronta nuorentaa ulkon\u00e4k\u00f6\u00e4 ja auttaa s\u00e4ilytt\u00e4m\u00e4\u00e4n kauniin ja nuorekkaan ilmeen. Kohottava kasvohieronta on turvallisin, tehokkain ja n\u00e4kyvi\u00e4 tuloksia antava kosmeettinen...","og_url":"https:\/\/vana.vspa.ee\/fi\/hoidot\/lifting-massaaz-naole\/","og_site_name":"V Spa","article_modified_time":"2024-11-11T14:47:58+00:00","twitter_card":"summary_large_image","twitter_misc":{"Arvioitu lukuaika":"1 minuutti"},"schema":{"@context":"https:\/\/schema.org","@graph":[{"@type":"WebPage","@id":"https:\/\/vana.vspa.ee\/fi\/hoidot\/lifting-massaaz-naole\/","url":"https:\/\/vana.vspa.ee\/fi\/hoidot\/lifting-massaaz-naole\/","name":"Kasvojen Lifting-hieronta - V Spa","isPartOf":{"@id":"https:\/\/vana.vspa.ee\/#website"},"datePublished":"2024-07-31T09:10:39+00:00","dateModified":"2024-11-11T14:47:58+00:00","breadcrumb":{"@id":"https:\/\/vana.vspa.ee\/fi\/hoidot\/lifting-massaaz-naole\/#breadcrumb"},"inLanguage":"fi","potentialAction":[{"@type":"ReadAction","target":["https:\/\/vana.vspa.ee\/fi\/hoidot\/lifting-massaaz-naole\/"]}]},{"@type":"BreadcrumbList","@id":"https:\/\/vana.vspa.ee\/fi\/hoidot\/lifting-massaaz-naole\/#breadcrumb","itemListElement":[{"@type":"ListItem","position":1,"name":"Home","item":"https:\/\/vana.vspa.ee\/fi\/"},{"@type":"ListItem","position":2,"name":"Hoidot","item":"https:\/\/vana.vspa.ee\/hoolitsused\/"},{"@type":"ListItem","position":3,"name":"Kasvojen Lifting-hieronta"}]},{"@type":"WebSite","@id":"https:\/\/vana.vspa.ee\/#website","url":"https:\/\/vana.vspa.ee\/","name":"V Spa","description":"V\u00f5ta veest viimast!","potentialAction":[{"@type":"SearchAction","target":{"@type":"EntryPoint","urlTemplate":"https:\/\/vana.vspa.ee\/?s={search_term_string}"},"query-input":{"@type":"PropertyValueSpecification","valueRequired":true,"valueName":"search_term_string"}}],"inLanguage":"fi"}]}},"_links":{"self":[{"href":"https:\/\/vana.vspa.ee\/fi\/wp-json\/wp\/v2\/pages\/46906","targetHints":{"allow":["GET"]}}],"collection":[{"href":"https:\/\/vana.vspa.ee\/fi\/wp-json\/wp\/v2\/pages"}],"about":[{"href":"https:\/\/vana.vspa.ee\/fi\/wp-json\/wp\/v2\/types\/page"}],"author":[{"embeddable":true,"href":"https:\/\/vana.vspa.ee\/fi\/wp-json\/wp\/v2\/users\/1"}],"replies":[{"embeddable":true,"href":"https:\/\/vana.vspa.ee\/fi\/wp-json\/wp\/v2\/comments?post=46906"}],"version-history":[{"count":1,"href":"https:\/\/vana.vspa.ee\/fi\/wp-json\/wp\/v2\/pages\/46906\/revisions"}],"predecessor-version":[{"id":46907,"href":"https:\/\/vana.vspa.ee\/fi\/wp-json\/wp\/v2\/pages\/46906\/revisions\/46907"}],"up":[{"embeddable":true,"href":"https:\/\/vana.vspa.ee\/fi\/wp-json\/wp\/v2\/pages\/1969"}],"wp:attachment":[{"href":"https:\/\/vana.vspa.ee\/fi\/wp-json\/wp\/v2\/media?parent=46906"}],"curies":[{"name":"wp","href":"https:\/\/api.w.org\/{rel}","templated":true}]}}