{"id":46956,"date":"2024-11-14T15:59:57","date_gmt":"2024-11-14T13:59:57","guid":{"rendered":"https:\/\/vspa.ee\/hoidot\/luksuslik-noorendav-age-summum-hoolitsus-naole-kaelale-dekolteele-ja-katele\/"},"modified":"2025-04-30T16:51:04","modified_gmt":"2025-04-30T13:51:04","slug":"luksuslik-noorendav-age-summum-hoolitsus-naole-kaelale-dekolteele-ja-katele","status":"publish","type":"page","link":"https:\/\/vana.vspa.ee\/fi\/hoidot\/luksuslik-noorendav-age-summum-hoolitsus-naole-kaelale-dekolteele-ja-katele\/","title":{"rendered":"AGE SUMMUM \u2013 Ylellinen, ihoa elvytt\u00e4v\u00e4 hoito kasvoille, kaulalle, dekolteelle ja k\u00e4sille"},"content":{"rendered":"<p>Helli itse\u00e4si hele\u00e4ll\u00e4, hyvinvoivalla iholla! Age Summum -hoito yhdist\u00e4\u00e4 Immune Complex -yhdisteen ja C-vitamiinin, jotka ravitsevat ja uudistavat v\u00e4synytt\u00e4 ihoa, antaen sille raikkaan ja elinvoimaisen hehkun. Kiinteytt\u00e4vien hierontatekniikoiden avulla hoito silottaa ja nuorentaa ihoa, h\u00e4ivytt\u00e4en ik\u00e4\u00e4ntymisen merkkej\u00e4 kasvoilla sek\u00e4 kaulalla, dekolteella ja k\u00e4siss\u00e4. T\u00e4ydellinen valinta rentoutumiseen ja luonnollisen hehkun esiin tuomiseen!<\/p>\n","protected":false},"excerpt":{"rendered":"<p>Helli itse\u00e4si hele\u00e4ll\u00e4, hyvinvoivalla iholla! Age Summum -hoito yhdist\u00e4\u00e4 Immune Complex -yhdisteen ja C-vitamiinin, jotka ravitsevat ja uudistavat v\u00e4synytt\u00e4 ihoa,&#8230;<\/p>\n","protected":false},"author":1,"featured_media":0,"parent":1969,"menu_order":0,"comment_status":"closed","ping_status":"closed","template":"page-templates\/tpl-offer1.php","meta":{"_acf_changed":false,"_monsterinsights_skip_tracking":false,"_monsterinsights_sitenote_active":false,"_monsterinsights_sitenote_note":"","_monsterinsights_sitenote_category":0,"footnotes":"","_links_to":"","_links_to_target":""},"class_list":["post-46956","page","type-page","status-publish","hentry"],"acf":[],"yoast_head":"<!-- This site is optimized with the Yoast SEO plugin v24.7 - https:\/\/yoast.com\/wordpress\/plugins\/seo\/ -->\n<title>AGE SUMMUM \u2013 Ylellinen, ihoa elvytt\u00e4v\u00e4 hoito kasvoille, kaulalle, dekolteelle ja k\u00e4sille - V Spa<\/title>\n<meta name=\"robots\" content=\"noindex, follow, max-snippet:-1, max-image-preview:large, max-video-preview:-1\" \/>\n<meta property=\"og:locale\" content=\"fi_FI\" \/>\n<meta property=\"og:type\" content=\"article\" \/>\n<meta property=\"og:title\" content=\"AGE SUMMUM \u2013 Ylellinen, ihoa elvytt\u00e4v\u00e4 hoito kasvoille, kaulalle, dekolteelle ja k\u00e4sille - V Spa\" \/>\n<meta property=\"og:description\" content=\"Helli itse\u00e4si hele\u00e4ll\u00e4, hyvinvoivalla iholla! Age Summum -hoito yhdist\u00e4\u00e4 Immune Complex -yhdisteen ja C-vitamiinin, jotka ravitsevat ja uudistavat v\u00e4synytt\u00e4 ihoa,...\" \/>\n<meta property=\"og:url\" content=\"https:\/\/vana.vspa.ee\/fi\/hoidot\/luksuslik-noorendav-age-summum-hoolitsus-naole-kaelale-dekolteele-ja-katele\/\" \/>\n<meta property=\"og:site_name\" content=\"V Spa\" \/>\n<meta property=\"article:modified_time\" content=\"2025-04-30T13:51:04+00:00\" \/>\n<meta name=\"twitter:card\" content=\"summary_large_image\" \/>\n<meta name=\"twitter:label1\" content=\"Arvioitu lukuaika\" \/>\n\t<meta name=\"twitter:data1\" content=\"1 minuutti\" \/>\n<script type=\"application\/ld+json\" class=\"yoast-schema-graph\">{\"@context\":\"https:\/\/schema.org\",\"@graph\":[{\"@type\":\"WebPage\",\"@id\":\"https:\/\/vana.vspa.ee\/fi\/hoidot\/luksuslik-noorendav-age-summum-hoolitsus-naole-kaelale-dekolteele-ja-katele\/\",\"url\":\"https:\/\/vana.vspa.ee\/fi\/hoidot\/luksuslik-noorendav-age-summum-hoolitsus-naole-kaelale-dekolteele-ja-katele\/\",\"name\":\"AGE SUMMUM \u2013 Ylellinen, ihoa elvytt\u00e4v\u00e4 hoito kasvoille, kaulalle, dekolteelle ja k\u00e4sille - V Spa\",\"isPartOf\":{\"@id\":\"https:\/\/vana.vspa.ee\/#website\"},\"datePublished\":\"2024-11-14T13:59:57+00:00\",\"dateModified\":\"2025-04-30T13:51:04+00:00\",\"breadcrumb\":{\"@id\":\"https:\/\/vana.vspa.ee\/fi\/hoidot\/luksuslik-noorendav-age-summum-hoolitsus-naole-kaelale-dekolteele-ja-katele\/#breadcrumb\"},\"inLanguage\":\"fi\",\"potentialAction\":[{\"@type\":\"ReadAction\",\"target\":[\"https:\/\/vana.vspa.ee\/fi\/hoidot\/luksuslik-noorendav-age-summum-hoolitsus-naole-kaelale-dekolteele-ja-katele\/\"]}]},{\"@type\":\"BreadcrumbList\",\"@id\":\"https:\/\/vana.vspa.ee\/fi\/hoidot\/luksuslik-noorendav-age-summum-hoolitsus-naole-kaelale-dekolteele-ja-katele\/#breadcrumb\",\"itemListElement\":[{\"@type\":\"ListItem\",\"position\":1,\"name\":\"Home\",\"item\":\"https:\/\/vana.vspa.ee\/fi\/\"},{\"@type\":\"ListItem\",\"position\":2,\"name\":\"Hoidot\",\"item\":\"https:\/\/vana.vspa.ee\/hoolitsused\/\"},{\"@type\":\"ListItem\",\"position\":3,\"name\":\"AGE SUMMUM \u2013 Ylellinen, ihoa elvytt\u00e4v\u00e4 hoito kasvoille, kaulalle, dekolteelle ja k\u00e4sille\"}]},{\"@type\":\"WebSite\",\"@id\":\"https:\/\/vana.vspa.ee\/#website\",\"url\":\"https:\/\/vana.vspa.ee\/\",\"name\":\"V Spa\",\"description\":\"V\u00f5ta veest viimast!\",\"potentialAction\":[{\"@type\":\"SearchAction\",\"target\":{\"@type\":\"EntryPoint\",\"urlTemplate\":\"https:\/\/vana.vspa.ee\/?s={search_term_string}\"},\"query-input\":{\"@type\":\"PropertyValueSpecification\",\"valueRequired\":true,\"valueName\":\"search_term_string\"}}],\"inLanguage\":\"fi\"}]}<\/script>\n<!-- \/ Yoast SEO plugin. -->","yoast_head_json":{"title":"AGE SUMMUM \u2013 Ylellinen, ihoa elvytt\u00e4v\u00e4 hoito kasvoille, kaulalle, dekolteelle ja k\u00e4sille - V Spa","robots":{"index":"noindex","follow":"follow","max-snippet":"max-snippet:-1","max-image-preview":"max-image-preview:large","max-video-preview":"max-video-preview:-1"},"og_locale":"fi_FI","og_type":"article","og_title":"AGE SUMMUM \u2013 Ylellinen, ihoa elvytt\u00e4v\u00e4 hoito kasvoille, kaulalle, dekolteelle ja k\u00e4sille - V Spa","og_description":"Helli itse\u00e4si hele\u00e4ll\u00e4, hyvinvoivalla iholla! Age Summum -hoito yhdist\u00e4\u00e4 Immune Complex -yhdisteen ja C-vitamiinin, jotka ravitsevat ja uudistavat v\u00e4synytt\u00e4 ihoa,...","og_url":"https:\/\/vana.vspa.ee\/fi\/hoidot\/luksuslik-noorendav-age-summum-hoolitsus-naole-kaelale-dekolteele-ja-katele\/","og_site_name":"V Spa","article_modified_time":"2025-04-30T13:51:04+00:00","twitter_card":"summary_large_image","twitter_misc":{"Arvioitu lukuaika":"1 minuutti"},"schema":{"@context":"https:\/\/schema.org","@graph":[{"@type":"WebPage","@id":"https:\/\/vana.vspa.ee\/fi\/hoidot\/luksuslik-noorendav-age-summum-hoolitsus-naole-kaelale-dekolteele-ja-katele\/","url":"https:\/\/vana.vspa.ee\/fi\/hoidot\/luksuslik-noorendav-age-summum-hoolitsus-naole-kaelale-dekolteele-ja-katele\/","name":"AGE SUMMUM \u2013 Ylellinen, ihoa elvytt\u00e4v\u00e4 hoito kasvoille, kaulalle, dekolteelle ja k\u00e4sille - V Spa","isPartOf":{"@id":"https:\/\/vana.vspa.ee\/#website"},"datePublished":"2024-11-14T13:59:57+00:00","dateModified":"2025-04-30T13:51:04+00:00","breadcrumb":{"@id":"https:\/\/vana.vspa.ee\/fi\/hoidot\/luksuslik-noorendav-age-summum-hoolitsus-naole-kaelale-dekolteele-ja-katele\/#breadcrumb"},"inLanguage":"fi","potentialAction":[{"@type":"ReadAction","target":["https:\/\/vana.vspa.ee\/fi\/hoidot\/luksuslik-noorendav-age-summum-hoolitsus-naole-kaelale-dekolteele-ja-katele\/"]}]},{"@type":"BreadcrumbList","@id":"https:\/\/vana.vspa.ee\/fi\/hoidot\/luksuslik-noorendav-age-summum-hoolitsus-naole-kaelale-dekolteele-ja-katele\/#breadcrumb","itemListElement":[{"@type":"ListItem","position":1,"name":"Home","item":"https:\/\/vana.vspa.ee\/fi\/"},{"@type":"ListItem","position":2,"name":"Hoidot","item":"https:\/\/vana.vspa.ee\/hoolitsused\/"},{"@type":"ListItem","position":3,"name":"AGE SUMMUM \u2013 Ylellinen, ihoa elvytt\u00e4v\u00e4 hoito kasvoille, kaulalle, dekolteelle ja k\u00e4sille"}]},{"@type":"WebSite","@id":"https:\/\/vana.vspa.ee\/#website","url":"https:\/\/vana.vspa.ee\/","name":"V Spa","description":"V\u00f5ta veest viimast!","potentialAction":[{"@type":"SearchAction","target":{"@type":"EntryPoint","urlTemplate":"https:\/\/vana.vspa.ee\/?s={search_term_string}"},"query-input":{"@type":"PropertyValueSpecification","valueRequired":true,"valueName":"search_term_string"}}],"inLanguage":"fi"}]}},"_links":{"self":[{"href":"https:\/\/vana.vspa.ee\/fi\/wp-json\/wp\/v2\/pages\/46956","targetHints":{"allow":["GET"]}}],"collection":[{"href":"https:\/\/vana.vspa.ee\/fi\/wp-json\/wp\/v2\/pages"}],"about":[{"href":"https:\/\/vana.vspa.ee\/fi\/wp-json\/wp\/v2\/types\/page"}],"author":[{"embeddable":true,"href":"https:\/\/vana.vspa.ee\/fi\/wp-json\/wp\/v2\/users\/1"}],"replies":[{"embeddable":true,"href":"https:\/\/vana.vspa.ee\/fi\/wp-json\/wp\/v2\/comments?post=46956"}],"version-history":[{"count":3,"href":"https:\/\/vana.vspa.ee\/fi\/wp-json\/wp\/v2\/pages\/46956\/revisions"}],"predecessor-version":[{"id":49765,"href":"https:\/\/vana.vspa.ee\/fi\/wp-json\/wp\/v2\/pages\/46956\/revisions\/49765"}],"up":[{"embeddable":true,"href":"https:\/\/vana.vspa.ee\/fi\/wp-json\/wp\/v2\/pages\/1969"}],"wp:attachment":[{"href":"https:\/\/vana.vspa.ee\/fi\/wp-json\/wp\/v2\/media?parent=46956"}],"curies":[{"name":"wp","href":"https:\/\/api.w.org\/{rel}","templated":true}]}}