{"id":47021,"date":"2018-08-22T17:41:51","date_gmt":"2018-08-22T14:41:51","guid":{"rendered":"https:\/\/vspa.ee\/hoidot\/isic\/"},"modified":"2024-11-18T12:02:11","modified_gmt":"2024-11-18T10:02:11","slug":"isic","status":"publish","type":"page","link":"https:\/\/vana.vspa.ee\/fi\/hoidot\/isic\/","title":{"rendered":"V Span alennukset opiskelijoille"},"content":{"rendered":"<p>Normaalihintaiset V Spa -liput alennettuun hintaan (ma-pe ennen klo 14.00) <strong>ISIC-korttia<\/strong> n\u00e4ytt\u00e4m\u00e4ll\u00e4!<\/p>\n<p>Jotta tenttistressi pysyisi loitolla, tarjoamme t\u00e4ll\u00e4 lukukaudella 20 %:n alennuksen my\u00f6s valikoimasta V Span hyvinvointimaailman hoitoja ISIC-korttia n\u00e4ytt\u00e4m\u00e4ll\u00e4. Tarjoamme opiskelijoille ISIC-kortilla seuraavat hinnat*:<\/p>\n<p><a href=\"https:\/\/vspa.ee\/fi\/hoidot\/seljan-ja-olkapaan-hieronta\/\" class=\"broken_link\">Selk\u00e4-hartiahieronta<\/a>\u00a030\/45 min\u00a0 &#8211; 27,2\/37,6\u20ac<br \/>\n<a href=\"https:\/\/vspa.ee\/fi\/hoidot\/intialainen-champin-paahieronta\/\" class=\"broken_link\">P\u00e4\u00e4hieronta l\u00e4mpim\u00e4ll\u00e4 \u00f6ljyll\u00e4<\/a>\u00a030 min &#8211; 27,2\u20ac<br \/>\n<a href=\"https:\/\/vspa.ee\/fi\/hoidot\/jalkahieronta\/\" class=\"broken_link\">Jalkahieronta<\/a>\u00a030\/45 min &#8211; 27,2\/37,6\u20ac<br \/>\n<a href=\"https:\/\/vspa.ee\/fi\/hoidot\/aromahieronta\/\" class=\"broken_link\">Aromahieronta<\/a>\u00a060 min &#8211; 45,6\u20ac<br \/>\n<a href=\"https:\/\/vspa.ee\/fi\/hoidot\/klassikaline-naomassaaz\/\">Klassinen kasvohieronta<\/a>\u00a030 min &#8211; 27,2\u20ac<br \/>\n<a href=\"https:\/\/vspa.ee\/fi\/hoidot\/hydradermie-noortele\/\">Hydradermie kasvohoito nuorille<\/a>\u00a060 min &#8211; 48\u20ac<br \/>\n<a href=\"https:\/\/vspa.ee\/fi\/hoidot\/klassinen-jalkahoito\/\" class=\"broken_link\">Klassinen jalkahoito<\/a>\u00a060 min &#8211; 40\u20ac<br \/>\n<a href=\"https:\/\/vspa.ee\/fi\/hoidot\/kate-ja-kuuntehoolitsus-kuuma-oliga\/\">K\u00e4si- ja kynsihoito kuumalla \u00f6ljyll\u00e4<\/a>\u00a045 min &#8211; 31,2\u20ac<\/p>\n<p>*Alennus koskee hoitoja, jotka alkavat ma-pe klo 9-14.<\/p>\n","protected":false},"excerpt":{"rendered":"<p>Normaalihintaiset V Spa -liput alennettuun hintaan (ma-pe ennen klo 14.00) ISIC-korttia n\u00e4ytt\u00e4m\u00e4ll\u00e4! Jotta tenttistressi pysyisi loitolla, tarjoamme t\u00e4ll\u00e4 lukukaudella 20&#8230;<\/p>\n","protected":false},"author":1,"featured_media":0,"parent":1969,"menu_order":0,"comment_status":"closed","ping_status":"closed","template":"page-templates\/tpl-offer1.php","meta":{"_acf_changed":false,"_monsterinsights_skip_tracking":false,"_monsterinsights_sitenote_active":false,"_monsterinsights_sitenote_note":"","_monsterinsights_sitenote_category":0,"footnotes":"","_links_to":"","_links_to_target":""},"class_list":["post-47021","page","type-page","status-publish","hentry"],"acf":[],"yoast_head":"<!-- This site is optimized with the Yoast SEO plugin v24.7 - https:\/\/yoast.com\/wordpress\/plugins\/seo\/ -->\n<title>V Span alennukset opiskelijoille - V Spa<\/title>\n<meta name=\"robots\" content=\"noindex, follow, max-snippet:-1, max-image-preview:large, max-video-preview:-1\" \/>\n<meta property=\"og:locale\" content=\"fi_FI\" \/>\n<meta property=\"og:type\" content=\"article\" \/>\n<meta property=\"og:title\" content=\"V Span alennukset opiskelijoille - V Spa\" \/>\n<meta property=\"og:description\" content=\"Normaalihintaiset V Spa -liput alennettuun hintaan (ma-pe ennen klo 14.00) ISIC-korttia n\u00e4ytt\u00e4m\u00e4ll\u00e4! Jotta tenttistressi pysyisi loitolla, tarjoamme t\u00e4ll\u00e4 lukukaudella 20...\" \/>\n<meta property=\"og:url\" content=\"https:\/\/vana.vspa.ee\/hoolitsused\/isic\/\" \/>\n<meta property=\"og:site_name\" content=\"V Spa\" \/>\n<meta property=\"article:modified_time\" content=\"2024-11-18T10:02:11+00:00\" \/>\n<meta name=\"twitter:card\" content=\"summary_large_image\" \/>\n<meta name=\"twitter:label1\" content=\"Arvioitu lukuaika\" \/>\n\t<meta name=\"twitter:data1\" content=\"1 minuutti\" \/>\n<script type=\"application\/ld+json\" class=\"yoast-schema-graph\">{\"@context\":\"https:\/\/schema.org\",\"@graph\":[{\"@type\":\"WebPage\",\"@id\":\"https:\/\/vana.vspa.ee\/hoolitsused\/isic\/\",\"url\":\"https:\/\/vana.vspa.ee\/hoolitsused\/isic\/\",\"name\":\"V Span alennukset opiskelijoille - V Spa\",\"isPartOf\":{\"@id\":\"https:\/\/vana.vspa.ee\/#website\"},\"datePublished\":\"2018-08-22T14:41:51+00:00\",\"dateModified\":\"2024-11-18T10:02:11+00:00\",\"breadcrumb\":{\"@id\":\"https:\/\/vana.vspa.ee\/hoolitsused\/isic\/#breadcrumb\"},\"inLanguage\":\"fi\",\"potentialAction\":[{\"@type\":\"ReadAction\",\"target\":[\"https:\/\/vana.vspa.ee\/hoolitsused\/isic\/\"]}]},{\"@type\":\"BreadcrumbList\",\"@id\":\"https:\/\/vana.vspa.ee\/hoolitsused\/isic\/#breadcrumb\",\"itemListElement\":[{\"@type\":\"ListItem\",\"position\":1,\"name\":\"Home\",\"item\":\"https:\/\/vana.vspa.ee\/fi\/\"},{\"@type\":\"ListItem\",\"position\":2,\"name\":\"Hoidot\",\"item\":\"https:\/\/vana.vspa.ee\/hoolitsused\/\"},{\"@type\":\"ListItem\",\"position\":3,\"name\":\"V Span alennukset opiskelijoille\"}]},{\"@type\":\"WebSite\",\"@id\":\"https:\/\/vana.vspa.ee\/#website\",\"url\":\"https:\/\/vana.vspa.ee\/\",\"name\":\"V Spa\",\"description\":\"V\u00f5ta veest viimast!\",\"potentialAction\":[{\"@type\":\"SearchAction\",\"target\":{\"@type\":\"EntryPoint\",\"urlTemplate\":\"https:\/\/vana.vspa.ee\/?s={search_term_string}\"},\"query-input\":{\"@type\":\"PropertyValueSpecification\",\"valueRequired\":true,\"valueName\":\"search_term_string\"}}],\"inLanguage\":\"fi\"}]}<\/script>\n<!-- \/ Yoast SEO plugin. -->","yoast_head_json":{"title":"V Span alennukset opiskelijoille - V Spa","robots":{"index":"noindex","follow":"follow","max-snippet":"max-snippet:-1","max-image-preview":"max-image-preview:large","max-video-preview":"max-video-preview:-1"},"og_locale":"fi_FI","og_type":"article","og_title":"V Span alennukset opiskelijoille - V Spa","og_description":"Normaalihintaiset V Spa -liput alennettuun hintaan (ma-pe ennen klo 14.00) ISIC-korttia n\u00e4ytt\u00e4m\u00e4ll\u00e4! Jotta tenttistressi pysyisi loitolla, tarjoamme t\u00e4ll\u00e4 lukukaudella 20...","og_url":"https:\/\/vana.vspa.ee\/hoolitsused\/isic\/","og_site_name":"V Spa","article_modified_time":"2024-11-18T10:02:11+00:00","twitter_card":"summary_large_image","twitter_misc":{"Arvioitu lukuaika":"1 minuutti"},"schema":{"@context":"https:\/\/schema.org","@graph":[{"@type":"WebPage","@id":"https:\/\/vana.vspa.ee\/hoolitsused\/isic\/","url":"https:\/\/vana.vspa.ee\/hoolitsused\/isic\/","name":"V Span alennukset opiskelijoille - V Spa","isPartOf":{"@id":"https:\/\/vana.vspa.ee\/#website"},"datePublished":"2018-08-22T14:41:51+00:00","dateModified":"2024-11-18T10:02:11+00:00","breadcrumb":{"@id":"https:\/\/vana.vspa.ee\/hoolitsused\/isic\/#breadcrumb"},"inLanguage":"fi","potentialAction":[{"@type":"ReadAction","target":["https:\/\/vana.vspa.ee\/hoolitsused\/isic\/"]}]},{"@type":"BreadcrumbList","@id":"https:\/\/vana.vspa.ee\/hoolitsused\/isic\/#breadcrumb","itemListElement":[{"@type":"ListItem","position":1,"name":"Home","item":"https:\/\/vana.vspa.ee\/fi\/"},{"@type":"ListItem","position":2,"name":"Hoidot","item":"https:\/\/vana.vspa.ee\/hoolitsused\/"},{"@type":"ListItem","position":3,"name":"V Span alennukset opiskelijoille"}]},{"@type":"WebSite","@id":"https:\/\/vana.vspa.ee\/#website","url":"https:\/\/vana.vspa.ee\/","name":"V Spa","description":"V\u00f5ta veest viimast!","potentialAction":[{"@type":"SearchAction","target":{"@type":"EntryPoint","urlTemplate":"https:\/\/vana.vspa.ee\/?s={search_term_string}"},"query-input":{"@type":"PropertyValueSpecification","valueRequired":true,"valueName":"search_term_string"}}],"inLanguage":"fi"}]}},"_links":{"self":[{"href":"https:\/\/vana.vspa.ee\/fi\/wp-json\/wp\/v2\/pages\/47021","targetHints":{"allow":["GET"]}}],"collection":[{"href":"https:\/\/vana.vspa.ee\/fi\/wp-json\/wp\/v2\/pages"}],"about":[{"href":"https:\/\/vana.vspa.ee\/fi\/wp-json\/wp\/v2\/types\/page"}],"author":[{"embeddable":true,"href":"https:\/\/vana.vspa.ee\/fi\/wp-json\/wp\/v2\/users\/1"}],"replies":[{"embeddable":true,"href":"https:\/\/vana.vspa.ee\/fi\/wp-json\/wp\/v2\/comments?post=47021"}],"version-history":[{"count":2,"href":"https:\/\/vana.vspa.ee\/fi\/wp-json\/wp\/v2\/pages\/47021\/revisions"}],"predecessor-version":[{"id":47023,"href":"https:\/\/vana.vspa.ee\/fi\/wp-json\/wp\/v2\/pages\/47021\/revisions\/47023"}],"up":[{"embeddable":true,"href":"https:\/\/vana.vspa.ee\/fi\/wp-json\/wp\/v2\/pages\/1969"}],"wp:attachment":[{"href":"https:\/\/vana.vspa.ee\/fi\/wp-json\/wp\/v2\/media?parent=47021"}],"curies":[{"name":"wp","href":"https:\/\/api.w.org\/{rel}","templated":true}]}}