{"id":5633,"date":"2017-03-16T15:50:27","date_gmt":"2017-03-16T13:50:27","guid":{"rendered":"http:\/\/vspa.ee\/hoidot\/traditsiooniline-tai-massaaz\/"},"modified":"2023-12-07T15:07:28","modified_gmt":"2023-12-07T13:07:28","slug":"traditsiooniline-tai-massaaz","status":"publish","type":"page","link":"https:\/\/vana.vspa.ee\/fi\/hoidot\/traditsiooniline-tai-massaaz\/","title":{"rendered":"Thai-hieronta"},"content":{"rendered":"<p>Thai-hieronta voi olla v\u00e4in rentouttava, mutta my\u00f6s eritt\u00e4in tehokkaalla parantavalla vaikutuksella. Sopii hyvin vammojen kuntoutukseen, lihasj\u00e4nnityksen lievent\u00e4miseen, auttaa aktivoimaan verenkiertoa ja aineenvaihduntaa, parantaa nivelten liikkuvuutta ja vaikuttaa tonisoivana koko elimist\u00f6\u00f6n. Vaikutuksen syvyyden suhteen ei ole Thai-hieronnalle yhdenvertaista hierontaa. Hieronta koostuu tietyist\u00e4 voimakkaista venyttelyist\u00e4 ja painalluksista. Perustuu akupuntuuriin, k\u00e4sitell\u00e4\u00e4n pisteit\u00e4, jotka sijaitsevat energiakentill\u00e4. Hieronta tehd\u00e4\u00e4n lattialla matoilla. Thai-hierontaan on yhdistetty kolme terapiaa: pisteterapia, lihasten ja j\u00e4nteiden hieronta sek\u00e4 manuaaliterapia joogaelementeill\u00e4.<\/p>\n","protected":false},"excerpt":{"rendered":"<p>Thai-hieronta voi olla v\u00e4in rentouttava, mutta my\u00f6s eritt\u00e4in tehokkaalla parantavalla vaikutuksella. Sopii hyvin vammojen kuntoutukseen, lihasj\u00e4nnityksen lievent\u00e4miseen, auttaa aktivoimaan verenkiertoa&#8230;<\/p>\n","protected":false},"author":1,"featured_media":0,"parent":1969,"menu_order":96,"comment_status":"closed","ping_status":"closed","template":"page-templates\/tpl-offer1.php","meta":{"_acf_changed":false,"_monsterinsights_skip_tracking":false,"_monsterinsights_sitenote_active":false,"_monsterinsights_sitenote_note":"","_monsterinsights_sitenote_category":0,"footnotes":"","_links_to":"","_links_to_target":""},"class_list":["post-5633","page","type-page","status-publish","hentry"],"acf":[],"yoast_head":"<!-- This site is optimized with the Yoast SEO plugin v24.7 - https:\/\/yoast.com\/wordpress\/plugins\/seo\/ -->\n<title>Thai-hieronta - V Spa<\/title>\n<meta name=\"robots\" content=\"noindex, follow, max-snippet:-1, max-image-preview:large, max-video-preview:-1\" \/>\n<meta property=\"og:locale\" content=\"fi_FI\" \/>\n<meta property=\"og:type\" content=\"article\" \/>\n<meta property=\"og:title\" content=\"Thai-hieronta - V Spa\" \/>\n<meta property=\"og:description\" content=\"Thai-hieronta voi olla v\u00e4in rentouttava, mutta my\u00f6s eritt\u00e4in tehokkaalla parantavalla vaikutuksella. Sopii hyvin vammojen kuntoutukseen, lihasj\u00e4nnityksen lievent\u00e4miseen, auttaa aktivoimaan verenkiertoa...\" \/>\n<meta property=\"og:url\" content=\"https:\/\/vana.vspa.ee\/hoolitsused\/traditsiooniline-tai-massaaz\/\" \/>\n<meta property=\"og:site_name\" content=\"V Spa\" \/>\n<meta property=\"article:modified_time\" content=\"2023-12-07T13:07:28+00:00\" \/>\n<meta name=\"twitter:card\" content=\"summary_large_image\" \/>\n<meta name=\"twitter:label1\" content=\"Arvioitu lukuaika\" \/>\n\t<meta name=\"twitter:data1\" content=\"1 minuutti\" \/>\n<script type=\"application\/ld+json\" class=\"yoast-schema-graph\">{\"@context\":\"https:\/\/schema.org\",\"@graph\":[{\"@type\":\"WebPage\",\"@id\":\"https:\/\/vana.vspa.ee\/hoolitsused\/traditsiooniline-tai-massaaz\/\",\"url\":\"https:\/\/vana.vspa.ee\/hoolitsused\/traditsiooniline-tai-massaaz\/\",\"name\":\"Thai-hieronta - V Spa\",\"isPartOf\":{\"@id\":\"https:\/\/vana.vspa.ee\/#website\"},\"datePublished\":\"2017-03-16T13:50:27+00:00\",\"dateModified\":\"2023-12-07T13:07:28+00:00\",\"breadcrumb\":{\"@id\":\"https:\/\/vana.vspa.ee\/hoolitsused\/traditsiooniline-tai-massaaz\/#breadcrumb\"},\"inLanguage\":\"fi\",\"potentialAction\":[{\"@type\":\"ReadAction\",\"target\":[\"https:\/\/vana.vspa.ee\/hoolitsused\/traditsiooniline-tai-massaaz\/\"]}]},{\"@type\":\"BreadcrumbList\",\"@id\":\"https:\/\/vana.vspa.ee\/hoolitsused\/traditsiooniline-tai-massaaz\/#breadcrumb\",\"itemListElement\":[{\"@type\":\"ListItem\",\"position\":1,\"name\":\"Home\",\"item\":\"https:\/\/vana.vspa.ee\/fi\/\"},{\"@type\":\"ListItem\",\"position\":2,\"name\":\"Hoidot\",\"item\":\"https:\/\/vana.vspa.ee\/hoolitsused\/\"},{\"@type\":\"ListItem\",\"position\":3,\"name\":\"Thai-hieronta\"}]},{\"@type\":\"WebSite\",\"@id\":\"https:\/\/vana.vspa.ee\/#website\",\"url\":\"https:\/\/vana.vspa.ee\/\",\"name\":\"V Spa\",\"description\":\"V\u00f5ta veest viimast!\",\"potentialAction\":[{\"@type\":\"SearchAction\",\"target\":{\"@type\":\"EntryPoint\",\"urlTemplate\":\"https:\/\/vana.vspa.ee\/?s={search_term_string}\"},\"query-input\":{\"@type\":\"PropertyValueSpecification\",\"valueRequired\":true,\"valueName\":\"search_term_string\"}}],\"inLanguage\":\"fi\"}]}<\/script>\n<!-- \/ Yoast SEO plugin. -->","yoast_head_json":{"title":"Thai-hieronta - V Spa","robots":{"index":"noindex","follow":"follow","max-snippet":"max-snippet:-1","max-image-preview":"max-image-preview:large","max-video-preview":"max-video-preview:-1"},"og_locale":"fi_FI","og_type":"article","og_title":"Thai-hieronta - V Spa","og_description":"Thai-hieronta voi olla v\u00e4in rentouttava, mutta my\u00f6s eritt\u00e4in tehokkaalla parantavalla vaikutuksella. Sopii hyvin vammojen kuntoutukseen, lihasj\u00e4nnityksen lievent\u00e4miseen, auttaa aktivoimaan verenkiertoa...","og_url":"https:\/\/vana.vspa.ee\/hoolitsused\/traditsiooniline-tai-massaaz\/","og_site_name":"V Spa","article_modified_time":"2023-12-07T13:07:28+00:00","twitter_card":"summary_large_image","twitter_misc":{"Arvioitu lukuaika":"1 minuutti"},"schema":{"@context":"https:\/\/schema.org","@graph":[{"@type":"WebPage","@id":"https:\/\/vana.vspa.ee\/hoolitsused\/traditsiooniline-tai-massaaz\/","url":"https:\/\/vana.vspa.ee\/hoolitsused\/traditsiooniline-tai-massaaz\/","name":"Thai-hieronta - V Spa","isPartOf":{"@id":"https:\/\/vana.vspa.ee\/#website"},"datePublished":"2017-03-16T13:50:27+00:00","dateModified":"2023-12-07T13:07:28+00:00","breadcrumb":{"@id":"https:\/\/vana.vspa.ee\/hoolitsused\/traditsiooniline-tai-massaaz\/#breadcrumb"},"inLanguage":"fi","potentialAction":[{"@type":"ReadAction","target":["https:\/\/vana.vspa.ee\/hoolitsused\/traditsiooniline-tai-massaaz\/"]}]},{"@type":"BreadcrumbList","@id":"https:\/\/vana.vspa.ee\/hoolitsused\/traditsiooniline-tai-massaaz\/#breadcrumb","itemListElement":[{"@type":"ListItem","position":1,"name":"Home","item":"https:\/\/vana.vspa.ee\/fi\/"},{"@type":"ListItem","position":2,"name":"Hoidot","item":"https:\/\/vana.vspa.ee\/hoolitsused\/"},{"@type":"ListItem","position":3,"name":"Thai-hieronta"}]},{"@type":"WebSite","@id":"https:\/\/vana.vspa.ee\/#website","url":"https:\/\/vana.vspa.ee\/","name":"V Spa","description":"V\u00f5ta veest viimast!","potentialAction":[{"@type":"SearchAction","target":{"@type":"EntryPoint","urlTemplate":"https:\/\/vana.vspa.ee\/?s={search_term_string}"},"query-input":{"@type":"PropertyValueSpecification","valueRequired":true,"valueName":"search_term_string"}}],"inLanguage":"fi"}]}},"_links":{"self":[{"href":"https:\/\/vana.vspa.ee\/fi\/wp-json\/wp\/v2\/pages\/5633","targetHints":{"allow":["GET"]}}],"collection":[{"href":"https:\/\/vana.vspa.ee\/fi\/wp-json\/wp\/v2\/pages"}],"about":[{"href":"https:\/\/vana.vspa.ee\/fi\/wp-json\/wp\/v2\/types\/page"}],"author":[{"embeddable":true,"href":"https:\/\/vana.vspa.ee\/fi\/wp-json\/wp\/v2\/users\/1"}],"replies":[{"embeddable":true,"href":"https:\/\/vana.vspa.ee\/fi\/wp-json\/wp\/v2\/comments?post=5633"}],"version-history":[{"count":3,"href":"https:\/\/vana.vspa.ee\/fi\/wp-json\/wp\/v2\/pages\/5633\/revisions"}],"predecessor-version":[{"id":42213,"href":"https:\/\/vana.vspa.ee\/fi\/wp-json\/wp\/v2\/pages\/5633\/revisions\/42213"}],"up":[{"embeddable":true,"href":"https:\/\/vana.vspa.ee\/fi\/wp-json\/wp\/v2\/pages\/1969"}],"wp:attachment":[{"href":"https:\/\/vana.vspa.ee\/fi\/wp-json\/wp\/v2\/media?parent=5633"}],"curies":[{"name":"wp","href":"https:\/\/api.w.org\/{rel}","templated":true}]}}