{"id":6028,"date":"2017-07-05T11:04:46","date_gmt":"2017-07-05T08:04:46","guid":{"rendered":"http:\/\/vspa.ee\/hoidot\/naha-tervet-jumet-ja-sara-taastav-naohoolitsus\/"},"modified":"2024-01-12T13:53:22","modified_gmt":"2024-01-12T11:53:22","slug":"ihon-tervetta-savya-ja-hohtoa-palauttava-kasvohoito","status":"publish","type":"page","link":"https:\/\/vana.vspa.ee\/fi\/hoidot\/ihon-tervetta-savya-ja-hohtoa-palauttava-kasvohoito\/","title":{"rendered":"Microneedling kasvohoito"},"content":{"rendered":"<p>Microneedling on tehokas hoito mikroneuloilla. Se on edistyksellinen kasvohoito ilman kirurgiaa, ep\u00e4mukavuutta, eritt\u00e4in hell\u00e4varainen ja parantaa ihon laatua muuttamatta kasvojen ilmeikkyytt\u00e4. Hiuksenhienot neulat parantavat ihon koostumusta, v\u00e4hent\u00e4v\u00e4t ryppyj\u00e4, auringon aikaansaamia kauneusvirheit\u00e4 sek\u00e4 muuttavat arvet v\u00e4hemm\u00e4n n\u00e4ht\u00e4viksi. Microneedling-terapia lis\u00e4\u00e4 hoidossa k\u00e4ytett\u00e4vien vitamiinien ja l\u00e4\u00e4keliuosten imentymist\u00e4 ihoon ja sen tavoitteena on stimuloida ihon omaa kollageenituotantoa.<\/p>\n","protected":false},"excerpt":{"rendered":"<p>Microneedling on tehokas hoito mikroneuloilla. Se on edistyksellinen kasvohoito ilman kirurgiaa, ep\u00e4mukavuutta, eritt\u00e4in hell\u00e4varainen ja parantaa ihon laatua muuttamatta kasvojen&#8230;<\/p>\n","protected":false},"author":1,"featured_media":0,"parent":1969,"menu_order":35,"comment_status":"closed","ping_status":"closed","template":"page-templates\/tpl-offer1.php","meta":{"_acf_changed":false,"_monsterinsights_skip_tracking":false,"_monsterinsights_sitenote_active":false,"_monsterinsights_sitenote_note":"","_monsterinsights_sitenote_category":0,"footnotes":"","_links_to":"","_links_to_target":""},"class_list":["post-6028","page","type-page","status-publish","hentry"],"acf":[],"yoast_head":"<!-- This site is optimized with the Yoast SEO plugin v24.7 - https:\/\/yoast.com\/wordpress\/plugins\/seo\/ -->\n<title>Microneedling kasvohoito - V Spa<\/title>\n<meta name=\"robots\" content=\"noindex, follow, max-snippet:-1, max-image-preview:large, max-video-preview:-1\" \/>\n<meta property=\"og:locale\" content=\"fi_FI\" \/>\n<meta property=\"og:type\" content=\"article\" \/>\n<meta property=\"og:title\" content=\"Microneedling kasvohoito - V Spa\" \/>\n<meta property=\"og:description\" content=\"Microneedling on tehokas hoito mikroneuloilla. Se on edistyksellinen kasvohoito ilman kirurgiaa, ep\u00e4mukavuutta, eritt\u00e4in hell\u00e4varainen ja parantaa ihon laatua muuttamatta kasvojen...\" \/>\n<meta property=\"og:url\" content=\"https:\/\/vana.vspa.ee\/hoolitsused\/microneedeling\/\" \/>\n<meta property=\"og:site_name\" content=\"V Spa\" \/>\n<meta property=\"article:modified_time\" content=\"2024-01-12T11:53:22+00:00\" \/>\n<meta name=\"twitter:card\" content=\"summary_large_image\" \/>\n<meta name=\"twitter:label1\" content=\"Arvioitu lukuaika\" \/>\n\t<meta name=\"twitter:data1\" content=\"1 minuutti\" \/>\n<script type=\"application\/ld+json\" class=\"yoast-schema-graph\">{\"@context\":\"https:\/\/schema.org\",\"@graph\":[{\"@type\":\"WebPage\",\"@id\":\"https:\/\/vana.vspa.ee\/hoolitsused\/microneedeling\/\",\"url\":\"https:\/\/vana.vspa.ee\/hoolitsused\/microneedeling\/\",\"name\":\"Microneedling kasvohoito - V Spa\",\"isPartOf\":{\"@id\":\"https:\/\/vana.vspa.ee\/#website\"},\"datePublished\":\"2017-07-05T08:04:46+00:00\",\"dateModified\":\"2024-01-12T11:53:22+00:00\",\"breadcrumb\":{\"@id\":\"https:\/\/vana.vspa.ee\/hoolitsused\/microneedeling\/#breadcrumb\"},\"inLanguage\":\"fi\",\"potentialAction\":[{\"@type\":\"ReadAction\",\"target\":[\"https:\/\/vana.vspa.ee\/hoolitsused\/microneedeling\/\"]}]},{\"@type\":\"BreadcrumbList\",\"@id\":\"https:\/\/vana.vspa.ee\/hoolitsused\/microneedeling\/#breadcrumb\",\"itemListElement\":[{\"@type\":\"ListItem\",\"position\":1,\"name\":\"Home\",\"item\":\"https:\/\/vana.vspa.ee\/fi\/\"},{\"@type\":\"ListItem\",\"position\":2,\"name\":\"Hoidot\",\"item\":\"https:\/\/vana.vspa.ee\/hoolitsused\/\"},{\"@type\":\"ListItem\",\"position\":3,\"name\":\"Microneedling kasvohoito\"}]},{\"@type\":\"WebSite\",\"@id\":\"https:\/\/vana.vspa.ee\/#website\",\"url\":\"https:\/\/vana.vspa.ee\/\",\"name\":\"V Spa\",\"description\":\"V\u00f5ta veest viimast!\",\"potentialAction\":[{\"@type\":\"SearchAction\",\"target\":{\"@type\":\"EntryPoint\",\"urlTemplate\":\"https:\/\/vana.vspa.ee\/?s={search_term_string}\"},\"query-input\":{\"@type\":\"PropertyValueSpecification\",\"valueRequired\":true,\"valueName\":\"search_term_string\"}}],\"inLanguage\":\"fi\"}]}<\/script>\n<!-- \/ Yoast SEO plugin. -->","yoast_head_json":{"title":"Microneedling kasvohoito - V Spa","robots":{"index":"noindex","follow":"follow","max-snippet":"max-snippet:-1","max-image-preview":"max-image-preview:large","max-video-preview":"max-video-preview:-1"},"og_locale":"fi_FI","og_type":"article","og_title":"Microneedling kasvohoito - V Spa","og_description":"Microneedling on tehokas hoito mikroneuloilla. Se on edistyksellinen kasvohoito ilman kirurgiaa, ep\u00e4mukavuutta, eritt\u00e4in hell\u00e4varainen ja parantaa ihon laatua muuttamatta kasvojen...","og_url":"https:\/\/vana.vspa.ee\/hoolitsused\/microneedeling\/","og_site_name":"V Spa","article_modified_time":"2024-01-12T11:53:22+00:00","twitter_card":"summary_large_image","twitter_misc":{"Arvioitu lukuaika":"1 minuutti"},"schema":{"@context":"https:\/\/schema.org","@graph":[{"@type":"WebPage","@id":"https:\/\/vana.vspa.ee\/hoolitsused\/microneedeling\/","url":"https:\/\/vana.vspa.ee\/hoolitsused\/microneedeling\/","name":"Microneedling kasvohoito - V Spa","isPartOf":{"@id":"https:\/\/vana.vspa.ee\/#website"},"datePublished":"2017-07-05T08:04:46+00:00","dateModified":"2024-01-12T11:53:22+00:00","breadcrumb":{"@id":"https:\/\/vana.vspa.ee\/hoolitsused\/microneedeling\/#breadcrumb"},"inLanguage":"fi","potentialAction":[{"@type":"ReadAction","target":["https:\/\/vana.vspa.ee\/hoolitsused\/microneedeling\/"]}]},{"@type":"BreadcrumbList","@id":"https:\/\/vana.vspa.ee\/hoolitsused\/microneedeling\/#breadcrumb","itemListElement":[{"@type":"ListItem","position":1,"name":"Home","item":"https:\/\/vana.vspa.ee\/fi\/"},{"@type":"ListItem","position":2,"name":"Hoidot","item":"https:\/\/vana.vspa.ee\/hoolitsused\/"},{"@type":"ListItem","position":3,"name":"Microneedling kasvohoito"}]},{"@type":"WebSite","@id":"https:\/\/vana.vspa.ee\/#website","url":"https:\/\/vana.vspa.ee\/","name":"V Spa","description":"V\u00f5ta veest viimast!","potentialAction":[{"@type":"SearchAction","target":{"@type":"EntryPoint","urlTemplate":"https:\/\/vana.vspa.ee\/?s={search_term_string}"},"query-input":{"@type":"PropertyValueSpecification","valueRequired":true,"valueName":"search_term_string"}}],"inLanguage":"fi"}]}},"_links":{"self":[{"href":"https:\/\/vana.vspa.ee\/fi\/wp-json\/wp\/v2\/pages\/6028","targetHints":{"allow":["GET"]}}],"collection":[{"href":"https:\/\/vana.vspa.ee\/fi\/wp-json\/wp\/v2\/pages"}],"about":[{"href":"https:\/\/vana.vspa.ee\/fi\/wp-json\/wp\/v2\/types\/page"}],"author":[{"embeddable":true,"href":"https:\/\/vana.vspa.ee\/fi\/wp-json\/wp\/v2\/users\/1"}],"replies":[{"embeddable":true,"href":"https:\/\/vana.vspa.ee\/fi\/wp-json\/wp\/v2\/comments?post=6028"}],"version-history":[{"count":5,"href":"https:\/\/vana.vspa.ee\/fi\/wp-json\/wp\/v2\/pages\/6028\/revisions"}],"predecessor-version":[{"id":43597,"href":"https:\/\/vana.vspa.ee\/fi\/wp-json\/wp\/v2\/pages\/6028\/revisions\/43597"}],"up":[{"embeddable":true,"href":"https:\/\/vana.vspa.ee\/fi\/wp-json\/wp\/v2\/pages\/1969"}],"wp:attachment":[{"href":"https:\/\/vana.vspa.ee\/fi\/wp-json\/wp\/v2\/media?parent=6028"}],"curies":[{"name":"wp","href":"https:\/\/api.w.org\/{rel}","templated":true}]}}