{"id":6035,"date":"2017-06-01T10:02:50","date_gmt":"2017-06-01T07:02:50","guid":{"rendered":"http:\/\/vspa.ee\/hoidot\/massaaz-tulevasele-emale\/"},"modified":"2023-12-07T14:11:21","modified_gmt":"2023-12-07T12:11:21","slug":"massaaz-tulevasele-emale","status":"publish","type":"page","link":"https:\/\/vana.vspa.ee\/fi\/hoidot\/massaaz-tulevasele-emale\/","title":{"rendered":"Hieronta tulevalle \u00e4idille"},"content":{"rendered":"<p>Raskaus on naiselle ihmeellist\u00e4 aikaa, jos siit\u00e4 nauttii t\u00e4ysin rinnoin.<\/p>\n<p>Rentouttavassa hieronnassa tuleville \u00e4ideille k\u00e4ytet\u00e4\u00e4n vain silitt\u00e4vi\u00e4 otteita, jotka helliv\u00e4t kehoa juuri niin kuin pit\u00e4\u00e4. Hierottava makaa hierontap\u00f6yd\u00e4ll\u00e4 itselle mukavassa asennosa ja voi valita kokovartalohieronnan tai valittujen alueiden hieronnan v\u00e4lill\u00e4. Hoito rentouttaa iihaksia, v\u00e4hent\u00e4\u00e4 turvotusta ja parantaa verenkiertoa.<\/p>\n<p>Tule ja tarjoa itsellesi rentoutus, jota jokainen tuleva \u00e4iti tarvitsee!<\/p>\n","protected":false},"excerpt":{"rendered":"<p>Raskaus on naiselle ihmeellist\u00e4 aikaa, jos siit\u00e4 nauttii t\u00e4ysin rinnoin. Rentouttavassa hieronnassa tuleville \u00e4ideille k\u00e4ytet\u00e4\u00e4n vain silitt\u00e4vi\u00e4 otteita, jotka helliv\u00e4t&#8230;<\/p>\n","protected":false},"author":1,"featured_media":0,"parent":1969,"menu_order":34,"comment_status":"closed","ping_status":"closed","template":"page-templates\/tpl-offer1.php","meta":{"_acf_changed":false,"_monsterinsights_skip_tracking":false,"_monsterinsights_sitenote_active":false,"_monsterinsights_sitenote_note":"","_monsterinsights_sitenote_category":0,"footnotes":"","_links_to":"","_links_to_target":""},"class_list":["post-6035","page","type-page","status-publish","hentry"],"acf":[],"yoast_head":"<!-- This site is optimized with the Yoast SEO plugin v24.7 - https:\/\/yoast.com\/wordpress\/plugins\/seo\/ -->\n<title>Hieronta tulevalle \u00e4idille - V Spa<\/title>\n<meta name=\"robots\" content=\"noindex, follow, max-snippet:-1, max-image-preview:large, max-video-preview:-1\" \/>\n<meta property=\"og:locale\" content=\"fi_FI\" \/>\n<meta property=\"og:type\" content=\"article\" \/>\n<meta property=\"og:title\" content=\"Hieronta tulevalle \u00e4idille - V Spa\" \/>\n<meta property=\"og:description\" content=\"Raskaus on naiselle ihmeellist\u00e4 aikaa, jos siit\u00e4 nauttii t\u00e4ysin rinnoin. Rentouttavassa hieronnassa tuleville \u00e4ideille k\u00e4ytet\u00e4\u00e4n vain silitt\u00e4vi\u00e4 otteita, jotka helliv\u00e4t...\" \/>\n<meta property=\"og:url\" content=\"https:\/\/vana.vspa.ee\/hoolitsused\/massaaz-tulevasele-emale\/\" \/>\n<meta property=\"og:site_name\" content=\"V Spa\" \/>\n<meta property=\"article:modified_time\" content=\"2023-12-07T12:11:21+00:00\" \/>\n<meta name=\"twitter:card\" content=\"summary_large_image\" \/>\n<meta name=\"twitter:label1\" content=\"Arvioitu lukuaika\" \/>\n\t<meta name=\"twitter:data1\" content=\"1 minuutti\" \/>\n<script type=\"application\/ld+json\" class=\"yoast-schema-graph\">{\"@context\":\"https:\/\/schema.org\",\"@graph\":[{\"@type\":\"WebPage\",\"@id\":\"https:\/\/vana.vspa.ee\/hoolitsused\/massaaz-tulevasele-emale\/\",\"url\":\"https:\/\/vana.vspa.ee\/hoolitsused\/massaaz-tulevasele-emale\/\",\"name\":\"Hieronta tulevalle \u00e4idille - V Spa\",\"isPartOf\":{\"@id\":\"https:\/\/vana.vspa.ee\/#website\"},\"datePublished\":\"2017-06-01T07:02:50+00:00\",\"dateModified\":\"2023-12-07T12:11:21+00:00\",\"breadcrumb\":{\"@id\":\"https:\/\/vana.vspa.ee\/hoolitsused\/massaaz-tulevasele-emale\/#breadcrumb\"},\"inLanguage\":\"fi\",\"potentialAction\":[{\"@type\":\"ReadAction\",\"target\":[\"https:\/\/vana.vspa.ee\/hoolitsused\/massaaz-tulevasele-emale\/\"]}]},{\"@type\":\"BreadcrumbList\",\"@id\":\"https:\/\/vana.vspa.ee\/hoolitsused\/massaaz-tulevasele-emale\/#breadcrumb\",\"itemListElement\":[{\"@type\":\"ListItem\",\"position\":1,\"name\":\"Home\",\"item\":\"https:\/\/vana.vspa.ee\/fi\/\"},{\"@type\":\"ListItem\",\"position\":2,\"name\":\"Hoidot\",\"item\":\"https:\/\/vana.vspa.ee\/hoolitsused\/\"},{\"@type\":\"ListItem\",\"position\":3,\"name\":\"Hieronta tulevalle \u00e4idille\"}]},{\"@type\":\"WebSite\",\"@id\":\"https:\/\/vana.vspa.ee\/#website\",\"url\":\"https:\/\/vana.vspa.ee\/\",\"name\":\"V Spa\",\"description\":\"V\u00f5ta veest viimast!\",\"potentialAction\":[{\"@type\":\"SearchAction\",\"target\":{\"@type\":\"EntryPoint\",\"urlTemplate\":\"https:\/\/vana.vspa.ee\/?s={search_term_string}\"},\"query-input\":{\"@type\":\"PropertyValueSpecification\",\"valueRequired\":true,\"valueName\":\"search_term_string\"}}],\"inLanguage\":\"fi\"}]}<\/script>\n<!-- \/ Yoast SEO plugin. -->","yoast_head_json":{"title":"Hieronta tulevalle \u00e4idille - V Spa","robots":{"index":"noindex","follow":"follow","max-snippet":"max-snippet:-1","max-image-preview":"max-image-preview:large","max-video-preview":"max-video-preview:-1"},"og_locale":"fi_FI","og_type":"article","og_title":"Hieronta tulevalle \u00e4idille - V Spa","og_description":"Raskaus on naiselle ihmeellist\u00e4 aikaa, jos siit\u00e4 nauttii t\u00e4ysin rinnoin. Rentouttavassa hieronnassa tuleville \u00e4ideille k\u00e4ytet\u00e4\u00e4n vain silitt\u00e4vi\u00e4 otteita, jotka helliv\u00e4t...","og_url":"https:\/\/vana.vspa.ee\/hoolitsused\/massaaz-tulevasele-emale\/","og_site_name":"V Spa","article_modified_time":"2023-12-07T12:11:21+00:00","twitter_card":"summary_large_image","twitter_misc":{"Arvioitu lukuaika":"1 minuutti"},"schema":{"@context":"https:\/\/schema.org","@graph":[{"@type":"WebPage","@id":"https:\/\/vana.vspa.ee\/hoolitsused\/massaaz-tulevasele-emale\/","url":"https:\/\/vana.vspa.ee\/hoolitsused\/massaaz-tulevasele-emale\/","name":"Hieronta tulevalle \u00e4idille - V Spa","isPartOf":{"@id":"https:\/\/vana.vspa.ee\/#website"},"datePublished":"2017-06-01T07:02:50+00:00","dateModified":"2023-12-07T12:11:21+00:00","breadcrumb":{"@id":"https:\/\/vana.vspa.ee\/hoolitsused\/massaaz-tulevasele-emale\/#breadcrumb"},"inLanguage":"fi","potentialAction":[{"@type":"ReadAction","target":["https:\/\/vana.vspa.ee\/hoolitsused\/massaaz-tulevasele-emale\/"]}]},{"@type":"BreadcrumbList","@id":"https:\/\/vana.vspa.ee\/hoolitsused\/massaaz-tulevasele-emale\/#breadcrumb","itemListElement":[{"@type":"ListItem","position":1,"name":"Home","item":"https:\/\/vana.vspa.ee\/fi\/"},{"@type":"ListItem","position":2,"name":"Hoidot","item":"https:\/\/vana.vspa.ee\/hoolitsused\/"},{"@type":"ListItem","position":3,"name":"Hieronta tulevalle \u00e4idille"}]},{"@type":"WebSite","@id":"https:\/\/vana.vspa.ee\/#website","url":"https:\/\/vana.vspa.ee\/","name":"V Spa","description":"V\u00f5ta veest viimast!","potentialAction":[{"@type":"SearchAction","target":{"@type":"EntryPoint","urlTemplate":"https:\/\/vana.vspa.ee\/?s={search_term_string}"},"query-input":{"@type":"PropertyValueSpecification","valueRequired":true,"valueName":"search_term_string"}}],"inLanguage":"fi"}]}},"_links":{"self":[{"href":"https:\/\/vana.vspa.ee\/fi\/wp-json\/wp\/v2\/pages\/6035","targetHints":{"allow":["GET"]}}],"collection":[{"href":"https:\/\/vana.vspa.ee\/fi\/wp-json\/wp\/v2\/pages"}],"about":[{"href":"https:\/\/vana.vspa.ee\/fi\/wp-json\/wp\/v2\/types\/page"}],"author":[{"embeddable":true,"href":"https:\/\/vana.vspa.ee\/fi\/wp-json\/wp\/v2\/users\/1"}],"replies":[{"embeddable":true,"href":"https:\/\/vana.vspa.ee\/fi\/wp-json\/wp\/v2\/comments?post=6035"}],"version-history":[{"count":3,"href":"https:\/\/vana.vspa.ee\/fi\/wp-json\/wp\/v2\/pages\/6035\/revisions"}],"predecessor-version":[{"id":42195,"href":"https:\/\/vana.vspa.ee\/fi\/wp-json\/wp\/v2\/pages\/6035\/revisions\/42195"}],"up":[{"embeddable":true,"href":"https:\/\/vana.vspa.ee\/fi\/wp-json\/wp\/v2\/pages\/1969"}],"wp:attachment":[{"href":"https:\/\/vana.vspa.ee\/fi\/wp-json\/wp\/v2\/media?parent=6035"}],"curies":[{"name":"wp","href":"https:\/\/api.w.org\/{rel}","templated":true}]}}