{"id":6061,"date":"2017-03-16T15:56:48","date_gmt":"2017-03-16T13:56:48","guid":{"rendered":"http:\/\/vspa.ee\/hoidot\/traditsiooniline-tai-massaaz-oliga\/"},"modified":"2023-12-07T15:09:04","modified_gmt":"2023-12-07T13:09:04","slug":"traditsiooniline-tai-massaaz-oliga","status":"publish","type":"page","link":"https:\/\/vana.vspa.ee\/fi\/hoidot\/traditsiooniline-tai-massaaz-oliga\/","title":{"rendered":"Perinteinen Thai-hieronta \u00f6ljyll\u00e4"},"content":{"rendered":"<p>Juuri mainittu hieronta on ihanteellinen lihas- ja pistehieronnan yhdistelm\u00e4, joka yhdistelee manuualiterapina elementtej\u00e4 ja thai-hierojan hell\u00e4t k\u00e4det. Tavoitteena on koko kehon syv\u00e4rentoutus, jotkut jopa nukahtavat toimituksen aikana. \u00d6ljyjen eteeriset ainesosat vaikuttavat hermop\u00e4\u00e4tteisiin, poistavat kehosta myrkkyj\u00e4, auttavat p\u00e4\u00e4kipuun ja unettomuuteen. Maestro suorittaa t\u00e4m\u00e4n taianomaisen rituaalin joka kerta yksil\u00f6llisesti. Kaikki riippuu lihastenne j\u00e4nnittyneisyydest\u00e4, jonka hieroja tuntee sormissaan ja pyrkii laukaisemaan. Koko keho, mukaanlukien k\u00e4mmenet ja jalkap\u00f6yd\u00e4t, muuttuu hieronnan j\u00e4lkeen l\u00e4mpim\u00e4ksi ja joustavaksi ja iho taas kosteaksi ja aromaattiseksi. Toimituksen lopussa maestro hieroo kevyesti p\u00e4\u00e4t\u00e4nne, tekee muutaman venytyksen (niin kuin perinteisess\u00e4 hieronnassa) ja poistaa iholta liian talin.<\/p>\n","protected":false},"excerpt":{"rendered":"<p>Juuri mainittu hieronta on ihanteellinen lihas- ja pistehieronnan yhdistelm\u00e4, joka yhdistelee manuualiterapina elementtej\u00e4 ja thai-hierojan hell\u00e4t k\u00e4det. Tavoitteena on koko&#8230;<\/p>\n","protected":false},"author":1,"featured_media":0,"parent":1969,"menu_order":97,"comment_status":"closed","ping_status":"closed","template":"page-templates\/tpl-offer1.php","meta":{"_acf_changed":false,"_monsterinsights_skip_tracking":false,"_monsterinsights_sitenote_active":false,"_monsterinsights_sitenote_note":"","_monsterinsights_sitenote_category":0,"footnotes":"","_links_to":"","_links_to_target":""},"class_list":["post-6061","page","type-page","status-publish","hentry"],"acf":[],"yoast_head":"<!-- This site is optimized with the Yoast SEO plugin v24.7 - https:\/\/yoast.com\/wordpress\/plugins\/seo\/ -->\n<title>Perinteinen Thai-hieronta \u00f6ljyll\u00e4 - V Spa<\/title>\n<meta name=\"robots\" content=\"noindex, follow, max-snippet:-1, max-image-preview:large, max-video-preview:-1\" \/>\n<meta property=\"og:locale\" content=\"fi_FI\" \/>\n<meta property=\"og:type\" content=\"article\" \/>\n<meta property=\"og:title\" content=\"Perinteinen Thai-hieronta \u00f6ljyll\u00e4 - V Spa\" \/>\n<meta property=\"og:description\" content=\"Juuri mainittu hieronta on ihanteellinen lihas- ja pistehieronnan yhdistelm\u00e4, joka yhdistelee manuualiterapina elementtej\u00e4 ja thai-hierojan hell\u00e4t k\u00e4det. Tavoitteena on koko...\" \/>\n<meta property=\"og:url\" content=\"https:\/\/vana.vspa.ee\/hoolitsused\/traditsiooniline-tai-massaaz-oliga\/\" \/>\n<meta property=\"og:site_name\" content=\"V Spa\" \/>\n<meta property=\"article:modified_time\" content=\"2023-12-07T13:09:04+00:00\" \/>\n<meta name=\"twitter:card\" content=\"summary_large_image\" \/>\n<meta name=\"twitter:label1\" content=\"Arvioitu lukuaika\" \/>\n\t<meta name=\"twitter:data1\" content=\"1 minuutti\" \/>\n<script type=\"application\/ld+json\" class=\"yoast-schema-graph\">{\"@context\":\"https:\/\/schema.org\",\"@graph\":[{\"@type\":\"WebPage\",\"@id\":\"https:\/\/vana.vspa.ee\/hoolitsused\/traditsiooniline-tai-massaaz-oliga\/\",\"url\":\"https:\/\/vana.vspa.ee\/hoolitsused\/traditsiooniline-tai-massaaz-oliga\/\",\"name\":\"Perinteinen Thai-hieronta \u00f6ljyll\u00e4 - V Spa\",\"isPartOf\":{\"@id\":\"https:\/\/vana.vspa.ee\/#website\"},\"datePublished\":\"2017-03-16T13:56:48+00:00\",\"dateModified\":\"2023-12-07T13:09:04+00:00\",\"breadcrumb\":{\"@id\":\"https:\/\/vana.vspa.ee\/hoolitsused\/traditsiooniline-tai-massaaz-oliga\/#breadcrumb\"},\"inLanguage\":\"fi\",\"potentialAction\":[{\"@type\":\"ReadAction\",\"target\":[\"https:\/\/vana.vspa.ee\/hoolitsused\/traditsiooniline-tai-massaaz-oliga\/\"]}]},{\"@type\":\"BreadcrumbList\",\"@id\":\"https:\/\/vana.vspa.ee\/hoolitsused\/traditsiooniline-tai-massaaz-oliga\/#breadcrumb\",\"itemListElement\":[{\"@type\":\"ListItem\",\"position\":1,\"name\":\"Home\",\"item\":\"https:\/\/vana.vspa.ee\/fi\/\"},{\"@type\":\"ListItem\",\"position\":2,\"name\":\"Hoidot\",\"item\":\"https:\/\/vana.vspa.ee\/hoolitsused\/\"},{\"@type\":\"ListItem\",\"position\":3,\"name\":\"Perinteinen Thai-hieronta \u00f6ljyll\u00e4\"}]},{\"@type\":\"WebSite\",\"@id\":\"https:\/\/vana.vspa.ee\/#website\",\"url\":\"https:\/\/vana.vspa.ee\/\",\"name\":\"V Spa\",\"description\":\"V\u00f5ta veest viimast!\",\"potentialAction\":[{\"@type\":\"SearchAction\",\"target\":{\"@type\":\"EntryPoint\",\"urlTemplate\":\"https:\/\/vana.vspa.ee\/?s={search_term_string}\"},\"query-input\":{\"@type\":\"PropertyValueSpecification\",\"valueRequired\":true,\"valueName\":\"search_term_string\"}}],\"inLanguage\":\"fi\"}]}<\/script>\n<!-- \/ Yoast SEO plugin. -->","yoast_head_json":{"title":"Perinteinen Thai-hieronta \u00f6ljyll\u00e4 - V Spa","robots":{"index":"noindex","follow":"follow","max-snippet":"max-snippet:-1","max-image-preview":"max-image-preview:large","max-video-preview":"max-video-preview:-1"},"og_locale":"fi_FI","og_type":"article","og_title":"Perinteinen Thai-hieronta \u00f6ljyll\u00e4 - V Spa","og_description":"Juuri mainittu hieronta on ihanteellinen lihas- ja pistehieronnan yhdistelm\u00e4, joka yhdistelee manuualiterapina elementtej\u00e4 ja thai-hierojan hell\u00e4t k\u00e4det. Tavoitteena on koko...","og_url":"https:\/\/vana.vspa.ee\/hoolitsused\/traditsiooniline-tai-massaaz-oliga\/","og_site_name":"V Spa","article_modified_time":"2023-12-07T13:09:04+00:00","twitter_card":"summary_large_image","twitter_misc":{"Arvioitu lukuaika":"1 minuutti"},"schema":{"@context":"https:\/\/schema.org","@graph":[{"@type":"WebPage","@id":"https:\/\/vana.vspa.ee\/hoolitsused\/traditsiooniline-tai-massaaz-oliga\/","url":"https:\/\/vana.vspa.ee\/hoolitsused\/traditsiooniline-tai-massaaz-oliga\/","name":"Perinteinen Thai-hieronta \u00f6ljyll\u00e4 - V Spa","isPartOf":{"@id":"https:\/\/vana.vspa.ee\/#website"},"datePublished":"2017-03-16T13:56:48+00:00","dateModified":"2023-12-07T13:09:04+00:00","breadcrumb":{"@id":"https:\/\/vana.vspa.ee\/hoolitsused\/traditsiooniline-tai-massaaz-oliga\/#breadcrumb"},"inLanguage":"fi","potentialAction":[{"@type":"ReadAction","target":["https:\/\/vana.vspa.ee\/hoolitsused\/traditsiooniline-tai-massaaz-oliga\/"]}]},{"@type":"BreadcrumbList","@id":"https:\/\/vana.vspa.ee\/hoolitsused\/traditsiooniline-tai-massaaz-oliga\/#breadcrumb","itemListElement":[{"@type":"ListItem","position":1,"name":"Home","item":"https:\/\/vana.vspa.ee\/fi\/"},{"@type":"ListItem","position":2,"name":"Hoidot","item":"https:\/\/vana.vspa.ee\/hoolitsused\/"},{"@type":"ListItem","position":3,"name":"Perinteinen Thai-hieronta \u00f6ljyll\u00e4"}]},{"@type":"WebSite","@id":"https:\/\/vana.vspa.ee\/#website","url":"https:\/\/vana.vspa.ee\/","name":"V Spa","description":"V\u00f5ta veest viimast!","potentialAction":[{"@type":"SearchAction","target":{"@type":"EntryPoint","urlTemplate":"https:\/\/vana.vspa.ee\/?s={search_term_string}"},"query-input":{"@type":"PropertyValueSpecification","valueRequired":true,"valueName":"search_term_string"}}],"inLanguage":"fi"}]}},"_links":{"self":[{"href":"https:\/\/vana.vspa.ee\/fi\/wp-json\/wp\/v2\/pages\/6061","targetHints":{"allow":["GET"]}}],"collection":[{"href":"https:\/\/vana.vspa.ee\/fi\/wp-json\/wp\/v2\/pages"}],"about":[{"href":"https:\/\/vana.vspa.ee\/fi\/wp-json\/wp\/v2\/types\/page"}],"author":[{"embeddable":true,"href":"https:\/\/vana.vspa.ee\/fi\/wp-json\/wp\/v2\/users\/1"}],"replies":[{"embeddable":true,"href":"https:\/\/vana.vspa.ee\/fi\/wp-json\/wp\/v2\/comments?post=6061"}],"version-history":[{"count":3,"href":"https:\/\/vana.vspa.ee\/fi\/wp-json\/wp\/v2\/pages\/6061\/revisions"}],"predecessor-version":[{"id":42214,"href":"https:\/\/vana.vspa.ee\/fi\/wp-json\/wp\/v2\/pages\/6061\/revisions\/42214"}],"up":[{"embeddable":true,"href":"https:\/\/vana.vspa.ee\/fi\/wp-json\/wp\/v2\/pages\/1969"}],"wp:attachment":[{"href":"https:\/\/vana.vspa.ee\/fi\/wp-json\/wp\/v2\/media?parent=6061"}],"curies":[{"name":"wp","href":"https:\/\/api.w.org\/{rel}","templated":true}]}}