{"id":6063,"date":"2017-01-23T10:15:51","date_gmt":"2017-01-23T08:15:51","guid":{"rendered":"http:\/\/vspa.ee\/hoidot\/abhyanga-massaaz\/"},"modified":"2023-12-07T14:13:31","modified_gmt":"2023-12-07T12:13:31","slug":"abhyanga-massaaz","status":"publish","type":"page","link":"https:\/\/vana.vspa.ee\/fi\/hoidot\/abhyanga-massaaz\/","title":{"rendered":"Abhyanga hieronta"},"content":{"rendered":"<p>Abhyanga (kirjaimellisesti \u201d\u00f6ljyhieronta\u201d) on erityinen, Intiasta per\u00e4isin oleva syv\u00e4\u00e4 rentoutusta tarjoava hieronta, joka aktivoi seisovaa energiaa. Hieronnassa k\u00e4ytet\u00e4\u00e4n aina l\u00e4mmint\u00e4 \u00f6ljy\u00e4, jonka avulla palautetaan \u201dPrana\u201d eli energian liikkuminen. Abhyanga-hieronnassa k\u00e4ytett\u00e4v\u00e4 seesami- ja manteli\u00f6ljy ravitsee ja vahvistaa kudoksia ja auttaa kudoksia puhdistumaan kuona-aineista. Hoidossa k\u00e4ytet\u00e4\u00e4n runsaasti \u00f6ljy\u00e4, joten my\u00f6s hiukset ovat koko pituudeltaan \u00f6ljyiset hoidon j\u00e4lkeen. T\u00e4m\u00e4 \u00f6ljy on kuitenkin hiuksille hy\u00f6dyllist\u00e4, joten suosittelemme pesem\u00e4\u00e4n \u00f6ljyn hiuksista vasta seuraavana p\u00e4iv\u00e4n\u00e4.<br \/>\nAbhyangalla on syv\u00e4 ja tervehdytt\u00e4v\u00e4 vaikutus, ja se tasapainoittaa kehoa, mielt\u00e4 ja tajuntaa. Hieronta tekee kudokset vahvemmaksi, parantaa verenkiertoa ja vaikuttaa koko kehoon nuorentavasti. Se v\u00e4hent\u00e4\u00e4 stressi\u00e4 ja poistaa kehosta kuona-aineita, sill\u00e4 sit\u00e4 k\u00e4ytet\u00e4\u00e4n my\u00f6s lymfakierron aktivointiin. Abhyanga-hieronnassa vaikutetaan ayurvedassa kuvailtuihin marma (energia)-pisteisiin, joita l\u00f6ytyy kehon etu- ja takapuolelta: rinnasta ja vatsalta, sel\u00e4st\u00e4, k\u00e4sivarsilta, p\u00e4\u00e4n ja hartioiden alueelta. Abhyanga sopii erityisesti ihmisille, joilla on kuiva ja kylm\u00e4 iho, Dosha-tyypeist\u00e4 se on Vata (eli tuulen ja ilman energia).<\/p>\n","protected":false},"excerpt":{"rendered":"<p>Abhyanga (kirjaimellisesti \u201d\u00f6ljyhieronta\u201d) on erityinen, Intiasta per\u00e4isin oleva syv\u00e4\u00e4 rentoutusta tarjoava hieronta, joka aktivoi seisovaa energiaa. Hieronnassa k\u00e4ytet\u00e4\u00e4n aina l\u00e4mmint\u00e4&#8230;<\/p>\n","protected":false},"author":1,"featured_media":0,"parent":1969,"menu_order":43,"comment_status":"closed","ping_status":"closed","template":"page-templates\/tpl-offer1.php","meta":{"_acf_changed":false,"_monsterinsights_skip_tracking":false,"_monsterinsights_sitenote_active":false,"_monsterinsights_sitenote_note":"","_monsterinsights_sitenote_category":0,"footnotes":"","_links_to":"","_links_to_target":""},"class_list":["post-6063","page","type-page","status-publish","hentry"],"acf":[],"yoast_head":"<!-- This site is optimized with the Yoast SEO plugin v24.7 - https:\/\/yoast.com\/wordpress\/plugins\/seo\/ -->\n<title>Abhyanga hieronta - V Spa<\/title>\n<meta name=\"robots\" content=\"noindex, follow, max-snippet:-1, max-image-preview:large, max-video-preview:-1\" \/>\n<meta property=\"og:locale\" content=\"fi_FI\" \/>\n<meta property=\"og:type\" content=\"article\" \/>\n<meta property=\"og:title\" content=\"Abhyanga hieronta - V Spa\" \/>\n<meta property=\"og:description\" content=\"Abhyanga (kirjaimellisesti \u201d\u00f6ljyhieronta\u201d) on erityinen, Intiasta per\u00e4isin oleva syv\u00e4\u00e4 rentoutusta tarjoava hieronta, joka aktivoi seisovaa energiaa. Hieronnassa k\u00e4ytet\u00e4\u00e4n aina l\u00e4mmint\u00e4...\" \/>\n<meta property=\"og:url\" content=\"https:\/\/vana.vspa.ee\/hoolitsused\/abhyanga-massaaz\/\" \/>\n<meta property=\"og:site_name\" content=\"V Spa\" \/>\n<meta property=\"article:modified_time\" content=\"2023-12-07T12:13:31+00:00\" \/>\n<meta name=\"twitter:card\" content=\"summary_large_image\" \/>\n<meta name=\"twitter:label1\" content=\"Arvioitu lukuaika\" \/>\n\t<meta name=\"twitter:data1\" content=\"1 minuutti\" \/>\n<script type=\"application\/ld+json\" class=\"yoast-schema-graph\">{\"@context\":\"https:\/\/schema.org\",\"@graph\":[{\"@type\":\"WebPage\",\"@id\":\"https:\/\/vana.vspa.ee\/hoolitsused\/abhyanga-massaaz\/\",\"url\":\"https:\/\/vana.vspa.ee\/hoolitsused\/abhyanga-massaaz\/\",\"name\":\"Abhyanga hieronta - V Spa\",\"isPartOf\":{\"@id\":\"https:\/\/vana.vspa.ee\/#website\"},\"datePublished\":\"2017-01-23T08:15:51+00:00\",\"dateModified\":\"2023-12-07T12:13:31+00:00\",\"breadcrumb\":{\"@id\":\"https:\/\/vana.vspa.ee\/hoolitsused\/abhyanga-massaaz\/#breadcrumb\"},\"inLanguage\":\"fi\",\"potentialAction\":[{\"@type\":\"ReadAction\",\"target\":[\"https:\/\/vana.vspa.ee\/hoolitsused\/abhyanga-massaaz\/\"]}]},{\"@type\":\"BreadcrumbList\",\"@id\":\"https:\/\/vana.vspa.ee\/hoolitsused\/abhyanga-massaaz\/#breadcrumb\",\"itemListElement\":[{\"@type\":\"ListItem\",\"position\":1,\"name\":\"Home\",\"item\":\"https:\/\/vana.vspa.ee\/fi\/\"},{\"@type\":\"ListItem\",\"position\":2,\"name\":\"Hoidot\",\"item\":\"https:\/\/vana.vspa.ee\/hoolitsused\/\"},{\"@type\":\"ListItem\",\"position\":3,\"name\":\"Abhyanga hieronta\"}]},{\"@type\":\"WebSite\",\"@id\":\"https:\/\/vana.vspa.ee\/#website\",\"url\":\"https:\/\/vana.vspa.ee\/\",\"name\":\"V Spa\",\"description\":\"V\u00f5ta veest viimast!\",\"potentialAction\":[{\"@type\":\"SearchAction\",\"target\":{\"@type\":\"EntryPoint\",\"urlTemplate\":\"https:\/\/vana.vspa.ee\/?s={search_term_string}\"},\"query-input\":{\"@type\":\"PropertyValueSpecification\",\"valueRequired\":true,\"valueName\":\"search_term_string\"}}],\"inLanguage\":\"fi\"}]}<\/script>\n<!-- \/ Yoast SEO plugin. -->","yoast_head_json":{"title":"Abhyanga hieronta - V Spa","robots":{"index":"noindex","follow":"follow","max-snippet":"max-snippet:-1","max-image-preview":"max-image-preview:large","max-video-preview":"max-video-preview:-1"},"og_locale":"fi_FI","og_type":"article","og_title":"Abhyanga hieronta - V Spa","og_description":"Abhyanga (kirjaimellisesti \u201d\u00f6ljyhieronta\u201d) on erityinen, Intiasta per\u00e4isin oleva syv\u00e4\u00e4 rentoutusta tarjoava hieronta, joka aktivoi seisovaa energiaa. Hieronnassa k\u00e4ytet\u00e4\u00e4n aina l\u00e4mmint\u00e4...","og_url":"https:\/\/vana.vspa.ee\/hoolitsused\/abhyanga-massaaz\/","og_site_name":"V Spa","article_modified_time":"2023-12-07T12:13:31+00:00","twitter_card":"summary_large_image","twitter_misc":{"Arvioitu lukuaika":"1 minuutti"},"schema":{"@context":"https:\/\/schema.org","@graph":[{"@type":"WebPage","@id":"https:\/\/vana.vspa.ee\/hoolitsused\/abhyanga-massaaz\/","url":"https:\/\/vana.vspa.ee\/hoolitsused\/abhyanga-massaaz\/","name":"Abhyanga hieronta - V Spa","isPartOf":{"@id":"https:\/\/vana.vspa.ee\/#website"},"datePublished":"2017-01-23T08:15:51+00:00","dateModified":"2023-12-07T12:13:31+00:00","breadcrumb":{"@id":"https:\/\/vana.vspa.ee\/hoolitsused\/abhyanga-massaaz\/#breadcrumb"},"inLanguage":"fi","potentialAction":[{"@type":"ReadAction","target":["https:\/\/vana.vspa.ee\/hoolitsused\/abhyanga-massaaz\/"]}]},{"@type":"BreadcrumbList","@id":"https:\/\/vana.vspa.ee\/hoolitsused\/abhyanga-massaaz\/#breadcrumb","itemListElement":[{"@type":"ListItem","position":1,"name":"Home","item":"https:\/\/vana.vspa.ee\/fi\/"},{"@type":"ListItem","position":2,"name":"Hoidot","item":"https:\/\/vana.vspa.ee\/hoolitsused\/"},{"@type":"ListItem","position":3,"name":"Abhyanga hieronta"}]},{"@type":"WebSite","@id":"https:\/\/vana.vspa.ee\/#website","url":"https:\/\/vana.vspa.ee\/","name":"V Spa","description":"V\u00f5ta veest viimast!","potentialAction":[{"@type":"SearchAction","target":{"@type":"EntryPoint","urlTemplate":"https:\/\/vana.vspa.ee\/?s={search_term_string}"},"query-input":{"@type":"PropertyValueSpecification","valueRequired":true,"valueName":"search_term_string"}}],"inLanguage":"fi"}]}},"_links":{"self":[{"href":"https:\/\/vana.vspa.ee\/fi\/wp-json\/wp\/v2\/pages\/6063","targetHints":{"allow":["GET"]}}],"collection":[{"href":"https:\/\/vana.vspa.ee\/fi\/wp-json\/wp\/v2\/pages"}],"about":[{"href":"https:\/\/vana.vspa.ee\/fi\/wp-json\/wp\/v2\/types\/page"}],"author":[{"embeddable":true,"href":"https:\/\/vana.vspa.ee\/fi\/wp-json\/wp\/v2\/users\/1"}],"replies":[{"embeddable":true,"href":"https:\/\/vana.vspa.ee\/fi\/wp-json\/wp\/v2\/comments?post=6063"}],"version-history":[{"count":5,"href":"https:\/\/vana.vspa.ee\/fi\/wp-json\/wp\/v2\/pages\/6063\/revisions"}],"predecessor-version":[{"id":42196,"href":"https:\/\/vana.vspa.ee\/fi\/wp-json\/wp\/v2\/pages\/6063\/revisions\/42196"}],"up":[{"embeddable":true,"href":"https:\/\/vana.vspa.ee\/fi\/wp-json\/wp\/v2\/pages\/1969"}],"wp:attachment":[{"href":"https:\/\/vana.vspa.ee\/fi\/wp-json\/wp\/v2\/media?parent=6063"}],"curies":[{"name":"wp","href":"https:\/\/api.w.org\/{rel}","templated":true}]}}