{"id":6668,"date":"2017-09-05T11:18:26","date_gmt":"2017-09-05T08:18:26","guid":{"rendered":"http:\/\/vspa.ee\/hoidot\/hydradermie-lift\/"},"modified":"2024-11-28T14:55:32","modified_gmt":"2024-11-28T12:55:32","slug":"hydradermie-lift","status":"publish","type":"page","link":"https:\/\/vana.vspa.ee\/fi\/hoidot\/hydradermie-lift\/","title":{"rendered":"Hydradermie Lift"},"content":{"rendered":"<p>Kasvo- ja kaulalihaksia kiinteytt\u00e4v\u00e4 hoito, joka palauttaa lihasten kimmoisuuden ja kiinteyden hell\u00e4n mikrovirran avulla. Hoidon alussa stimuloidaan lymfakiertoa, jotta kudoksista poistuisi liika neste ja kuona-aineet, mik\u00e4 kirkastaa ihoa ja v\u00e4hent\u00e4\u00e4 turvotuksia. T\u00e4m\u00e4n j\u00e4lkeen teht\u00e4v\u00e4 lihasten stimulointi kiinteytt\u00e4\u00e4 kasvonpiirteit\u00e4 silminn\u00e4ht\u00e4v\u00e4sti ja palauttaa ihon solujen aktiivisuuden. Hoidon kruunaa rentouttava hieronta ja iholle sopivat naamiot sek\u00e4 voiteet.<\/p>\n<p>Hoidossa k\u00e4ytet\u00e4\u00e4n GUINOT-sarjan tuotteita.<\/p>\n","protected":false},"excerpt":{"rendered":"<p>Kasvo- ja kaulalihaksia kiinteytt\u00e4v\u00e4 hoito, joka palauttaa lihasten kimmoisuuden ja kiinteyden hell\u00e4n mikrovirran avulla. Hoidon alussa stimuloidaan lymfakiertoa, jotta kudoksista&#8230;<\/p>\n","protected":false},"author":1,"featured_media":0,"parent":1969,"menu_order":33,"comment_status":"closed","ping_status":"closed","template":"page-templates\/tpl-offer1.php","meta":{"_acf_changed":false,"_monsterinsights_skip_tracking":false,"_monsterinsights_sitenote_active":false,"_monsterinsights_sitenote_note":"","_monsterinsights_sitenote_category":0,"footnotes":"","_links_to":"","_links_to_target":""},"class_list":["post-6668","page","type-page","status-publish","hentry"],"acf":[],"yoast_head":"<!-- This site is optimized with the Yoast SEO plugin v24.7 - https:\/\/yoast.com\/wordpress\/plugins\/seo\/ -->\n<title>Hydradermie Lift - V Spa<\/title>\n<meta name=\"robots\" content=\"noindex, follow, max-snippet:-1, max-image-preview:large, max-video-preview:-1\" \/>\n<meta property=\"og:locale\" content=\"fi_FI\" \/>\n<meta property=\"og:type\" content=\"article\" \/>\n<meta property=\"og:title\" content=\"Hydradermie Lift - V Spa\" \/>\n<meta property=\"og:description\" content=\"Kasvo- ja kaulalihaksia kiinteytt\u00e4v\u00e4 hoito, joka palauttaa lihasten kimmoisuuden ja kiinteyden hell\u00e4n mikrovirran avulla. Hoidon alussa stimuloidaan lymfakiertoa, jotta kudoksista...\" \/>\n<meta property=\"og:url\" content=\"https:\/\/vana.vspa.ee\/hoolitsused\/hydradermie-lift\/\" \/>\n<meta property=\"og:site_name\" content=\"V Spa\" \/>\n<meta property=\"article:modified_time\" content=\"2024-11-28T12:55:32+00:00\" \/>\n<meta name=\"twitter:card\" content=\"summary_large_image\" \/>\n<meta name=\"twitter:label1\" content=\"Arvioitu lukuaika\" \/>\n\t<meta name=\"twitter:data1\" content=\"1 minuutti\" \/>\n<script type=\"application\/ld+json\" class=\"yoast-schema-graph\">{\"@context\":\"https:\/\/schema.org\",\"@graph\":[{\"@type\":\"WebPage\",\"@id\":\"https:\/\/vana.vspa.ee\/hoolitsused\/hydradermie-lift\/\",\"url\":\"https:\/\/vana.vspa.ee\/hoolitsused\/hydradermie-lift\/\",\"name\":\"Hydradermie Lift - V Spa\",\"isPartOf\":{\"@id\":\"https:\/\/vana.vspa.ee\/#website\"},\"datePublished\":\"2017-09-05T08:18:26+00:00\",\"dateModified\":\"2024-11-28T12:55:32+00:00\",\"breadcrumb\":{\"@id\":\"https:\/\/vana.vspa.ee\/hoolitsused\/hydradermie-lift\/#breadcrumb\"},\"inLanguage\":\"fi\",\"potentialAction\":[{\"@type\":\"ReadAction\",\"target\":[\"https:\/\/vana.vspa.ee\/hoolitsused\/hydradermie-lift\/\"]}]},{\"@type\":\"BreadcrumbList\",\"@id\":\"https:\/\/vana.vspa.ee\/hoolitsused\/hydradermie-lift\/#breadcrumb\",\"itemListElement\":[{\"@type\":\"ListItem\",\"position\":1,\"name\":\"Home\",\"item\":\"https:\/\/vana.vspa.ee\/fi\/\"},{\"@type\":\"ListItem\",\"position\":2,\"name\":\"Hoidot\",\"item\":\"https:\/\/vana.vspa.ee\/hoolitsused\/\"},{\"@type\":\"ListItem\",\"position\":3,\"name\":\"Hydradermie Lift\"}]},{\"@type\":\"WebSite\",\"@id\":\"https:\/\/vana.vspa.ee\/#website\",\"url\":\"https:\/\/vana.vspa.ee\/\",\"name\":\"V Spa\",\"description\":\"V\u00f5ta veest viimast!\",\"potentialAction\":[{\"@type\":\"SearchAction\",\"target\":{\"@type\":\"EntryPoint\",\"urlTemplate\":\"https:\/\/vana.vspa.ee\/?s={search_term_string}\"},\"query-input\":{\"@type\":\"PropertyValueSpecification\",\"valueRequired\":true,\"valueName\":\"search_term_string\"}}],\"inLanguage\":\"fi\"}]}<\/script>\n<!-- \/ Yoast SEO plugin. -->","yoast_head_json":{"title":"Hydradermie Lift - V Spa","robots":{"index":"noindex","follow":"follow","max-snippet":"max-snippet:-1","max-image-preview":"max-image-preview:large","max-video-preview":"max-video-preview:-1"},"og_locale":"fi_FI","og_type":"article","og_title":"Hydradermie Lift - V Spa","og_description":"Kasvo- ja kaulalihaksia kiinteytt\u00e4v\u00e4 hoito, joka palauttaa lihasten kimmoisuuden ja kiinteyden hell\u00e4n mikrovirran avulla. Hoidon alussa stimuloidaan lymfakiertoa, jotta kudoksista...","og_url":"https:\/\/vana.vspa.ee\/hoolitsused\/hydradermie-lift\/","og_site_name":"V Spa","article_modified_time":"2024-11-28T12:55:32+00:00","twitter_card":"summary_large_image","twitter_misc":{"Arvioitu lukuaika":"1 minuutti"},"schema":{"@context":"https:\/\/schema.org","@graph":[{"@type":"WebPage","@id":"https:\/\/vana.vspa.ee\/hoolitsused\/hydradermie-lift\/","url":"https:\/\/vana.vspa.ee\/hoolitsused\/hydradermie-lift\/","name":"Hydradermie Lift - V Spa","isPartOf":{"@id":"https:\/\/vana.vspa.ee\/#website"},"datePublished":"2017-09-05T08:18:26+00:00","dateModified":"2024-11-28T12:55:32+00:00","breadcrumb":{"@id":"https:\/\/vana.vspa.ee\/hoolitsused\/hydradermie-lift\/#breadcrumb"},"inLanguage":"fi","potentialAction":[{"@type":"ReadAction","target":["https:\/\/vana.vspa.ee\/hoolitsused\/hydradermie-lift\/"]}]},{"@type":"BreadcrumbList","@id":"https:\/\/vana.vspa.ee\/hoolitsused\/hydradermie-lift\/#breadcrumb","itemListElement":[{"@type":"ListItem","position":1,"name":"Home","item":"https:\/\/vana.vspa.ee\/fi\/"},{"@type":"ListItem","position":2,"name":"Hoidot","item":"https:\/\/vana.vspa.ee\/hoolitsused\/"},{"@type":"ListItem","position":3,"name":"Hydradermie Lift"}]},{"@type":"WebSite","@id":"https:\/\/vana.vspa.ee\/#website","url":"https:\/\/vana.vspa.ee\/","name":"V Spa","description":"V\u00f5ta veest viimast!","potentialAction":[{"@type":"SearchAction","target":{"@type":"EntryPoint","urlTemplate":"https:\/\/vana.vspa.ee\/?s={search_term_string}"},"query-input":{"@type":"PropertyValueSpecification","valueRequired":true,"valueName":"search_term_string"}}],"inLanguage":"fi"}]}},"_links":{"self":[{"href":"https:\/\/vana.vspa.ee\/fi\/wp-json\/wp\/v2\/pages\/6668","targetHints":{"allow":["GET"]}}],"collection":[{"href":"https:\/\/vana.vspa.ee\/fi\/wp-json\/wp\/v2\/pages"}],"about":[{"href":"https:\/\/vana.vspa.ee\/fi\/wp-json\/wp\/v2\/types\/page"}],"author":[{"embeddable":true,"href":"https:\/\/vana.vspa.ee\/fi\/wp-json\/wp\/v2\/users\/1"}],"replies":[{"embeddable":true,"href":"https:\/\/vana.vspa.ee\/fi\/wp-json\/wp\/v2\/comments?post=6668"}],"version-history":[{"count":4,"href":"https:\/\/vana.vspa.ee\/fi\/wp-json\/wp\/v2\/pages\/6668\/revisions"}],"predecessor-version":[{"id":47167,"href":"https:\/\/vana.vspa.ee\/fi\/wp-json\/wp\/v2\/pages\/6668\/revisions\/47167"}],"up":[{"embeddable":true,"href":"https:\/\/vana.vspa.ee\/fi\/wp-json\/wp\/v2\/pages\/1969"}],"wp:attachment":[{"href":"https:\/\/vana.vspa.ee\/fi\/wp-json\/wp\/v2\/media?parent=6668"}],"curies":[{"name":"wp","href":"https:\/\/api.w.org\/{rel}","templated":true}]}}