{"id":6679,"date":"2017-09-05T11:47:57","date_gmt":"2017-09-05T08:47:57","guid":{"rendered":"http:\/\/vspa.ee\/hoidot\/hydradermie-noortele\/"},"modified":"2024-11-28T14:48:11","modified_gmt":"2024-11-28T12:48:11","slug":"hydradermie-noortele","status":"publish","type":"page","link":"https:\/\/vana.vspa.ee\/fi\/hoidot\/hydradermie-noortele\/","title":{"rendered":"Hydradermie kasvohoito nuorille"},"content":{"rendered":"<p><strong>\u00a0<\/strong>Syv\u00e4puhdistava kasvohoito on suunniteltu juuri nuoren ihon tarpeisiin. Hoito alkaa perusteellisella puhdistuksella, jonka j\u00e4lkeen ihoa k\u00e4sitell\u00e4\u00e4n puhdistavalla ja tasapainottavalla ionisaatiolla. Hoidon aikana k\u00e4ytet\u00e4\u00e4n ongelmaiholle tarkoitettuja erikoistuotteita, jotka tasapainoittavat nuoren ihon ep\u00e4puhtauksia. Hoito ei sis\u00e4ll\u00e4 hierontaa.<\/p>\n<p>Hoidossa k\u00e4ytet\u00e4\u00e4n GUINOT-sarjan tuotteita.<\/p>\n","protected":false},"excerpt":{"rendered":"<p>\u00a0Syv\u00e4puhdistava kasvohoito on suunniteltu juuri nuoren ihon tarpeisiin. Hoito alkaa perusteellisella puhdistuksella, jonka j\u00e4lkeen ihoa k\u00e4sitell\u00e4\u00e4n puhdistavalla ja tasapainottavalla ionisaatiolla&#8230;.<\/p>\n","protected":false},"author":1,"featured_media":0,"parent":1969,"menu_order":28,"comment_status":"closed","ping_status":"closed","template":"page-templates\/tpl-offer1.php","meta":{"_acf_changed":false,"_monsterinsights_skip_tracking":false,"_monsterinsights_sitenote_active":false,"_monsterinsights_sitenote_note":"","_monsterinsights_sitenote_category":0,"footnotes":"","_links_to":"","_links_to_target":""},"class_list":["post-6679","page","type-page","status-publish","hentry"],"acf":[],"yoast_head":"<!-- This site is optimized with the Yoast SEO plugin v24.7 - https:\/\/yoast.com\/wordpress\/plugins\/seo\/ -->\n<title>Hydradermie kasvohoito nuorille - V Spa<\/title>\n<meta name=\"robots\" content=\"noindex, follow, max-snippet:-1, max-image-preview:large, max-video-preview:-1\" \/>\n<meta property=\"og:locale\" content=\"fi_FI\" \/>\n<meta property=\"og:type\" content=\"article\" \/>\n<meta property=\"og:title\" content=\"Hydradermie kasvohoito nuorille - V Spa\" \/>\n<meta property=\"og:description\" content=\"\u00a0Syv\u00e4puhdistava kasvohoito on suunniteltu juuri nuoren ihon tarpeisiin. Hoito alkaa perusteellisella puhdistuksella, jonka j\u00e4lkeen ihoa k\u00e4sitell\u00e4\u00e4n puhdistavalla ja tasapainottavalla ionisaatiolla....\" \/>\n<meta property=\"og:url\" content=\"https:\/\/vana.vspa.ee\/hoolitsused\/hydradermie-noortele\/\" \/>\n<meta property=\"og:site_name\" content=\"V Spa\" \/>\n<meta property=\"article:modified_time\" content=\"2024-11-28T12:48:11+00:00\" \/>\n<meta name=\"twitter:card\" content=\"summary_large_image\" \/>\n<meta name=\"twitter:label1\" content=\"Arvioitu lukuaika\" \/>\n\t<meta name=\"twitter:data1\" content=\"1 minuutti\" \/>\n<script type=\"application\/ld+json\" class=\"yoast-schema-graph\">{\"@context\":\"https:\/\/schema.org\",\"@graph\":[{\"@type\":\"WebPage\",\"@id\":\"https:\/\/vana.vspa.ee\/hoolitsused\/hydradermie-noortele\/\",\"url\":\"https:\/\/vana.vspa.ee\/hoolitsused\/hydradermie-noortele\/\",\"name\":\"Hydradermie kasvohoito nuorille - V Spa\",\"isPartOf\":{\"@id\":\"https:\/\/vana.vspa.ee\/#website\"},\"datePublished\":\"2017-09-05T08:47:57+00:00\",\"dateModified\":\"2024-11-28T12:48:11+00:00\",\"breadcrumb\":{\"@id\":\"https:\/\/vana.vspa.ee\/hoolitsused\/hydradermie-noortele\/#breadcrumb\"},\"inLanguage\":\"fi\",\"potentialAction\":[{\"@type\":\"ReadAction\",\"target\":[\"https:\/\/vana.vspa.ee\/hoolitsused\/hydradermie-noortele\/\"]}]},{\"@type\":\"BreadcrumbList\",\"@id\":\"https:\/\/vana.vspa.ee\/hoolitsused\/hydradermie-noortele\/#breadcrumb\",\"itemListElement\":[{\"@type\":\"ListItem\",\"position\":1,\"name\":\"Home\",\"item\":\"https:\/\/vana.vspa.ee\/fi\/\"},{\"@type\":\"ListItem\",\"position\":2,\"name\":\"Hoidot\",\"item\":\"https:\/\/vana.vspa.ee\/hoolitsused\/\"},{\"@type\":\"ListItem\",\"position\":3,\"name\":\"Hydradermie kasvohoito nuorille\"}]},{\"@type\":\"WebSite\",\"@id\":\"https:\/\/vana.vspa.ee\/#website\",\"url\":\"https:\/\/vana.vspa.ee\/\",\"name\":\"V Spa\",\"description\":\"V\u00f5ta veest viimast!\",\"potentialAction\":[{\"@type\":\"SearchAction\",\"target\":{\"@type\":\"EntryPoint\",\"urlTemplate\":\"https:\/\/vana.vspa.ee\/?s={search_term_string}\"},\"query-input\":{\"@type\":\"PropertyValueSpecification\",\"valueRequired\":true,\"valueName\":\"search_term_string\"}}],\"inLanguage\":\"fi\"}]}<\/script>\n<!-- \/ Yoast SEO plugin. -->","yoast_head_json":{"title":"Hydradermie kasvohoito nuorille - V Spa","robots":{"index":"noindex","follow":"follow","max-snippet":"max-snippet:-1","max-image-preview":"max-image-preview:large","max-video-preview":"max-video-preview:-1"},"og_locale":"fi_FI","og_type":"article","og_title":"Hydradermie kasvohoito nuorille - V Spa","og_description":"\u00a0Syv\u00e4puhdistava kasvohoito on suunniteltu juuri nuoren ihon tarpeisiin. Hoito alkaa perusteellisella puhdistuksella, jonka j\u00e4lkeen ihoa k\u00e4sitell\u00e4\u00e4n puhdistavalla ja tasapainottavalla ionisaatiolla....","og_url":"https:\/\/vana.vspa.ee\/hoolitsused\/hydradermie-noortele\/","og_site_name":"V Spa","article_modified_time":"2024-11-28T12:48:11+00:00","twitter_card":"summary_large_image","twitter_misc":{"Arvioitu lukuaika":"1 minuutti"},"schema":{"@context":"https:\/\/schema.org","@graph":[{"@type":"WebPage","@id":"https:\/\/vana.vspa.ee\/hoolitsused\/hydradermie-noortele\/","url":"https:\/\/vana.vspa.ee\/hoolitsused\/hydradermie-noortele\/","name":"Hydradermie kasvohoito nuorille - V Spa","isPartOf":{"@id":"https:\/\/vana.vspa.ee\/#website"},"datePublished":"2017-09-05T08:47:57+00:00","dateModified":"2024-11-28T12:48:11+00:00","breadcrumb":{"@id":"https:\/\/vana.vspa.ee\/hoolitsused\/hydradermie-noortele\/#breadcrumb"},"inLanguage":"fi","potentialAction":[{"@type":"ReadAction","target":["https:\/\/vana.vspa.ee\/hoolitsused\/hydradermie-noortele\/"]}]},{"@type":"BreadcrumbList","@id":"https:\/\/vana.vspa.ee\/hoolitsused\/hydradermie-noortele\/#breadcrumb","itemListElement":[{"@type":"ListItem","position":1,"name":"Home","item":"https:\/\/vana.vspa.ee\/fi\/"},{"@type":"ListItem","position":2,"name":"Hoidot","item":"https:\/\/vana.vspa.ee\/hoolitsused\/"},{"@type":"ListItem","position":3,"name":"Hydradermie kasvohoito nuorille"}]},{"@type":"WebSite","@id":"https:\/\/vana.vspa.ee\/#website","url":"https:\/\/vana.vspa.ee\/","name":"V Spa","description":"V\u00f5ta veest viimast!","potentialAction":[{"@type":"SearchAction","target":{"@type":"EntryPoint","urlTemplate":"https:\/\/vana.vspa.ee\/?s={search_term_string}"},"query-input":{"@type":"PropertyValueSpecification","valueRequired":true,"valueName":"search_term_string"}}],"inLanguage":"fi"}]}},"_links":{"self":[{"href":"https:\/\/vana.vspa.ee\/fi\/wp-json\/wp\/v2\/pages\/6679","targetHints":{"allow":["GET"]}}],"collection":[{"href":"https:\/\/vana.vspa.ee\/fi\/wp-json\/wp\/v2\/pages"}],"about":[{"href":"https:\/\/vana.vspa.ee\/fi\/wp-json\/wp\/v2\/types\/page"}],"author":[{"embeddable":true,"href":"https:\/\/vana.vspa.ee\/fi\/wp-json\/wp\/v2\/users\/1"}],"replies":[{"embeddable":true,"href":"https:\/\/vana.vspa.ee\/fi\/wp-json\/wp\/v2\/comments?post=6679"}],"version-history":[{"count":4,"href":"https:\/\/vana.vspa.ee\/fi\/wp-json\/wp\/v2\/pages\/6679\/revisions"}],"predecessor-version":[{"id":47157,"href":"https:\/\/vana.vspa.ee\/fi\/wp-json\/wp\/v2\/pages\/6679\/revisions\/47157"}],"up":[{"embeddable":true,"href":"https:\/\/vana.vspa.ee\/fi\/wp-json\/wp\/v2\/pages\/1969"}],"wp:attachment":[{"href":"https:\/\/vana.vspa.ee\/fi\/wp-json\/wp\/v2\/media?parent=6679"}],"curies":[{"name":"wp","href":"https:\/\/api.w.org\/{rel}","templated":true}]}}