{"id":6689,"date":"2017-09-05T12:22:29","date_gmt":"2017-09-05T09:22:29","guid":{"rendered":"http:\/\/vspa.ee\/hoidot\/eye-logic-silmaumbruse-erihooldus\/"},"modified":"2023-12-04T16:37:56","modified_gmt":"2023-12-04T14:37:56","slug":"eye-logic-silmaumbruse-erihooldus","status":"publish","type":"page","link":"https:\/\/vana.vspa.ee\/fi\/hoidot\/eye-logic-silmaumbruse-erihooldus\/","title":{"rendered":"Eye Lift erikoishoito silm\u00e4nymp\u00e4ryksille"},"content":{"rendered":"<p>Vaativa silm\u00e4nymp\u00e4rysalue tarvitsee oman erikoishoitonsa. Uusi <strong>Guinot Eye Lift<\/strong>\u00a0silm\u00e4nymp\u00e4ryshoito yhdist\u00e4\u00e4 <strong>Hydradermie<\/strong>-laitehoidon tehon ja kosmetologin hoitavat k\u00e4det.<\/p>\n<p>T\u00e4m\u00e4 hoito on suunniteltu taistelemaan vanhenemisen ja v\u00e4symyksen merkkej\u00e4 vastaan, se poistaa turvotusta ja h\u00e4ivytt\u00e4\u00e4 tummia silm\u00e4nalusia sek\u00e4 tasoittaa ilmejuonteita ja ryppyj\u00e4. Hoito sopii kaikille, jotka haluavat katseensa nuorekkaammaksi v\u00e4litt\u00f6m\u00e4sti. Hoidon j\u00e4lkeen silm\u00e4t n\u00e4ytt\u00e4v\u00e4t kirkkailta, iho on tasoittunut sek\u00e4 v\u00e4symyksen j\u00e4ljet h\u00e4ivytetty.<\/p>\n<p>Tulokset ensimm\u00e4isen hoidon j\u00e4lkeen:<br \/>\nRyppyjen syvyys v\u00e4hentynyt keskim\u00e4\u00e4rin 40%<br \/>\nIhon kimmoisuus lis\u00e4\u00e4ntynyt keskim\u00e4\u00e4rin 46,7%<br \/>\nIhon kirkkaus noussut keskimm\u00e4\u00e4rin 1,8 pistett\u00e4<\/p>\n<p>Lopputuloksena kevyt ja raikas ilme!<\/p>\n","protected":false},"excerpt":{"rendered":"<p>Vaativa silm\u00e4nymp\u00e4rysalue tarvitsee oman erikoishoitonsa. Uusi Guinot Eye Lift\u00a0silm\u00e4nymp\u00e4ryshoito yhdist\u00e4\u00e4 Hydradermie-laitehoidon tehon ja kosmetologin hoitavat k\u00e4det. T\u00e4m\u00e4 hoito on suunniteltu&#8230;<\/p>\n","protected":false},"author":1,"featured_media":0,"parent":1969,"menu_order":29,"comment_status":"closed","ping_status":"closed","template":"page-templates\/tpl-offer1.php","meta":{"_acf_changed":false,"_monsterinsights_skip_tracking":false,"_monsterinsights_sitenote_active":false,"_monsterinsights_sitenote_note":"","_monsterinsights_sitenote_category":0,"footnotes":"","_links_to":"","_links_to_target":""},"class_list":["post-6689","page","type-page","status-publish","hentry"],"acf":[],"yoast_head":"<!-- This site is optimized with the Yoast SEO plugin v24.7 - https:\/\/yoast.com\/wordpress\/plugins\/seo\/ -->\n<title>Eye Lift erikoishoito silm\u00e4nymp\u00e4ryksille - V Spa<\/title>\n<meta name=\"robots\" content=\"noindex, follow, max-snippet:-1, max-image-preview:large, max-video-preview:-1\" \/>\n<meta property=\"og:locale\" content=\"fi_FI\" \/>\n<meta property=\"og:type\" content=\"article\" \/>\n<meta property=\"og:title\" content=\"Eye Lift erikoishoito silm\u00e4nymp\u00e4ryksille - V Spa\" \/>\n<meta property=\"og:description\" content=\"Vaativa silm\u00e4nymp\u00e4rysalue tarvitsee oman erikoishoitonsa. Uusi Guinot Eye Lift\u00a0silm\u00e4nymp\u00e4ryshoito yhdist\u00e4\u00e4 Hydradermie-laitehoidon tehon ja kosmetologin hoitavat k\u00e4det. T\u00e4m\u00e4 hoito on suunniteltu...\" \/>\n<meta property=\"og:url\" content=\"https:\/\/vana.vspa.ee\/hoolitsused\/eye-logic-silmaumbruse-erihooldus\/\" \/>\n<meta property=\"og:site_name\" content=\"V Spa\" \/>\n<meta property=\"article:modified_time\" content=\"2023-12-04T14:37:56+00:00\" \/>\n<meta name=\"twitter:card\" content=\"summary_large_image\" \/>\n<meta name=\"twitter:label1\" content=\"Arvioitu lukuaika\" \/>\n\t<meta name=\"twitter:data1\" content=\"1 minuutti\" \/>\n<script type=\"application\/ld+json\" class=\"yoast-schema-graph\">{\"@context\":\"https:\/\/schema.org\",\"@graph\":[{\"@type\":\"WebPage\",\"@id\":\"https:\/\/vana.vspa.ee\/hoolitsused\/eye-logic-silmaumbruse-erihooldus\/\",\"url\":\"https:\/\/vana.vspa.ee\/hoolitsused\/eye-logic-silmaumbruse-erihooldus\/\",\"name\":\"Eye Lift erikoishoito silm\u00e4nymp\u00e4ryksille - V Spa\",\"isPartOf\":{\"@id\":\"https:\/\/vana.vspa.ee\/#website\"},\"datePublished\":\"2017-09-05T09:22:29+00:00\",\"dateModified\":\"2023-12-04T14:37:56+00:00\",\"breadcrumb\":{\"@id\":\"https:\/\/vana.vspa.ee\/hoolitsused\/eye-logic-silmaumbruse-erihooldus\/#breadcrumb\"},\"inLanguage\":\"fi\",\"potentialAction\":[{\"@type\":\"ReadAction\",\"target\":[\"https:\/\/vana.vspa.ee\/hoolitsused\/eye-logic-silmaumbruse-erihooldus\/\"]}]},{\"@type\":\"BreadcrumbList\",\"@id\":\"https:\/\/vana.vspa.ee\/hoolitsused\/eye-logic-silmaumbruse-erihooldus\/#breadcrumb\",\"itemListElement\":[{\"@type\":\"ListItem\",\"position\":1,\"name\":\"Home\",\"item\":\"https:\/\/vana.vspa.ee\/fi\/\"},{\"@type\":\"ListItem\",\"position\":2,\"name\":\"Hoidot\",\"item\":\"https:\/\/vana.vspa.ee\/hoolitsused\/\"},{\"@type\":\"ListItem\",\"position\":3,\"name\":\"Eye Lift erikoishoito silm\u00e4nymp\u00e4ryksille\"}]},{\"@type\":\"WebSite\",\"@id\":\"https:\/\/vana.vspa.ee\/#website\",\"url\":\"https:\/\/vana.vspa.ee\/\",\"name\":\"V Spa\",\"description\":\"V\u00f5ta veest viimast!\",\"potentialAction\":[{\"@type\":\"SearchAction\",\"target\":{\"@type\":\"EntryPoint\",\"urlTemplate\":\"https:\/\/vana.vspa.ee\/?s={search_term_string}\"},\"query-input\":{\"@type\":\"PropertyValueSpecification\",\"valueRequired\":true,\"valueName\":\"search_term_string\"}}],\"inLanguage\":\"fi\"}]}<\/script>\n<!-- \/ Yoast SEO plugin. -->","yoast_head_json":{"title":"Eye Lift erikoishoito silm\u00e4nymp\u00e4ryksille - V Spa","robots":{"index":"noindex","follow":"follow","max-snippet":"max-snippet:-1","max-image-preview":"max-image-preview:large","max-video-preview":"max-video-preview:-1"},"og_locale":"fi_FI","og_type":"article","og_title":"Eye Lift erikoishoito silm\u00e4nymp\u00e4ryksille - V Spa","og_description":"Vaativa silm\u00e4nymp\u00e4rysalue tarvitsee oman erikoishoitonsa. Uusi Guinot Eye Lift\u00a0silm\u00e4nymp\u00e4ryshoito yhdist\u00e4\u00e4 Hydradermie-laitehoidon tehon ja kosmetologin hoitavat k\u00e4det. T\u00e4m\u00e4 hoito on suunniteltu...","og_url":"https:\/\/vana.vspa.ee\/hoolitsused\/eye-logic-silmaumbruse-erihooldus\/","og_site_name":"V Spa","article_modified_time":"2023-12-04T14:37:56+00:00","twitter_card":"summary_large_image","twitter_misc":{"Arvioitu lukuaika":"1 minuutti"},"schema":{"@context":"https:\/\/schema.org","@graph":[{"@type":"WebPage","@id":"https:\/\/vana.vspa.ee\/hoolitsused\/eye-logic-silmaumbruse-erihooldus\/","url":"https:\/\/vana.vspa.ee\/hoolitsused\/eye-logic-silmaumbruse-erihooldus\/","name":"Eye Lift erikoishoito silm\u00e4nymp\u00e4ryksille - V Spa","isPartOf":{"@id":"https:\/\/vana.vspa.ee\/#website"},"datePublished":"2017-09-05T09:22:29+00:00","dateModified":"2023-12-04T14:37:56+00:00","breadcrumb":{"@id":"https:\/\/vana.vspa.ee\/hoolitsused\/eye-logic-silmaumbruse-erihooldus\/#breadcrumb"},"inLanguage":"fi","potentialAction":[{"@type":"ReadAction","target":["https:\/\/vana.vspa.ee\/hoolitsused\/eye-logic-silmaumbruse-erihooldus\/"]}]},{"@type":"BreadcrumbList","@id":"https:\/\/vana.vspa.ee\/hoolitsused\/eye-logic-silmaumbruse-erihooldus\/#breadcrumb","itemListElement":[{"@type":"ListItem","position":1,"name":"Home","item":"https:\/\/vana.vspa.ee\/fi\/"},{"@type":"ListItem","position":2,"name":"Hoidot","item":"https:\/\/vana.vspa.ee\/hoolitsused\/"},{"@type":"ListItem","position":3,"name":"Eye Lift erikoishoito silm\u00e4nymp\u00e4ryksille"}]},{"@type":"WebSite","@id":"https:\/\/vana.vspa.ee\/#website","url":"https:\/\/vana.vspa.ee\/","name":"V Spa","description":"V\u00f5ta veest viimast!","potentialAction":[{"@type":"SearchAction","target":{"@type":"EntryPoint","urlTemplate":"https:\/\/vana.vspa.ee\/?s={search_term_string}"},"query-input":{"@type":"PropertyValueSpecification","valueRequired":true,"valueName":"search_term_string"}}],"inLanguage":"fi"}]}},"_links":{"self":[{"href":"https:\/\/vana.vspa.ee\/fi\/wp-json\/wp\/v2\/pages\/6689","targetHints":{"allow":["GET"]}}],"collection":[{"href":"https:\/\/vana.vspa.ee\/fi\/wp-json\/wp\/v2\/pages"}],"about":[{"href":"https:\/\/vana.vspa.ee\/fi\/wp-json\/wp\/v2\/types\/page"}],"author":[{"embeddable":true,"href":"https:\/\/vana.vspa.ee\/fi\/wp-json\/wp\/v2\/users\/1"}],"replies":[{"embeddable":true,"href":"https:\/\/vana.vspa.ee\/fi\/wp-json\/wp\/v2\/comments?post=6689"}],"version-history":[{"count":2,"href":"https:\/\/vana.vspa.ee\/fi\/wp-json\/wp\/v2\/pages\/6689\/revisions"}],"predecessor-version":[{"id":42101,"href":"https:\/\/vana.vspa.ee\/fi\/wp-json\/wp\/v2\/pages\/6689\/revisions\/42101"}],"up":[{"embeddable":true,"href":"https:\/\/vana.vspa.ee\/fi\/wp-json\/wp\/v2\/pages\/1969"}],"wp:attachment":[{"href":"https:\/\/vana.vspa.ee\/fi\/wp-json\/wp\/v2\/media?parent=6689"}],"curies":[{"name":"wp","href":"https:\/\/api.w.org\/{rel}","templated":true}]}}